{"id":9606,"date":"2025-04-03T00:17:40","date_gmt":"2025-04-02T16:17:40","guid":{"rendered":"https:\/\/zojopackaging.com\/?post_type=product&#038;p=9606"},"modified":"2025-04-03T00:26:11","modified_gmt":"2025-04-02T16:26:11","slug":"custom-pre-roll-joints-paper-packaging-drawer-box-supplier","status":"publish","type":"product","link":"https:\/\/zojopackaging.com\/pt\/product\/custom-pre-roll-joints-paper-packaging-drawer-box-supplier\/","title":{"rendered":"Fornecedor de caixas de gaveta para embalagens de papel com juntas de pr\u00e9-enrolamento personalizadas"},"content":{"rendered":"<h3 id=\"1-highly-recognizable-brand-visual-system-\">1.\u00a0<strong>Sistema visual de marca altamente reconhec\u00edvel<\/strong><\/h3>\n<p>A caixa extra\u00edvel adopta um design de cor contrastante de\u00a0<strong>fundo amarelo vivo + log\u00f3tipo verde<\/strong>que n\u00e3o s\u00f3 vai ao encontro da procura de vitalidade por parte de grupos de consumidores jovens, como tamb\u00e9m transmite o tom natural e saud\u00e1vel da marca atrav\u00e9s da psicologia da cor.\u00a0<strong>Ilustra\u00e7\u00f5es de alta precis\u00e3o de hist\u00f3rias de marcas<\/strong>\u00a0(como o processo de crescimento das plantas, elementos artesanais do patrim\u00f3nio cultural intang\u00edvel) podem ser impressos na superf\u00edcie da caixa, combinados com a impress\u00e3o a quatro cores (CMYK) e a tecnologia de grava\u00e7\u00e3o UV local, o que aumenta a estratifica\u00e7\u00e3o visual em 60% e refor\u00e7a instantaneamente a mem\u00f3ria da marca dos consumidores quando abrem a caixa.<\/p>\n<h3 id=\"2-intelligent-childproof-lock-safety-design-\">2.\u00a0<strong>Design inteligente de seguran\u00e7a com fecho de seguran\u00e7a para crian\u00e7as<\/strong><\/h3>\n<p>Incorporado\u00a0<strong>fechadura de seguran\u00e7a para crian\u00e7as<\/strong>\u00a0em conformidade com as normas internacionais ISO 8317, gra\u00e7as a uma estrutura de fivela de seguran\u00e7a dupla (fivela externa + bloco de cunha interno): -\u00a0<strong>As crian\u00e7as com menos de 5 anos n\u00e3o podem abrir<\/strong>: Tem de ser puxado rapidamente mais de 3 vezes para desbloquear e a taxa de toques falsos \u00e9 inferior a 0,1%; -\u00a0<strong>Os adultos podem abri-lo em segundos com uma s\u00f3 m\u00e3o<\/strong>: O coeficiente de amortecimento da via de extra\u00e7\u00e3o \u00e9 optimizado e a flu\u00eancia da opera\u00e7\u00e3o \u00e9 melhorada em 40%, tendo em conta a seguran\u00e7a e a comodidade.<\/p>\n<h3 id=\"3-environmentally-friendly-materials-process-upgrade-\">3.\u00a0<strong>Materiais amigos do ambiente + atualiza\u00e7\u00e3o do processo<\/strong><\/h3>\n<p>-\u00a0<strong>Sele\u00e7\u00e3o do substrato<\/strong>: Adopta\u00a0<strong>Papel revestido de 157 g + cart\u00e3o cinzento de 1200 g<\/strong>\u00a0estrutura composta, e a suavidade da superf\u00edcie do papel revestido atinge os 90s (teste do m\u00e9todo Cobb), o que suporta a impress\u00e3o de alta defini\u00e7\u00e3o; a camada de cart\u00e3o cinzento passou a certifica\u00e7\u00e3o florestal FSC para garantir a sustentabilidade das mat\u00e9rias-primas; -\u00a0<strong>Tratamento de superf\u00edcie<\/strong>: O processo de revestimento em pel\u00edcula mate aumenta a resist\u00eancia ao desgaste da caixa em 3 vezes (resist\u00eancia \u00e0 fric\u00e7\u00e3o &gt; 5000 vezes), reduzindo simultaneamente a refletividade, o que satisfaz os requisitos de luxo discreto das embalagens de luxo.<\/p>\n<h3 id=\"4-brand-gene-implanted-lining-\">4.\u00a0<strong>Marca gen\u00e9tica do revestimento implantado<\/strong><\/h3>\n<p>-\u00a0<strong>Divis\u00f3ria de cart\u00e3o personalizada<\/strong>: Fabricado em material PP de qualidade alimentar da mesma cor que o log\u00f3tipo, o log\u00f3tipo da marca \u00e9 reproduzido com precis\u00e3o atrav\u00e9s da tecnologia de corte e vinco (como as iniciais da marca vazadas e a transi\u00e7\u00e3o de cor gradiente)\u00a0<strong>Orienta\u00e7\u00e3o visual da linha<\/strong>: O rebordo da divis\u00f3ria foi concebido com microgravuras de s\u00edmbolos da marca, para que os consumidores se possam concentrar naturalmente nos produtos pr\u00e9-enrolados quando abrem a caixa, refor\u00e7ando a notoriedade da marca.<\/p>\n<h3 id=\"5-application-of-spatial-aesthetics-and-consumer-psychology-\">5.\u00a0<strong>Aplica\u00e7\u00e3o da est\u00e9tica espacial e da psicologia do consumidor<\/strong><\/h3>\n<p>-\u00a0<strong>Armazenamento da propor\u00e7\u00e3o \u00e1urea<\/strong>: A divis\u00f3ria interna fixa 5 pr\u00e9-rolos num \u00e2ngulo de inclina\u00e7\u00e3o de 30\u00b0, o que est\u00e1 em conformidade com a propor\u00e7\u00e3o \u00e1urea da vis\u00e3o humana (1:1,618). A beleza ordenada da exposi\u00e7\u00e3o do produto pode ser vista quando a caixa \u00e9 aberta; -\u00a0<strong>Otimiza\u00e7\u00e3o do feedback t\u00e1til<\/strong>: A superf\u00edcie da divis\u00f3ria \u00e9 fosca e o coeficiente de fric\u00e7\u00e3o \u00e9 controlado entre 0,3 e 0,5. \u00c9 gerada uma ligeira sensa\u00e7\u00e3o de amortecimento quando o pr\u00e9-rolinho \u00e9 puxado para fora, proporcionando uma experi\u00eancia de utilizador \"delicada e f\u00e1cil de controlar\".<\/p>\n<h3 id=\"6-full-link-customized-service-system-\">6.\u00a0<strong>Sistema de servi\u00e7o personalizado de liga\u00e7\u00e3o total<\/strong><\/h3>\n<p>-\u00a0<strong>Personaliza\u00e7\u00e3o da cor<\/strong>: Fornecimento de cart\u00f5es de cores Pantone + impress\u00e3o de cores diretas, suporte 100% de correspond\u00eancia entre a cor do LOGOTIPO e o forro\u00a0<strong>Expans\u00e3o da fun\u00e7\u00e3o<\/strong>: Pode adicionar chips NFC (suportam a leitura da hist\u00f3ria da marca), etiquetas laser anti-contrafa\u00e7\u00e3o e outros m\u00f3dulos de valor acrescentado para obter a rastreabilidade \"um objeto, um c\u00f3digo\".<\/p>\n<h3 id=\"7-16-years-of-manufacturing-heritage-and-quality-control-guarantee-\">7.\u00a0<strong>16 anos de heran\u00e7a de fabrico e garantia de controlo de qualidade<\/strong><\/h3>\n<p>-\u00a0<strong>Escala de capacidade<\/strong>: 5320\u33a1 base de produ\u00e7\u00e3o inteligente equipada com m\u00e1quina de impress\u00e3o alem\u00e3 Heidelberg CD102-8 (capacidade de produ\u00e7\u00e3o di\u00e1ria de 200.000 folhas), linha de corte e vinco totalmente autom\u00e1tica (velocidade 12.000 folhas\/hora), suporte 500 pe\u00e7as de pedido m\u00ednimo, 12 dias de entrega r\u00e1pida; -.\u00a0<strong>Sistema de qualidade<\/strong>: Passou a certifica\u00e7\u00e3o ISO 9001, sistema de inspe\u00e7\u00e3o visual AI estabelecido para processos-chave, taxa de classifica\u00e7\u00e3o autom\u00e1tica de produtos defeituosos&gt; 99.5%, a taxa de recompra do cliente atingiu 85%.<\/p>","protected":false},"excerpt":{"rendered":"<p><strong>Porqu\u00ea escolher a ZOJO Print?\u00a0<\/strong><\/p>\n<ul>\n<li><strong>Certifica\u00e7\u00e3o de conformidade<\/strong>: O produto passou a certifica\u00e7\u00e3o de seguran\u00e7a de embalagem \u00e0 prova de crian\u00e7as CR;<\/li>\n<li><strong>Vantagem em termos de custos<\/strong>: A produ\u00e7\u00e3o centralizada reduz os custos log\u00edsticos em 30% e permite a personaliza\u00e7\u00e3o de pequenos lotes;<\/li>\n<li><strong>Cen\u00e1rios de aplica\u00e7\u00e3o<\/strong>: caixas de oferta de cigarros electr\u00f3nicos topo de gama, pacotes de degusta\u00e7\u00e3o de alimentos saud\u00e1veis, produtos \u00e0 base de plantas de edi\u00e7\u00e3o limitada, produtos culturais e criativos com a mesma marca.<\/li>\n<\/ul>\n<p><strong>Contacte a equipa de personaliza\u00e7\u00e3o agora para iniciar a jornada de atualiza\u00e7\u00e3o da embalagem da marca!<\/strong><\/p>","protected":false},"featured_media":9610,"template":"","meta":[],"product_brand":[],"product_cat":[30,420,31,426],"product_tag":[1222,1224,1223],"class_list":{"0":"post-9606","1":"product","2":"type-product","3":"status-publish","4":"has-post-thumbnail","6":"product_cat-by-industry","7":"product_cat-custom-cannabis-boxes","8":"product_cat-paper-box-style","9":"product_cat-paper-drawer-boxes","10":"product_tag-custom-pre-roll-joints-packaging","11":"product_tag-drawer-box-supplier","12":"product_tag-joints-paper-packaging","14":"first","15":"instock","16":"shipping-taxable","17":"product-type-simple"},"_links":{"self":[{"href":"https:\/\/zojopackaging.com\/pt\/wp-json\/wp\/v2\/product\/9606","targetHints":{"allow":["GET"]}}],"collection":[{"href":"https:\/\/zojopackaging.com\/pt\/wp-json\/wp\/v2\/product"}],"about":[{"href":"https:\/\/zojopackaging.com\/pt\/wp-json\/wp\/v2\/types\/product"}],"version-history":[{"count":1,"href":"https:\/\/zojopackaging.com\/pt\/wp-json\/wp\/v2\/product\/9606\/revisions"}],"predecessor-version":[{"id":9613,"href":"https:\/\/zojopackaging.com\/pt\/wp-json\/wp\/v2\/product\/9606\/revisions\/9613"}],"wp:featuredmedia":[{"embeddable":true,"href":"https:\/\/zojopackaging.com\/pt\/wp-json\/wp\/v2\/media\/9610"}],"wp:attachment":[{"href":"https:\/\/zojopackaging.com\/pt\/wp-json\/wp\/v2\/media?parent=9606"}],"wp:term":[{"taxonomy":"product_brand","embeddable":true,"href":"https:\/\/zojopackaging.com\/pt\/wp-json\/wp\/v2\/product_brand?post=9606"},{"taxonomy":"product_cat","embeddable":true,"href":"https:\/\/zojopackaging.com\/pt\/wp-json\/wp\/v2\/product_cat?post=9606"},{"taxonomy":"product_tag","embeddable":true,"href":"https:\/\/zojopackaging.com\/pt\/wp-json\/wp\/v2\/product_tag?post=9606"}],"curies":[{"name":"wp","href":"https:\/\/api.w.org\/{rel}","templated":true}]}}