{"id":9614,"date":"2025-04-03T00:40:47","date_gmt":"2025-04-02T16:40:47","guid":{"rendered":"https:\/\/zojopackaging.com\/?post_type=product&#038;p=9614"},"modified":"2025-04-03T00:52:44","modified_gmt":"2025-04-02T16:52:44","slug":"customized-rigid-slide-drawer-box-packaging-for-coffee","status":"publish","type":"product","link":"https:\/\/zojopackaging.com\/pt\/product\/customized-rigid-slide-drawer-box-packaging-for-coffee\/","title":{"rendered":"Embalagem de caixa de gaveta deslizante r\u00edgida personalizada para caf\u00e9"},"content":{"rendered":"<h3 id=\"1-natural-color-matching-aesthetics-stimulating-consumer-desire-\">1.\u00a0<strong>Est\u00e9tica de correspond\u00eancia de cor natural, estimulando o desejo do consumidor<\/strong><\/h3>\n<p>A caixa de oferta adopta\u00a0<strong>impress\u00e3o em papel revestido tom principal verde escuro + caixa interior preta<\/strong>\u00a0design de cores contrastantes. O verde escuro simboliza a natureza e a vitalidade, ecoando o sabor original dos gr\u00e3os de caf\u00e9; a caixa interior preta real\u00e7a a textura atrav\u00e9s da tecnologia de lamina\u00e7\u00e3o mate, formando-se um forte contraste visual quando a caixa \u00e9 aberta. A superf\u00edcie utiliza\u00a0<strong>impress\u00e3o a quatro cores + serigrafia parcial<\/strong>\u00a0para reproduzir elementos naturais, como cenas de crescimento de gr\u00e3os de caf\u00e9 e texturas de plantas pintadas \u00e0 m\u00e3o, combinadas com o log\u00f3tipo da marca de tecnologia de estampagem a quente, para transmitir a experi\u00eancia da hist\u00f3ria \"da quinta \u00e0 ch\u00e1vena\".<\/p>\n<h3 id=\"2-environmentally-friendly-materials-conveying-sustainable-concepts-\">2.\u00a0<strong>Materiais amigos do ambiente, transmitindo conceitos sustent\u00e1veis<\/strong><\/h3>\n<p>-\u00a0<strong>Sele\u00e7\u00e3o do substrato<\/strong>:\u00a0<strong>Papel revestido de 157 g certificado pelo FSC + cart\u00e3o cinzento de 1200 g<\/strong>\u00a0\u00e9 adoptada uma estrutura composta, e a camada de cart\u00e3o cinzento substitui o revestimento de pl\u00e1stico tradicional por material EPE degrad\u00e1vel (ver o caso da caixa de oferta de caf\u00e9 de boutique) para garantir a resist\u00eancia ao choque e a frescura dos gr\u00e3os de caf\u00e9 durante o transporte; -\u00a0<strong>Tratamento de superf\u00edcie<\/strong>: O processo de lamina\u00e7\u00e3o mate aumenta a resist\u00eancia ao desgaste da caixa em 3 vezes (resist\u00eancia \u00e0 fric\u00e7\u00e3o &gt; 5000 vezes), reduzindo simultaneamente a refletividade, o que est\u00e1 em conformidade com a procura de um luxo discreto por parte das marcas de caf\u00e9 topo de gama.<\/p>\n<h3 id=\"3-customized-expression-of-brand-genes-\">3.\u00a0<strong>Express\u00e3o personalizada de genes de marca<\/strong><\/h3>\n<p>-\u00a0<strong>Personaliza\u00e7\u00e3o da cor<\/strong>: Fornecimento de cart\u00e3o de cor Pantone + impress\u00e3o de cor direta, suporte 100% de correspond\u00eancia entre a cor do LOGOTIPO e o forro, tal como a incorpora\u00e7\u00e3o da cor principal da marca na fita ou no design da divis\u00f3ria\u00a0<strong>Capacita\u00e7\u00e3o cultural<\/strong>: Incorporar elementos como o mapa de origem do caf\u00e9 e notas de agr\u00f3nomos na impress\u00e3o para criar uma experi\u00eancia imersiva de \"uma caixa, uma hist\u00f3ria\", como a refer\u00eancia ao design de fus\u00e3o cultural tradicional da caixa de oferta do Festival do Meio outono da AVEDA.<\/p>\n<h3 id=\"4-flexible-size-and-content-adaptation-\">4.\u00a0<strong>Adapta\u00e7\u00e3o flex\u00edvel do tamanho e do conte\u00fado<\/strong><\/h3>\n<p>-\u00a0<strong>Personaliza\u00e7\u00e3o da capacidade<\/strong>: Suporta necessidades diferenciadas de armazenamento de caf\u00e9 em gr\u00e3o (6-8mm de di\u00e2metro) ou em p\u00f3 (2-4mm de finura), com um tamanho m\u00ednimo de 12cm\u00d78cm\u00d75cm e um tamanho m\u00e1ximo de 25cm\u00d715cm\u00d710cm\u00a0<strong>Otimiza\u00e7\u00e3o estrutural<\/strong>: A profundidade da faixa extra\u00edvel pode ser ajustada para 3 cm, adaptando-se a diferentes formas de embalagem (como sacos de orelhas pendurados, caf\u00e9 em c\u00e1psulas, etc.), referindo-se \u00e0s especifica\u00e7\u00f5es principais do mercado de caixas de oferta de caf\u00e9.<\/p>\n<h3 id=\"5-ribbon-pull-out-system-upgraded-opening-ritual-\">5.\u00a0<strong>Sistema de extens\u00e3o de fitas, ritual de abertura melhorado<\/strong><\/h3>\n<p>-\u00a0<strong>Design silencioso da calha deslizante<\/strong>: Fita de nylon de alta densidade incorporada, a resist\u00eancia ao deslizamento \u00e9 reduzida em 60%, e pode ser puxada suavemente com uma m\u00e3o; -\u00a0<strong>Prote\u00e7\u00e3o anti-mistouch<\/strong>: Otimizar a estrutura do amortecedor no final do curso de extra\u00e7\u00e3o para evitar que os gr\u00e3os de caf\u00e9 se espalhem devido \u00e0 in\u00e9rcia, e a taxa de sucesso da abertura da caixa \u00e9 aumentada para 99%.<\/p>\n<h3 id=\"6-full-link-creative-service-empowering-brand-differentiation-\">6.\u00a0<strong>Servi\u00e7o criativo de liga\u00e7\u00e3o total, potenciando a diferencia\u00e7\u00e3o da marca<\/strong><\/h3>\n<p>-\u00a0<strong>Suporte de modela\u00e7\u00e3o 3D<\/strong>: Fornece 20 modelos de estruturas b\u00e1sicas, suporta concep\u00e7\u00f5es complexas, tais como divis\u00f3rias curvas e divis\u00f3rias de camada dupla; -\u00a0<strong>M\u00f3dulo de valor acrescentado<\/strong>: Pode integrar elementos interactivos, como o chip NFC (c\u00f3digo de leitura para rastrear a origem do caf\u00e9), o forro amov\u00edvel (para colocar cart\u00f5es de planta\u00e7\u00e3o de borras de caf\u00e9) e remeter para o design do papel de sementes das caixas de oferta de caf\u00e9 para fins de benefic\u00eancia.<\/p>\n<h3 id=\"7-16-years-of-manufacturing-heritage-full-quality-control-\">7.\u00a0<strong>16 anos de heran\u00e7a de fabrico, controlo de qualidade total<\/strong><\/h3>\n<p>-\u00a0<strong>Garantia de capacidade<\/strong>: 5320\u33a1 base de produ\u00e7\u00e3o inteligente equipada com m\u00e1quina de impress\u00e3o alem\u00e3 Heidelberg CD102-8 (capacidade de produ\u00e7\u00e3o di\u00e1ria de 200.000 folhas), linha de corte e vinco totalmente autom\u00e1tica (velocidade 12.000 folhas\/hora), suporta 500 pe\u00e7as de pedido m\u00ednimo, e entrega r\u00e1pida em 12 dias; -.\u00a0<strong>Sistema de controlo da qualidade<\/strong>: Passou a certifica\u00e7\u00e3o ISO 9001, sistema de inspe\u00e7\u00e3o visual AI estabelecido em processos-chave, taxa de triagem autom\u00e1tica de produtos defeituosos&gt; 99.5%, a taxa de recompra do cliente atingiu 85%.<\/p>","protected":false},"excerpt":{"rendered":"<p><strong>ZOJO Print Customized Hard Sliding Drawer Box Packaging Coffee - Uma fus\u00e3o de est\u00e9tica natural e design funcional<\/strong><\/p>\n<p>Como fornecedor l\u00edder de solu\u00e7\u00f5es de embalagem de caixas de oferta de caf\u00e9 na China, a ZOJO Print concentra-se em fornecer \u00e0s marcas de caf\u00e9 boutique servi\u00e7os personalizados que combinam conceitos de prote\u00e7\u00e3o ambiental, tens\u00e3o visual e experi\u00eancia do utilizador.<\/p>","protected":false},"featured_media":9618,"template":"","meta":[],"product_brand":[],"product_cat":[30,422,31,426],"product_tag":[1227,1226,1225],"class_list":{"0":"post-9614","1":"product","2":"type-product","3":"status-publish","4":"has-post-thumbnail","6":"product_cat-by-industry","7":"product_cat-custom-gourmet-boxes-by-industry","8":"product_cat-paper-box-style","9":"product_cat-paper-drawer-boxes","10":"product_tag-packaging-for-coffee","11":"product_tag-rawer-box-packaging","12":"product_tag-slide-drawer-box","14":"first","15":"instock","16":"shipping-taxable","17":"product-type-simple"},"_links":{"self":[{"href":"https:\/\/zojopackaging.com\/pt\/wp-json\/wp\/v2\/product\/9614","targetHints":{"allow":["GET"]}}],"collection":[{"href":"https:\/\/zojopackaging.com\/pt\/wp-json\/wp\/v2\/product"}],"about":[{"href":"https:\/\/zojopackaging.com\/pt\/wp-json\/wp\/v2\/types\/product"}],"version-history":[{"count":1,"href":"https:\/\/zojopackaging.com\/pt\/wp-json\/wp\/v2\/product\/9614\/revisions"}],"predecessor-version":[{"id":9621,"href":"https:\/\/zojopackaging.com\/pt\/wp-json\/wp\/v2\/product\/9614\/revisions\/9621"}],"wp:featuredmedia":[{"embeddable":true,"href":"https:\/\/zojopackaging.com\/pt\/wp-json\/wp\/v2\/media\/9618"}],"wp:attachment":[{"href":"https:\/\/zojopackaging.com\/pt\/wp-json\/wp\/v2\/media?parent=9614"}],"wp:term":[{"taxonomy":"product_brand","embeddable":true,"href":"https:\/\/zojopackaging.com\/pt\/wp-json\/wp\/v2\/product_brand?post=9614"},{"taxonomy":"product_cat","embeddable":true,"href":"https:\/\/zojopackaging.com\/pt\/wp-json\/wp\/v2\/product_cat?post=9614"},{"taxonomy":"product_tag","embeddable":true,"href":"https:\/\/zojopackaging.com\/pt\/wp-json\/wp\/v2\/product_tag?post=9614"}],"curies":[{"name":"wp","href":"https:\/\/api.w.org\/{rel}","templated":true}]}}