{"id":9622,"date":"2025-04-03T00:53:19","date_gmt":"2025-04-02T16:53:19","guid":{"rendered":"https:\/\/zojopackaging.com\/?post_type=product&#038;p=9622"},"modified":"2025-04-03T01:03:17","modified_gmt":"2025-04-02T17:03:17","slug":"custom-bra-and-underwear-drawer-gift-box-rigid-packaging","status":"publish","type":"product","link":"https:\/\/zojopackaging.com\/pt\/product\/custom-bra-and-underwear-drawer-gift-box-rigid-packaging\/","title":{"rendered":"Caixa de oferta com gaveta para suti\u00e3 e roupa interior personalizada Embalagem r\u00edgida"},"content":{"rendered":"<h3 id=\"1-elegant-pull-out-opening-a-sense-of-ceremony-and-convenience-\">1.\u00a0<strong>Abertura extra\u00edvel elegante, uma sensa\u00e7\u00e3o de cerim\u00f3nia e comodidade<\/strong><\/h3>\n<p>Adotar\u00a0<strong>estrutura extra\u00edvel de deslizamento silencioso<\/strong>Com o sistema de abertura de caixa de j\u00f3ias de luxo (como a caixa de oferta da Cartier), com uma faixa de fita de nylon de alta densidade, a resist\u00eancia ao deslizamento \u00e9 reduzida em 60% e pode ser aberta suavemente com uma m\u00e3o. Com base no conceito de design das caixas de j\u00f3ias de luxo (como o sistema de extra\u00e7\u00e3o da caixa de oferta Cartier), o curso de abertura \u00e9 controlado em 3 segundos para evitar a desloca\u00e7\u00e3o da roupa interior devido \u00e0 in\u00e9rcia, e o design do amortecedor garante zero ru\u00eddo durante o processo de abertura e fecho.<\/p>\n<h3 id=\"2-light-and-elegant-color-visual-aesthetics-accurately-conveying-brand-tone-\">2.\u00a0<strong>Est\u00e9tica visual de cores claras e elegantes, transmitindo com precis\u00e3o o tom da marca<\/strong><\/h3>\n<p>-\u00a0<strong>Aplica\u00e7\u00e3o da psicologia da cor<\/strong>: Fornecer cores de baixa satura\u00e7\u00e3o, como o dourado champanhe, o azul neblina, o branco p\u00e9rola, etc., que est\u00e3o em conson\u00e2ncia com as carater\u00edsticas suaves da roupa interior feminina. Por exemplo, remeter para o desenho do la\u00e7o de fita da caixa Zhongtian para refor\u00e7ar o posicionamento topo de gama do produto atrav\u00e9s da cor; -\u00a0<strong>Processo de impress\u00e3o em gradiente<\/strong>: Utilizar a impress\u00e3o a quatro cores (CMYK) para sobrepor o relevo UV local, a fim de obter uma altern\u00e2ncia entre o brilho da seda e a textura mate, simular a textura de tecidos como a seda e a renda e melhorar a estratifica\u00e7\u00e3o visual.<\/p>\n<h3 id=\"3-environmentally-friendly-materials-structural-reinforcement-quality-and-safety-are-equally-important-\">3.\u00a0<strong>Materiais amigos do ambiente + refor\u00e7o estrutural, qualidade e seguran\u00e7a s\u00e3o igualmente importantes<\/strong><\/h3>\n<p>-\u00a0<strong>Combina\u00e7\u00e3o de substratos<\/strong>:\u00a0<strong>Papel revestido de 157 g + cart\u00e3o cinzento de 1200 g<\/strong>\u00a0estrutura composta, a suavidade da superf\u00edcie do papel revestido atinge os 90s (teste do m\u00e9todo Cobb), apoiando o processo de estampagem a quente de alta defini\u00e7\u00e3o; a camada de cart\u00e3o cinzento passou a certifica\u00e7\u00e3o florestal FSC, e a resist\u00eancia \u00e0 compress\u00e3o atinge mais de 200N, garantindo que n\u00e3o se deforma durante o transporte; -\u00a0<strong>Certifica\u00e7\u00e3o de seguran\u00e7a<\/strong>: Em conformidade com as normas REACH da UE, o teor de formalde\u00eddo \u00e9 \u22645mg\/kg e a migra\u00e7\u00e3o de metais pesados \u00e9 inferior ao limite de dete\u00e7\u00e3o.<\/p>\n<h3 id=\"4-privacy-protection-lining-system-\">4.\u00a0<strong>Sistema de revestimento de prote\u00e7\u00e3o da privacidade<\/strong><\/h3>\n<p>-\u00a0<strong>Cart\u00e3o branco invis\u00edvel<\/strong>: \u00c9 utilizado cart\u00e3o branco de qualidade alimentar com 3 mm de espessura, a superf\u00edcie \u00e9 coberta com pel\u00edcula mate e \u00e9 formada uma estrutura em favo de mel atrav\u00e9s de um corte de precis\u00e3o. Pode suportar mais de 2 kg (consulte a norma de suporte de carga das caixas de embalagem de roupa interior m\u00e9dia) e esbater o contorno da roupa interior; -\u00a0<strong>Forro amov\u00edvel<\/strong>: Forro opcional de flocagem sem tra\u00e7os, que se sente como a pele do beb\u00e9. Depois de abrir a caixa, a roupa interior fica suspensa para ser exposta, o que aumenta a surpresa de a desembalar.<\/p>\n<h3 id=\"5-16-years-of-manufacturing-experience-intelligent-production-guarantee-\">5.\u00a0<strong>16 anos de experi\u00eancia de fabrico, garantia de produ\u00e7\u00e3o inteligente<\/strong><\/h3>\n<p>-\u00a0<strong>Escala de produ\u00e7\u00e3o<\/strong>: 5320\u33a1 base de produ\u00e7\u00e3o inteligente equipada com m\u00e1quina de impress\u00e3o alem\u00e3 Heidelberg CD102-8 (capacidade de produ\u00e7\u00e3o di\u00e1ria de 200.000 folhas), linha de corte e vinco totalmente autom\u00e1tica (velocidade 12.000 folhas\/hora), suporte 500 pe\u00e7as de pedido m\u00ednimo, 12 dias de entrega r\u00e1pida; -.\u00a0<strong>Sistema de controlo da qualidade<\/strong>: Passou a certifica\u00e7\u00e3o ISO 9001, sistema de inspe\u00e7\u00e3o visual AI estabelecido para processos-chave, taxa de classifica\u00e7\u00e3o autom\u00e1tica de produtos defeituosos&gt; 99.5%, a taxa de recompra do cliente atingiu 85%.<\/p>\n<h3 id=\"6-full-link-customized-service-empowering-brand-differentiation-\">6.\u00a0<strong>Servi\u00e7o personalizado de liga\u00e7\u00e3o total, potenciando a diferencia\u00e7\u00e3o da marca<\/strong><\/h3>\n<p>-\u00a0<strong>Personaliza\u00e7\u00e3o profunda<\/strong>: Fornecer servi\u00e7os de valor acrescentado, tais como prova de modela\u00e7\u00e3o 3D, estampagem a quente do LOGO (com suporte de relevo tridimensional), corte de formas especiais (abertura m\u00ednima de 0,5 mm); -\u00a0<strong>Capacita\u00e7\u00e3o cultural<\/strong>: Incorporar elementos como padr\u00f5es de bordados orientais e materiais reciclados sustent\u00e1veis no design, como a refer\u00eancia ao conceito de prote\u00e7\u00e3o ambiental da roupa interior sem costuras e o lan\u00e7amento de solu\u00e7\u00f5es de embalagem recicl\u00e1veis.<\/p>\n<h3 id=\"7-digital-service-ecosystem-improve-business-efficiency-\">7.\u00a0<strong>Ecossistema de servi\u00e7os digitais, melhorar a efici\u00eancia das empresas<\/strong><\/h3>\n<p>-\u00a0<strong>Plataforma de colabora\u00e7\u00e3o em linha<\/strong>: Os clientes podem ver o progresso do projeto e modificar as encomendas em tempo real atrav\u00e9s da nuvem, e suportar o acoplamento da API com o sistema ERP da empresa; -\u00a0<strong>Rede log\u00edstica global<\/strong>: Armazenagem pr\u00f3pria + log\u00edstica cooperativa cobrem mais de 50 pa\u00edses, oferecem condi\u00e7\u00f5es DDP\/DDU e produ\u00e7\u00e3o acelerada em 48 horas para encomendas urgentes.<\/p>","protected":false},"excerpt":{"rendered":"<p><strong>Porqu\u00ea escolher a ZOJO Print?\u00a0<\/strong><\/p>\n<p>-\u00a0<strong>Certifica\u00e7\u00e3o de conformidade<\/strong>: Aprovado no teste de material de contacto alimentar da FDA e na certifica\u00e7\u00e3o de seguran\u00e7a de embalagem CE;<\/p>\n<p>-\u00a0<strong>Vantagem em termos de custos<\/strong>: A produ\u00e7\u00e3o centralizada reduz os custos log\u00edsticos em 30% e permite a personaliza\u00e7\u00e3o de pequenos lotes;<\/p>\n<p>-\u00a0<strong>Tecnologia inovadora<\/strong>: A estrutura patenteada de amortecimento de arrancamento (ZL 2023 1 0123456.7), ganhou o Pr\u00e9mio de Inova\u00e7\u00e3o em Embalagens da China de 2024.<\/p>\n<p><strong>Cen\u00e1rios de aplica\u00e7\u00e3o<\/strong>: caixas de oferta de marcas de roupa interior topo de gama, conjuntos limitados para f\u00e9rias, embalagens personalizadas para com\u00e9rcio eletr\u00f3nico transfronteiri\u00e7o, mini-bares para quartos de hotel topo de gama.<\/p>\n<p><strong>Contacte j\u00e1 a equipa de personaliza\u00e7\u00e3o para iniciar a viagem est\u00e9tica da roupa interior da marca!<\/strong><\/p>","protected":false},"featured_media":9627,"template":"","meta":[],"product_brand":[],"product_cat":[30,414,31,426],"product_tag":[1228,817,1229],"class_list":{"0":"post-9622","1":"product","2":"type-product","3":"status-publish","4":"has-post-thumbnail","6":"product_cat-by-industry","7":"product_cat-custom-apparel-boxes","8":"product_cat-paper-box-style","9":"product_cat-paper-drawer-boxes","10":"product_tag-bra-and-underwear-drawer-gift-box","11":"product_tag-custom-box","12":"product_tag-gift-box-rigid-packaging","14":"first","15":"instock","16":"shipping-taxable","17":"product-type-simple"},"_links":{"self":[{"href":"https:\/\/zojopackaging.com\/pt\/wp-json\/wp\/v2\/product\/9622","targetHints":{"allow":["GET"]}}],"collection":[{"href":"https:\/\/zojopackaging.com\/pt\/wp-json\/wp\/v2\/product"}],"about":[{"href":"https:\/\/zojopackaging.com\/pt\/wp-json\/wp\/v2\/types\/product"}],"version-history":[{"count":1,"href":"https:\/\/zojopackaging.com\/pt\/wp-json\/wp\/v2\/product\/9622\/revisions"}],"predecessor-version":[{"id":9630,"href":"https:\/\/zojopackaging.com\/pt\/wp-json\/wp\/v2\/product\/9622\/revisions\/9630"}],"wp:featuredmedia":[{"embeddable":true,"href":"https:\/\/zojopackaging.com\/pt\/wp-json\/wp\/v2\/media\/9627"}],"wp:attachment":[{"href":"https:\/\/zojopackaging.com\/pt\/wp-json\/wp\/v2\/media?parent=9622"}],"wp:term":[{"taxonomy":"product_brand","embeddable":true,"href":"https:\/\/zojopackaging.com\/pt\/wp-json\/wp\/v2\/product_brand?post=9622"},{"taxonomy":"product_cat","embeddable":true,"href":"https:\/\/zojopackaging.com\/pt\/wp-json\/wp\/v2\/product_cat?post=9622"},{"taxonomy":"product_tag","embeddable":true,"href":"https:\/\/zojopackaging.com\/pt\/wp-json\/wp\/v2\/product_tag?post=9622"}],"curies":[{"name":"wp","href":"https:\/\/api.w.org\/{rel}","templated":true}]}}