{"id":9634,"date":"2025-04-03T09:23:19","date_gmt":"2025-04-03T01:23:19","guid":{"rendered":"https:\/\/zojopackaging.com\/?post_type=product&#038;p=9634"},"modified":"2025-04-03T10:03:07","modified_gmt":"2025-04-03T02:03:07","slug":"personalized-custom-small-jewelry-packaging-boxes-wholesale","status":"publish","type":"product","link":"https:\/\/zojopackaging.com\/pt\/product\/personalized-custom-small-jewelry-packaging-boxes-wholesale\/","title":{"rendered":"Caixas de embalagem personalizadas para j\u00f3ias pequenas por atacado"},"content":{"rendered":"<h2 id=\"-i-product-core-highlights-\"><strong>1. Principais destaques do produto<\/strong><\/h2>\n<ol>\n<li><strong>Sistema de fecho magn\u00e9tico inteligente<\/strong><\/li>\n<li>Adoptando um design de suc\u00e7\u00e3o magn\u00e9tica oculta, pode ser automaticamente absorvido e fechado com um ligeiro empurr\u00e3o, dizendo adeus ao inconveniente da tradicional prensagem ou dobragem, melhorando a sensa\u00e7\u00e3o de cerim\u00f3nia de abertura e fecho, adequada para cenas de venda a retalho e de oferta de alta frequ\u00eancia.<\/li>\n<li><strong>Processo de estampagem a quente de alta precis\u00e3o<\/strong><\/li>\n<li>Utilizando materiais de estampagem a quente importados e equipamento de precis\u00e3o, at\u00e9 mesmo linhas finas de 0,5 mm ou log\u00f3tipos min\u00fasculos podem ser claramente apresentados, e o brilho met\u00e1lico forma um forte contraste visual com o corpo da caixa branca, aumentando instantaneamente o reconhecimento da marca e o luxo.<\/li>\n<li><strong>Design est\u00e9tico minimalista<\/strong><\/li>\n<li>O corpo da caixa \u00e9 baseado em\u00a0<strong>branco puro<\/strong>A embalagem de j\u00f3ias e artigos de luxo \u00e9 feita de forma simples, com estampagem a quente\/prata, grava\u00e7\u00e3o em relevo e outros processos para criar uma textura simples mas de alta qualidade, que satisfaz perfeitamente as necessidades est\u00e9ticas das j\u00f3ias e dos artigos de luxo para embalagem.<\/li>\n<li><strong>Forro personalizado exclusivo<\/strong><\/li>\n<li>Fornece esponja EVA, flanela, cart\u00e3o e outros materiais de revestimento, suporta a personaliza\u00e7\u00e3o do molde 1:1 de acordo com a forma e o tamanho do produto, assegura o armazenamento est\u00e1vel das j\u00f3ias e proporciona uma experi\u00eancia de desembalagem distinta.<\/li>\n<\/ol>\n<h2 id=\"-ii-material-and-durability-\"><strong>2. Material e durabilidade<\/strong><\/h2>\n<ul>\n<li><strong>Material comp\u00f3sito amigo do ambiente<\/strong>: O corpo da caixa \u00e9 feito de\u00a0<strong>Papel revestido C2S de 157 g<\/strong>\u00a0(superf\u00edcie fina e lisa, elevada reprodu\u00e7\u00e3o de cores) +\u00a0<strong>1200g de cart\u00e3o duro<\/strong>\u00a0(resistente \u00e0 press\u00e3o e umidade), que foi testado para suportar diferen\u00e7as de temperatura de -20 \u2103 a 50 \u2103 e solavancos de transporte de longa dist\u00e2ncia para garantir a seguran\u00e7a do produto.<\/li>\n<li><strong>Tratamento de superf\u00edcie<\/strong>: Op\u00e7\u00e3o de pel\u00edcula mate\/filme brilhante, verniz local UV, para aumentar a resist\u00eancia \u00e0 \u00e1gua e ao desgaste.<\/li>\n<\/ul>\n<h2 id=\"-iii-flexible-customization-service-\"><strong>3. Servi\u00e7o de personaliza\u00e7\u00e3o flex\u00edvel<\/strong><\/h2>\n<ul>\n<li><strong>Quantidade m\u00ednima de encomenda flex\u00edvel<\/strong>: Apoiamos a personaliza\u00e7\u00e3o de pequenos lotes com uma encomenda m\u00ednima de 50 pe\u00e7as, e tamb\u00e9m podemos efetuar encomendas de grandes lotes de 10.000 pe\u00e7as, com entrega r\u00e1pida em 7-15 dias.<\/li>\n<li><strong>Apoio total \u00e0 conce\u00e7\u00e3o do processo<\/strong>: S\u00e3o fornecidos servi\u00e7os gratuitos de renderiza\u00e7\u00e3o 3D e prova estrutural, e o LOGOTIPO, padr\u00e3o, tipo de caixa (caixa quadrada\/caixa de gavetas\/caixa de livros) podem ser personalizados.<\/li>\n<li><strong>Adapta\u00e7\u00e3o de cenas<\/strong>: Concebido para pequenos artigos de luxo, tais como caixas de presentes de casamento, pingentes de j\u00f3ias, an\u00e9is, rel\u00f3gios, etc., que suportam acess\u00f3rios adicionais, tais como fitas e cart\u00f5es de felicita\u00e7\u00f5es a condizer.<\/li>\n<\/ul>\n<h2 id=\"-fourth-service-commitment-\"><strong>4. Compromisso de servi\u00e7o<\/strong><\/h2>\n<ul>\n<li><strong>Garantia de qualidade<\/strong>: Toda a linha passou a certifica\u00e7\u00e3o ambiental SGS e est\u00e1 em conformidade com as normas ROHS da UE.<\/li>\n<li><strong>P\u00f3s-venda sem preocupa\u00e7\u00f5es<\/strong>: Prestar servi\u00e7os de valor acrescentado, como a substitui\u00e7\u00e3o de produtos danificados, o armazenamento e a expedi\u00e7\u00e3o, e acompanhar a evolu\u00e7\u00e3o da entrega ao longo de todo o processo.<\/li>\n<\/ul>\n<p><strong>Processo de coopera\u00e7\u00e3o<\/strong>: Comunica\u00e7\u00e3o da procura \u2192 Prova de conce\u00e7\u00e3o \u2192 Confirma\u00e7\u00e3o da produ\u00e7\u00e3o \u2192 Inspe\u00e7\u00e3o da qualidade e expedi\u00e7\u00e3o\u00a0<strong>A\u00e7\u00e3o imediata<\/strong>: Forne\u00e7a o tamanho do produto ou o projeto de design e obtenha um plano de cota\u00e7\u00e3o exclusivo no prazo de 24 horas!<\/p>","protected":false},"excerpt":{"rendered":"<ul>\n<li>\u200b<strong>Est\u00e9tica Premium:<\/strong>\u00a0O design em branco e ouro exala um luxo intemporal para uma apresenta\u00e7\u00e3o de j\u00f3ias de elevado valor.<\/li>\n<li>\u200b<strong>Armazenamento de prote\u00e7\u00e3o:<\/strong>\u00a0O interior forrado a pel\u00facia protege os objectos delicados de riscos ou danos.<\/li>\n<li>\u200b<strong>Marca personalizada:<\/strong>\u00a0Adicione log\u00f3tipos, frases ou padr\u00f5es em relevo para refor\u00e7ar a identidade da marca.<\/li>\n<li>\u200b<strong>A granel:<\/strong>\u00a0A constru\u00e7\u00e3o duradoura permite encomendas por grosso e envios econ\u00f3micos.<\/li>\n<li>\u200b<strong>Tamanho vers\u00e1til:<\/strong>\u00a0Acomoda an\u00e9is, brincos, pulseiras e pequenas colec\u00e7\u00f5es de pedras preciosas.<\/li>\n<\/ul>","protected":false},"featured_media":9635,"template":"","meta":[],"product_brand":[],"product_cat":[30,415,424,31],"product_tag":[890,1231,1230],"class_list":{"0":"post-9634","1":"product","2":"type-product","3":"status-publish","4":"has-post-thumbnail","6":"product_cat-by-industry","7":"product_cat-custom-jewelry-boxes-by-industry","8":"product_cat-magnetic-closure-boxes","9":"product_cat-paper-box-style","10":"product_tag-custom-jewelry-packaging","11":"product_tag-personalized-custom-jewelry-packaging","12":"product_tag-small-jewelry-boxes","14":"first","15":"instock","16":"shipping-taxable","17":"product-type-grouped"},"_links":{"self":[{"href":"https:\/\/zojopackaging.com\/pt\/wp-json\/wp\/v2\/product\/9634","targetHints":{"allow":["GET"]}}],"collection":[{"href":"https:\/\/zojopackaging.com\/pt\/wp-json\/wp\/v2\/product"}],"about":[{"href":"https:\/\/zojopackaging.com\/pt\/wp-json\/wp\/v2\/types\/product"}],"version-history":[{"count":1,"href":"https:\/\/zojopackaging.com\/pt\/wp-json\/wp\/v2\/product\/9634\/revisions"}],"predecessor-version":[{"id":9641,"href":"https:\/\/zojopackaging.com\/pt\/wp-json\/wp\/v2\/product\/9634\/revisions\/9641"}],"wp:featuredmedia":[{"embeddable":true,"href":"https:\/\/zojopackaging.com\/pt\/wp-json\/wp\/v2\/media\/9635"}],"wp:attachment":[{"href":"https:\/\/zojopackaging.com\/pt\/wp-json\/wp\/v2\/media?parent=9634"}],"wp:term":[{"taxonomy":"product_brand","embeddable":true,"href":"https:\/\/zojopackaging.com\/pt\/wp-json\/wp\/v2\/product_brand?post=9634"},{"taxonomy":"product_cat","embeddable":true,"href":"https:\/\/zojopackaging.com\/pt\/wp-json\/wp\/v2\/product_cat?post=9634"},{"taxonomy":"product_tag","embeddable":true,"href":"https:\/\/zojopackaging.com\/pt\/wp-json\/wp\/v2\/product_tag?post=9634"}],"curies":[{"name":"wp","href":"https:\/\/api.w.org\/{rel}","templated":true}]}}