{"id":9642,"date":"2025-04-03T10:03:17","date_gmt":"2025-04-03T02:03:17","guid":{"rendered":"https:\/\/zojopackaging.com\/?post_type=product&#038;p=9642"},"modified":"2025-04-03T10:27:40","modified_gmt":"2025-04-03T02:27:40","slug":"custom-jewelry-earring-bracelet-necklace-boxes-wholesale","status":"publish","type":"product","link":"https:\/\/zojopackaging.com\/pt\/product\/custom-jewelry-earring-bracelet-necklace-boxes-wholesale\/","title":{"rendered":"Caixas de j\u00f3ias personalizadas para brincos, pulseiras e colares por atacado"},"content":{"rendered":"<h2 id=\"-1-innovative-pull-out-design-reshaping-the-sense-of-box-opening-ceremony-\"><strong>1. Design inovador do papel de gaveta, reformulando o sentido da cerim\u00f3nia de abertura da caixa<\/strong><\/h2>\n<p>-\u00a0<strong>Experi\u00eancia interactiva conveniente<\/strong>: Com a estrutura patenteada de extra\u00e7\u00e3o, os utilizadores s\u00f3 precisam de puxar suavemente a fita para retirar suavemente as j\u00f3ias (brincos, pulseiras, colares, etc.), evitando a opera\u00e7\u00e3o inc\u00f3moda das caixas de flip tradicionais e aumentando a sensa\u00e7\u00e3o de cerim\u00f3nia de abertura da caixa e de divers\u00e3o. -\u00a0<strong>Design humanizado do tabuleiro interior<\/strong>: Com tabuleiro interior deslizante personalizado + almofada de flanela anti-riscos, as j\u00f3ias s\u00e3o mais seguras e mais pr\u00e1ticas de tirar e p\u00f4r, assegurando ao mesmo tempo a beleza do expositor e aumentando a satisfa\u00e7\u00e3o do cliente.<\/p>\n<h2 id=\"-2-high-end-craftsmanship-and-environmentally-friendly-materials-interpreting-brand-texture-\"><strong>2. Artesanato topo de gama e materiais amigos do ambiente, interpretando a textura da marca<\/strong><\/h2>\n<p>-\u00a0<strong>Tecnologia de estampagem a quente e impress\u00e3o fina<\/strong>: Suporta estampagem a quente\/prata quente, estampagem UV e outros processos, apresenta com precis\u00e3o log\u00f3tipos de marcas, micro texto e padr\u00f5es complexos, e satisfaz a procura de detalhes por marcas de topo de gama. -\u00a0<strong>Impress\u00e3o a quatro cores + processo de lamina\u00e7\u00e3o<\/strong>: Utilizando a tecnologia de impress\u00e3o a quatro cores Pantone, a taxa de reprodu\u00e7\u00e3o de cores \u00e9 superior a 98%, com lamina\u00e7\u00e3o mate\/brilhante, resistente a riscos e ao desgaste, com toque de alta qualidade. -\u00a0<strong>Materiais sustent\u00e1veis e amigos do ambiente<\/strong>:<\/p>\n<ul>\n<li><strong>Caixa exterior<\/strong>: Cart\u00e3o duro de 1200 g, resistente \u00e0 press\u00e3o e dur\u00e1vel;<\/li>\n<li><strong>Forro interior<\/strong>: Papel revestido C2S de 157 g, de toque delicado, material recicl\u00e1vel 100%, em conformidade com as normas ambientais internacionais.<\/li>\n<\/ul>\n<h2 id=\"-three-deep-brand-customization-unleash-unlimited-creativity-\"><strong>3. Personaliza\u00e7\u00e3o profunda da marca, liberta\u00e7\u00e3o ilimitada da criatividade<\/strong><\/h2>\n<p>-\u00a0<strong>Personaliza\u00e7\u00e3o total do cen\u00e1rio interior e exterior<\/strong>: Desde o aspeto visual principal da caixa exterior at\u00e9 \u00e0 disposi\u00e7\u00e3o do tabuleiro interior, o design \u00e9 360\u00b0 e adapta-se de forma flex\u00edvel ao sistema VI da marca (cor, padr\u00e3o, texto, textura, etc.). -\u00a0<strong>Aplica\u00e7\u00e3o multi-cen\u00e1rio<\/strong>: Armazenamento personaliz\u00e1vel de j\u00f3ias em camadas, combina\u00e7\u00e3o multi-especifica\u00e7\u00e3o (caixa de oferta \u00fanica\/conjunto), para satisfazer as necessidades de v\u00e1rias categorias, como j\u00f3ias, rel\u00f3gios e artigos de luxo.<\/p>\n<h2 id=\"-fourth-large-scale-intelligent-manufacturing-to-ensure-efficient-delivery-\"><strong>4. fabrico inteligente em grande escala para garantir uma entrega eficiente<\/strong><\/h2>\n<p>-\u00a0<strong>Produ\u00e7\u00e3o totalmente automatizada<\/strong>: Contando com a oficina inteligente 5320\u33a1 e o equipamento de impress\u00e3o alem\u00e3o Heidelberg, atinge uma capacidade de produ\u00e7\u00e3o di\u00e1ria de mais de 100.000 pe\u00e7as, suportando pedidos de teste de pequenos lotes a milh\u00f5es de grandes pedidos. -\u00a0<strong>Controlo rigoroso do prazo de entrega e do controlo de qualidade<\/strong>: Ciclo de entrega padr\u00e3o de 15 dias (7 dias para pedidos urgentes), inspe\u00e7\u00e3o completa do QC, para garantir o rendimento do produto \u2265 99.8%, para evitar riscos na cadeia de suprimentos.<\/p>\n<h2 id=\"-cooperation-process-\"><strong>Processo de coopera\u00e7\u00e3o<\/strong><\/h2>\n<ol>\n<li><strong>Comunica\u00e7\u00e3o da procura<\/strong>: Fornecer um esbo\u00e7o de desenho ou pedir \u00e0 nossa equipa que desenhe e fa\u00e7a a prova gratuitamente;<\/li>\n<li><strong>Confirma\u00e7\u00e3o do material<\/strong>: Selecionar o papel, o processo e a estrutura da caixa;<\/li>\n<li><strong>Revis\u00e3o de provas<\/strong>: Fornecer amostras f\u00edsicas no prazo de 3-5 dias \u00fateis;<\/li>\n<li><strong>Produ\u00e7\u00e3o em massa<\/strong>: Produ\u00e7\u00e3o r\u00e1pida ap\u00f3s confirma\u00e7\u00e3o, acompanhamento log\u00edstico completo.<\/li>\n<\/ol>","protected":false},"excerpt":{"rendered":"<p>Concentramo-nos em fornecer solu\u00e7\u00f5es de embalagem personalizadas de alta qualidade para marcas de j\u00f3ias, com design inovador, artesanato requintado e produ\u00e7\u00e3o eficiente como o n\u00facleo, ajudando-o a melhorar o valor acrescentado do seu produto e a imagem da marca.<\/p>","protected":false},"featured_media":9643,"template":"","meta":[],"product_brand":[],"product_cat":[30,415,31,426],"product_tag":[275,735,1232],"class_list":{"0":"post-9642","1":"product","2":"type-product","3":"status-publish","4":"has-post-thumbnail","6":"product_cat-by-industry","7":"product_cat-custom-jewelry-boxes-by-industry","8":"product_cat-paper-box-style","9":"product_cat-paper-drawer-boxes","10":"product_tag-custom-gift-boxes","11":"product_tag-custom-jewelry-boxes","12":"product_tag-earring-bracelet-boxes-wholesale","14":"first","15":"instock","16":"shipping-taxable","17":"product-type-grouped"},"_links":{"self":[{"href":"https:\/\/zojopackaging.com\/pt\/wp-json\/wp\/v2\/product\/9642","targetHints":{"allow":["GET"]}}],"collection":[{"href":"https:\/\/zojopackaging.com\/pt\/wp-json\/wp\/v2\/product"}],"about":[{"href":"https:\/\/zojopackaging.com\/pt\/wp-json\/wp\/v2\/types\/product"}],"version-history":[{"count":2,"href":"https:\/\/zojopackaging.com\/pt\/wp-json\/wp\/v2\/product\/9642\/revisions"}],"predecessor-version":[{"id":9657,"href":"https:\/\/zojopackaging.com\/pt\/wp-json\/wp\/v2\/product\/9642\/revisions\/9657"}],"wp:featuredmedia":[{"embeddable":true,"href":"https:\/\/zojopackaging.com\/pt\/wp-json\/wp\/v2\/media\/9643"}],"wp:attachment":[{"href":"https:\/\/zojopackaging.com\/pt\/wp-json\/wp\/v2\/media?parent=9642"}],"wp:term":[{"taxonomy":"product_brand","embeddable":true,"href":"https:\/\/zojopackaging.com\/pt\/wp-json\/wp\/v2\/product_brand?post=9642"},{"taxonomy":"product_cat","embeddable":true,"href":"https:\/\/zojopackaging.com\/pt\/wp-json\/wp\/v2\/product_cat?post=9642"},{"taxonomy":"product_tag","embeddable":true,"href":"https:\/\/zojopackaging.com\/pt\/wp-json\/wp\/v2\/product_tag?post=9642"}],"curies":[{"name":"wp","href":"https:\/\/api.w.org\/{rel}","templated":true}]}}