{"id":9650,"date":"2025-04-03T10:13:03","date_gmt":"2025-04-03T02:13:03","guid":{"rendered":"https:\/\/zojopackaging.com\/?post_type=product&#038;p=9650"},"modified":"2025-04-03T10:28:51","modified_gmt":"2025-04-03T02:28:51","slug":"collapsible-rigid-gift-boxes-wholesale-with-magnetic-closure","status":"publish","type":"product","link":"https:\/\/zojopackaging.com\/pt\/product\/collapsible-rigid-gift-boxes-wholesale-with-magnetic-closure\/","title":{"rendered":"Caixas de oferta r\u00edgidas dobr\u00e1veis para venda por grosso com fecho magn\u00e9tico"},"content":{"rendered":"<h2 id=\"-i-structural-innovation-magnetic-folding-dual-effect-in-one-\"><strong>1. Inova\u00e7\u00e3o estrutural: fecho magn\u00e9tico de duplo efeito num s\u00f3<\/strong><\/h2>\n<ol>\n<li><strong>Sistema de fecho magn\u00e9tico inteligente<\/strong>\u00a0Adopta uma conce\u00e7\u00e3o de circuito magn\u00e9tico fechado, com uma for\u00e7a de adsor\u00e7\u00e3o de 3-5N. \u00c9 acompanhado por um toque de \"clique\" n\u00edtido ao abrir e fechar, e \u00e9 f\u00e1cil de operar com uma m\u00e3o, evitando o problema de desgaste f\u00e1cil das fivelas tradicionais.<\/li>\n<li><strong>Design rebat\u00edvel<\/strong>\u00a0A estrutura de dobragem de uma s\u00f3 pe\u00e7a \u00e9 realizada atrav\u00e9s de um processo de indenta\u00e7\u00e3o preciso. Depois de desdobrada, forma um hexaedro est\u00e1vel. Pode ser achatada durante o transporte para poupar 80% de espa\u00e7o. O utilizador final pode form\u00e1-lo rapidamente em 3 segundos, tendo em conta a prote\u00e7\u00e3o ambiental e a efici\u00eancia log\u00edstica.<\/li>\n<\/ol>\n<h2 id=\"-ii-visual-aesthetics-marble-texture-interprets-light-luxury-texture-\"><strong>2. Est\u00e9tica visual: a textura do m\u00e1rmore interpreta a textura de luxo da luz<\/strong><\/h2>\n<ol>\n<li><strong>Tecnologia de superf\u00edcie<\/strong><\/li>\n<li>Utilizando a tecnologia de transfer\u00eancia UV de m\u00e1rmore de imita\u00e7\u00e3o importado de It\u00e1lia, as linhas de textura s\u00e3o t\u00e3o naturais como a pedra natural, as tr\u00eas cores preto dourado\/branco cinzento\/azul s\u00e3o opcionais e suportam a personaliza\u00e7\u00e3o de textura exclusiva do cliente 1:1.<\/li>\n<li>A superf\u00edcie \u00e9 coberta por um revestimento de duplo efeito mate\/brilhante, que \u00e9 delicado e anti-impress\u00e3o digital, e a dureza Mohs atinge uma resist\u00eancia a riscos de 3H.<\/li>\n<li><strong>Adapta\u00e7\u00e3o de cenas<\/strong>\u00a0Aplic\u00e1vel a cosm\u00e9ticos topo de gama (como caixas de oferta de ess\u00eancias), artigos de luxo (rel\u00f3gios\/j\u00f3ias), presentes de neg\u00f3cios (utens\u00edlios de vinho personalizados) e outros cen\u00e1rios. O design da textura \u00e9 calibrado por cart\u00f5es de cor Pantone para garantir uma elevada coer\u00eancia com o sistema VI da marca.<\/li>\n<\/ol>\n<h2 id=\"-iii-materials-and-processes-military-grade-quality-control-standards-\"><strong>3. Materiais e processos: Normas de controlo de qualidade de n\u00edvel militar<\/strong><\/h2>\n<ol>\n<li><strong>Substrato comp\u00f3sito<\/strong><\/li>\n<li>O corpo da caixa adopta uma estrutura composta de cart\u00e3o cinzento de qualidade alimentar + cart\u00e3o holand\u00eas importado com 1,5 mm de espessura, que pode suportar 5 kg sem deforma\u00e7\u00e3o e passou a certifica\u00e7\u00e3o de teste de transporte ISTA 3A.<\/li>\n<li>O rebordo adopta um processo de polimento com um chanfro de 45\u00b0 e a parte inferior \u00e9 revestida com uma almofada de silicone antiderrapante para garantir a estabilidade do ecr\u00e3.<\/li>\n<li><strong>Exatid\u00e3o do processamento<\/strong>\u00a0Erro de corte a laser \u22640,2mm, toler\u00e2ncia de posi\u00e7\u00e3o de incorpora\u00e7\u00e3o do \u00edman \u00b10,1mm, com 16 processos de inspe\u00e7\u00e3o de qualidade (incluindo teste de vida de queda\/temperatura e ciclo de humidade\/suc\u00e7\u00e3o magn\u00e9tica).<\/li>\n<\/ol>\n<h2 id=\"-fourth-enhance-the-sense-of-ceremony-customizable-decoration-system-\"><strong>4. Refor\u00e7ar o sentido da cerim\u00f3nia: sistema de decora\u00e7\u00e3o personaliz\u00e1vel<\/strong><\/h2>\n<ol>\n<li><strong>M\u00f3dulo de decora\u00e7\u00e3o de fitas<\/strong><\/li>\n<li>Fita de seda padr\u00e3o com 1,5 cm de largura, dispon\u00edvel em tr\u00eas cores: ouro champanhe cl\u00e1ssico\/vermelho borgonha\/azul meia-noite, suporta estampagem a quente do LOGOTIPO da marca ou palavras de b\u00ean\u00e7\u00e3o.<\/li>\n<li>A fivela de fita magn\u00e9tica opcional permite realizar a experi\u00eancia interactiva de \"um pux\u00e3o para abrir\" e a sensa\u00e7\u00e3o de cerim\u00f3nia de abertura da caixa \u00e9 aumentada em 300%.<\/li>\n<li><strong>Forro personalizado<\/strong><\/li>\n<li>Adoptam um suporte interno composto de EVA+veludo, suportam m\u00faltiplas estruturas, tais como ecr\u00e3 em camadas\/ranhurado\/suspenso, a taxa de cobertura da gama de cores RGB atinge 98% e suportam a correspond\u00eancia de cores diretas Pantone.<\/li>\n<li>O desenho da grelha escura pode ser incorporado com um chip NFC ou uma etiqueta interactiva AR para melhorar a experi\u00eancia digital da marca.<\/li>\n<\/ol>","protected":false},"excerpt":{"rendered":"<p>Apelo ao luxo: A textura do m\u00e1rmore eleva instantaneamente a perce\u00e7\u00e3o da marca<br \/>\nCusto-eficiente: O pre\u00e7o a granel reduz os custos por unidade em 30%<br \/>\nDurabilidade: Os cantos refor\u00e7ados protegem os produtos durante o transporte<br \/>\nMontagem f\u00e1cil: Dobras pr\u00e9-marcadas para uma montagem da caixa em 60 segundos<\/p>","protected":false},"featured_media":9651,"template":"","meta":[],"product_brand":[],"product_cat":[30,415,428,31],"product_tag":[1233,1235,1234],"class_list":{"0":"post-9650","1":"product","2":"type-product","3":"status-publish","4":"has-post-thumbnail","6":"product_cat-by-industry","7":"product_cat-custom-jewelry-boxes-by-industry","8":"product_cat-irregular-shaped-gift-boxes","9":"product_cat-paper-box-style","10":"product_tag-collapsible-gift-boxes","11":"product_tag-magnetic-closure-gift-boxes","12":"product_tag-rigid-gift-boxes-wholesale","14":"first","15":"instock","16":"shipping-taxable","17":"product-type-grouped"},"_links":{"self":[{"href":"https:\/\/zojopackaging.com\/pt\/wp-json\/wp\/v2\/product\/9650","targetHints":{"allow":["GET"]}}],"collection":[{"href":"https:\/\/zojopackaging.com\/pt\/wp-json\/wp\/v2\/product"}],"about":[{"href":"https:\/\/zojopackaging.com\/pt\/wp-json\/wp\/v2\/types\/product"}],"version-history":[{"count":1,"href":"https:\/\/zojopackaging.com\/pt\/wp-json\/wp\/v2\/product\/9650\/revisions"}],"predecessor-version":[{"id":9658,"href":"https:\/\/zojopackaging.com\/pt\/wp-json\/wp\/v2\/product\/9650\/revisions\/9658"}],"wp:featuredmedia":[{"embeddable":true,"href":"https:\/\/zojopackaging.com\/pt\/wp-json\/wp\/v2\/media\/9651"}],"wp:attachment":[{"href":"https:\/\/zojopackaging.com\/pt\/wp-json\/wp\/v2\/media?parent=9650"}],"wp:term":[{"taxonomy":"product_brand","embeddable":true,"href":"https:\/\/zojopackaging.com\/pt\/wp-json\/wp\/v2\/product_brand?post=9650"},{"taxonomy":"product_cat","embeddable":true,"href":"https:\/\/zojopackaging.com\/pt\/wp-json\/wp\/v2\/product_cat?post=9650"},{"taxonomy":"product_tag","embeddable":true,"href":"https:\/\/zojopackaging.com\/pt\/wp-json\/wp\/v2\/product_tag?post=9650"}],"curies":[{"name":"wp","href":"https:\/\/api.w.org\/{rel}","templated":true}]}}