{"id":9659,"date":"2025-04-03T10:29:14","date_gmt":"2025-04-03T02:29:14","guid":{"rendered":"https:\/\/zojopackaging.com\/?post_type=product&#038;p=9659"},"modified":"2025-04-03T10:53:41","modified_gmt":"2025-04-03T02:53:41","slug":"custom-candle-mailing-shipping-packaging-boxes-wholesale","status":"publish","type":"product","link":"https:\/\/zojopackaging.com\/pt\/product\/custom-candle-mailing-shipping-packaging-boxes-wholesale\/","title":{"rendered":"Caixas de embalagem para envio de correio de velas personalizadas por atacado"},"content":{"rendered":"<h2 id=\"1-corrugated-paper-material-anti-pressure-and-anti-collision-\">1.\u00a0<strong>Material de papel ondulado, anti-press\u00e3o e anti-colis\u00e3o<\/strong><\/h2>\n<p>O material de papel ondulado de alta densidade (como a combina\u00e7\u00e3o de flauta A, flauta B ou flauta EB) \u00e9 utilizado para dispersar o impacto da for\u00e7a externa atrav\u00e9s da estrutura ondulada do n\u00facleo do papel.<\/p>\n<h2 id=\"2-innovative-tearable-design-to-enhance-the-unpacking-experience-\">2.\u00a0<strong>Design inovador que pode ser rasgado para melhorar a experi\u00eancia de desembalagem<\/strong><\/h2>\n<p>A caixa de embalagem adopta um design de linha de rasgo em papel n\u00e3o adesivo. Os utilizadores s\u00f3 precisam de a puxar suavemente para a abrir sem danos, o que \u00e9 simultaneamente ecol\u00f3gico e cerimonial. Este design \u00e9 particularmente adequado para cen\u00e1rios de com\u00e9rcio eletr\u00f3nico, reduzindo o inconveniente de os clientes utilizarem ferramentas, ao mesmo tempo que aumenta os pontos de mem\u00f3ria da intera\u00e7\u00e3o com a marca. Combinado com o conceito de \"desembalagem 2S\", o processo \u00e9 simplificado para tornar a desembalagem numa experi\u00eancia agrad\u00e1vel.<\/p>\n<h2 id=\"3-double-sided-macaron-color-printing-visual-appeal-max-\">3.\u00a0<strong>Impress\u00e3o a cores em dupla face do macaron, atra\u00e7\u00e3o visual MAX<\/strong><\/h2>\n<p>A utiliza\u00e7\u00e3o de cores de macaron de baixa satura\u00e7\u00e3o (como o verde menta, o roxo am\u00eandoa e o p\u00f3 de n\u00e9voa de \u00e1cer), combinada com a tecnologia de impress\u00e3o de dupla face de alta precis\u00e3o, apresenta um efeito visual suave e em camadas. A impress\u00e3o a cores diretas e a tecnologia de revestimento UV garantem que o padr\u00e3o \u00e9 brilhante e duradouro, adequado para exibi\u00e7\u00e3o nas redes sociais e offline, e aumentam o reconhecimento da marca.<\/p>\n<h2 id=\"4-in-depth-brand-customization-conveying-a-unique-story-\">4.\u00a0<strong>Personaliza\u00e7\u00e3o profunda da marca, transmitindo uma hist\u00f3ria \u00fanica<\/strong><\/h2>\n<p>Suporta um design personalizado de processo completo, desde o tipo de caixa (tampa inferior e inferior, caixa flip, caixa de gaveta) ao padr\u00e3o e log\u00f3tipo que podem ser personalizados. Em combina\u00e7\u00e3o com o tom da marca do cliente, o log\u00f3tipo da empresa e a hist\u00f3ria cultural s\u00e3o integrados na embalagem, por exemplo, atrav\u00e9s de estampagem a quente, textura em relevo ou serigrafia para mostrar uma textura de alta qualidade. Cada caixa n\u00e3o \u00e9 apenas um contentor, mas tamb\u00e9m um portador da narrativa da marca.<\/p>\n<h2 id=\"5-flexible-size-and-structure-adaptation-\">5.\u00a0<strong>Adapta\u00e7\u00e3o flex\u00edvel do tamanho e da estrutura<\/strong><\/h2>\n<p>De acordo com o tamanho da vela, a quantidade e os requisitos de exposi\u00e7\u00e3o, fornecemos solu\u00e7\u00f5es personalizadas, desde produtos individuais a combina\u00e7\u00f5es m\u00faltiplas. O forro pode ser concebido como grelha de encaixe EVA, divis\u00f3ria ondulada ou tabuleiro de flocagem para garantir a estabilidade do transporte. Suporta estruturas criativas, tais como caixas com formas especiais e caixas em forma de livro, para satisfazer as necessidades de caixas de oferta de f\u00e9rias, edi\u00e7\u00f5es limitadas e outros cen\u00e1rios.<\/p>\n<h2 id=\"6-experienced-design-team-3d-modeling-full-process-support-\">6.\u00a0<strong>Equipa de design experiente, modela\u00e7\u00e3o 3D, apoio total ao processo<\/strong><\/h2>\n<p>Equipada com designers profissionais e equipas de modela\u00e7\u00e3o 3D, desde os esbo\u00e7os conceptuais at\u00e9 \u00e0 prova do produto acabado, colabora\u00e7\u00e3o total. Atrav\u00e9s da tecnologia de modela\u00e7\u00e3o virtual, os clientes podem pr\u00e9-visualizar o efeito da embalagem e ajustar os pormenores em tempo real (como a posi\u00e7\u00e3o de abertura da janela, a curvatura da linha de rasgo). Os casos abrangem aromaterapia de alta qualidade, presentes de Natal e outras categorias para garantir que o design \u00e9 altamente consistente com o produto real.<\/p>\n<h2 id=\"7-scaled-production-and-quality-control-\">7.\u00a0<strong>Produ\u00e7\u00e3o em escala e controlo de qualidade<\/strong><\/h2>\n<p>A f\u00e1brica tem 16 anos de experi\u00eancia na ind\u00fastria de impress\u00e3o, e a oficina padronizada de 5.320 metros quadrados est\u00e1 equipada com m\u00e1quinas de corte e vinco totalmente autom\u00e1ticas, linhas de impress\u00e3o digital e sistemas de inspe\u00e7\u00e3o de qualidade. Suporta personaliza\u00e7\u00e3o de pequenos lotes (500 pe\u00e7as ou mais) e pedidos de grandes lotes, com ciclos de entrega curtos e controle de qualidade rigoroso (erro \u2264 0,2 cm). Atrav\u00e9s da certifica\u00e7\u00e3o ISO e da sele\u00e7\u00e3o de materiais amigos do ambiente, asseguramos que o produto cumpre as normas de transporte nacionais e internacionais.<\/p>\n<h2 id=\"-applicable-scenarios-and-customer-value-\"><strong>Cen\u00e1rios aplic\u00e1veis e valor para o cliente<\/strong><\/h2>\n<ul>\n<li><strong>Log\u00edstica do com\u00e9rcio eletr\u00f3nico<\/strong>: Estrutura resistente \u00e0 compress\u00e3o + design destac\u00e1vel, reduz as perdas de transporte e aumenta a taxa de recompra do cliente.<\/li>\n<li><strong>Marketing da marca<\/strong>: A combina\u00e7\u00e3o de cores do macaron e os elementos personalizados atraem os jovens consumidores e contribuem para a divulga\u00e7\u00e3o nas redes sociais.<\/li>\n<li><strong>Presentes topo de gama<\/strong>: Tecnologia de modela\u00e7\u00e3o 3D combinada com estampagem a quente\/impress\u00e3o serigr\u00e1fica para criar uma experi\u00eancia de unboxing leve e luxuosa.<\/li>\n<\/ul>","protected":false},"excerpt":{"rendered":"<p>Elevar a perce\u00e7\u00e3o da marca com embalagens com qualidade de galeria.<br \/>\nReduzir os danos de transporte atrav\u00e9s de uma constru\u00e7\u00e3o resistente ao esmagamento.<br \/>\nSimplifique as encomendas em massa com um design modular que poupa espa\u00e7o.<br \/>\nAlinhar-se com os valores ecol\u00f3gicos utilizando materiais biodegrad\u00e1veis.<\/p>","protected":false},"featured_media":9660,"template":"","meta":[],"product_brand":[],"product_cat":[30,416,31,433],"product_tag":[1236,1237,549],"class_list":{"0":"post-9659","1":"product","2":"type-product","3":"status-publish","4":"has-post-thumbnail","6":"product_cat-by-industry","7":"product_cat-custom-candle-boxes","8":"product_cat-paper-box-style","9":"product_cat-shipping-mailer-boxes","10":"product_tag-candle-mailing-boxes","11":"product_tag-candle-shipping-boxes-wholesale","12":"product_tag-custom-candle-boxes","14":"first","15":"instock","16":"shipping-taxable","17":"product-type-grouped"},"_links":{"self":[{"href":"https:\/\/zojopackaging.com\/pt\/wp-json\/wp\/v2\/product\/9659","targetHints":{"allow":["GET"]}}],"collection":[{"href":"https:\/\/zojopackaging.com\/pt\/wp-json\/wp\/v2\/product"}],"about":[{"href":"https:\/\/zojopackaging.com\/pt\/wp-json\/wp\/v2\/types\/product"}],"version-history":[{"count":1,"href":"https:\/\/zojopackaging.com\/pt\/wp-json\/wp\/v2\/product\/9659\/revisions"}],"predecessor-version":[{"id":9666,"href":"https:\/\/zojopackaging.com\/pt\/wp-json\/wp\/v2\/product\/9659\/revisions\/9666"}],"wp:featuredmedia":[{"embeddable":true,"href":"https:\/\/zojopackaging.com\/pt\/wp-json\/wp\/v2\/media\/9660"}],"wp:attachment":[{"href":"https:\/\/zojopackaging.com\/pt\/wp-json\/wp\/v2\/media?parent=9659"}],"wp:term":[{"taxonomy":"product_brand","embeddable":true,"href":"https:\/\/zojopackaging.com\/pt\/wp-json\/wp\/v2\/product_brand?post=9659"},{"taxonomy":"product_cat","embeddable":true,"href":"https:\/\/zojopackaging.com\/pt\/wp-json\/wp\/v2\/product_cat?post=9659"},{"taxonomy":"product_tag","embeddable":true,"href":"https:\/\/zojopackaging.com\/pt\/wp-json\/wp\/v2\/product_tag?post=9659"}],"curies":[{"name":"wp","href":"https:\/\/api.w.org\/{rel}","templated":true}]}}