{"id":9667,"date":"2025-04-03T10:53:49","date_gmt":"2025-04-03T02:53:49","guid":{"rendered":"https:\/\/zojopackaging.com\/?post_type=product&#038;p=9667"},"modified":"2025-04-03T11:24:27","modified_gmt":"2025-04-03T03:24:27","slug":"custom-vip-card-credit-shipping-mailer-boxes-wholesale","status":"publish","type":"product","link":"https:\/\/zojopackaging.com\/pt\/product\/custom-vip-card-credit-shipping-mailer-boxes-wholesale\/","title":{"rendered":"Caixas de correio para envio de cart\u00f5es de cr\u00e9dito Vip personalizados por atacado"},"content":{"rendered":"<h2 id=\"1-high-strength-corrugated-paper-protection-\">1.\u00a0<strong>Prote\u00e7\u00e3o de papel ondulado de alta resist\u00eancia<\/strong><\/h2>\n<p>\u00c9 adoptada a estrutura de cart\u00e3o ondulado de v\u00e1rias camadas. O design do n\u00facleo ondulado do papel absorve eficazmente a energia de impacto durante o transporte e dispersa a press\u00e3o externa. \u00c9 especialmente adequado para o transporte de artigos de elevado valor e elevada prote\u00e7\u00e3o, tais como cart\u00f5es VIP e produtos electr\u00f3nicos fr\u00e1geis. A sua resist\u00eancia \u00e0 compress\u00e3o pode ser mais de 3 vezes superior \u00e0 das caixas de cart\u00e3o normais semelhantes, garantindo que as mercadorias permanecem intactas durante o empilhamento ou os choques.<\/p>\n<h2 id=\"2-patented-airplane-box-structure-\">2.\u00a0<strong>Estrutura patenteada da caixa de correio<\/strong><\/h2>\n<p>A utiliza\u00e7\u00e3o inovadora da tecnologia de bloqueio da lingueta e do design de pr\u00e9-prensagem do vinco permite uma moldagem r\u00e1pida de 1 segundo, sem necessidade de selagem do fundo com fita adesiva, o que melhora consideravelmente a efici\u00eancia da embalagem. Depois de o corpo da caixa estar fechado, \u00e9 fixado por uma estrutura de autobloqueio, e a parte lateral n\u00e3o \u00e9 f\u00e1cil de abrir, evitando a desvantagem de se soltar facilmente da veda\u00e7\u00e3o tradicional com fita adesiva, e em conformidade com o conceito de prote\u00e7\u00e3o ambiental.<\/p>\n<h2 id=\"3-aesthetic-and-functional-integration-design-\">3.\u00a0<strong>Conce\u00e7\u00e3o de integra\u00e7\u00e3o est\u00e9tica e funcional<\/strong><\/h2>\n<ul>\n<li><strong>Est\u00e9tica visual<\/strong>: O corpo da caixa adopta cores claras como cor principal (como amarelo creme, azul neblina, branco aveia, etc.), combinadas com artesanato mate e estampagem a quente parcial\/embelezamento UV, para criar uma imagem de marca sofisticada e elegante, que se enquadra no posicionamento distinto dos produtos de cart\u00e3o VIP.<\/li>\n<li><strong>Adaptabilidade de impress\u00e3o<\/strong>: Suporta impress\u00e3o offset a 4 cores, personaliza\u00e7\u00e3o de cores diretas, grava\u00e7\u00e3o em relevo e outros processos, compat\u00edvel com as necessidades de impress\u00e3o de v\u00e1rios elementos, como LOGO, slogans de marcas, log\u00f3tipos anti-contrafa\u00e7\u00e3o, etc., para satisfazer as necessidades personalizadas de v\u00e1rios campos, como finan\u00e7as, bens de luxo e servi\u00e7os de associa\u00e7\u00e3o.<\/li>\n<\/ul>\n<h2 id=\"4-16-years-of-professional-printing-manufacturing-experience-\">4.\u00a0<strong>16 anos de experi\u00eancia profissional no fabrico de impressoras<\/strong><\/h2>\n<p>A f\u00e1brica est\u00e1 equipada com um moderno centro industrial de 5.000\u33a1, abrangendo equipamentos de pr\u00e9-impress\u00e3o\/p\u00f3s-impress\u00e3o, como m\u00e1quinas de corte e vinco totalmente autom\u00e1ticas, m\u00e1quinas de impress\u00e3o offset de alta velocidade e m\u00e1quinas de estampagem a quente para garantir o controle de qualidade de todo o processo, desde o design at\u00e9 os produtos acabados. Passou a certifica\u00e7\u00e3o de gest\u00e3o de qualidade ISO, com uma capacidade de produ\u00e7\u00e3o anual de 30 milh\u00f5es de pe\u00e7as, apoiando a produ\u00e7\u00e3o em lote flex\u00edvel com uma ordem m\u00ednima de 500.<\/p>\n<h2 id=\"5-one-stop-packaging-solution-\">5.\u00a0<strong>Solu\u00e7\u00e3o de embalagem \u00fanica<\/strong><\/h2>\n<ul>\n<li><strong>Servi\u00e7o personalizado<\/strong>: Personaliza\u00e7\u00e3o total, como o design da caixa, a sele\u00e7\u00e3o de materiais (como papel art\u00edstico de elevada gramagem, papel reciclado amigo do ambiente), actualiza\u00e7\u00f5es de fun\u00e7\u00f5es (janela vis\u00edvel, abertura e fecho magn\u00e9ticos), etc., para se adaptar a diferentes cen\u00e1rios industriais.<\/li>\n<li><strong>Apoio inteligente \u00e0 cadeia de abastecimento<\/strong>: Pr\u00e9-visualiza\u00e7\u00e3o em tempo real de renderiza\u00e7\u00f5es em 3D atrav\u00e9s da plataforma de design online, suporte para carregamento de ficheiros e edi\u00e7\u00e3o de modelos, combinada com uma resposta do servi\u00e7o de apoio ao cliente 24 horas por dia, 7 dias por semana, para conseguir uma gest\u00e3o digital completa, desde o pedido at\u00e9 \u00e0 entrega.<\/li>\n<\/ul>","protected":false},"excerpt":{"rendered":"<p>O tamanho universal adapta-se a cart\u00f5es de cr\u00e9dito, cart\u00f5es de oferta e chips RFID<br \/>\nIntegra\u00e7\u00e3o de log\u00f3tipo personalizado (&lt;2 horas de configura\u00e7\u00e3o para clientes habituais)<br \/>\nO acabamento de alto brilho aumenta o valor percebido em 68% (inqu\u00e9ritos a clientes)<br \/>\n\ud83d\udce6 35% montagem mais r\u00e1pida em compara\u00e7\u00e3o com a embalagem normal (design de encravamento)<br \/>\n\ud83c\udf0d A constru\u00e7\u00e3o sem pl\u00e1stico do 100% cumpre as diretivas de sustentabilidade da UE<\/p>","protected":false},"featured_media":9673,"template":"","meta":[],"product_brand":[],"product_cat":[30,413,31,433],"product_tag":[1239,1240,1238],"class_list":{"0":"post-9667","1":"product","2":"type-product","3":"status-publish","4":"has-post-thumbnail","6":"product_cat-by-industry","7":"product_cat-consumer-electronics-boxes","8":"product_cat-paper-box-style","9":"product_cat-shipping-mailer-boxes","10":"product_tag-custom-vip-credit-boxes","11":"product_tag-vip-card-credit-mailer-boxes","12":"product_tag-vip-card-mailer-boxes","14":"first","15":"instock","16":"shipping-taxable","17":"product-type-grouped"},"_links":{"self":[{"href":"https:\/\/zojopackaging.com\/pt\/wp-json\/wp\/v2\/product\/9667","targetHints":{"allow":["GET"]}}],"collection":[{"href":"https:\/\/zojopackaging.com\/pt\/wp-json\/wp\/v2\/product"}],"about":[{"href":"https:\/\/zojopackaging.com\/pt\/wp-json\/wp\/v2\/types\/product"}],"version-history":[{"count":1,"href":"https:\/\/zojopackaging.com\/pt\/wp-json\/wp\/v2\/product\/9667\/revisions"}],"predecessor-version":[{"id":9674,"href":"https:\/\/zojopackaging.com\/pt\/wp-json\/wp\/v2\/product\/9667\/revisions\/9674"}],"wp:featuredmedia":[{"embeddable":true,"href":"https:\/\/zojopackaging.com\/pt\/wp-json\/wp\/v2\/media\/9673"}],"wp:attachment":[{"href":"https:\/\/zojopackaging.com\/pt\/wp-json\/wp\/v2\/media?parent=9667"}],"wp:term":[{"taxonomy":"product_brand","embeddable":true,"href":"https:\/\/zojopackaging.com\/pt\/wp-json\/wp\/v2\/product_brand?post=9667"},{"taxonomy":"product_cat","embeddable":true,"href":"https:\/\/zojopackaging.com\/pt\/wp-json\/wp\/v2\/product_cat?post=9667"},{"taxonomy":"product_tag","embeddable":true,"href":"https:\/\/zojopackaging.com\/pt\/wp-json\/wp\/v2\/product_tag?post=9667"}],"curies":[{"name":"wp","href":"https:\/\/api.w.org\/{rel}","templated":true}]}}