{"id":9675,"date":"2025-04-03T11:25:30","date_gmt":"2025-04-03T03:25:30","guid":{"rendered":"https:\/\/zojopackaging.com\/?post_type=product&#038;p=9675"},"modified":"2025-04-03T12:04:40","modified_gmt":"2025-04-03T04:04:40","slug":"custom-perfume-atomizer-magnetic-closure-gift-boxes-factory","status":"publish","type":"product","link":"https:\/\/zojopackaging.com\/pt\/product\/custom-perfume-atomizer-magnetic-closure-gift-boxes-factory\/","title":{"rendered":"F\u00e1brica de caixas de presente com fecho magn\u00e9tico para atomizador de perfume personalizado"},"content":{"rendered":"<h2 id=\"1-magnetic-box-design-embedded-magnets-high-end-and-durable\">1. Design da caixa magn\u00e9tica: \u00edmanes incorporados, de alta qualidade e duradouros<\/h2>\n<p>O design da estrutura magn\u00e9tica incorporada \u00e9 adotado e os fechos magn\u00e9ticos s\u00e3o completamente incorporados no interior do corpo da caixa para evitar o problema de desgaste f\u00e1cil e riscos dos \u00edmanes expostos tradicionais. A abertura e o fecho magn\u00e9ticos s\u00e3o suaves e macios, e a caixa fica bem apertada quando fechada. Com acess\u00f3rios de metal escuro, confere \u00e0 caixa de embalagem uma experi\u00eancia visual discreta e luxuosa, que se adequa \u00e0 tonalidade das marcas de perfumes topo de gama.<\/p>\n<h2 id=\"2-combination-of-dark-green-main-tone-and-natural-aesthetics\">2. Combina\u00e7\u00e3o do tom principal verde escuro com uma est\u00e9tica natural<\/h2>\n<ol>\n<li><strong>Cor e padr\u00e3o<\/strong>: Com o verde escuro como cor principal, \u00e9 combinado com flores tropicais pintadas \u00e0 m\u00e3o e ilustra\u00e7\u00f5es de frutos (como rom\u00e3s, hibiscos, magn\u00f3lias, etc.) para aumentar a atra\u00e7\u00e3o dos clientes pelos seus produtos<\/li>\n<\/ol>\n<h2 id=\"3-eva-lining-customization-precise-adaptation-zero-space-display\">3. Personaliza\u00e7\u00e3o do forro em EVA: adapta\u00e7\u00e3o exacta, visualiza\u00e7\u00e3o de espa\u00e7o zero<\/h2>\n<ol>\n<li><strong>Forro totalmente ajustado<\/strong>: O forro de espuma EVA \u00e9 moldado com precis\u00e3o e personalizado de acordo com o tamanho dos frascos de perfume e atomizadores, com dureza opcional, proporcionando uma prote\u00e7\u00e3o de amortecimento resistente a choques, ao mesmo tempo que consegue um efeito de visualiza\u00e7\u00e3o est\u00e1vel de \"espa\u00e7o zero\".<\/li>\n<li><strong>Layout multifuncional<\/strong>A embalagem de combina\u00e7\u00e3o de v\u00e1rias categorias, como frascos de perfume, atomizadores e instru\u00e7\u00f5es, \u00e9 adequada para o design em camadas e em grelha, pode incorporar ranhuras para cart\u00f5es magn\u00e9ticos, forro de veludo e outros acess\u00f3rios.<\/li>\n<\/ol>\n<h2 id=\"iv-material-and-printing-process-double-guarantee-of-quality-and-beauty\">4. Material e processo de impress\u00e3o: dupla garantia de qualidade e beleza<\/h2>\n<ol>\n<li><strong>Material de base<\/strong>: A caixa exterior \u00e9 feita de papel de arte revestido de C2S de 157 g com pel\u00edcula mate e \u00e9 formada por uma colagem de cart\u00e3o de 1200 g para garantir que o corpo da caixa \u00e9 n\u00edtido, resistente ao desgaste e delicado ao toque.<\/li>\n<li><strong>Impress\u00e3o a quatro cores<\/strong>: A restaura\u00e7\u00e3o de cores de alta precis\u00e3o \u00e9 conseguida atrav\u00e9s da impressora a quatro cores Heidelberg Speedmaster CS92, e os processos locais de UV, estampagem a quente e outros s\u00e3o sobrepostos para melhorar o sentido tridimensional do padr\u00e3o e o luxo da embalagem.<\/li>\n<\/ol>\n<h2 id=\"v-all-round-customization-service-one-stop-solution-from-design-to-production\">5. Servi\u00e7o de personaliza\u00e7\u00e3o completo: solu\u00e7\u00e3o \u00fanica desde a conce\u00e7\u00e3o at\u00e9 \u00e0 produ\u00e7\u00e3o<\/h2>\n<ol>\n<li><strong>Personaliza\u00e7\u00e3o flex\u00edvel<\/strong>: permite a personaliza\u00e7\u00e3o integral do tamanho da caixa de oferta, da estrutura (tampa\/caixa em forma de livro\/caixa de gaveta), da disposi\u00e7\u00e3o do forro, dos acess\u00f3rios (fita\/cart\u00e3o de felicita\u00e7\u00f5es), etc., para responder a necessidades especiais, como a associa\u00e7\u00e3o de marcas e edi\u00e7\u00f5es limitadas de f\u00e9rias.<\/li>\n<li><strong>Apoio profissional \u00e0 conce\u00e7\u00e3o<\/strong>: A equipa presta servi\u00e7os de comunica\u00e7\u00e3o individual e acompanha desde a modela\u00e7\u00e3o 3D, passando pela prova, at\u00e9 \u00e0 produ\u00e7\u00e3o em massa, para garantir que o projeto de design 100% recupera a criatividade do cliente.<\/li>\n<\/ol>\n<h2 id=\"vi-production-strength-16-years-of-experience-and-cutting-edge-equipment\">6. For\u00e7a de produ\u00e7\u00e3o: 16 anos de experi\u00eancia e equipamento de ponta<\/h2>\n<p>A f\u00e1brica est\u00e1 equipada com equipamento importado, como a m\u00e1quina de impress\u00e3o de cinco cores Manroland R700 e a m\u00e1quina de impress\u00e3o offset UV de 7 cores Heidelberg, que suporta um processo complexo e uma produ\u00e7\u00e3o eficiente, com uma capacidade de produ\u00e7\u00e3o di\u00e1ria m\u00e9dia de mais de 100 000 caixas e uma redu\u00e7\u00e3o de 30% no ciclo de entrega. Obteve a certifica\u00e7\u00e3o do sistema de gest\u00e3o da qualidade ISO para garantir o controlo da qualidade desde a aquisi\u00e7\u00e3o da mat\u00e9ria-prima at\u00e9 \u00e0 entrega do produto acabado.<\/p>","protected":false},"excerpt":{"rendered":"<ul>\n<li>\u200b<strong>Apelo ao luxo:<\/strong>\u00a0O acabamento verde-esmeralda com detalhes dourados aumenta o prest\u00edgio da marca.<\/li>\n<li>\u200b<strong>Preparado para personaliza\u00e7\u00e3o:<\/strong>\u00a0Suporta marca\u00e7\u00f5es multi-t\u00e9cnicas (folha de alum\u00ednio, relevo, impress\u00e3o).<\/li>\n<li>\u200b<strong>Design de prote\u00e7\u00e3o:<\/strong>\u00a0O revestimento resistente a riscos protege o conte\u00fado durante o transporte.<\/li>\n<li>\u200b<strong>Escal\u00e1vel:<\/strong>\u00a0MOQ reduzido e descontos por grosso para empresas em fase de arranque\/empresas.<\/li>\n<li>\u200b<strong>Consci\u00eancia ecol\u00f3gica:<\/strong>\u00a0Os materiais recicl\u00e1veis est\u00e3o de acordo com as tend\u00eancias de sustentabilidade.<\/li>\n<\/ul>","protected":false},"featured_media":9676,"template":"","meta":[],"product_brand":[],"product_cat":[30,417,424,31],"product_tag":[225,1241,1242],"class_list":{"0":"post-9675","1":"product","2":"type-product","3":"status-publish","4":"has-post-thumbnail","6":"product_cat-by-industry","7":"product_cat-custom-perfume-boxes-by-industry","8":"product_cat-magnetic-closure-boxes","9":"product_cat-paper-box-style","10":"product_tag-custom-perfume-boxes","11":"product_tag-perfume-atomizer-gift-boxes","12":"product_tag-perfume-boxes-factory","14":"first","15":"instock","16":"shipping-taxable","17":"product-type-grouped"},"_links":{"self":[{"href":"https:\/\/zojopackaging.com\/pt\/wp-json\/wp\/v2\/product\/9675","targetHints":{"allow":["GET"]}}],"collection":[{"href":"https:\/\/zojopackaging.com\/pt\/wp-json\/wp\/v2\/product"}],"about":[{"href":"https:\/\/zojopackaging.com\/pt\/wp-json\/wp\/v2\/types\/product"}],"version-history":[{"count":1,"href":"https:\/\/zojopackaging.com\/pt\/wp-json\/wp\/v2\/product\/9675\/revisions"}],"predecessor-version":[{"id":9682,"href":"https:\/\/zojopackaging.com\/pt\/wp-json\/wp\/v2\/product\/9675\/revisions\/9682"}],"wp:featuredmedia":[{"embeddable":true,"href":"https:\/\/zojopackaging.com\/pt\/wp-json\/wp\/v2\/media\/9676"}],"wp:attachment":[{"href":"https:\/\/zojopackaging.com\/pt\/wp-json\/wp\/v2\/media?parent=9675"}],"wp:term":[{"taxonomy":"product_brand","embeddable":true,"href":"https:\/\/zojopackaging.com\/pt\/wp-json\/wp\/v2\/product_brand?post=9675"},{"taxonomy":"product_cat","embeddable":true,"href":"https:\/\/zojopackaging.com\/pt\/wp-json\/wp\/v2\/product_cat?post=9675"},{"taxonomy":"product_tag","embeddable":true,"href":"https:\/\/zojopackaging.com\/pt\/wp-json\/wp\/v2\/product_tag?post=9675"}],"curies":[{"name":"wp","href":"https:\/\/api.w.org\/{rel}","templated":true}]}}