{"id":9683,"date":"2025-04-03T11:44:37","date_gmt":"2025-04-03T03:44:37","guid":{"rendered":"https:\/\/zojopackaging.com\/?post_type=product&#038;p=9683"},"modified":"2025-04-03T12:10:36","modified_gmt":"2025-04-03T04:10:36","slug":"custom-printed-fake-false-eyelashes-packaging-mailer-boxes","status":"publish","type":"product","link":"https:\/\/zojopackaging.com\/pt\/product\/custom-printed-fake-false-eyelashes-packaging-mailer-boxes\/","title":{"rendered":"Caixas de embalagem de pestanas falsas impressas personalizadas"},"content":{"rendered":"<h2 id=\"1-buffering-protection-performance-\">1.\u00a0<strong>Desempenho da prote\u00e7\u00e3o de tamp\u00e3o<\/strong><\/h2>\n<p>O material de papel ondulado de alta resist\u00eancia \u00e9 utilizado para absorver a energia de impacto do transporte e dispersar o pico de press\u00e3o atrav\u00e9s da estrutura ondulada de v\u00e1rias camadas. Os dados laboratoriais mostram que este material pode reduzir a taxa de quebra do produto para menos de 0,3% no teste de vibra\u00e7\u00e3o de transporte simulado, o que \u00e9 especialmente adequado para a prote\u00e7\u00e3o de pestanas falsas na log\u00edstica transfronteiri\u00e7a.<\/p>\n<h2 id=\"2-folding-high-efficiency-packaging-system-\">2.\u00a0<strong>Sistema de embalagem dobr\u00e1vel de alta efici\u00eancia<\/strong><\/h2>\n<ul>\n<li>A estrutura de fivela patenteada permite uma embalagem r\u00e1pida de 3 segundos sem a ajuda de fita adesiva ou ferramentas, reduzindo o custo da m\u00e3o de obra de embalagem em 30%<\/li>\n<li>O design de pr\u00e9-indenta\u00e7\u00e3o do corpo da caixa permite a desmontagem com uma s\u00f3 m\u00e3o, os consumidores podem abri-la facilmente e o corpo da caixa est\u00e1 95% completo, o que \u00e9 conveniente para uma utiliza\u00e7\u00e3o secund\u00e1ria (como guardar pequenos cosm\u00e9ticos)<\/li>\n<\/ul>\n<h2 id=\"1-minimalist-aesthetic-style-\">3. <strong>Estilo est\u00e9tico minimalista<\/strong><\/h2>\n<p>Com uma base de papel mate branco puro e um log\u00f3tipo da marca gravado a laser a preto, apresenta uma textura pura ao estilo \"MUJI\". O revestimento opcional de brilho parcial UV pode ser utilizado para formar um foco visual nos principais locais de informa\u00e7\u00e3o, aumentando o reconhecimento do expositor na prateleira em 20%.<\/p>\n<h2 id=\"2-full-link-customization-service-\">4. <strong>Servi\u00e7o de personaliza\u00e7\u00e3o de links completos<\/strong><\/h2>\n<table>\n<thead>\n<tr>\n<th>Dimens\u00e3o de personaliza\u00e7\u00e3o<\/th>\n<th>Exemplo de solu\u00e7\u00e3o opcional<\/th>\n<th>Correspond\u00eancia de cen\u00e1rios de aplica\u00e7\u00e3o<\/th>\n<\/tr>\n<\/thead>\n<tbody>\n<tr>\n<td><strong>Tipo de caixa<\/strong><\/td>\n<td>Tipo de gaveta\/caixa em forma de livro\/fundo e tampa inferior<\/td>\n<td>Conjunto \u00fanico de pestanas embalagem independente\/caixa de oferta<\/td>\n<\/tr>\n<tr>\n<td><strong>Tamanho<\/strong><\/td>\n<td>Gradiente de comprimento de 5-30cm \u00b10,1mm de precis\u00e3o<\/td>\n<td>Adequado para 98% das linhas de produtos para pestanas falsas existentes no mercado<\/td>\n<\/tr>\n<tr>\n<td><strong>Tecnologia de superf\u00edcie<\/strong><\/td>\n<td>Estampagem a quente\/grava\u00e7\u00e3o em relevo\/tinta que altera a temperatura\/camada interactiva AR<\/td>\n<td>Comercializa\u00e7\u00e3o de edi\u00e7\u00f5es limitadas\/rastreabilidade anti-contrafa\u00e7\u00e3o<\/td>\n<\/tr>\n<tr>\n<td><strong>Materiais amigos do ambiente<\/strong><\/td>\n<td>Pasta certificada FSC\/revestimento PLA degrad\u00e1vel<\/td>\n<td>Cumprir os regulamentos da UE relativos a embalagens ecol\u00f3gicas<\/td>\n<\/tr>\n<\/tbody>\n<\/table>\n<h2 id=\"1-flexible-production-system-\">5. <strong>Sistema de produ\u00e7\u00e3o flex\u00edvel<\/strong><\/h2>\n<p>Com base nas vantagens do cluster da ind\u00fastria de beleza de Qingdao (Pingdu \u00e9 respons\u00e1vel por 70% da produ\u00e7\u00e3o global de pestanas), podemos alcan\u00e7ar uma resposta r\u00e1pida de \"72 horas de prova-15 dias de produ\u00e7\u00e3o em massa\". A f\u00e1brica est\u00e1 equipada com m\u00e1quinas de corte e vinco totalmente autom\u00e1ticas e m\u00e1quinas de impress\u00e3o digital, suportando encomendas personalizadas com um pedido m\u00ednimo de 500 pe\u00e7as.<\/p>\n<h2 id=\"2-full-process-quality-control-standards-\">6. <strong>Normas de controlo de qualidade de todo o processo<\/strong><\/h2>\n<ul>\n<li>Lado da mat\u00e9ria-prima: implementar as normas da ind\u00fastria de embalagem de pestanas falsas QB\/T 5774-2022 e passar o teste de migra\u00e7\u00e3o de metais pesados da SGS<\/li>\n<li>Lado da produ\u00e7\u00e3o: cada lote \u00e9 sujeito a uma inspe\u00e7\u00e3o aleat\u00f3ria da resist\u00eancia \u00e0 compress\u00e3o dos bordos (\u22658kN\/m) e da resist\u00eancia \u00e0 rutura (\u22651.500kPa)<\/li>\n<li>Lado da entrega: adotar isolamento em camadas de algod\u00e3o p\u00e9rola + embalagem de pl\u00e1stico \u00e0 prova de humidade para garantir zero polui\u00e7\u00e3o durante o transporte<\/li>\n<\/ul>\n<h2 id=\"3-value-added-service-module-\">7. <strong>M\u00f3dulo de servi\u00e7o de valor acrescentado<\/strong><\/h2>\n<ul>\n<li><strong>Consultoria de design<\/strong>: Fornecer 6 servi\u00e7os de diagn\u00f3stico de marcas importantes, tais como a correspond\u00eancia de cart\u00f5es de cores Pantone e a apresenta\u00e7\u00e3o visual do ponto de venda<\/li>\n<li><strong>Armazenamento e alojamento<\/strong>: O armaz\u00e9m alfandegado de Qingdao apoia solu\u00e7\u00f5es de com\u00e9rcio eletr\u00f3nico transfronteiri\u00e7o de \"entrega de uma pe\u00e7a\"<\/li>\n<li><strong>An\u00e1lise de dados<\/strong>: Com base nos dados de itera\u00e7\u00e3o do tipo de caixa de servir mais de 3.000 clientes de beleza no passado, otimizar a estrutura de custos de embalagem<\/li>\n<\/ul>\n<h2 id=\"-fourth-industry-application-cases-\"><strong>Casos de aplica\u00e7\u00e3o na ind\u00fastria<\/strong><\/h2>\n<ul>\n<li><strong>Uma marca de cosm\u00e9ticos japonesa<\/strong>: Utilizando a tecnologia de caixa de gaveta de 5cm\u00d75cm + relevo de flor de cerejeira, combinada com a log\u00edstica Amazon FBA, a taxa de devolu\u00e7\u00e3o desceu para 1,2%<\/li>\n<li><strong>Representante dos produtos chineses que v\u00e3o para o estrangeiro<\/strong>: Utilizando a camada de RA para realizar o \"c\u00f3digo de leitura para ver o tutorial de utiliza\u00e7\u00e3o\", a taxa de recompra aumentou 18%<\/li>\n<li><strong>Projeto de iniciativa de prote\u00e7\u00e3o do ambiente<\/strong>: Utiliza\u00e7\u00e3o de pasta de baga\u00e7o + impress\u00e3o com tinta de soja, nomeada para o Pr\u00e9mio de Design Sustent\u00e1vel dos Pentawards 2025<\/li>\n<\/ul>","protected":false},"excerpt":{"rendered":"<p>Solu\u00e7\u00f5es econ\u00f3micas para grandes quantidades: Optimizado para grandes encomendas com descontos de pre\u00e7os escalonados.<br \/>\nEscolha ecologicamente consciente: Os materiais certificados pelo FSC est\u00e3o em sintonia com as tend\u00eancias de beleza sustent\u00e1vel.<br \/>\nSeguran\u00e7a \u00e0 prova de danos: Os rebordos ondulados e o design resistente ao esmagamento garantem uma entrega intacta.<br \/>\nR\u00e1pida execu\u00e7\u00e3o: A produ\u00e7\u00e3o optimizada suporta necessidades comerciais urgentes<\/p>","protected":false},"featured_media":9408,"template":"","meta":[],"product_brand":[],"product_cat":[30,390,31,433],"product_tag":[1245,1244,1243],"class_list":{"0":"post-9683","1":"product","2":"type-product","3":"status-publish","4":"has-post-thumbnail","6":"product_cat-by-industry","7":"product_cat-custom-cosmetics-boxes","8":"product_cat-paper-box-style","9":"product_cat-shipping-mailer-boxes","10":"product_tag-custom-eyelashes-boxes","11":"product_tag-eyelashes-packaging-mailer-boxes","12":"product_tag-fake-false-mailer-boxes","14":"first","15":"instock","16":"shipping-taxable","17":"product-type-grouped"},"_links":{"self":[{"href":"https:\/\/zojopackaging.com\/pt\/wp-json\/wp\/v2\/product\/9683","targetHints":{"allow":["GET"]}}],"collection":[{"href":"https:\/\/zojopackaging.com\/pt\/wp-json\/wp\/v2\/product"}],"about":[{"href":"https:\/\/zojopackaging.com\/pt\/wp-json\/wp\/v2\/types\/product"}],"version-history":[{"count":1,"href":"https:\/\/zojopackaging.com\/pt\/wp-json\/wp\/v2\/product\/9683\/revisions"}],"predecessor-version":[{"id":9685,"href":"https:\/\/zojopackaging.com\/pt\/wp-json\/wp\/v2\/product\/9683\/revisions\/9685"}],"wp:featuredmedia":[{"embeddable":true,"href":"https:\/\/zojopackaging.com\/pt\/wp-json\/wp\/v2\/media\/9408"}],"wp:attachment":[{"href":"https:\/\/zojopackaging.com\/pt\/wp-json\/wp\/v2\/media?parent=9683"}],"wp:term":[{"taxonomy":"product_brand","embeddable":true,"href":"https:\/\/zojopackaging.com\/pt\/wp-json\/wp\/v2\/product_brand?post=9683"},{"taxonomy":"product_cat","embeddable":true,"href":"https:\/\/zojopackaging.com\/pt\/wp-json\/wp\/v2\/product_cat?post=9683"},{"taxonomy":"product_tag","embeddable":true,"href":"https:\/\/zojopackaging.com\/pt\/wp-json\/wp\/v2\/product_tag?post=9683"}],"curies":[{"name":"wp","href":"https:\/\/api.w.org\/{rel}","templated":true}]}}