{"id":9686,"date":"2025-04-03T12:47:34","date_gmt":"2025-04-03T04:47:34","guid":{"rendered":"https:\/\/zojopackaging.com\/?post_type=product&#038;p=9686"},"modified":"2025-04-03T14:37:27","modified_gmt":"2025-04-03T06:37:27","slug":"high-quality-custom-candle-gift-packaging-boxes-wholesale","status":"publish","type":"product","link":"https:\/\/zojopackaging.com\/pt\/product\/high-quality-custom-candle-gift-packaging-boxes-wholesale\/","title":{"rendered":"Caixas de embalagem para presentes de velas personalizadas de alta qualidade por atacado"},"content":{"rendered":"<h2 id=\"1-ergonomic-one-handed-opening-and-closing-design-\">1.\u00a0<strong>Design ergon\u00f3mico de abertura e fecho com uma s\u00f3 m\u00e3o<\/strong><\/h2>\n<p>A estrutura da tampa de fecho magn\u00e9tico \u00e9 adoptada, e a tampa da caixa e o corpo da caixa s\u00e3o combinados com um molde de precis\u00e3o para conseguir uma opera\u00e7\u00e3o f\u00e1cil com uma s\u00f3 m\u00e3o. A suc\u00e7\u00e3o magn\u00e9tica incorporada foi testada 2.000 vezes para abrir e fechar, de modo a garantir uma abertura e um fecho suaves e sem encravamentos em cenas de ritmo acelerado (como promo\u00e7\u00f5es em centros comerciais e presentes de Natal), mantendo uma elegante sensa\u00e7\u00e3o de ritual. A forma da caixa refere-se ao princ\u00edpio da dobradi\u00e7a das caixas de j\u00f3ias de luxo, e a vida \u00fatil de abertura e fecho \u00e9 superior a 5 anos.<\/p>\n<h2 id=\"2-healing-pink-emotional-management-solution-\">2.\u00a0<strong>Solu\u00e7\u00e3o de gest\u00e3o emocional rosa curativa<\/strong><\/h2>\n<p>A cor principal \u00e9 o cor-de-rosa, que tem um efeito significativo no al\u00edvio da ansiedade. A superf\u00edcie \u00e9 coberta por uma pel\u00edcula t\u00e1til mate, que simula a textura delicada da pele e pode desencadear a secre\u00e7\u00e3o de dopamina quando tocada com a ponta dos dedos. Na parte lateral da caixa est\u00e3o implantados padr\u00f5es de nuvens auspiciosas em micro-relevo, criando um ritmo visual positivo atrav\u00e9s de mudan\u00e7as de luz e sombra.<\/p>\n<h2 id=\"3-military-grade-composite-material-structure-\">3.\u00a0<strong>Estrutura em material comp\u00f3sito de qualidade militar<\/strong><\/h2>\n<ul>\n<li><strong>Camada exterior<\/strong>: Papel art\u00edstico revestido C2S de 157 g, certificado pela norma ISO 536, \u00edndice de resist\u00eancia a riscos at\u00e9 4H;<\/li>\n<li><strong>Forro interior<\/strong>: Cart\u00e3o r\u00edgido de 1200 g, deixado cair de 1,5 metros sem danos ap\u00f3s o teste de impacto da bola;<\/li>\n<li><strong>Sistema tamp\u00e3o<\/strong>: 3-6 ranhuras el\u00e1sticas em TPE podem ser personalizadas para se adaptarem a velas colunares\/em forma especial com um di\u00e2metro de 3-15 cm<\/li>\n<\/ul>\n<h2 id=\"4-modular-lining-solution-\">4.\u00a0<strong>Solu\u00e7\u00e3o de revestimento modular<\/strong><\/h2>\n<p>Est\u00e3o dispon\u00edveis tr\u00eas unidades funcionais:<\/p>\n<ul>\n<li><strong>Grelha anti-virada<\/strong>: Revestimento em EPE com estrutura alveolar, corpo da vela fixo a 360\u00b0;<\/li>\n<li><strong>Camada de bloqueio de fragr\u00e2ncia<\/strong>: Camada de fibra de carbono ativado implantada para evitar a fuga da fragr\u00e2ncia;<\/li>\n<li><strong>Compartimento para ferramentas de emerg\u00eancia<\/strong>: Gaveta oculta para guardar os ganchos\/combina\u00e7\u00f5es do extintor de velas para melhorar a experi\u00eancia de desembalagem.<\/li>\n<\/ul>\n<h2 id=\"5-full-link-customized-printing-service-\">5.\u00a0<strong>Servi\u00e7o de impress\u00e3o personalizada full-link<\/strong><\/h2>\n<ul>\n<li><strong>Matriz do processo<\/strong>:<\/li>\n<li>Estampagem a quente: Espelho de precis\u00e3o de 0,1 mm\/folha de ouro mate, 12 cores especiais opcionais, tais como Cinnabar Gold Tiffany Blue da Cidade Proibida;<\/li>\n<li>Grava\u00e7\u00e3o em relevo: Mais de 300 bibliotecas de texturas com direitos de autor (incluindo padr\u00f5es art\u00edsticos como as vinhas de Mucha\/espirais de Fibonacci);<\/li>\n<li>Grava\u00e7\u00e3o em relevo UV: Tecnologia de relevo tridimensional 3D, diferen\u00e7a de altura local de 0,5 mm, reconhecimento t\u00e1til aumentado em 80%.<\/li>\n<\/ul>\n<h2 id=\"6-carbon-neutral-packaging-system-\">6.\u00a0<strong>Sistema de embalagem neutro em termos de carbono<\/strong><\/h2>\n<ul>\n<li>Materiais: Papel certificado FSC + tinta de soja \u00e0 base de \u00e1gua, pegada de carbono reduzida em 62%;<\/li>\n<li>Estrutura: montagem de encaixe e espiga sem cola, desdobramento e utiliza\u00e7\u00e3o sem dobragem, taxa de reciclagem de desmontagem 100%;<\/li>\n<li>Log\u00edstica: O algoritmo de IA optimiza o plano de embalagem, a utiliza\u00e7\u00e3o do espa\u00e7o aumentou em 35% e as emiss\u00f5es de carbono do transporte foram reduzidas em 28%.<\/li>\n<\/ul>\n<h2 id=\"7-smart-manufacturing-4-0-production-standard-\">7.\u00a0<strong>Norma de produ\u00e7\u00e3o do Fabrico Inteligente 4.0<\/strong><\/h2>\n<p>Equipamento:<\/p>\n<ul>\n<li>Impressora UV de oito cores Heidelberg CX104-8+L (precis\u00e3o de sobreimpress\u00e3o de \u00b10,15 mm);<\/li>\n<li>Sistema de inspe\u00e7\u00e3o autom\u00e1tica da qualidade com bra\u00e7o rob\u00f3tico Kuka (120 leituras de defeitos de caixas por minuto);<\/li>\n<li>Plataforma de rastreabilidade da produ\u00e7\u00e3o MES, cada caixa de embalagem tem um ID de cadeia de blocos \u00fanico e os problemas de qualidade s\u00e3o rastreados 24 horas por dia.<\/li>\n<\/ul>\n<h2 id=\"-business-philosophy-practice-\"><strong>Filosofia empresarial pr\u00e1tica<\/strong><\/h2>\n<p>Tomamos a \"engenharia sensorial + design sustent\u00e1vel\" como o n\u00facleo duplo, atrav\u00e9s de:<\/p>\n<ul>\n<li><strong>Pensar a lideran\u00e7a<\/strong>: Embalagem evolutiva desenvolvida em conjunto com a Milan Design Week, a caixa pode ser reorganizada num suporte para casti\u00e7ais\/j\u00f3ias;<\/li>\n<li><strong>Acumula\u00e7\u00e3o de tecnologia<\/strong>: 27 patentes de embalagens, incluindo fitas de fios antibacterianos, papel de suporte interativo AR e outras aplica\u00e7\u00f5es inovadoras;<\/li>\n<li><strong>Garantia de servi\u00e7o<\/strong>: ciclo de prova de 72 horas + reserva de capacidade de produ\u00e7\u00e3o de um milh\u00e3o de n\u00edveis, permitindo uma produ\u00e7\u00e3o flex\u00edvel com uma encomenda m\u00ednima de 1 pe\u00e7a.<\/li>\n<\/ul>","protected":false},"excerpt":{"rendered":"<p>Design Premium Contrast - O exterior cor-de-rosa suave e o interior preto arrojado amplificam o impacto visual.<br \/>\n\ud83d\udee1\ufe0f Prote\u00e7\u00e3o pronta para o tr\u00e2nsito - A constru\u00e7\u00e3o duradoura protege as velas da humidade e dos impactos.<br \/>\n\ud83c\udfa8 Flexibilidade de marca - Personalize log\u00f3tipos, cores e tamanhos sem penaliza\u00e7\u00f5es de quantidade m\u00ednima.<br \/>\nEfici\u00eancia a granel - A conce\u00e7\u00e3o em embalagem plana reduz os custos de armazenamento\/expedi\u00e7\u00e3o para os grossistas.<\/p>","protected":false},"featured_media":9688,"template":"","meta":[],"product_brand":[],"product_cat":[30,416,425,31],"product_tag":[898,468,1246],"class_list":{"0":"post-9686","1":"product","2":"type-product","3":"status-publish","4":"has-post-thumbnail","6":"product_cat-by-industry","7":"product_cat-custom-candle-boxes","8":"product_cat-lid-and-base-gift-box","9":"product_cat-paper-box-style","10":"product_tag-candle-packaging-boxes","11":"product_tag-custom-candle-packaging","12":"product_tag-high-quality-candle-gift-boxes","14":"first","15":"instock","16":"shipping-taxable","17":"product-type-grouped"},"_links":{"self":[{"href":"https:\/\/zojopackaging.com\/pt\/wp-json\/wp\/v2\/product\/9686","targetHints":{"allow":["GET"]}}],"collection":[{"href":"https:\/\/zojopackaging.com\/pt\/wp-json\/wp\/v2\/product"}],"about":[{"href":"https:\/\/zojopackaging.com\/pt\/wp-json\/wp\/v2\/types\/product"}],"version-history":[{"count":1,"href":"https:\/\/zojopackaging.com\/pt\/wp-json\/wp\/v2\/product\/9686\/revisions"}],"predecessor-version":[{"id":9694,"href":"https:\/\/zojopackaging.com\/pt\/wp-json\/wp\/v2\/product\/9686\/revisions\/9694"}],"wp:featuredmedia":[{"embeddable":true,"href":"https:\/\/zojopackaging.com\/pt\/wp-json\/wp\/v2\/media\/9688"}],"wp:attachment":[{"href":"https:\/\/zojopackaging.com\/pt\/wp-json\/wp\/v2\/media?parent=9686"}],"wp:term":[{"taxonomy":"product_brand","embeddable":true,"href":"https:\/\/zojopackaging.com\/pt\/wp-json\/wp\/v2\/product_brand?post=9686"},{"taxonomy":"product_cat","embeddable":true,"href":"https:\/\/zojopackaging.com\/pt\/wp-json\/wp\/v2\/product_cat?post=9686"},{"taxonomy":"product_tag","embeddable":true,"href":"https:\/\/zojopackaging.com\/pt\/wp-json\/wp\/v2\/product_tag?post=9686"}],"curies":[{"name":"wp","href":"https:\/\/api.w.org\/{rel}","templated":true}]}}