{"id":9703,"date":"2025-04-03T15:05:10","date_gmt":"2025-04-03T07:05:10","guid":{"rendered":"https:\/\/zojopackaging.com\/?post_type=product&#038;p=9703"},"modified":"2025-04-03T16:07:57","modified_gmt":"2025-04-03T08:07:57","slug":"biodegradable-tea-coffee-paper-packaging-tube-box-wholesale","status":"publish","type":"product","link":"https:\/\/zojopackaging.com\/pt\/product\/biodegradable-tea-coffee-paper-packaging-tube-box-wholesale\/","title":{"rendered":"Caixa de tubo de embalagem de papel biodegrad\u00e1vel para ch\u00e1 e caf\u00e9 por atacado"},"content":{"rendered":"<h2 id=\"-i-innovative-structural-design-upper-and-lower-cover-separated-pressure-resistant-system-\"><strong>1. Conce\u00e7\u00e3o estrutural inovadora: sistema resistente \u00e0 press\u00e3o separado da tampa superior e inferior<\/strong><\/h2>\n<p>Adotar\u00a0<strong>estrutura em caixa cil\u00edndrica separada da tampa superior e inferior<\/strong>O design de otimiza\u00e7\u00e3o mec\u00e2nica permite dispersar uniformemente o impacto da for\u00e7a externa durante o transporte e reduzir o risco de danos por colis\u00e3o.<\/p>\n<ul>\n<li><strong>Prote\u00e7\u00e3o cient\u00edfica<\/strong>: A tampa da caixa e o fundo adoptam um design incorporado de encaixe, que \u00e9 adequado para as necessidades de amortecimento de produtos fr\u00e1geis, como ch\u00e1 e caf\u00e9 em p\u00f3, e a resist\u00eancia \u00e0 compress\u00e3o medida \u00e9 aumentada em mais de 40%.<\/li>\n<li><strong>Adapta\u00e7\u00e3o ao espa\u00e7o<\/strong>: O tamanho do di\u00e2metro interno pode ser ajustado com precis\u00e3o de acordo com a altura do produto (como o comprimento do saquinho de ch\u00e1, o di\u00e2metro da c\u00e1psula de caf\u00e9), alcan\u00e7ando\u00a0<strong>preenchimento zero de espa\u00e7o redundante<\/strong>e a capacidade de transporte de caixas individuais \u00e9 aumentada em 25%.<\/li>\n<\/ul>\n<h2 id=\"-ii-brand-visual-empowerment-purple-aesthetics-and-international-positioning-\"><strong>2. Capacita\u00e7\u00e3o visual da marca: est\u00e9tica p\u00farpura e posicionamento internacional<\/strong><\/h2>\n<p>Promover principalmente\u00a0<strong>Corpo em caixa violeta Morandi<\/strong>A integra\u00e7\u00e3o da psicologia da cor e da estrat\u00e9gia da marca:<\/p>\n<ul>\n<li><strong>Valor emocional<\/strong>: De acordo com os estudos de mercado, a p\u00farpura de baixa satura\u00e7\u00e3o pode reduzir a ansiedade dos consumidores na tomada de decis\u00f5es e melhorar a perce\u00e7\u00e3o dos produtos de alta qualidade.<\/li>\n<li><strong>Gene internacional<\/strong>: Suporte\u00a0<strong>Impress\u00e3o em cores diretas Pantone<\/strong>\u00a0(como o PANTONE 19-3530 TCX p\u00farpura lavanda), adaptam-se \u00e0s tend\u00eancias est\u00e9ticas dos mercados europeu, americano e asi\u00e1tico e ajudam a construir a imagem global da marca.<\/li>\n<\/ul>\n<h2 id=\"-three-full-dimensional-customization-service-flexible-adaptation-from-materials-to-processes-\"><strong>3. Servi\u00e7o de personaliza\u00e7\u00e3o integral: adapta\u00e7\u00e3o flex\u00edvel dos materiais aos processos<\/strong><\/h2>\n<p>Como uma f\u00e1brica de origem na China, fornece\u00a0<strong>seis m\u00f3dulos principais de personaliza\u00e7\u00e3o<\/strong>:<\/p>\n<ol>\n<li><strong>Personaliza\u00e7\u00e3o do tipo de caixa<\/strong>: Suporta cilindros redondos\/el\u00edpticos\/poligonais de forma especial, adaptando-se a formas diversificadas de produtos, tais como latas de ch\u00e1 e caf\u00e9 gota a gota.<\/li>\n<li><strong>Atualiza\u00e7\u00e3o do material<\/strong>: Materiais opcionais amigos do ambiente.<\/li>\n<li><strong>Processo de superf\u00edcie<\/strong>: Fornecer 12 solu\u00e7\u00f5es de processamento, como relevo em relevo, UV mate e estampagem a quente em metal, para obter uma diferencia\u00e7\u00e3o dupla do tato e da vis\u00e3o.<\/li>\n<li><strong>Expans\u00e3o da fun\u00e7\u00e3o<\/strong>: Camada integrada \u00e0 prova de humidade em folha de alum\u00ednio degrad\u00e1vel, tampa magn\u00e9tica de abertura e fecho e outras configura\u00e7\u00f5es de valor acrescentado.<\/li>\n<li><strong>Sistema de identifica\u00e7\u00e3o da marca<\/strong>: Suporta solu\u00e7\u00f5es de identifica\u00e7\u00e3o integradas, tais como etiquetas de rastreabilidade de c\u00f3digo QR, LOGO em relevo e etiquetas de marca destac\u00e1veis.<\/li>\n<li><strong>Adapta\u00e7\u00e3o ao armazenamento inteligente<\/strong>: Personalizar caixas dobr\u00e1veis ou estruturas pr\u00e9-preenchidas de acordo com os requisitos do canal de com\u00e9rcio eletr\u00f3nico\/supermercado para reduzir os custos log\u00edsticos em 20%.<\/li>\n<\/ol>\n<h2 id=\"-iv-environmental-commitment-and-quality-assurance-\"><strong>4. Compromisso ambiental e garantia de qualidade<\/strong><\/h2>\n<ul>\n<li><strong>Certifica\u00e7\u00e3o da degrada\u00e7\u00e3o<\/strong>: O material passou o teste de degrada\u00e7\u00e3o de composto EN13432 e a certifica\u00e7\u00e3o de seguran\u00e7a de contacto com alimentos da FDA, com uma taxa de degrada\u00e7\u00e3o de \u226590% (no prazo de 180 dias).<\/li>\n<li><strong>Rastreabilidade da produ\u00e7\u00e3o<\/strong>: Utilizando mat\u00e9rias-primas de res\u00edduos agr\u00edcolas, como a polpa ou a palha de bambu, a pegada de carbono \u00e9 67% inferior \u00e0 das embalagens de pl\u00e1stico tradicionais.<\/li>\n<li><strong>Sistema de controlo da qualidade<\/strong>: Equipado com uma linha de dete\u00e7\u00e3o de infravermelhos totalmente autom\u00e1tica, a taxa de defeitos \u00e9 controlada abaixo de 0,3%, excedendo largamente a norma da ind\u00fastria.<\/li>\n<\/ul>\n<h2 id=\"-v-efficient-service-system-rapid-response-from-samples-to-mass-production-\"><strong>5. Sistema de servi\u00e7o eficiente: Resposta r\u00e1pida desde as amostras at\u00e9 \u00e0 produ\u00e7\u00e3o em massa<\/strong><\/h2>\n<ul>\n<li><strong>Prova r\u00e1pida de 3 dias<\/strong>: Amostras f\u00edsicas gratuitas 1:1 (incluindo 3 op\u00e7\u00f5es de material), apoio \u00e0 entrega global de 48 horas da DHL.<\/li>\n<li><strong>Sistema de encomendas inteligente<\/strong>: As ferramentas de conce\u00e7\u00e3o com IA em linha pr\u00e9-visualizam as representa\u00e7\u00f5es 3D em tempo real e visualizam o acompanhamento do progresso das encomendas (incluindo a programa\u00e7\u00e3o da produ\u00e7\u00e3o e os n\u00f3s log\u00edsticos).<\/li>\n<li><strong>Apoio multilingue 24 horas por dia, 7 dias por semana<\/strong>: As equipas de servi\u00e7o ao cliente chinesas, inglesas, francesas e espanholas fornecem sugest\u00f5es de otimiza\u00e7\u00e3o da estrutura da embalagem e orienta\u00e7\u00e3o para o desalfandegamento transfronteiri\u00e7o.<\/li>\n<\/ul>\n<h2 id=\"-vi-industry-solution-cases-\"><strong>6. Casos de solu\u00e7\u00f5es para o sector<\/strong><\/h2>\n<ul>\n<li><strong>Marca de caf\u00e9 de especialidade<\/strong>: Caixa cil\u00edndrica de fibra de bambu personalizada com 8 cm de di\u00e2metro para caf\u00e9 et\u00edope de origem \u00fanica, com impress\u00e3o UV de ilustra\u00e7\u00f5es pintadas \u00e0 m\u00e3o da origem do caf\u00e9, e aumento do pre\u00e7o de venda do terminal em 30%.<\/li>\n<li><strong>Empresa da cadeia do ch\u00e1<\/strong>: Desenvolveu uma caixa exterior empilh\u00e1vel de saquetas de ch\u00e1 PLA degrad\u00e1vel, reduzindo o espa\u00e7o de armazenamento em 50%, e ganhou o pr\u00e9mio Asia Pacific Green Packaging Innovation Award 2024.<\/li>\n<\/ul>","protected":false},"excerpt":{"rendered":"<ul>\n<li>\u200b<strong>Marca elegante<\/strong>: Aumente a presen\u00e7a nas prateleiras com designs minimalistas e personaliz\u00e1veis.<\/li>\n<li>\u200b<strong>Prote\u00e7\u00e3o Premium<\/strong>: O material de qualidade alimentar garante a frescura e a seguran\u00e7a do produto.<\/li>\n<li>\u200b<strong>Rent\u00e1vel<\/strong>: Baixo MOQ e descontos por grosso para empresas em fase de arranque e empresas.<\/li>\n<li>\u200b<strong>Cores orientadas para as tend\u00eancias<\/strong>: O rosa suave e a lavanda apelam a um p\u00fablico preocupado com a sa\u00fade.<\/li>\n<li>\u200b<strong>Utiliza\u00e7\u00e3o vers\u00e1til<\/strong>: Ideal para ch\u00e1s, caf\u00e9s e produtos secos artesanais.<\/li>\n<\/ul>","protected":false},"featured_media":9709,"template":"","meta":[],"product_brand":[],"product_cat":[30,422,31,429],"product_tag":[1249,1250,1248],"class_list":{"0":"post-9703","1":"product","2":"type-product","3":"status-publish","4":"has-post-thumbnail","6":"product_cat-by-industry","7":"product_cat-custom-gourmet-boxes-by-industry","8":"product_cat-paper-box-style","9":"product_cat-paper-tube-boxes","10":"product_tag-coffee-packaging-box","11":"product_tag-custom-tea-coffee-box-wholesale","12":"product_tag-tea-paper-tube-packaging","14":"first","15":"instock","16":"shipping-taxable","17":"product-type-grouped"},"_links":{"self":[{"href":"https:\/\/zojopackaging.com\/pt\/wp-json\/wp\/v2\/product\/9703","targetHints":{"allow":["GET"]}}],"collection":[{"href":"https:\/\/zojopackaging.com\/pt\/wp-json\/wp\/v2\/product"}],"about":[{"href":"https:\/\/zojopackaging.com\/pt\/wp-json\/wp\/v2\/types\/product"}],"version-history":[{"count":1,"href":"https:\/\/zojopackaging.com\/pt\/wp-json\/wp\/v2\/product\/9703\/revisions"}],"predecessor-version":[{"id":9710,"href":"https:\/\/zojopackaging.com\/pt\/wp-json\/wp\/v2\/product\/9703\/revisions\/9710"}],"wp:featuredmedia":[{"embeddable":true,"href":"https:\/\/zojopackaging.com\/pt\/wp-json\/wp\/v2\/media\/9709"}],"wp:attachment":[{"href":"https:\/\/zojopackaging.com\/pt\/wp-json\/wp\/v2\/media?parent=9703"}],"wp:term":[{"taxonomy":"product_brand","embeddable":true,"href":"https:\/\/zojopackaging.com\/pt\/wp-json\/wp\/v2\/product_brand?post=9703"},{"taxonomy":"product_cat","embeddable":true,"href":"https:\/\/zojopackaging.com\/pt\/wp-json\/wp\/v2\/product_cat?post=9703"},{"taxonomy":"product_tag","embeddable":true,"href":"https:\/\/zojopackaging.com\/pt\/wp-json\/wp\/v2\/product_tag?post=9703"}],"curies":[{"name":"wp","href":"https:\/\/api.w.org\/{rel}","templated":true}]}}