{"id":9711,"date":"2025-04-03T15:30:00","date_gmt":"2025-04-03T07:30:00","guid":{"rendered":"https:\/\/zojopackaging.com\/?post_type=product&#038;p=9711"},"modified":"2025-04-03T16:24:30","modified_gmt":"2025-04-03T08:24:30","slug":"custom-cbd-hemp-oil-paper-tube-cylinder-packaging-wholesale","status":"publish","type":"product","link":"https:\/\/zojopackaging.com\/pt\/product\/custom-cbd-hemp-oil-paper-tube-cylinder-packaging-wholesale\/","title":{"rendered":"Cilindro de tubo de papel de \u00f3leo de c\u00e2nhamo CBD personalizado Embalagem por atacado"},"content":{"rendered":"<h2 id=\"-1-scientific-structural-design-all-round-product-protection-\"><strong>1. Conce\u00e7\u00e3o estrutural cient\u00edfica, prote\u00e7\u00e3o total do produto<\/strong><\/h2>\n<p>Adoptando uma estrutura integrada de tampas superior e inferior, a conce\u00e7\u00e3o de otimiza\u00e7\u00e3o mec\u00e2nica dispersa uniformemente a press\u00e3o externa, evitando eficazmente a deforma\u00e7\u00e3o da embalagem ou danos no conte\u00fado causados por extrus\u00e3o e colis\u00e3o durante o transporte ou armazenamento. Esta estrutura \u00e9 particularmente adequada para \u00f3leo essencial de can\u00e1bis, \u00f3leo essencial de CBD e \u00f3leo essencial de THC em frascos de vidro fr\u00e1geis, garantindo que os produtos l\u00edquidos permanecem selados e intactos em condi\u00e7\u00f5es extremas.<\/p>\n<h2 id=\"-2-environmentally-friendly-materials-and-excellent-toughness-\"><strong>2. Materiais amigos do ambiente e excelente resist\u00eancia<\/strong><\/h2>\n<p>A embalagem \u00e9 feita de papel kraft de alta resist\u00eancia e a resist\u00eancia da fibra \u00e9 melhorada atrav\u00e9s de um processamento especial, e a resist\u00eancia ao rasgo \u00e9 melhorada em mais de 30%. O material cumpre as normas ambientais internacionais, \u00e9 recicl\u00e1vel e degrad\u00e1vel, tem em conta conceitos ecol\u00f3gicos e necessidades pr\u00e1ticas, e adapta-se aos requisitos rigorosos do mercado global de embalagens sustent\u00e1veis.<\/p>\n<h2 id=\"-3-luxurious-hot-stamping-process-details-highlight-quality-\"><strong>3. Processo luxuoso de estampagem a quente em folha de ouro, os pormenores real\u00e7am a qualidade<\/strong><\/h2>\n<p>Adoptando a tecnologia de impress\u00e3o a quente de alta precis\u00e3o em folha de ouro, suporta a impress\u00e3o de texto e padr\u00f5es finos de 0,2 mm e apresenta claramente informa\u00e7\u00f5es importantes, como o LOGOTIPO da marca e a descri\u00e7\u00e3o dos ingredientes. O brilho met\u00e1lico contrasta com o papel kraft mate, conferindo \u00e0 embalagem uma experi\u00eancia visual discreta e luxuosa, que se adequa ao posicionamento de mercado dos produtos de CBD topo de gama.<\/p>\n<h2 id=\"-4-multi-category-adaptation-and-brand-empowerment-\"><strong>4. Adapta\u00e7\u00e3o a v\u00e1rias categorias e refor\u00e7o da marca<\/strong><\/h2>\n<p>Concebido especificamente para \u00f3leo essencial de can\u00e1bis, \u00f3leo essencial de CBD\/THC, o revestimento pode ser personalizado com EVA \u00e0 prova de choque ou pel\u00edcula PE de qualidade alimentar e \u00e9 adequado para uma variedade de tipos de garrafas de 5 ml a 50 ml. O aspeto da embalagem pode ser melhorado ao toque atrav\u00e9s de processos como a grava\u00e7\u00e3o em relevo e o verniz local UV, combinados com a cor da marca e o sistema VI para aumentar o valor acrescentado do produto.<\/p>\n<h2 id=\"-5-one-stop-customization-service-and-cost-advantage-\"><strong>5. Servi\u00e7o de personaliza\u00e7\u00e3o \u00fanico e vantagem em termos de custos<\/strong><\/h2>\n<ul>\n<li><strong>Personaliza\u00e7\u00e3o flex\u00edvel<\/strong>: Suporta o ajuste personalizado do tamanho do cilindro (di\u00e2metro 20-100mm, altura 50-300mm), da estrutura da caixa (como tampa magn\u00e9tica, tampa de encaixe) e do processo (estampagem a quente\/prata, grava\u00e7\u00e3o em relevo) para satisfazer as necessidades de diferencia\u00e7\u00e3o da marca.<\/li>\n<li><strong>Vantagem da fonte<\/strong>: Produzido diretamente por f\u00e1bricas chinesas, sem diferen\u00e7a de pre\u00e7os entre intermedi\u00e1rios, proporcionando pre\u00e7os grossistas l\u00edderes na ind\u00fastria; os servi\u00e7os de design gratuitos incluem representa\u00e7\u00f5es em 3D, desenhos estruturais e provas de materiais para garantir uma implementa\u00e7\u00e3o precisa do design.<\/li>\n<li><strong>Resposta r\u00e1pida<\/strong>: Entrega gratuita de amostras, revis\u00e3o conclu\u00edda no prazo de 3-5 dias \u00fateis, apoiando servi\u00e7os de ciclo completo desde a produ\u00e7\u00e3o experimental de pequenos lotes at\u00e9 \u00e0 produ\u00e7\u00e3o em massa em grande escala.<\/li>\n<\/ul>\n<h2 id=\"-6-case-and-market-verification-\"><strong>6. Verifica\u00e7\u00e3o de casos e mercados<\/strong><\/h2>\n<ul>\n<li>O processo de estampagem a quente aumenta o reconhecimento do produto na prateleira em 40%;<\/li>\n<li>O material de papel kraft reduz a taxa de perda log\u00edstica para menos de 1%;<\/li>\n<li>O design personalizado ajuda o espa\u00e7o premium da marca a atingir 15%-30%.<\/li>\n<\/ul>","protected":false},"excerpt":{"rendered":"<p>Marca personalizada para um impacto imediato nas prateleiras<br \/>\nMateriais de origem sustent\u00e1vel alinhados com os valores de bem-estar<br \/>\nProdu\u00e7\u00e3o escal\u00e1vel para empresas em fase de arranque e clientes empresariais<br \/>\nR\u00e1pida execu\u00e7\u00e3o sem comprometer a qualidade<\/p>","protected":false},"featured_media":9712,"template":"","meta":[],"product_brand":[],"product_cat":[30,418,31,429],"product_tag":[1251,1252,804],"class_list":{"0":"post-9711","1":"product","2":"type-product","3":"status-publish","4":"has-post-thumbnail","6":"product_cat-by-industry","7":"product_cat-custom-cbd-boxes","8":"product_cat-paper-box-style","9":"product_cat-paper-tube-boxes","10":"product_tag-cbd-paper-tube-packaging","11":"product_tag-custom-cbd-hemp-oil-packaging-wholesale","12":"product_tag-hemp-oil-packaging","14":"first","15":"instock","16":"shipping-taxable","17":"product-type-grouped"},"_links":{"self":[{"href":"https:\/\/zojopackaging.com\/pt\/wp-json\/wp\/v2\/product\/9711","targetHints":{"allow":["GET"]}}],"collection":[{"href":"https:\/\/zojopackaging.com\/pt\/wp-json\/wp\/v2\/product"}],"about":[{"href":"https:\/\/zojopackaging.com\/pt\/wp-json\/wp\/v2\/types\/product"}],"version-history":[{"count":2,"href":"https:\/\/zojopackaging.com\/pt\/wp-json\/wp\/v2\/product\/9711\/revisions"}],"predecessor-version":[{"id":9726,"href":"https:\/\/zojopackaging.com\/pt\/wp-json\/wp\/v2\/product\/9711\/revisions\/9726"}],"wp:featuredmedia":[{"embeddable":true,"href":"https:\/\/zojopackaging.com\/pt\/wp-json\/wp\/v2\/media\/9712"}],"wp:attachment":[{"href":"https:\/\/zojopackaging.com\/pt\/wp-json\/wp\/v2\/media?parent=9711"}],"wp:term":[{"taxonomy":"product_brand","embeddable":true,"href":"https:\/\/zojopackaging.com\/pt\/wp-json\/wp\/v2\/product_brand?post=9711"},{"taxonomy":"product_cat","embeddable":true,"href":"https:\/\/zojopackaging.com\/pt\/wp-json\/wp\/v2\/product_cat?post=9711"},{"taxonomy":"product_tag","embeddable":true,"href":"https:\/\/zojopackaging.com\/pt\/wp-json\/wp\/v2\/product_tag?post=9711"}],"curies":[{"name":"wp","href":"https:\/\/api.w.org\/{rel}","templated":true}]}}