{"id":9719,"date":"2025-04-03T16:09:23","date_gmt":"2025-04-03T08:09:23","guid":{"rendered":"https:\/\/zojopackaging.com\/?post_type=product&#038;p=9719"},"modified":"2025-04-03T16:55:29","modified_gmt":"2025-04-03T08:55:29","slug":"custom-black-round-candle-paper-tube-packaging-wholesale","status":"publish","type":"product","link":"https:\/\/zojopackaging.com\/pt\/product\/custom-black-round-candle-paper-tube-packaging-wholesale\/","title":{"rendered":"Tubo de papel para velas redondo preto personalizado Embalagem por atacado"},"content":{"rendered":"<h2 id=\"1-shockproof-and-buffering-design-comprehensive-product-protection-\">1.\u00a0<strong>Design \u00e0 prova de choque e de amortecimento, prote\u00e7\u00e3o abrangente do produto<\/strong><\/h2>\n<p>Utilizar\u00a0<strong>estrutura comp\u00f3sita multicamada<\/strong>A caixa cil\u00edndrica \u00e9 combinada com um cart\u00e3o de alta densidade atrav\u00e9s de uma camada tamp\u00e3o de almofada de ar el\u00e1stica transversal, que pode dispersar uniformemente o impacto da for\u00e7a externa durante o transporte ou a armazenagem, prevenindo eficazmente riscos como a quebra de velas e de frascos de perfume. O forro \u00e9 moldado por\u00a0<strong>tecnologia de corte e vinco de precis\u00e3o<\/strong>O sistema de prote\u00e7\u00e3o contra a vibra\u00e7\u00e3o, que se adapta perfeitamente \u00e0 forma do produto, reduz as folgas de vibra\u00e7\u00e3o e proporciona uma prote\u00e7\u00e3o de amortecimento completa.<\/p>\n<h2 id=\"2-classic-contrasting-color-design-enhances-visual-texture-\">2.\u00a0<strong>Design cl\u00e1ssico de cores contrastantes, melhora a textura visual<\/strong><\/h2>\n<ul>\n<li><strong>Caixa exterior<\/strong>: Tubo de papel preto mate, com tecnologia de revestimento UV, apresenta um brilho profundo, simples e atmosf\u00e9rico, e adequado para todos os tipos de cenas de presentes de alta qualidade.<\/li>\n<li><strong>Caixa interior<\/strong>: O design do forro em branco puro, em n\u00edtido contraste com a caixa exterior, real\u00e7a a disposi\u00e7\u00e3o em camadas da apresenta\u00e7\u00e3o do produto e o fundo branco pode apresentar claramente o LOG\u00d3TIPO da marca ou as informa\u00e7\u00f5es sobre o produto.<\/li>\n<\/ul>\n<h2 id=\"3-multi-category-adaptation-flexible-application-scenarios-\">3.\u00a0<strong>Adapta\u00e7\u00e3o multi-categoria, cen\u00e1rios de aplica\u00e7\u00e3o flex\u00edveis<\/strong><\/h2>\n<p>Suporta embalagens de produtos diversificados, tais como velas, perfumes, gr\u00e3os de caf\u00e9 e ch\u00e1. O material de revestimento pode ser EVA, esponja ou enchimento ecol\u00f3gico personalizado para satisfazer as necessidades \u00e0 prova de choque de diferentes produtos (como frascos de perfume para evitar fugas, gr\u00e3os de caf\u00e9 para evitar humidade).<\/p>\n<h2 id=\"4-16-years-of-china-source-factory-quality-assurance-\">4.\u00a0<strong>16 anos de f\u00e1brica de origem chinesa, garantia de qualidade<\/strong><\/h2>\n<p>Baseando-se no sistema de cadeia de abastecimento maduro em Dongguan, Guangdong e Shenzhen, desde a aquisi\u00e7\u00e3o de mat\u00e9rias-primas at\u00e9 \u00e0 produ\u00e7\u00e3o e transforma\u00e7\u00e3o, est\u00e1 integrado. Ado\u00e7\u00e3o de\u00a0<strong>Normas de gest\u00e3o da qualidade ISO<\/strong>O tubo de papel tem uma espessura uniforme, costuras apertadas, capacidade de carga superior a 3 kg e a resist\u00eancia \u00e0 compress\u00e3o cumpre as normas internacionais de transporte.<\/p>\n<h2 id=\"5-customized-service-in-line-with-brand-needs-\">5.\u00a0<strong>Servi\u00e7o personalizado, de acordo com as necessidades da marca<\/strong><\/h2>\n<ul>\n<li><strong>Tamanho flex\u00edvel<\/strong>: suporta gamas personalizadas de 2-50cm de di\u00e2metro e 2-50cm de altura, adequadas para mini copos de velas ou grandes produtos de aromaterapia.<\/li>\n<li><strong>Atualiza\u00e7\u00e3o tecnol\u00f3gica<\/strong>: processos opcionais topo de gama, tais como estampagem a quente, grava\u00e7\u00e3o em relevo, superf\u00edcie brilhante parcial UV ou impress\u00e3o a cores diretas Pantone combinada com o sistema de cores VI da marca.<\/li>\n<li><strong>Acess\u00f3rios de valor acrescentado<\/strong>: fornecer fechos magn\u00e9ticos, fitas, cordas e outros acess\u00f3rios para melhorar o car\u00e1cter pr\u00e1tico e de oferta das embalagens.<\/li>\n<\/ul>\n<h2 id=\"6-high-cost-performance-and-quick-response-\">6.\u00a0<strong>Desempenho de alto custo e resposta r\u00e1pida<\/strong><\/h2>\n<ul>\n<li><strong>Estrat\u00e9gia de pre\u00e7os baixos<\/strong>: A produ\u00e7\u00e3o em grande escala reduz o custo unit\u00e1rio, com um pre\u00e7o m\u00ednimo de encomenda de 500 pe\u00e7as t\u00e3o baixo quanto 2 yuan\/pe\u00e7a, e as encomendas de 10 000 pe\u00e7as podem beneficiar de descontos escalonados.<\/li>\n<li><strong>Garantia de entrega<\/strong>: A prototipagem \u00e9 conclu\u00edda em 7-10 dias, a entrega do lote \u00e9 de 15-20 dias e s\u00e3o suportadas v\u00e1rias solu\u00e7\u00f5es log\u00edsticas, como o transporte mar\u00edtimo e a\u00e9reo.<\/li>\n<\/ul>\n<h2 id=\"1-one-stop-customization-process-\">7. <strong>Processo de personaliza\u00e7\u00e3o num s\u00f3 local<\/strong><\/h2>\n<p>Fornecer modifica\u00e7\u00e3o gratuita do projeto de design, confirma\u00e7\u00e3o de renderiza\u00e7\u00e3o 3D e entrega de amostras f\u00edsicas, apoiar o acoplamento de ficheiros em formato AI\/PDF\/CDR e garantir que o grau de restauro do design atinge 99%.<\/p>\n<h2 id=\"2-worry-free-after-sales-commitment-\">8. <strong>Compromisso p\u00f3s-venda sem preocupa\u00e7\u00f5es<\/strong><\/h2>\n<ul>\n<li><strong>Garantia de qualidade<\/strong>: Apoio \u00e0 reposi\u00e7\u00e3o gratuita devido a danos de transporte ou defeitos de fabrico no prazo de 30 dias ap\u00f3s a chegada.<\/li>\n<li><strong>Certifica\u00e7\u00e3o ambiental<\/strong>: O tubo de papel utiliza materiais reciclados certificados pelo FSC, que cumprem a norma RoHS da UE, contribuindo para a imagem de desenvolvimento sustent\u00e1vel da marca.<\/li>\n<\/ul>","protected":false},"excerpt":{"rendered":"<p>Experi\u00eancia de unboxing de luxo para velas topo de gama<br \/>\nProte\u00e7\u00e3o duradoura contra danos de tr\u00e2nsito<br \/>\nFlexibilidade de marca personalizada<br \/>\nDescontos por encomenda para grossistas<br \/>\nO material ecol\u00f3gico est\u00e1 em sintonia com as marcas modernas<\/p>","protected":false},"featured_media":9720,"template":"","meta":[],"product_brand":[],"product_cat":[30,416,31,429],"product_tag":[470,1256,468],"class_list":{"0":"post-9719","1":"product","2":"type-product","3":"status-publish","4":"has-post-thumbnail","6":"product_cat-by-industry","7":"product_cat-custom-candle-boxes","8":"product_cat-paper-box-style","9":"product_cat-paper-tube-boxes","10":"product_tag-candle-packaging-wholesale","11":"product_tag-candle-paper-tube","12":"product_tag-custom-candle-packaging","14":"first","15":"instock","16":"shipping-taxable","17":"product-type-grouped"},"_links":{"self":[{"href":"https:\/\/zojopackaging.com\/pt\/wp-json\/wp\/v2\/product\/9719","targetHints":{"allow":["GET"]}}],"collection":[{"href":"https:\/\/zojopackaging.com\/pt\/wp-json\/wp\/v2\/product"}],"about":[{"href":"https:\/\/zojopackaging.com\/pt\/wp-json\/wp\/v2\/types\/product"}],"version-history":[{"count":1,"href":"https:\/\/zojopackaging.com\/pt\/wp-json\/wp\/v2\/product\/9719\/revisions"}],"predecessor-version":[{"id":9727,"href":"https:\/\/zojopackaging.com\/pt\/wp-json\/wp\/v2\/product\/9719\/revisions\/9727"}],"wp:featuredmedia":[{"embeddable":true,"href":"https:\/\/zojopackaging.com\/pt\/wp-json\/wp\/v2\/media\/9720"}],"wp:attachment":[{"href":"https:\/\/zojopackaging.com\/pt\/wp-json\/wp\/v2\/media?parent=9719"}],"wp:term":[{"taxonomy":"product_brand","embeddable":true,"href":"https:\/\/zojopackaging.com\/pt\/wp-json\/wp\/v2\/product_brand?post=9719"},{"taxonomy":"product_cat","embeddable":true,"href":"https:\/\/zojopackaging.com\/pt\/wp-json\/wp\/v2\/product_cat?post=9719"},{"taxonomy":"product_tag","embeddable":true,"href":"https:\/\/zojopackaging.com\/pt\/wp-json\/wp\/v2\/product_tag?post=9719"}],"curies":[{"name":"wp","href":"https:\/\/api.w.org\/{rel}","templated":true}]}}