{"id":9728,"date":"2025-04-03T16:29:03","date_gmt":"2025-04-03T08:29:03","guid":{"rendered":"https:\/\/zojopackaging.com\/?post_type=product&#038;p=9728"},"modified":"2025-04-03T16:46:57","modified_gmt":"2025-04-03T08:46:57","slug":"luxury-preserved-rose-floral-flowers-gift-boxes-manufacturer","status":"publish","type":"product","link":"https:\/\/zojopackaging.com\/pt\/product\/luxury-preserved-rose-floral-flowers-gift-boxes-manufacturer\/","title":{"rendered":"Caixas de presente de luxo com flores de rosas preservadas Fabricante"},"content":{"rendered":"<h2 id=\"1-in-depth-customization-empowering-brand-value-\">1.\u00a0<strong>Personaliza\u00e7\u00e3o em profundidade, valorizando a marca<\/strong><\/h2>\n<p>Concentramo-nos em fornecer servi\u00e7os completos de personaliza\u00e7\u00e3o de caixas de presente topo de gama para marcas globais, abrangendo o design de dimens\u00f5es completas, tais como o tamanho, o artesanato, os materiais e os padr\u00f5es.<\/p>\n<ul>\n<li><strong>Adapta\u00e7\u00e3o flex\u00edvel do processo<\/strong>: Apoio \u00e0 estampagem a quente\/UV\/embossing\/embossing e outros processos, combinados com o LOGOTIPO da marca e elementos culturais para criar\u00a0<strong>\"linguagem visual exclusiva\"<\/strong><\/li>\n<li><strong>Inova\u00e7\u00e3o estrutural<\/strong>: Forro cortado de acordo com as carater\u00edsticas do produto, adapta-se perfeitamente \u00e0 forma das flores eternas e evita danos no transporte.<\/li>\n<\/ul>\n<h2 id=\"2-16-years-of-supply-chain-precipitation-quality-price-ratio-leads-the-industry-\">2.\u00a0<strong>16 anos de precipita\u00e7\u00e3o na cadeia de abastecimento, a rela\u00e7\u00e3o qualidade-pre\u00e7o lidera o sector<\/strong><\/h2>\n<ul>\n<li><strong>Fornecimento direto da f\u00e1brica de origem<\/strong>: Contando com as vantagens de toda a cadeia industrial da ind\u00fastria de manufatura da China, constru\u00edmos uma base de produ\u00e7\u00e3o de 20.000\u33a1 para obter um controle integrado desde a aquisi\u00e7\u00e3o de mat\u00e9rias-primas at\u00e9 a entrega da produ\u00e7\u00e3o, reduzindo os custos em 30%.<\/li>\n<li><strong>Sistema de inspe\u00e7\u00e3o de qualidade rigoroso<\/strong>: S\u00e3o adoptadas normas de gest\u00e3o da qualidade ISO e cada lote de produtos \u00e9 submetido a 12 testes de processo<\/li>\n<\/ul>\n<h2 id=\"3-environmentally-friendly-materials-and-structural-design-\">3.\u00a0<strong>Materiais e conce\u00e7\u00e3o estrutural amigos do ambiente<\/strong><\/h2>\n<ul>\n<li><strong>Sele\u00e7\u00e3o de materiais amigos do ambiente<\/strong>: A camada exterior utiliza papel de arte revestido C2S de 157 g (a textura mate \u00e9 de alta qualidade) e a camada interior \u00e9 de cart\u00e3o r\u00edgido de 1200 g, que possui resist\u00eancia \u00e0 press\u00e3o e certifica\u00e7\u00e3o ambiental<\/li>\n<li><strong>Estrutura de extra\u00e7\u00e3o de camada dupla<\/strong>:<\/li>\n<li><strong>Zona superior do ecr\u00e3<\/strong>: A cobertura acr\u00edlica contra o p\u00f3 protege as flores eternas, visibilidade transparente de 360\u00b0;<\/li>\n<li><strong>Camada inferior de armazenamento<\/strong>: O design em forma de gaveta permite guardar presentes como cart\u00f5es e j\u00f3ias, aumentando a sensa\u00e7\u00e3o de cerim\u00f3nia de abertura da caixa.<\/li>\n<\/ul>\n<h2 id=\"4-visual-and-experience-upgrade-\">4.\u00a0<strong>Atualiza\u00e7\u00e3o visual e da experi\u00eancia<\/strong><\/h2>\n<ul>\n<li><strong>Est\u00e9tica minimalista<\/strong>: A cor geral \u00e9 preta, combinada com as linhas suaves da caixa extra\u00edvel, transmitindo um luxo discreto.<\/li>\n<li><strong>Trabalho artesanal pormenorizado<\/strong>: A superf\u00edcie da caixa \u00e9 revestida com um toque de seda e a borda \u00e9 incorporada com fechos magn\u00e9ticos, que abrem e fecham de forma suave e silenciosa.<\/li>\n<\/ul>\n<h2 id=\"5-full-process-service-support-\">5.\u00a0<strong>Suporte de servi\u00e7o de processo completo<\/strong><\/h2>\n<ul>\n<li><strong>Prova de 48 horas<\/strong>: Fornecer 3 vers\u00f5es de solu\u00e7\u00f5es de design de acordo com os requisitos da marca e entregar a produ\u00e7\u00e3o em massa num prazo de 7 dias.<\/li>\n<li><strong>Log\u00edstica global<\/strong>: Apoiar a log\u00edstica transfronteiri\u00e7a da DDP, fornecer solu\u00e7\u00f5es de embalagem \u00e0 prova de choque, abrangendo mais de 150 pa\u00edses.<\/li>\n<\/ul>","protected":false},"excerpt":{"rendered":"<p>Encaixe seguro e personalizado - As inser\u00e7\u00f5es de espuma concebidas com precis\u00e3o mant\u00eam os arranjos florais no lugar.<br \/>\nDesign de marca - Exterior com acabamento mate com grava\u00e7\u00e3o\/grava\u00e7\u00e3o em relevo do log\u00f3tipo opcional.<br \/>\nPronta para eventos - Ideal para casamentos, ofertas de empresas, expositores de retalho de luxo.<\/p>","protected":false},"featured_media":9729,"template":"","meta":[],"product_brand":[],"product_cat":[30,423,424,31],"product_tag":[1254,1255,1253],"class_list":{"0":"post-9728","1":"product","2":"type-product","3":"status-publish","4":"has-post-thumbnail","6":"product_cat-by-industry","7":"product_cat-custom-presentation-boxes-by-industry","8":"product_cat-magnetic-closure-boxes","9":"product_cat-paper-box-style","10":"product_tag-floral-flowers-gift-boxes","11":"product_tag-gift-boxes-manufacturer","12":"product_tag-rose-gift-boxes","14":"first","15":"instock","16":"shipping-taxable","17":"product-type-grouped"},"_links":{"self":[{"href":"https:\/\/zojopackaging.com\/pt\/wp-json\/wp\/v2\/product\/9728","targetHints":{"allow":["GET"]}}],"collection":[{"href":"https:\/\/zojopackaging.com\/pt\/wp-json\/wp\/v2\/product"}],"about":[{"href":"https:\/\/zojopackaging.com\/pt\/wp-json\/wp\/v2\/types\/product"}],"version-history":[{"count":1,"href":"https:\/\/zojopackaging.com\/pt\/wp-json\/wp\/v2\/product\/9728\/revisions"}],"predecessor-version":[{"id":9734,"href":"https:\/\/zojopackaging.com\/pt\/wp-json\/wp\/v2\/product\/9728\/revisions\/9734"}],"wp:featuredmedia":[{"embeddable":true,"href":"https:\/\/zojopackaging.com\/pt\/wp-json\/wp\/v2\/media\/9729"}],"wp:attachment":[{"href":"https:\/\/zojopackaging.com\/pt\/wp-json\/wp\/v2\/media?parent=9728"}],"wp:term":[{"taxonomy":"product_brand","embeddable":true,"href":"https:\/\/zojopackaging.com\/pt\/wp-json\/wp\/v2\/product_brand?post=9728"},{"taxonomy":"product_cat","embeddable":true,"href":"https:\/\/zojopackaging.com\/pt\/wp-json\/wp\/v2\/product_cat?post=9728"},{"taxonomy":"product_tag","embeddable":true,"href":"https:\/\/zojopackaging.com\/pt\/wp-json\/wp\/v2\/product_tag?post=9728"}],"curies":[{"name":"wp","href":"https:\/\/api.w.org\/{rel}","templated":true}]}}