{"id":9735,"date":"2025-04-03T16:47:04","date_gmt":"2025-04-03T08:47:04","guid":{"rendered":"https:\/\/zojopackaging.com\/?post_type=product&#038;p=9735"},"modified":"2025-04-03T17:00:35","modified_gmt":"2025-04-03T09:00:35","slug":"wholesale-custom-50ml-perfume-fragrance-packaging-gift-boxes","status":"publish","type":"product","link":"https:\/\/zojopackaging.com\/pt\/product\/wholesale-custom-50ml-perfume-fragrance-packaging-gift-boxes\/","title":{"rendered":"Caixas de presente de 50 ml para embalagem de fragr\u00e2ncia de perfume personalizadas por atacado"},"content":{"rendered":"<h2 id=\"-1-design-details-and-functions-\"><strong>1. Pormenores e fun\u00e7\u00f5es da conce\u00e7\u00e3o<\/strong><\/h2>\n<ul>\n<li><strong>Conce\u00e7\u00e3o do aspeto<\/strong><\/li>\n<li><strong>Estrutura da caixa em forma de livro<\/strong>: O design da caixa flip-top em forma de livro tem um forte sentido de abertura e fecho, o que se adequa ao tom dos produtos topo de gama. A cor principal azul escura \u00e9 combinada com o log\u00f3tipo ou a textura do processo de estampagem a quente\/UV para refor\u00e7ar a mem\u00f3ria visual da marca.<\/li>\n<li><strong>Sele\u00e7\u00e3o de materiais<\/strong>: Utilize papel especial ou papel art\u00edstico montado em cart\u00e3o cinzento (como papel de textura met\u00e1lica, papel t\u00e1til) para aumentar a rigidez e o toque do corpo da caixa e garantir a resist\u00eancia \u00e0 compress\u00e3o e a durabilidade.<\/li>\n<\/ul>\n<h2 id=\"2-inner-lining-technology-\">2.\u00a0<strong>Tecnologia de revestimento interior<\/strong><\/h2>\n<ul>\n<li><strong>Forro em EVA preto<\/strong>: Atrav\u00e9s de um corte de alta precis\u00e3o, adapta-se perfeitamente ao corpo do frasco de perfume de 50 ml e proporciona prote\u00e7\u00e3o contra choques e antiderrapante. O design contrastante do corpo da caixa em preto e azul escuro real\u00e7a o efeito de exposi\u00e7\u00e3o do produto.<\/li>\n<li><strong>Personaliza\u00e7\u00e3o em camadas<\/strong>: Suporta o design de camadas de revestimento (tais como compartimentos independentes para perfume, instru\u00e7\u00f5es ou presentes) para satisfazer as necessidades de embalagens combinadas de v\u00e1rias categorias.<\/li>\n<\/ul>\n<h2 id=\"-3-customized-service-\"><strong>3. Servi\u00e7o personalizado<\/strong><\/h2>\n<ul>\n<li><strong>Dimens\u00e3o e estrutura<\/strong>: O tamanho da caixa pode ser personalizado de acordo com a altura e o di\u00e2metro do frasco de perfume, e pode ser expandido para estruturas inovadoras, como a aba magn\u00e9tica e a fita.<\/li>\n<li><strong>Atualiza\u00e7\u00e3o tecnol\u00f3gica<\/strong>: Fornecer estampagem a quente, grava\u00e7\u00e3o em relevo, impress\u00e3o UV, serigrafia e outras op\u00e7\u00f5es de processo para satisfazer as necessidades de design VI da marca.<\/li>\n<li><strong>Exclusivo da marca<\/strong>: Suporte de conte\u00fados personalizados, tais como ilustra\u00e7\u00f5es de p\u00e1ginas interiores e capas de hist\u00f3rias da marca, para melhorar a experi\u00eancia de desembalagem e a intera\u00e7\u00e3o com o consumidor.<\/li>\n<\/ul>\n<h2 id=\"-4-technology-and-quality-assurance-\"><strong>4. Tecnologia e garantia de qualidade<\/strong><\/h2>\n<ul>\n<li><strong>Tecnologia de corte e vinco de precis\u00e3o<\/strong>: Utilizar equipamento de grava\u00e7\u00e3o CNC ou de corte a laser para garantir que o erro entre o revestimento EVA e a estrutura da caixa \u00e9 \u22640,5 mm para evitar que o produto trema durante o transporte.<\/li>\n<li><strong>Materiais amigos do ambiente<\/strong>: Em conformidade com as normas ambientais internacionais (como a certifica\u00e7\u00e3o ROHS), o revestimento em EVA \u00e9 at\u00f3xico e inodoro, e o cart\u00e3o cinzento e o papel especial s\u00e3o recicl\u00e1veis e degrad\u00e1veis.<\/li>\n<li><strong>Sistema de controlo da qualidade<\/strong>: 16 anos de experi\u00eancia na f\u00e1brica de origem, com m\u00e1quinas de impress\u00e3o Heidelberg, m\u00e1quinas de dobragem totalmente autom\u00e1ticas e outros equipamentos, controlo de qualidade de todo o processo, desde a conce\u00e7\u00e3o \u00e0 produ\u00e7\u00e3o, para garantir a consist\u00eancia da entrega dos lotes.<\/li>\n<\/ul>\n<h2 id=\"-5-supply-chain-and-price-advantages-\"><strong>5. Vantagens da cadeia de abastecimento e dos pre\u00e7os<\/strong><\/h2>\n<ul>\n<li><strong>Fornecimento direto da fonte<\/strong>: Base de produ\u00e7\u00e3o de Guangdong, na China, 16 anos de concentra\u00e7\u00e3o na produ\u00e7\u00e3o de caixas de embalagem, conce\u00e7\u00e3o integrada, impress\u00e3o, corte e vinco, cadeia de fornecimento integrada de montagem, reduzindo o custo das liga\u00e7\u00f5es interm\u00e9dias.<\/li>\n<li><strong>Encomenda flex\u00edvel<\/strong>: Apoio \u00e0 prova de pequenos lotes (500 pe\u00e7as) at\u00e9 \u00e0 produ\u00e7\u00e3o de grandes lotes (mais de 100 000 000 pe\u00e7as), as grandes quantidades podem beneficiar de descontos escalonados.<\/li>\n<li><strong>Entrega r\u00e1pida<\/strong>: O ciclo de produ\u00e7\u00e3o de encomendas regulares \u00e9 de 7-14 dias, as encomendas urgentes podem ser expedidas para 5 dias, apoiar a distribui\u00e7\u00e3o log\u00edstica global.<\/li>\n<\/ul>\n<h2 id=\"-6-application-scenarios-\"><strong>6. Cen\u00e1rios de aplica\u00e7\u00e3o<\/strong><\/h2>\n<ul>\n<li><strong>Marca de perfume<\/strong>: Melhorar o n\u00edvel de exposi\u00e7\u00e3o do balc\u00e3o, adequado para embalagens de edi\u00e7\u00e3o limitada e de co-marca.<\/li>\n<li><strong>Com\u00e9rcio eletr\u00f3nico transfronteiri\u00e7o<\/strong>: Satisfazem os requisitos de transporte da Amazon, esta\u00e7\u00f5es independentes e outras plataformas, e reduzem a taxa de rutura atrav\u00e9s da resist\u00eancia ao choque do revestimento EVA.<\/li>\n<li><strong>Presentes de empresas<\/strong>: LOGOTIPO corporativo personalizado, adequado para presentes de neg\u00f3cios, benef\u00edcios para funcion\u00e1rios e outros cen\u00e1rios.<\/li>\n<\/ul>","protected":false},"excerpt":{"rendered":"<p>Esta caixa de presente para embalagem de perfume de 50 ml adopta um design de caixa em forma de livro topo de gama, com azul escuro como cor principal e forro em EVA preto para criar um estilo visual simples e elegante. Ao mesmo tempo, a textura geral \u00e9 melhorada atrav\u00e9s de um trabalho artesanal de precis\u00e3o, que \u00e9 adequado para perfumes de marca, artigos de luxo e necessidades de embalagens de presente topo de gama. O produto suporta servi\u00e7os de personaliza\u00e7\u00e3o de todo o processo, desde o tamanho, o fabrico artesanal at\u00e9 \u00e0 integra\u00e7\u00e3o de elementos da marca, que podem ser ajustados de forma flex\u00edvel de acordo com as necessidades do cliente, ajudando as marcas a aumentar o valor acrescentado e a competitividade no mercado.<\/p>","protected":false},"featured_media":9736,"template":"","meta":[],"product_brand":[],"product_cat":[30,417,424,31],"product_tag":[498,1257,1258],"class_list":{"0":"post-9735","1":"product","2":"type-product","3":"status-publish","4":"has-post-thumbnail","6":"product_cat-by-industry","7":"product_cat-custom-perfume-boxes-by-industry","8":"product_cat-magnetic-closure-boxes","9":"product_cat-paper-box-style","10":"product_tag-custom-perfume-packaging","11":"product_tag-fragrance-packaging-gift-boxes","12":"product_tag-wholesale-50ml-perfume-boxes","14":"first","15":"instock","16":"shipping-taxable","17":"product-type-grouped"},"_links":{"self":[{"href":"https:\/\/zojopackaging.com\/pt\/wp-json\/wp\/v2\/product\/9735","targetHints":{"allow":["GET"]}}],"collection":[{"href":"https:\/\/zojopackaging.com\/pt\/wp-json\/wp\/v2\/product"}],"about":[{"href":"https:\/\/zojopackaging.com\/pt\/wp-json\/wp\/v2\/types\/product"}],"version-history":[{"count":1,"href":"https:\/\/zojopackaging.com\/pt\/wp-json\/wp\/v2\/product\/9735\/revisions"}],"predecessor-version":[{"id":9742,"href":"https:\/\/zojopackaging.com\/pt\/wp-json\/wp\/v2\/product\/9735\/revisions\/9742"}],"wp:featuredmedia":[{"embeddable":true,"href":"https:\/\/zojopackaging.com\/pt\/wp-json\/wp\/v2\/media\/9736"}],"wp:attachment":[{"href":"https:\/\/zojopackaging.com\/pt\/wp-json\/wp\/v2\/media?parent=9735"}],"wp:term":[{"taxonomy":"product_brand","embeddable":true,"href":"https:\/\/zojopackaging.com\/pt\/wp-json\/wp\/v2\/product_brand?post=9735"},{"taxonomy":"product_cat","embeddable":true,"href":"https:\/\/zojopackaging.com\/pt\/wp-json\/wp\/v2\/product_cat?post=9735"},{"taxonomy":"product_tag","embeddable":true,"href":"https:\/\/zojopackaging.com\/pt\/wp-json\/wp\/v2\/product_tag?post=9735"}],"curies":[{"name":"wp","href":"https:\/\/api.w.org\/{rel}","templated":true}]}}