{"id":9743,"date":"2025-04-03T17:01:08","date_gmt":"2025-04-03T09:01:08","guid":{"rendered":"https:\/\/zojopackaging.com\/?post_type=product&#038;p=9743"},"modified":"2025-04-03T17:18:41","modified_gmt":"2025-04-03T09:18:41","slug":"custom-30ml-perfume-fragrances-bottle-gift-boxes-wholesale","status":"publish","type":"product","link":"https:\/\/zojopackaging.com\/pt\/product\/custom-30ml-perfume-fragrances-bottle-gift-boxes-wholesale\/","title":{"rendered":"Caixas para oferta de frascos de perfume de 30 ml personalizadas por atacado"},"content":{"rendered":"<h2 id=\"1-coffee-pull-out-box-design-\">1.\u00a0<strong>Design de caixa extra\u00edvel para caf\u00e9<\/strong><\/h2>\n<ul>\n<li><strong>Apar\u00eancia<\/strong>: O corpo da caixa \u00e9 feito de cart\u00e3o caf\u00e9 mate ou papel especial, com um log\u00f3tipo em ouro quente\/prata quente, apresentando uma textura visual discreta e luxuosa. A estrutura extra\u00edvel abre e fecha suavemente, e o rebordo da tampa da caixa \u00e9 processado por tecnologia de corte a laser para garantir um encaixe perfeito e melhorar a sensa\u00e7\u00e3o de cerim\u00f3nia de desembalagem.<\/li>\n<li><strong>Fun\u00e7\u00e3o<\/strong>: O tamanho da caixa pode corresponder exatamente a um frasco de perfume de 30 ml e pode tamb\u00e9m ser ajustado conforme necess\u00e1rio para se adaptar a frascos com formas especiais ou a necessidades especiais de exposi\u00e7\u00e3o.<\/li>\n<\/ul>\n<h2 id=\"2-white-eva-die-cut-lining-\">2.\u00a0<strong>Forro em EVA branco cortado<\/strong><\/h2>\n<ul>\n<li><strong>Material e artesanato<\/strong>: O forro \u00e9 feito de espuma EVA branca de alta densidade, moldada atrav\u00e9s de uma tecnologia de corte de precis\u00e3o para se adaptar perfeitamente ao contorno do frasco de perfume, obter uma prote\u00e7\u00e3o \"embutida\" e evitar aban\u00f5es e desgaste durante o transporte.<\/li>\n<li><strong>Contraste visual<\/strong>: O forro branco e a caixa exterior em caf\u00e9 formam um forte contraste de cores, real\u00e7ando a textura transparente do frasco de perfume, reservando ao mesmo tempo uma ranhura para o cart\u00e3o de marca para melhorar o efeito de exposi\u00e7\u00e3o do produto.<\/li>\n<\/ul>\n<h2 id=\"3-technology-and-details-upgrade-\">3.\u00a0<strong>Atualiza\u00e7\u00e3o da tecnologia e dos detalhes<\/strong><\/h2>\n<ul>\n<li><strong>Tratamento de superf\u00edcie<\/strong>: Lamina\u00e7\u00e3o opcional em pel\u00edcula mate, superf\u00edcie brilhante parcial UV, estampagem e outros processos para melhorar a camada t\u00e1til; o processo de estampagem a quente\/impress\u00e3o serigr\u00e1fica pode apresentar padr\u00f5es espec\u00edficos da marca ou textos, ecoando a tend\u00eancia da \"embalagem emocional\".<\/li>\n<li><strong>Certifica\u00e7\u00e3o ambiental<\/strong>: O material est\u00e1 em conformidade com a certifica\u00e7\u00e3o FSC e as normas REACH da UE, apoiando as necessidades de embalagem ecol\u00f3gica.<\/li>\n<\/ul>\n<h2 id=\"1-full-process-customization-\">4. <strong>Personaliza\u00e7\u00e3o total do processo<\/strong><\/h2>\n<ul>\n<li><strong>Dimens\u00e3o e estrutura<\/strong>: Suporta uma variedade de designs de caixas, tais como caixas com formas especiais, caixas de gavetas e tampas, que podem corresponder a garrafas padr\u00e3o de 30 ml ou a formas especiais de garrafas (tais como quadradas e em arco).<\/li>\n<li><strong>Tecnologia e impress\u00e3o<\/strong>: Fornecer mais de 20 op\u00e7\u00f5es de processo, tais como estampagem a quente, laser e serigrafia, e pode personalizar cores exclusivas em combina\u00e7\u00e3o com o sistema VI da marca (correspond\u00eancia precisa dos n\u00fameros de cores Pantone).<\/li>\n<\/ul>\n<h2 id=\"2-flexible-production-\">5. <strong>Produ\u00e7\u00e3o flex\u00edvel<\/strong><\/h2>\n<ul>\n<li><strong>Quantidade m\u00ednima de encomenda flex\u00edvel<\/strong>: Quantidade m\u00ednima de encomenda de 500 pe\u00e7as, apoio \u00e0 produ\u00e7\u00e3o experimental de pequenos lotes e produ\u00e7\u00e3o em massa em grande escala, e ciclo de entrega de 7-14 dias (ajustado em fun\u00e7\u00e3o da complexidade do processo).<\/li>\n<li><strong>Garantia de controlo de qualidade<\/strong>: Processo de inspe\u00e7\u00e3o de qualidade de liga\u00e7\u00e3o total, abrangendo o teste de dureza do material, o teste de precis\u00e3o de corte (erro \u2264 0,5 mm), o teste de suporte de carga e de compress\u00e3o, etc., para garantir a prote\u00e7\u00e3o e a est\u00e9tica da embalagem.<\/li>\n<\/ul>\n<h2 id=\"-supply-chain-and-price-advantage-\"><strong>Cadeia de abastecimento e vantagem de pre\u00e7o<\/strong><\/h2>\n<ul>\n<li><strong>Fornecimento direto da f\u00e1brica de origem<\/strong>: A base de produ\u00e7\u00e3o pr\u00f3pria est\u00e1 equipada com m\u00e1quinas de corte e vinco totalmente autom\u00e1ticas, m\u00e1quinas de estampagem a quente e equipamento de moldagem EVA, eliminando a diferen\u00e7a de pre\u00e7os dos intermedi\u00e1rios, e o pre\u00e7o \u00e9 15%-30% inferior ao pre\u00e7o de mercado com a mesma qualidade.<\/li>\n<li><strong>Servi\u00e7o de balc\u00e3o \u00fanico<\/strong>: Desde a prova de conce\u00e7\u00e3o, sele\u00e7\u00e3o de materiais at\u00e9 \u00e0 distribui\u00e7\u00e3o log\u00edstica, o pessoal dedicado est\u00e1 ligado ao longo de todo o processo, apoiando o fornecimento de representa\u00e7\u00f5es em 3D e a confirma\u00e7\u00e3o de caixas de amostras f\u00edsicas para reduzir os custos de comunica\u00e7\u00e3o.<\/li>\n<\/ul>\n<h2 id=\"-cooperation-guarantee-\"><strong>Garantia de coopera\u00e7\u00e3o<\/strong><\/h2>\n<ul>\n<li><strong>16 anos de precipita\u00e7\u00e3o no sector<\/strong>: Servimos mais de 500 marcas de beleza, incluindo f\u00e1bricas OEM da Estee Lauder, marcas de fragr\u00e2ncias de nicho, etc., familiarizados com as normas de exporta\u00e7\u00e3o de caixas de oferta (tais como os requisitos de rotulagem FNSKU da Amazon).<\/li>\n<li><strong>P\u00f3s-venda sem preocupa\u00e7\u00f5es<\/strong>: Fornecemos apoio p\u00f3s-venda, como a substitui\u00e7\u00e3o de danos e o ajuste do processo, e prometemos fornecer um servi\u00e7o gratuito de arquivo de ficheiros de design no prazo de 1 ano.<\/li>\n<\/ul>","protected":false},"excerpt":{"rendered":"<p>Esta caixa de oferta de frasco de perfume de 30 ml foi especialmente concebida para marcas de fragr\u00e2ncias topo de gama. Baseia-se no design da caixa de puxar castanha, integrando uma est\u00e9tica simples e fun\u00e7\u00f5es pr\u00e1ticas, e est\u00e1 empenhada em melhorar a imagem da marca e o valor acrescentado do produto atrav\u00e9s de um design de embalagem requintado. Como uma f\u00e1brica de origem com 16 anos de experi\u00eancia na ind\u00fastria, contamos com um sistema completo de cadeia de fornecimento para fornecer servi\u00e7os personalizados e econ\u00f3micos para garantir o melhor equil\u00edbrio entre qualidade e custo.<\/p>","protected":false},"featured_media":9744,"template":"","meta":[],"product_brand":[],"product_cat":[30,417,31,426],"product_tag":[1259,1260,1261],"class_list":{"0":"post-9743","1":"product","2":"type-product","3":"status-publish","4":"has-post-thumbnail","6":"product_cat-by-industry","7":"product_cat-custom-perfume-boxes-by-industry","8":"product_cat-paper-box-style","9":"product_cat-paper-drawer-boxes","10":"product_tag-30ml-perfume-gift-boxes","11":"product_tag-custom-fragrances-boxes","12":"product_tag-gift-boxes-wholesale","14":"first","15":"instock","16":"shipping-taxable","17":"product-type-grouped"},"_links":{"self":[{"href":"https:\/\/zojopackaging.com\/pt\/wp-json\/wp\/v2\/product\/9743","targetHints":{"allow":["GET"]}}],"collection":[{"href":"https:\/\/zojopackaging.com\/pt\/wp-json\/wp\/v2\/product"}],"about":[{"href":"https:\/\/zojopackaging.com\/pt\/wp-json\/wp\/v2\/types\/product"}],"version-history":[{"count":1,"href":"https:\/\/zojopackaging.com\/pt\/wp-json\/wp\/v2\/product\/9743\/revisions"}],"predecessor-version":[{"id":9750,"href":"https:\/\/zojopackaging.com\/pt\/wp-json\/wp\/v2\/product\/9743\/revisions\/9750"}],"wp:featuredmedia":[{"embeddable":true,"href":"https:\/\/zojopackaging.com\/pt\/wp-json\/wp\/v2\/media\/9744"}],"wp:attachment":[{"href":"https:\/\/zojopackaging.com\/pt\/wp-json\/wp\/v2\/media?parent=9743"}],"wp:term":[{"taxonomy":"product_brand","embeddable":true,"href":"https:\/\/zojopackaging.com\/pt\/wp-json\/wp\/v2\/product_brand?post=9743"},{"taxonomy":"product_cat","embeddable":true,"href":"https:\/\/zojopackaging.com\/pt\/wp-json\/wp\/v2\/product_cat?post=9743"},{"taxonomy":"product_tag","embeddable":true,"href":"https:\/\/zojopackaging.com\/pt\/wp-json\/wp\/v2\/product_tag?post=9743"}],"curies":[{"name":"wp","href":"https:\/\/api.w.org\/{rel}","templated":true}]}}