{"id":9751,"date":"2025-04-03T17:18:56","date_gmt":"2025-04-03T09:18:56","guid":{"rendered":"https:\/\/zojopackaging.com\/?post_type=product&#038;p=9751"},"modified":"2025-04-03T17:39:50","modified_gmt":"2025-04-03T09:39:50","slug":"premium-cheap-custom-hair-extension-packaging-box-wholesale","status":"publish","type":"product","link":"https:\/\/zojopackaging.com\/pt\/product\/premium-cheap-custom-hair-extension-packaging-box-wholesale\/","title":{"rendered":"Caixa de embalagem de extens\u00e3o de cabelo personalizada barata premium por atacado"},"content":{"rendered":"<h2 id=\"-1-in-depth-customization-service-accurate-matching-of-brand-tone-\"><strong>1. Servi\u00e7o de personaliza\u00e7\u00e3o em profundidade, correspond\u00eancia exacta do tom da marca<\/strong><\/h2>\n<ol>\n<li><strong>Personaliza\u00e7\u00e3o de todas as dimens\u00f5es<\/strong>: Suporte \u00e0 personaliza\u00e7\u00e3o flex\u00edvel da caixa de embalagem\u00a0<strong>tamanho, estrutura (fundo e tampa inferior\/tampa basculante\/caixa de gavetas), processo de impress\u00e3o (estampagem a quente\/UV\/embossing)<\/strong>\u00a0de acordo com o posicionamento da marca, a dimens\u00e3o do produto e os requisitos or\u00e7amentais, e fornecer um servi\u00e7o completo desde a conce\u00e7\u00e3o at\u00e9 \u00e0 produ\u00e7\u00e3o em massa.<\/li>\n<li><strong>Design patenteado de fecho magn\u00e9tico<\/strong>: Adotar\u00a0<strong>tecnologia patenteada de caixa de suc\u00e7\u00e3o magn\u00e9tica<\/strong>A tampa da caixa tem \u00edmanes de alta absor\u00e7\u00e3o incorporados, que abrem e fecham suavemente e t\u00eam uma veda\u00e7\u00e3o forte, evitando o ponto de dor das caixas de fivela tradicionais que s\u00e3o f\u00e1ceis de soltar e melhorando a sensa\u00e7\u00e3o de cerim\u00f3nia do utilizador ao desembalar.<\/li>\n<li><strong>Combina\u00e7\u00e3o de est\u00e9tica e artesanato<\/strong>:<\/li>\n<li><strong>Cor principal verde relva<\/strong>: Selecionar o n\u00famero de cor padr\u00e3o Pantone, suportar o ajuste fino para o verde exclusivo da marca e combinar a tecnologia de lamina\u00e7\u00e3o mate para apresentar uma textura natural e uma unidade visual de alto n\u00edvel.<\/li>\n<li><strong>Processo interno de estampagem a quente<\/strong>: O texto\/LOGO na caixa \u00e9 estampado a quente, mostrando um delicado brilho met\u00e1lico sob a fonte de luz, refor\u00e7ando a sensa\u00e7\u00e3o de luxo de uma forma discreta, o que se adequa ao posicionamento topo de gama dos produtos de extens\u00e3o capilar.<\/li>\n<\/ol>\n<h2 id=\"-second-high-standard-materials-and-protective-structures-to-ensure-product-safety-\"><strong>2. Materiais de alta qualidade e estruturas de prote\u00e7\u00e3o para garantir a seguran\u00e7a do produto<\/strong><\/h2>\n<ol>\n<li><strong>Combina\u00e7\u00e3o de materiais do n\u00facleo<\/strong>:<\/li>\n<li><strong>Cart\u00e3o cinzento 1200 GSM<\/strong>: O cart\u00e3o cinzento de peso elevado oferece uma resist\u00eancia \u00e0 press\u00e3o super forte. Foi testado para suportar mais de 15 kg, adequado para transporte de longa dist\u00e2ncia e armazenamento empilhado.<\/li>\n<li><strong>Papel revestido de 157 GSM<\/strong>: A superf\u00edcie \u00e9 coberta com pel\u00edcula mate ou processo UV parcial, com toque delicado e satura\u00e7\u00e3o de cor de impress\u00e3o superior a 95%, tendo em conta tanto a beleza visual como a resist\u00eancia ao desgaste.<\/li>\n<li><strong>Prote\u00e7\u00e3o de precis\u00e3o do revestimento<\/strong>:<\/li>\n<li><strong>Corte e modela\u00e7\u00e3o do suporte interior em EVA\/esponja<\/strong>: Atrav\u00e9s da tecnologia de corte e vinco CNC, a forma do produto de extens\u00e3o capilar \u00e9 adaptada com precis\u00e3o e o desempenho de prote\u00e7\u00e3o atinge 90% da resist\u00eancia ao impacto da norma da ind\u00fastria para evitar a fric\u00e7\u00e3o e a deforma\u00e7\u00e3o do cabelo.<\/li>\n<li><strong>Design destac\u00e1vel em camadas<\/strong>: Suporta uma estrutura de revestimento de camada \u00fanica ou em camadas, adapta-se \u00e0s necessidades de embalagens combinadas de v\u00e1rias categorias, tais como pe\u00e7as de cabelo e conjuntos de cuidados, e melhora a utiliza\u00e7\u00e3o do espa\u00e7o.<\/li>\n<\/ol>\n<h2 id=\"-third-supply-chain-advantages-and-quality-control-guarantee-cost-reduction-of-20-\"><strong>3. Vantagens da cadeia de abastecimento e garantia de controlo de qualidade, redu\u00e7\u00e3o de custos de 20%<\/strong><\/h2>\n<ol>\n<li><strong>Fornecimento direto da f\u00e1brica de origem<\/strong>: Com os seus pr\u00f3prios 5.000 metros quadrados de base de produ\u00e7\u00e3o e cadeia de fornecimento integrada, elimina a diferen\u00e7a de pre\u00e7os dos intermedi\u00e1rios,\u00a0<strong>o pre\u00e7o unit\u00e1rio das encomendas por grosso \u00e9 20% inferior ao do mercado<\/strong>e suporta uma encomenda m\u00ednima de 1.000 pe\u00e7as.<\/li>\n<li><strong>Sistema de controlo de qualidade rigoroso<\/strong>: Implementar as normas de gest\u00e3o da qualidade ISO 9001 e efetuar testes de todo o processo, desde as mat\u00e9rias-primas at\u00e9 aos produtos acabados, para garantir a consist\u00eancia dos lotes.<\/li>\n<li><strong>Capacidade de entrega r\u00e1pida<\/strong>: As encomendas normais s\u00e3o entregues em 7 dias e as encomendas urgentes s\u00e3o conclu\u00eddas em apenas 3 dias. Est\u00e1 equipada com log\u00edstica dedicada e servi\u00e7os de rastreio em tempo real para garantir um fornecimento est\u00e1vel durante a \u00e9poca alta.<\/li>\n<\/ol>\n<h2 id=\"-fourth-brand-value-empowerment-and-scenario-application-\"><strong>4. Valoriza\u00e7\u00e3o da marca e aplica\u00e7\u00e3o de cen\u00e1rios<\/strong><\/h2>\n<ol>\n<li><strong>Melhoria visual da marca<\/strong>: A superf\u00edcie da caixa pode ser impressa com o LOGOTIPO da marca, slogan ou padr\u00e3o art\u00edstico, e suporta a impress\u00e3o Pantone de cor direta para melhorar os pontos de mem\u00f3ria do consumidor.<\/li>\n<li><strong>Prote\u00e7\u00e3o do ambiente e responsabilidade social<\/strong>: Adopta cart\u00e3o cinzento certificado pelo FSC e impress\u00e3o com tinta \u00e0 base de \u00e1gua, que cumpre as normas RoHS da UE, ajudando as marcas a transmitir conceitos ecol\u00f3gicos e sustent\u00e1veis.<\/li>\n<li><strong>Adapta\u00e7\u00e3o a v\u00e1rios cen\u00e1rios<\/strong>: Aplic\u00e1vel a extens\u00f5es de cabelo, conjuntos de cuidados com \u00f3leos essenciais, ferramentas de cabeleireiro topo de gama e outros produtos, satisfazendo as necessidades de embalagem do com\u00e9rcio eletr\u00f3nico, balc\u00f5es offline e exporta\u00e7\u00f5es transfronteiri\u00e7as.<\/li>\n<\/ol>\n<h2 id=\"-v-transparent-and-efficient-cooperation-process-\"><strong>5. Processo de coopera\u00e7\u00e3o transparente e eficaz<\/strong><\/h2>\n<ol>\n<li><strong>Comunica\u00e7\u00e3o da procura<\/strong>: Forne\u00e7a o tamanho do produto ou amostras, e obtenha renderiza\u00e7\u00f5es e or\u00e7amentos em 3D gratuitamente.<\/li>\n<li><strong>Confirma\u00e7\u00e3o da prova<\/strong>: Produ\u00e7\u00e3o completa de amostras no prazo de 3 dias, apoio ao ajustamento dos detalhes do processo (como a for\u00e7a de suc\u00e7\u00e3o magn\u00e9tica, afina\u00e7\u00e3o da posi\u00e7\u00e3o de estampagem a quente).<\/li>\n<li><strong>Produ\u00e7\u00e3o em massa<\/strong>: Pr\u00e9-pagamento do dep\u00f3sito 30% para iniciar a produ\u00e7\u00e3o, e envio no prazo de 48 horas ap\u00f3s a liquida\u00e7\u00e3o do saldo.<\/li>\n<\/ol>","protected":false},"excerpt":{"rendered":"<p>Um unboxing memor\u00e1vel: O tema po\u00e9tico do ver\u00e3o cria uma liga\u00e7\u00e3o emocional.<br \/>\nDurabilidade pronta para o retalho: Protege as pe\u00e7as de cabelo delicadas durante o transporte\/armazenamento.<br \/>\nVersatilidade personalizada: Acrescente log\u00f3tipos, cores ou revestimentos para uma diferencia\u00e7\u00e3o de qualidade superior.<br \/>\nEfici\u00eancia no com\u00e9rcio grossista: O design leve e robusto reduz os custos de log\u00edstica.<\/p>","protected":false},"featured_media":9752,"template":"","meta":[],"product_brand":[],"product_cat":[30,421,424,31],"product_tag":[1262,878,1263],"class_list":{"0":"post-9751","1":"product","2":"type-product","3":"status-publish","4":"has-post-thumbnail","6":"product_cat-by-industry","7":"product_cat-custom-hair-extension-boxes","8":"product_cat-magnetic-closure-boxes","9":"product_cat-paper-box-style","10":"product_tag-custom-hair-extension-box","11":"product_tag-hair-extension-packaging","12":"product_tag-premium-hair-extension-packaging-wholesale","14":"first","15":"instock","16":"shipping-taxable","17":"product-type-grouped"},"_links":{"self":[{"href":"https:\/\/zojopackaging.com\/pt\/wp-json\/wp\/v2\/product\/9751","targetHints":{"allow":["GET"]}}],"collection":[{"href":"https:\/\/zojopackaging.com\/pt\/wp-json\/wp\/v2\/product"}],"about":[{"href":"https:\/\/zojopackaging.com\/pt\/wp-json\/wp\/v2\/types\/product"}],"version-history":[{"count":1,"href":"https:\/\/zojopackaging.com\/pt\/wp-json\/wp\/v2\/product\/9751\/revisions"}],"predecessor-version":[{"id":9757,"href":"https:\/\/zojopackaging.com\/pt\/wp-json\/wp\/v2\/product\/9751\/revisions\/9757"}],"wp:featuredmedia":[{"embeddable":true,"href":"https:\/\/zojopackaging.com\/pt\/wp-json\/wp\/v2\/media\/9752"}],"wp:attachment":[{"href":"https:\/\/zojopackaging.com\/pt\/wp-json\/wp\/v2\/media?parent=9751"}],"wp:term":[{"taxonomy":"product_brand","embeddable":true,"href":"https:\/\/zojopackaging.com\/pt\/wp-json\/wp\/v2\/product_brand?post=9751"},{"taxonomy":"product_cat","embeddable":true,"href":"https:\/\/zojopackaging.com\/pt\/wp-json\/wp\/v2\/product_cat?post=9751"},{"taxonomy":"product_tag","embeddable":true,"href":"https:\/\/zojopackaging.com\/pt\/wp-json\/wp\/v2\/product_tag?post=9751"}],"curies":[{"name":"wp","href":"https:\/\/api.w.org\/{rel}","templated":true}]}}