{"id":9766,"date":"2025-04-03T18:36:11","date_gmt":"2025-04-03T10:36:11","guid":{"rendered":"https:\/\/zojopackaging.com\/?post_type=product&#038;p=9766"},"modified":"2025-04-07T14:29:51","modified_gmt":"2025-04-07T06:29:51","slug":"custom-premium-watch-magnetic-closure-rigid-boxes-wholesale","status":"publish","type":"product","link":"https:\/\/zojopackaging.com\/pt\/product\/custom-premium-watch-magnetic-closure-rigid-boxes-wholesale\/","title":{"rendered":"Caixas r\u00edgidas com fecho magn\u00e9tico para rel\u00f3gios Premium personalizadas por atacado"},"content":{"rendered":"<h2 id=\"-i-core-selling-points-of-the-product-\"><strong>1. Principais argumentos de venda do produto<\/strong><\/h2>\n<ol>\n<li><strong>Design de apar\u00eancia elegante<\/strong>\u00a0A cor principal \u00e9 o azul profundo, com uma estrutura de fecho magn\u00e9tico flip-top, linhas simples e suaves, e a combina\u00e7\u00e3o de artesanato mate e brilhante real\u00e7a a estratifica\u00e7\u00e3o visual, transmitindo uma est\u00e9tica comercial e art\u00edstica de alta qualidade. O corpo da caixa \u00e9 feito de cart\u00e3o duro amigo do ambiente e a superf\u00edcie \u00e9 coberta com papel t\u00e1til especial, que tem resist\u00eancia ao desgaste e toque delicado, satisfazendo as necessidades de diferentes tonalidades da marca.<\/li>\n<li><strong>Prote\u00e7\u00e3o profissional do forro<\/strong>\u00a0O forro \u00e9 feito de material EVA preto de alta pureza, e o processo de corte de precis\u00e3o \u00e9 usado para conseguir um ajuste perfeito com o contorno do rel\u00f3gio para formar uma estrutura de \"armadura protetora\". As suas elevadas propriedades reflectoras aumentam significativamente o contraste visual, tornando a textura do mostrador, a liga\u00e7\u00e3o da bracelete e outros detalhes claros e tridimensionais, e ao mesmo tempo tem fun\u00e7\u00f5es de absor\u00e7\u00e3o de choques e amortecimento, resistindo eficazmente \u00e0 fric\u00e7\u00e3o e colis\u00e3o durante o transporte.<\/li>\n<li><strong>Aumento do valor da marca<\/strong>\u00a0A embalagem global transmite a tonalidade topo de gama e diferenciada da marca atrav\u00e9s da combina\u00e7\u00e3o de materiais (como o LOGOTIPO em estampagem a quente, textura especial do papel) e detalhes do processo (superf\u00edcie brilhante UV, impress\u00e3o em relevo). O esquema cl\u00e1ssico de cores azul e preto, combinado com o efeito refletor do forro em EVA, aumenta ainda mais o impacto visual da exposi\u00e7\u00e3o do produto, ajudando as marcas a destacarem-se nas plataformas de com\u00e9rcio eletr\u00f3nico (como a Amazon, sites independentes) e nos canais offline.<\/li>\n<\/ol>\n<h2 id=\"-second-customized-service-advantages-\"><strong>2. Vantagens do servi\u00e7o personalizado<\/strong><\/h2>\n<ol>\n<li><strong>Necessidades de adapta\u00e7\u00e3o flex\u00edveis<\/strong>\u00a0Suporta a personaliza\u00e7\u00e3o de todas as dimens\u00f5es, abrangendo especifica\u00e7\u00f5es de tamanho (normal\/n\u00e3o normalizado), sele\u00e7\u00e3o de processos (for\u00e7a do fecho magn\u00e9tico, textura da superf\u00edcie), correspond\u00eancia de cores (restaura\u00e7\u00e3o exacta dos n\u00fameros de cores Pantone), etc. Por exemplo, a estrutura do forro pode ser ajustada para rel\u00f3gios quadrados, redondos ou de formato especial para se adaptar \u00e0 disposi\u00e7\u00e3o de uma mesa \u00fanica ou de v\u00e1rias mesas.<\/li>\n<li><strong>Garantia do processo e da qualidade<\/strong><\/li>\n<li><strong>Precis\u00e3o de corte e vinco<\/strong>: A tecnologia de corte e vinco CNC \u00e9 utilizada para garantir que o erro entre o revestimento EVA e o contorno do produto seja inferior a 0,1 mm;<\/li>\n<li><strong>Estabilidade dos materiais<\/strong>: O material EVA passou nos testes de resist\u00eancia \u00e0s intemp\u00e9ries e de estabilidade qu\u00edmica e \u00e9 adequado para ambientes extremos, como temperaturas e humidade elevadas;<\/li>\n<li><strong>Sistema de controlo de qualidade<\/strong>: Seguir as normas de gest\u00e3o da qualidade ISO ao longo de todo o processo, desde os testes de prote\u00e7\u00e3o ambiental das mat\u00e9rias-primas (em conformidade com a norma ROHS) at\u00e9 aos testes de compress\u00e3o do produto acabado para garantir a consist\u00eancia dos lotes.<\/li>\n<\/ol>\n<h2 id=\"-iii-supply-chain-and-cost-advantages-\"><strong>3. Cadeia de abastecimento e vantagens em termos de custos<\/strong><\/h2>\n<ol>\n<li><strong>For\u00e7a da F\u00e1brica de Fontes<\/strong>\u00a0Com 16 anos de experi\u00eancia na ind\u00fastria, contando com a cadeia industrial madura de Dongguan\/Shenzhen, integrando os recursos de toda a cadeia de fornecimento de materiais, desenvolvimento de moldes e produ\u00e7\u00e3o e processamento, conseguimos um controlo de custos em grande escala. Por exemplo, o pre\u00e7o de produtos semelhantes \u00e9 15%-20% mais baixo do que o pre\u00e7o m\u00e9dio do mercado e suporta uma encomenda m\u00ednima de 500 pe\u00e7as, o que \u00e9 flex\u00edvel para satisfazer as necessidades das marcas em fase de arranque e das aquisi\u00e7\u00f5es de grandes volumes.<\/li>\n<li><strong>Capacidade de entrega eficiente<\/strong><\/li>\n<li><strong>Ciclo de prototipagem<\/strong>: As amostras f\u00edsicas s\u00e3o fornecidas num prazo de 3 a 5 dias \u00fateis;<\/li>\n<li><strong>Tempo de produ\u00e7\u00e3o em massa<\/strong>: As encomendas normais s\u00e3o entregues no prazo de 15 a 20 dias, e as necessidades urgentes podem ser coordenadas por canais expeditos;<\/li>\n<li><strong>Log\u00edstica global<\/strong>: Apoiar o fornecimento dedicado \u00e0 exporta\u00e7\u00e3o transfronteiri\u00e7a, abrangendo os principais mercados como a Europa, a Am\u00e9rica e o Sudeste Asi\u00e1tico.<\/li>\n<\/ol>\n<h2 id=\"-iv-cooperation-process-and-guarantee-\"><strong>4. Processo e garantia de coopera\u00e7\u00e3o<\/strong><\/h2>\n<ol>\n<li><strong>Compromisso de servi\u00e7o<\/strong><\/li>\n<li><strong>Garantia p\u00f3s-venda<\/strong>: Fornecer um seguro de transporte de retorno e um compromisso de indemniza\u00e7\u00e3o de qualidade;<\/li>\n<li><strong>Resposta t\u00e9cnica<\/strong>: Uma equipa exclusiva de apoio ao cliente acompanha todo o processo e resolve os problemas t\u00e9cnicos em 48 horas.<\/li>\n<li><strong>Processo de coopera\u00e7\u00e3o<\/strong>\u00a0<strong>Comunica\u00e7\u00e3o da procura \u2192 Prova de conce\u00e7\u00e3o \u2192 Confirma\u00e7\u00e3o da produ\u00e7\u00e3o \u2192 Inspe\u00e7\u00e3o da qualidade e entrega<\/strong><\/li>\n<\/ol>","protected":false},"excerpt":{"rendered":"<ul>\n<li><strong>Marca de rel\u00f3gios topo de gama<\/strong>: Refor\u00e7ar o posicionamento de luxo atrav\u00e9s da caixa magn\u00e9tica azul com forro em EVA preto;<\/li>\n<li><strong>Dispositivo inteligente para vestir<\/strong>: Adequado para rel\u00f3gios de posicionamento para crian\u00e7as, pulseiras inteligentes, etc., a estrutura do forro \u00e9 compat\u00edvel com as necessidades de prote\u00e7\u00e3o dos componentes electr\u00f3nicos;<\/li>\n<li><strong>Com\u00e9rcio eletr\u00f3nico transfronteiri\u00e7o<\/strong>: Cumprir as normas de embalagem da Amazon FBA e reduzir a taxa de perda de transporte atrav\u00e9s do teste de compress\u00e3o.<\/li>\n<\/ul>","protected":false},"featured_media":9774,"template":"","meta":[],"product_brand":[],"product_cat":[30,413,424,31],"product_tag":[1269,1267,1268],"class_list":{"0":"post-9766","1":"product","2":"type-product","3":"status-publish","4":"has-post-thumbnail","6":"product_cat-by-industry","7":"product_cat-consumer-electronics-boxes","8":"product_cat-magnetic-closure-boxes","9":"product_cat-paper-box-style","10":"product_tag-custom-watch-boxes-wholesale","11":"product_tag-watch-magnetic-closure-boxes","12":"product_tag-watch-rigid-boxes","14":"first","15":"instock","16":"shipping-taxable","17":"product-type-grouped"},"_links":{"self":[{"href":"https:\/\/zojopackaging.com\/pt\/wp-json\/wp\/v2\/product\/9766","targetHints":{"allow":["GET"]}}],"collection":[{"href":"https:\/\/zojopackaging.com\/pt\/wp-json\/wp\/v2\/product"}],"about":[{"href":"https:\/\/zojopackaging.com\/pt\/wp-json\/wp\/v2\/types\/product"}],"version-history":[{"count":3,"href":"https:\/\/zojopackaging.com\/pt\/wp-json\/wp\/v2\/product\/9766\/revisions"}],"predecessor-version":[{"id":9781,"href":"https:\/\/zojopackaging.com\/pt\/wp-json\/wp\/v2\/product\/9766\/revisions\/9781"}],"wp:featuredmedia":[{"embeddable":true,"href":"https:\/\/zojopackaging.com\/pt\/wp-json\/wp\/v2\/media\/9774"}],"wp:attachment":[{"href":"https:\/\/zojopackaging.com\/pt\/wp-json\/wp\/v2\/media?parent=9766"}],"wp:term":[{"taxonomy":"product_brand","embeddable":true,"href":"https:\/\/zojopackaging.com\/pt\/wp-json\/wp\/v2\/product_brand?post=9766"},{"taxonomy":"product_cat","embeddable":true,"href":"https:\/\/zojopackaging.com\/pt\/wp-json\/wp\/v2\/product_cat?post=9766"},{"taxonomy":"product_tag","embeddable":true,"href":"https:\/\/zojopackaging.com\/pt\/wp-json\/wp\/v2\/product_tag?post=9766"}],"curies":[{"name":"wp","href":"https:\/\/api.w.org\/{rel}","templated":true}]}}