{"id":9782,"date":"2025-04-03T19:52:52","date_gmt":"2025-04-03T11:52:52","guid":{"rendered":"https:\/\/zojopackaging.com\/?post_type=product&#038;p=9782"},"modified":"2025-04-03T20:32:06","modified_gmt":"2025-04-03T12:32:06","slug":"wholesale-custom-luxury-candle-gift-rigid-packaging-boxes","status":"publish","type":"product","link":"https:\/\/zojopackaging.com\/pt\/product\/wholesale-custom-luxury-candle-gift-rigid-packaging-boxes\/","title":{"rendered":"Caixas de embalagem r\u00edgidas para presentes de velas de luxo por atacado"},"content":{"rendered":"<h2 id=\"-1-design-of-the-top-and-bottom-cover-structure-simple-and-efficient-exquisite-craftsmanship-\"><strong>1. Conce\u00e7\u00e3o da estrutura das coberturas superior e inferior: simples e eficiente, com um acabamento requintado<\/strong><\/h2>\n<p>Este produto adopta a estrutura cl\u00e1ssica de cobertura superior e inferior, que consiste em duas partes: a cobertura superior e a caixa inferior. N\u00e3o existem pe\u00e7as de emenda complexas, a estrutura \u00e9 est\u00e1vel e a abertura e o fecho s\u00e3o suaves. O design segue o conceito de \"est\u00e9tica minimalista\" e consegue\u00a0<strong>mais de 95% de utiliza\u00e7\u00e3o de material<\/strong>\u00a0atrav\u00e9s de processos precisos de corte e dobragem de moldes, reduzindo o desperd\u00edcio de res\u00edduos. A moldagem da tampa superior e inferior \u00e9 completada por uma m\u00e1quina integrada de vinco e estampagem a quente totalmente autom\u00e1tica para garantir que as linhas do corpo da caixa s\u00e3o r\u00edgidas e as arestas s\u00e3o claras, simplificando o processo de produ\u00e7\u00e3o e reduzindo o custo da interven\u00e7\u00e3o manual.<\/p>\n<h2 id=\"-2-special-paper-material-luxurious-touch-brand-empowerment-\"><strong>2. Material de papel especial: toque luxuoso, refor\u00e7o da marca<\/strong><\/h2>\n<p>A caixa de embalagem utiliza\u00a0<strong>Papel branco perolado Junma Ice<\/strong>\u00a0e\u00a0<strong>Cart\u00e3o laser simples dourado e prateado<\/strong>\u00a0dois tipos de substratos de papel especial, com as seguintes vantagens principais:<\/p>\n<ul>\n<li><strong>Luxo visual<\/strong>: A superf\u00edcie do papel perolado \u00e9 incrustada com part\u00edculas peroladas de n\u00edvel micr\u00f3nico, apresentando uma textura gelada e um brilho gradiente; o cart\u00e3o laser dourado e prateado utiliza a tecnologia de pel\u00edcula de folha de alum\u00ednio composta para criar um efeito de coluna de luz espelhada, que \u00e9 adequado para o tom de luxo leve e marcas de topo de gama.<\/li>\n<li><strong>Experi\u00eancia t\u00e1til<\/strong>: A superf\u00edcie do papel \u00e9 gravada em relevo para formar uma\u00a0<strong>linhas de textura em relevo<\/strong>\u00a0(padr\u00e3o de orelha de trigo opcional, padr\u00e3o de m\u00e1rmore, padr\u00e3o de couro, etc.), o que aumenta a fric\u00e7\u00e3o e o feedback t\u00e1til avan\u00e7ado ao segurar.<\/li>\n<li><strong>Durabilidade<\/strong>: O revestimento UV e a tecnologia de lamina\u00e7\u00e3o brilhante s\u00e3o utilizados, o que \u00e9 imperme\u00e1vel e anti-incrustante, e a resist\u00eancia aos riscos \u00e9 melhorada em 300%, o que \u00e9 adequado para o transporte de longa dist\u00e2ncia e exposi\u00e7\u00e3o.<\/li>\n<\/ul>\n<h2 id=\"-three-light-yellow-tone-emotional-healing-scene-adaptation-\"><strong>Tr\u00eas, tom amarelo claro: cura emocional, adapta\u00e7\u00e3o \u00e0 cena<\/strong><\/h2>\n<p>A cor principal do corpo da caixa \u00e9\u00a0<strong>Pantone 13-0647 amarelo margarida claro<\/strong>A cor \u00e9 uma das cores mais utilizadas no mundo, baseada nos resultados da investiga\u00e7\u00e3o em psicologia da cor:<\/p>\n<ul>\n<li><strong>Al\u00edvio da ansiedade<\/strong>: O amarelo de baixa satura\u00e7\u00e3o pode ativar os nervos parassimp\u00e1ticos, reduzir o ritmo card\u00edaco e a press\u00e3o sangu\u00ednea, criar uma atmosfera quente e relaxante e adaptar-se \u00e0s propriedades curativas das velas de aromaterapia.<\/li>\n<li><strong>Aumentar o prazer<\/strong>: Atrav\u00e9s do processo UV local, os efeitos mate e brilhante s\u00e3o sobrepostos para formar uma aur\u00e9ola suave sob a refra\u00e7\u00e3o da luz, o que aumenta a sensa\u00e7\u00e3o de abertura da caixa e o valor emocional dos consumidores.<\/li>\n<\/ul>\n<h2 id=\"-fourth-in-depth-customization-service-accurately-match-brand-needs-\"><strong>Em quarto lugar, servi\u00e7o de personaliza\u00e7\u00e3o em profundidade: corresponde exatamente \u00e0s necessidades da marca<\/strong><\/h2>\n<p>Fornecemos\u00a0<strong>solu\u00e7\u00f5es de personaliza\u00e7\u00e3o de dimens\u00f5es completas<\/strong>:<\/p>\n<ol>\n<li><strong>Especifica\u00e7\u00f5es de tamanho<\/strong>: permite qualquer ajuste de tamanho, compat\u00edvel com recipientes de velas colunares e de formato especial.<\/li>\n<li><strong>Combina\u00e7\u00e3o de processos<\/strong>: estampagem a quente\/prata opcional, escava\u00e7\u00e3o a laser, grava\u00e7\u00e3o em relevo, UV local e outros mais de 20 processos, suporte para incorpora\u00e7\u00e3o personalizada do LOGOTIPO da marca.<\/li>\n<li><strong>Colabora\u00e7\u00e3o na conce\u00e7\u00e3o<\/strong>: renderiza\u00e7\u00f5es 3D gratuitas e prova f\u00edsica (3 dias \u00fateis), apoio ao ajuste inteligente de cores e otimiza\u00e7\u00e3o estrutural da IA, para garantir zero erros entre o projeto de design e o produto acabado.<\/li>\n<\/ol>\n<h2 id=\"-five-seismic-lining-system-precise-protection-zero-error-adaptation-\"><strong>Cinco, sistema de revestimento s\u00edsmico: prote\u00e7\u00e3o precisa, adapta\u00e7\u00e3o sem erros<\/strong><\/h2>\n<p>O forro adopta\u00a0<strong>Esponja EVA e estrutura composta de papel ondulado<\/strong>e consegue uma prote\u00e7\u00e3o completa atrav\u00e9s das seguintes tecnologias:<\/p>\n<ul>\n<li><strong>Mapeamento a laser<\/strong>O sistema de corte de revestimento \u00e9 gerado automaticamente, de acordo com os dados do modelo 3D da vela fornecidos pelo cliente, e o erro \u00e9 controlado dentro de \u00b10,2 mm.<\/li>\n<li><strong>Conce\u00e7\u00e3o modular<\/strong>: O forro amov\u00edvel permite a coloca\u00e7\u00e3o de v\u00e1rias velas, adequado para caixas de oferta de f\u00e9rias, conjuntos de produtos em s\u00e9rie e outros cen\u00e1rios.<\/li>\n<li><strong>Ensaio de resist\u00eancia ao impacto<\/strong>: Ap\u00f3s o teste de transporte simulado padr\u00e3o ISTA 3A, ele pode suportar uma queda de 50 cm e um ciclo de temperatura e umidade de -20 \u2103 a 60 \u2103, e a taxa de quebra \u00e9 inferior a 0,1%.<\/li>\n<\/ul>\n<h2 id=\"-six-smart-manufacturing-strength-and-delivery-guarantee-\"><strong>Seis, for\u00e7a de fabrico inteligente e garantia de entrega<\/strong><\/h2>\n<ul>\n<li><strong>Garantia de capacidade<\/strong>: Equipado com 20 linhas de produ\u00e7\u00e3o totalmente automatizadas, transporte de material AGV integrado e sistema de programa\u00e7\u00e3o inteligente MES, com uma capacidade de produ\u00e7\u00e3o di\u00e1ria de\u00a0<strong>1 milh\u00e3o de pe\u00e7as<\/strong>, que suporta encomendas urgentes de 72 horas.<\/li>\n<li><strong>Integra\u00e7\u00e3o da cadeia de abastecimento<\/strong>: Estabelecer uma coopera\u00e7\u00e3o estrat\u00e9gica com os principais grupos de papel, como a Jiaxing Saitao New Materials, para garantir que as mat\u00e9rias-primas para papel especial sejam fornecidas diretamente no prazo de 48 horas e que o custo seja 15% inferior ao pre\u00e7o de mercado.<\/li>\n<\/ul>\n<h2 id=\"-seven-16-years-of-experience-endorsement-one-stop-service-\"><strong>Sete, 16 anos de experi\u00eancia, aprova\u00e7\u00e3o, servi\u00e7o de balc\u00e3o \u00fanico<\/strong><\/h2>\n<p>Como um fabricante profissional com 16 anos de experi\u00eancia na ind\u00fastria de embalagens, n\u00f3s fornecemos:<\/p>\n<ul>\n<li><strong>Servi\u00e7o de processo completo<\/strong>: Desde a conce\u00e7\u00e3o estrutural, sele\u00e7\u00e3o de materiais, verifica\u00e7\u00e3o de provas at\u00e9 \u00e0 produ\u00e7\u00e3o em massa, uma equipa de projeto dedicada 7\u00d724 horas acompanha todo o processo.<\/li>\n<li><strong>Solu\u00e7\u00f5es para o sector<\/strong>: Para o com\u00e9rcio eletr\u00f3nico, a log\u00edstica transfronteiri\u00e7a, a venda a retalho de alta gama e outros cen\u00e1rios, fornecemos m\u00f3dulos de valor acrescentado, como o revestimento \u00e0 prova de humidade (opcional), fivelas magn\u00e9ticas antirroubo e etiquetas RFID.<\/li>\n<li><strong>Desenvolvimento sustent\u00e1vel<\/strong>: Atrav\u00e9s do papel ecol\u00f3gico certificado pelo FSC e da impress\u00e3o com tinta \u00e0 base de \u00e1gua, a pegada de carbono \u00e9 reduzida em 40%, ajudando a melhorar o valor ESG da marca.<\/li>\n<\/ul>","protected":false},"excerpt":{"rendered":"<p>1. A tampa superior e inferior da caixa \u00e9 composta por duas partes, sem estrutura complexa, com elevada taxa de utiliza\u00e7\u00e3o de material e processo de produ\u00e7\u00e3o simples<br \/>\n2. Material de papel especial com linhas de textura especial, com um aspeto luxuoso e de alta qualidade, e que melhora o efeito da marca<br \/>\n3. Toda a caixa adopta a cor amarela clara para aliviar a ansiedade, aumentar o prazer e criar uma atmosfera quente e relaxante<br \/>\n4. Podemos personalizar a produ\u00e7\u00e3o de caixas de embalagem para si, de acordo com o estilo \u00fanico e as necessidades da sua marca, abrangendo todos os aspectos de pormenor, como as especifica\u00e7\u00f5es de tamanho e o processo de produ\u00e7\u00e3o, para garantir que satisfaz plenamente as suas expectativas<\/p>","protected":false},"featured_media":9772,"template":"","meta":[],"product_brand":[],"product_cat":[30,416,425,31],"product_tag":[1270,468,1271],"class_list":{"0":"post-9782","1":"product","2":"type-product","3":"status-publish","4":"has-post-thumbnail","6":"product_cat-by-industry","7":"product_cat-custom-candle-boxes","8":"product_cat-lid-and-base-gift-box","9":"product_cat-paper-box-style","10":"product_tag-candle-gift-boxes","11":"product_tag-custom-candle-packaging","12":"product_tag-wholesale-candle-packaging-boxes","14":"first","15":"instock","16":"shipping-taxable","17":"product-type-grouped"},"_links":{"self":[{"href":"https:\/\/zojopackaging.com\/pt\/wp-json\/wp\/v2\/product\/9782","targetHints":{"allow":["GET"]}}],"collection":[{"href":"https:\/\/zojopackaging.com\/pt\/wp-json\/wp\/v2\/product"}],"about":[{"href":"https:\/\/zojopackaging.com\/pt\/wp-json\/wp\/v2\/types\/product"}],"version-history":[{"count":1,"href":"https:\/\/zojopackaging.com\/pt\/wp-json\/wp\/v2\/product\/9782\/revisions"}],"predecessor-version":[{"id":9783,"href":"https:\/\/zojopackaging.com\/pt\/wp-json\/wp\/v2\/product\/9782\/revisions\/9783"}],"wp:featuredmedia":[{"embeddable":true,"href":"https:\/\/zojopackaging.com\/pt\/wp-json\/wp\/v2\/media\/9772"}],"wp:attachment":[{"href":"https:\/\/zojopackaging.com\/pt\/wp-json\/wp\/v2\/media?parent=9782"}],"wp:term":[{"taxonomy":"product_brand","embeddable":true,"href":"https:\/\/zojopackaging.com\/pt\/wp-json\/wp\/v2\/product_brand?post=9782"},{"taxonomy":"product_cat","embeddable":true,"href":"https:\/\/zojopackaging.com\/pt\/wp-json\/wp\/v2\/product_cat?post=9782"},{"taxonomy":"product_tag","embeddable":true,"href":"https:\/\/zojopackaging.com\/pt\/wp-json\/wp\/v2\/product_tag?post=9782"}],"curies":[{"name":"wp","href":"https:\/\/api.w.org\/{rel}","templated":true}]}}