{"id":9784,"date":"2025-04-03T20:30:33","date_gmt":"2025-04-03T12:30:33","guid":{"rendered":"https:\/\/zojopackaging.com\/?post_type=product&#038;p=9784"},"modified":"2025-04-03T20:55:40","modified_gmt":"2025-04-03T12:55:40","slug":"round-candle-cylinder-paper-tube-packaging-box-container","status":"publish","type":"product","link":"https:\/\/zojopackaging.com\/pt\/product\/round-candle-cylinder-paper-tube-packaging-box-container\/","title":{"rendered":"Cilindro de vela redondo Tubo de papel Caixa de embalagem Contentor"},"content":{"rendered":"<h2 id=\"-2-high-density-environmentally-friendly-materials-fully-protecting-sensitive-items-\"><strong>1. Materiais ecol\u00f3gicos de alta densidade, que protegem totalmente os artigos sens\u00edveis<\/strong><\/h2>\n<p>A caixa cil\u00edndrica utiliza cart\u00e3o ecol\u00f3gico de alta densidade, que possui dureza e resist\u00eancia. Pode suportar mais de 1 kg e \u00e9 adequada para artigos fr\u00e1geis, como velas, sabonetes e frascos de perfume. O material foi aprovado na certifica\u00e7\u00e3o ambiental REACH da UE, n\u00e3o cont\u00e9m plastificantes nem produtos qu\u00edmicos nocivos e tem propriedades \u00e0 prova de humidade (pel\u00edcula mate ou revestimento UV na superf\u00edcie) para evitar que os cosm\u00e9ticos se deteriorem devido \u00e0 humidade. A parede interior pode ser opcionalmente equipada com um revestimento de pl\u00e1stico de qualidade alimentar ou de papel reciclado para satisfazer as necessidades de seguran\u00e7a de diferentes produtos.<\/p>\n<h2 id=\"-3-off-white-low-saturation-design-in-line-with-environmental-protection-trends-\"><strong>2. Design de baixa satura\u00e7\u00e3o em branco, em conformidade com as tend\u00eancias de prote\u00e7\u00e3o ambiental<\/strong><\/h2>\n<p>O corpo da caixa adopta a cor original da polpa natural esbranqui\u00e7ada, sem tratamento do processo de branqueamento, e os tons de cor de baixa satura\u00e7\u00e3o transmitem conceitos de marca simples e naturais, o que est\u00e1 em conformidade com a tend\u00eancia global de design de embalagens ecol\u00f3gicas. A superf\u00edcie pode ser mate ou com textura de seda, o que reduz a polui\u00e7\u00e3o luminosa e melhora o sentido do tato. Este design foi aplicado a muitas marcas internacionais de aromaterapia e ganhou o pr\u00e9mio \"2024 Green Packaging Innovation Award\".<\/p>\n<h2 id=\"-4-advanced-printing-equipment-to-ensure-customization-accuracy-and-quality-\"><strong>3. Equipamento de impress\u00e3o avan\u00e7ado para garantir a precis\u00e3o e a qualidade da personaliza\u00e7\u00e3o<\/strong><\/h2>\n<p>A f\u00e1brica est\u00e1 equipada com prensas de impress\u00e3o Heidelberg, suportando cores diretas Pantone e impress\u00e3o a quatro cores CMYK, com uma taxa de erro inferior a 0,1 mm, e pode apresentar com precis\u00e3o processos complexos, como gradiente, estampagem a quente e grava\u00e7\u00e3o em relevo. Em combina\u00e7\u00e3o com m\u00e1quinas de corte e vinco totalmente autom\u00e1ticas e equipamento de grava\u00e7\u00e3o a laser, \u00e9 poss\u00edvel realizar tipos de caixas personalizadas, como janelas com formas especiais e padr\u00f5es ocos, como estruturas tipo gaveta e concha. Todos os elos de produ\u00e7\u00e3o passaram a certifica\u00e7\u00e3o do sistema de gest\u00e3o de qualidade ISO 9001 para garantir a consist\u00eancia da ordem do lote.<\/p>\n<h2 id=\"-5-in-depth-brand-customization-to-enhance-the-unboxing-experience-\"><strong>4. Personaliza\u00e7\u00e3o profunda da marca para melhorar a experi\u00eancia de unboxing<\/strong><\/h2>\n<p>Apoiar a implanta\u00e7\u00e3o da marca em todas as suas vertentes, do interior para o exterior:<\/p>\n<ul>\n<li><strong>Personaliza\u00e7\u00e3o do aspeto<\/strong>: A superf\u00edcie da caixa pode ser impressa com o LOGOTIPO do cliente, ilustra\u00e7\u00f5es ou padr\u00f5es de hist\u00f3rias, utilizando tinta de soja amiga do ambiente, e a ader\u00eancia atinge os mais elevados padr\u00f5es da ind\u00fastria.<\/li>\n<li><strong>Personaliza\u00e7\u00e3o da cor<\/strong>: Fornecer mais de 500 n\u00fameros de cores Pantone \u00e0 escolha e apoiar o desenvolvimento de cores diretas com gradiente, como o ouro champanhe, o sistema de cores Morandi, etc.<\/li>\n<li><strong>Personaliza\u00e7\u00e3o de fun\u00e7\u00f5es<\/strong>: fita magn\u00e9tica incorporada, etiqueta destac\u00e1vel ou ranhura para cart\u00e3o com c\u00f3digo QR, para que os consumidores possam identificar rapidamente as informa\u00e7\u00f5es sobre o produto.<\/li>\n<\/ul>\n<h2 id=\"-6-professional-design-team-full-technical-empowerment-\"><strong>5. Equipa de conce\u00e7\u00e3o profissional, plena capacidade t\u00e9cnica<\/strong><\/h2>\n<p>A empresa tem uma equipa de design industrial com mais de 10 anos de experi\u00eancia, fornecendo servi\u00e7os completos desde a modela\u00e7\u00e3o 3D, prova estrutural at\u00e9 \u00e0 produ\u00e7\u00e3o em massa. Os casos t\u00edpicos incluem:<\/p>\n<ul>\n<li><strong>Efeito de relevo tridimensional<\/strong>: A textura 3D da superf\u00edcie da caixa \u00e9 obtida atrav\u00e9s de modela\u00e7\u00e3o digital para melhorar a estratifica\u00e7\u00e3o visual.<\/li>\n<li><strong>Embalagens interactivas inteligentes<\/strong>O c\u00f3digo de rastreabilidade do produto pode ser visualizado atrav\u00e9s da leitura do chip NFC integrado ou do ponto de ativa\u00e7\u00e3o AR. A equipa pode fornecer solu\u00e7\u00f5es de adapta\u00e7\u00e3o no prazo de 48 horas, de acordo com as necessidades do cliente, e apoiar a videoconfer\u00eancia remota para confirmar os detalhes.<\/li>\n<\/ul>\n<h2 id=\"-7-efficient-online-service-full-cycle-order-guarantee-\"><strong>6. Servi\u00e7o em linha eficiente, garantia de encomenda de ciclo completo<\/strong><\/h2>\n<ul>\n<li><strong>Processo inteligente<\/strong>: O s\u00edtio Web oficial permite o carregamento em linha de projectos de design, a cota\u00e7\u00e3o em tempo real e o acompanhamento do progresso da produ\u00e7\u00e3o, e conclui a prova e a entrega no prazo de 48 horas.<\/li>\n<li><strong>Servi\u00e7o p\u00f3s-venda sem preocupa\u00e7\u00f5es<\/strong>: Servi\u00e7o de apoio ao cliente multilingue 24 horas por dia, 7 dias por semana (chin\u00eas\/ingl\u00eas\/espanhol) para resolver problemas como log\u00edstica e altera\u00e7\u00f5es de design, e 10% do montante da encomenda ser\u00e1 compensado por atrasos na entrega.<\/li>\n<li><strong>Encomenda m\u00ednima flex\u00edvel<\/strong>: Encomenda m\u00ednima de 500 unidades, apoio a encomendas experimentais de pequenos lotes e correio direto global (linha dedicada DHL\/FedEx), abrangendo o com\u00e9rcio eletr\u00f3nico transfronteiri\u00e7o e os canais de retalho offline.<\/li>\n<\/ul>","protected":false},"excerpt":{"rendered":"<p>As nossas caixas de tubo de papel adoptam uma estrutura inovadora \u00e0 prova de choque, que dispersa uniformemente a press\u00e3o externa atrav\u00e9s da combina\u00e7\u00e3o de uma camada de suporte anular interna com um material de amortecimento (como esponja EVA ou tabuleiro de papel personalizado). O corpo da caixa \u00e9 feito de um material de tubo de papel r\u00edgido com um design de revestimento em favo de mel para absorver eficazmente o impacto durante o transporte e evitar que a vela se parta ou deforme devido a compress\u00e3o ou colis\u00e3o. Al\u00e9m disso, a tampa e o fundo da caixa adoptam uma estrutura de fivela incorporada para aumentar ainda mais a estabilidade geral e garantir que o conte\u00fado est\u00e1 seguro e intacto num ambiente din\u00e2mico.<\/p>","protected":false},"featured_media":9785,"template":"","meta":[],"product_brand":[],"product_cat":[30,416,31,429],"product_tag":[1272,1274,1273],"class_list":{"0":"post-9784","1":"product","2":"type-product","3":"status-publish","4":"has-post-thumbnail","6":"product_cat-by-industry","7":"product_cat-custom-candle-boxes","8":"product_cat-paper-box-style","9":"product_cat-paper-tube-boxes","10":"product_tag-candle-cylinder-box","11":"product_tag-candle-cylinder-packaging","12":"product_tag-candle-paper-tube-packaging","14":"first","15":"instock","16":"shipping-taxable","17":"product-type-grouped"},"_links":{"self":[{"href":"https:\/\/zojopackaging.com\/pt\/wp-json\/wp\/v2\/product\/9784","targetHints":{"allow":["GET"]}}],"collection":[{"href":"https:\/\/zojopackaging.com\/pt\/wp-json\/wp\/v2\/product"}],"about":[{"href":"https:\/\/zojopackaging.com\/pt\/wp-json\/wp\/v2\/types\/product"}],"version-history":[{"count":1,"href":"https:\/\/zojopackaging.com\/pt\/wp-json\/wp\/v2\/product\/9784\/revisions"}],"predecessor-version":[{"id":9792,"href":"https:\/\/zojopackaging.com\/pt\/wp-json\/wp\/v2\/product\/9784\/revisions\/9792"}],"wp:featuredmedia":[{"embeddable":true,"href":"https:\/\/zojopackaging.com\/pt\/wp-json\/wp\/v2\/media\/9785"}],"wp:attachment":[{"href":"https:\/\/zojopackaging.com\/pt\/wp-json\/wp\/v2\/media?parent=9784"}],"wp:term":[{"taxonomy":"product_brand","embeddable":true,"href":"https:\/\/zojopackaging.com\/pt\/wp-json\/wp\/v2\/product_brand?post=9784"},{"taxonomy":"product_cat","embeddable":true,"href":"https:\/\/zojopackaging.com\/pt\/wp-json\/wp\/v2\/product_cat?post=9784"},{"taxonomy":"product_tag","embeddable":true,"href":"https:\/\/zojopackaging.com\/pt\/wp-json\/wp\/v2\/product_tag?post=9784"}],"curies":[{"name":"wp","href":"https:\/\/api.w.org\/{rel}","templated":true}]}}