{"id":9791,"date":"2025-04-03T20:42:45","date_gmt":"2025-04-03T12:42:45","guid":{"rendered":"https:\/\/zojopackaging.com\/?post_type=product&#038;p=9791"},"modified":"2025-04-03T21:04:16","modified_gmt":"2025-04-03T13:04:16","slug":"custom-festival-dessert-rigid-slider-box-packaging-supplier","status":"publish","type":"product","link":"https:\/\/zojopackaging.com\/pt\/product\/custom-festival-dessert-rigid-slider-box-packaging-supplier\/","title":{"rendered":"Fornecedor de embalagens de caixas deslizantes r\u00edgidas para sobremesas de festivais personalizadas"},"content":{"rendered":"<h3 id=\"-1-minimalist-aesthetics-a-visual-symphony-of-pure-white-and-elegant-tones-\"><strong>1. Est\u00e9tica minimalista: uma sinfonia visual de branco puro e tons elegantes<\/strong><\/h3>\n<p>Com\u00a0<strong>caixa de sobremesa para caf\u00e9 em branco puro<\/strong>\u00a0como a linguagem de conce\u00e7\u00e3o principal,\u00a0<strong>Papel revestido de alto brilho de 157 g<\/strong>\u00a0como material de base, e\u00a0<strong>forro de cart\u00e3o cinzento mate<\/strong>O corpo da caixa \u00e9 um contraste visual de \"exterior puro e interior suave\". As linhas do corpo da caixa adoptam\u00a0<strong>tecnologia de corte por micro-arco<\/strong>\u00a0para eliminar a rigidez dos \u00e2ngulos rectos, e\u00a0<strong>Linhas ultra-finas em relevo de 0,1 mm<\/strong>A caixa \u00e9 um objeto de decora\u00e7\u00e3o, que esconde pormenores requintados na simplicidade. Os tons elegantes das caixas exterior e interior (como o castanho claro e o branco baunilha) s\u00e3o combinados com precis\u00e3o atrav\u00e9s da\u00a0<strong>Sistema de gest\u00e3o de cores Pantone<\/strong>\u00a0para criar uma sensa\u00e7\u00e3o de luxo e de antecipa\u00e7\u00e3o ao abrir a caixa.<\/p>\n<h3 id=\"-2-material-innovation-performance-symphony-of-coated-paper-and-grey-board-\"><strong>2. Inova\u00e7\u00e3o de materiais: Sinfonia de desempenho de papel revestido e cart\u00e3o cinzento<\/strong><\/h3>\n<p>-\u00a0<strong>Substrato da caixa exterior<\/strong>: O papel revestido 157g \u00e9\u00a0<strong>tratado com revestimento UV de dupla face<\/strong>com um aumento de 60% da resist\u00eancia ao atrito e 300 vezes da resist\u00eancia \u00e0 dobragem sem fissura\u00e7\u00e3o;<\/p>\n<p>-\u00a0<strong>Estrutura do revestimento interior<\/strong>: A placa cinzenta de 3 mm de espessura adopta\u00a0<strong>processo de prensagem de cart\u00e3o alveolar<\/strong>com uma resist\u00eancia \u00e0 compress\u00e3o de 8 kg\/cm\u00b2, que pode suportar o empilhamento e o transporte de v\u00e1rias camadas;<\/p>\n<p>-\u00a0<strong>Precis\u00e3o de impress\u00e3o<\/strong>: O\u00a0<strong>Impressora offset UV a 7 cores Heidelberg<\/strong>\u00a0consegue uma reprodu\u00e7\u00e3o de cor de \u0394E\u22641,5, e\u00a0<strong>serigrafia parcial<\/strong>\u00a0\u00e9 utilizado para tornar distintos os tons de caf\u00e9 gradientes.<\/p>\n<h3 id=\"-3-personalization-empowerment-modular-accessories-and-dynamic-design-\"><strong>3. Personaliza\u00e7\u00e3o: acess\u00f3rios modulares e design din\u00e2mico<\/strong><\/h3>\n<p>-\u00a0<strong>Decora\u00e7\u00e3o amov\u00edvel<\/strong>: Fornecer\u00a0<strong>etiqueta magn\u00e9tica para chocolate<\/strong>,\u00a0<strong>inserto de cobertura substitu\u00edvel<\/strong>\u00a0e outros acess\u00f3rios, suporte \u00e0 personaliza\u00e7\u00e3o do LOGOTIPO da marca (tamanho m\u00ednimo de processamento 3mm);<\/p>\n<p>-\u00a0<strong>Estrutura din\u00e2mica<\/strong>: A tampa da caixa tem uma\u00a0<strong>dispositivo de dobradi\u00e7a de mola<\/strong>que faz saltar automaticamente a caixa interior ao abrir e fechar, e est\u00e1 equipada com\u00a0<strong>Inser\u00e7\u00e3o de fita de luz LED<\/strong>\u00a0(opcional) para iluminar o ambiente festivo;<\/p>\n<p>-\u00a0<strong>Adapta\u00e7\u00e3o de cenas<\/strong>: Lan\u00e7ar pacotes de acess\u00f3rios tem\u00e1ticos (como \u00edmanes de bonecos de neve, folha de ouro rosa) para feriados como o Natal e o Dia dos Namorados, para aumentar a sensa\u00e7\u00e3o de ritual festivo.<\/p>\n<h3 id=\"-4-full-link-customization-precise-control-from-concept-to-implementation-\"><strong>4. Personaliza\u00e7\u00e3o total do link: controlo preciso desde o conceito at\u00e9 \u00e0 implementa\u00e7\u00e3o<\/strong><\/h3>\n<p>-\u00a0<strong>Flexibilidade de tamanho<\/strong>Suporte para um m\u00ednimo de 8cm\u00d78cm (caixa de macarr\u00e3o) at\u00e9 um m\u00e1ximo de 30cm\u00d720cm (caixa de bolo de v\u00e1rias camadas), a espessura pode ser personalizada de 0,8-5cm\u00a0<strong>Inova\u00e7\u00e3o estrutural<\/strong>: Desenvolver 12 estruturas deslizantes patenteadas (tais como camadas rotativas, bloqueio magn\u00e9tico da palavra-passe), compat\u00edveis com a coloca\u00e7\u00e3o de sobremesas de formato especial; -\u00a0<strong>Resposta r\u00e1pida<\/strong>: Modela\u00e7\u00e3o e prova 3D completas em 8 horas, e redu\u00e7\u00e3o do ciclo de produ\u00e7\u00e3o em massa para 12-15 dias<\/p>\n<h3 id=\"-5-pull-out-design-a-double-breakthrough-in-ritual-sense-and-practicality-\"><strong>5. Design extra\u00edvel: um duplo avan\u00e7o em termos de sentido ritual e de car\u00e1cter pr\u00e1tico<\/strong><\/h3>\n<p>Adotar\u00a0<strong>sistema de calhas deslizantes silenciosas de tr\u00eas vias<\/strong>\u00a0para obter uma experi\u00eancia de extra\u00e7\u00e3o suave com uma carga de 0,5 kg:<\/p>\n<p>-\u00a0<strong>Estrutura mec\u00e2nica<\/strong>: incorporado\u00a0<strong>rolamento de esferas de a\u00e7o inoxid\u00e1vel<\/strong>, tempos de extra\u00e7\u00e3o \u22655000 vezes sem encravamento;<\/p>\n<p>-\u00a0<strong>Prote\u00e7\u00e3o anti-choque<\/strong>: conjunto\u00a0<strong>Camada interm\u00e9dia em favo de mel em EVA<\/strong>\u00a0na caixa, com uma taxa de absor\u00e7\u00e3o de vibra\u00e7\u00f5es de 90%;<\/p>\n<p>-\u00a0<strong>Surpresa visual<\/strong>: Atrav\u00e9s de\u00a0<strong>design de gaveta de camada dupla<\/strong>A partir do momento em que o produto \u00e9 apresentado em camadas, obt\u00e9m-se o efeito de \"decora\u00e7\u00e3o exposta + produto principal escondido\".<\/p>\n<h3 id=\"-6-expert-team-from-demand-insight-to-solution-implementation-\"><strong>6. Equipa de peritos: da perce\u00e7\u00e3o da procura \u00e0 implementa\u00e7\u00e3o da solu\u00e7\u00e3o<\/strong><\/h3>\n<p>Uma equipa especial composta por 5 designers de embalagens com mais de 10 anos de experi\u00eancia fornece:<\/p>\n<p>-\u00a0<strong>Comunica\u00e7\u00e3o em profundidade<\/strong>: 2 semin\u00e1rios em linha por semana, sincroniza\u00e7\u00e3o em tempo real dos pareceres de altera\u00e7\u00e3o do projeto;<\/p>\n<p>-\u00a0<strong>Sistema de pr\u00e9-visualiza\u00e7\u00e3o 3D<\/strong>: Os clientes podem visualizar o efeito de desdobramento da caixa de oferta atrav\u00e9s da tecnologia AR, apoiando\u00a0<strong>Ajuste de pormenor de 360<\/strong>;<\/p>\n<p>-\u00a0<strong>Prote\u00e7\u00e3o de patentes<\/strong>: Prestar servi\u00e7os de registo de patentes de apar\u00eancia para garantir a exclusividade da solu\u00e7\u00e3o de conce\u00e7\u00e3o (consultar a biblioteca de patentes da caixa de sobremesa).<\/p>\n<h3 id=\"-7-smart-manufacturing-foundation-16-year-factory-s-hard-core-strength-\"><strong>7. Base de fabrico inteligente: 16 anos de for\u00e7a da f\u00e1brica<\/strong><\/h3>\n<p>-\u00a0<strong>Matriz de equipamento<\/strong>: Equipada com 18 equipamentos internacionais, tais como a impressora de cinco cores Manroland R700, a impressora de quatro cores Heidelberg Speedmaster CS92, com uma velocidade de impress\u00e3o de 15.000 folhas\/hora;<\/p>\n<p>-\u00a0<strong>Controlo de processos<\/strong>: Aprovado na certifica\u00e7\u00e3o ISO 9001\/BRCGS, cada lote de produtos \u00e9 submetido a 12 inspec\u00e7\u00f5es de qualidade (diferen\u00e7a de cor\/compress\u00e3o\/teste de queda);<\/p>\n<p>-\u00a0<strong>Garantia de capacidade<\/strong>: Capacidade de produ\u00e7\u00e3o di\u00e1ria de 150.000 pe\u00e7as, apoiando a produ\u00e7\u00e3o em massa de 500 pe\u00e7as a um milh\u00e3o de unidades, e entrega r\u00e1pida de encomendas urgentes 24 horas por dia.<\/p>","protected":false},"excerpt":{"rendered":"<p><strong>ZOJO Print | Especialista em caixas deslizantes r\u00edgidas para sobremesas festivas - Interpretando o sentido do ritual doce com habilidade<\/strong><\/p>\n<p>No cen\u00e1rio dos presentes de Natal, a embalagem n\u00e3o \u00e9 apenas a guardi\u00e3 do produto, mas tamb\u00e9m o meio de transmiss\u00e3o emocional. H\u00e1 16 anos que a ZOJO Print est\u00e1 profundamente envolvida no dom\u00ednio das embalagens topo de gama, concentrando-se na cria\u00e7\u00e3o de solu\u00e7\u00f5es de caixas r\u00edgidas deslizantes com valor est\u00e9tico e funcionalidade para marcas de sobremesas.<\/p>","protected":false},"featured_media":9804,"template":"","meta":[],"product_brand":[],"product_cat":[30,422,31,426],"product_tag":[1277,1275,1276],"class_list":{"0":"post-9791","1":"product","2":"type-product","3":"status-publish","4":"has-post-thumbnail","6":"product_cat-by-industry","7":"product_cat-custom-gourmet-boxes-by-industry","8":"product_cat-paper-box-style","9":"product_cat-paper-drawer-boxes","10":"product_tag-box-packaging-supplier","11":"product_tag-dessert-rigid-slider-box","12":"product_tag-slider-box-packaging","14":"first","15":"instock","16":"shipping-taxable","17":"product-type-simple"},"_links":{"self":[{"href":"https:\/\/zojopackaging.com\/pt\/wp-json\/wp\/v2\/product\/9791","targetHints":{"allow":["GET"]}}],"collection":[{"href":"https:\/\/zojopackaging.com\/pt\/wp-json\/wp\/v2\/product"}],"about":[{"href":"https:\/\/zojopackaging.com\/pt\/wp-json\/wp\/v2\/types\/product"}],"version-history":[{"count":1,"href":"https:\/\/zojopackaging.com\/pt\/wp-json\/wp\/v2\/product\/9791\/revisions"}],"predecessor-version":[{"id":9806,"href":"https:\/\/zojopackaging.com\/pt\/wp-json\/wp\/v2\/product\/9791\/revisions\/9806"}],"wp:featuredmedia":[{"embeddable":true,"href":"https:\/\/zojopackaging.com\/pt\/wp-json\/wp\/v2\/media\/9804"}],"wp:attachment":[{"href":"https:\/\/zojopackaging.com\/pt\/wp-json\/wp\/v2\/media?parent=9791"}],"wp:term":[{"taxonomy":"product_brand","embeddable":true,"href":"https:\/\/zojopackaging.com\/pt\/wp-json\/wp\/v2\/product_brand?post=9791"},{"taxonomy":"product_cat","embeddable":true,"href":"https:\/\/zojopackaging.com\/pt\/wp-json\/wp\/v2\/product_cat?post=9791"},{"taxonomy":"product_tag","embeddable":true,"href":"https:\/\/zojopackaging.com\/pt\/wp-json\/wp\/v2\/product_tag?post=9791"}],"curies":[{"name":"wp","href":"https:\/\/api.w.org\/{rel}","templated":true}]}}