{"id":9793,"date":"2025-04-03T20:55:57","date_gmt":"2025-04-03T12:55:57","guid":{"rendered":"https:\/\/zojopackaging.com\/?post_type=product&#038;p=9793"},"modified":"2025-04-03T21:16:50","modified_gmt":"2025-04-03T13:16:50","slug":"custom-cylinder-perfume-box-paper-tube-packaging-design","status":"publish","type":"product","link":"https:\/\/zojopackaging.com\/pt\/product\/custom-cylinder-perfume-box-paper-tube-packaging-design\/","title":{"rendered":"Caixa de perfume cil\u00edndrica personalizada Design de embalagem de tubo de papel"},"content":{"rendered":"<h2 id=\"-1-innovative-structural-design-upper-and-lower-covers-are-separated-and-safety-protection-is-upgraded-\"><strong>1. Conce\u00e7\u00e3o estrutural inovadora: as coberturas superior e inferior s\u00e3o separadas e a prote\u00e7\u00e3o de seguran\u00e7a \u00e9 melhorada<\/strong><\/h2>\n<p>Esta caixa de perfume cil\u00edndrica adopta uma\u00a0<strong>estrutura separada da tampa superior e inferior<\/strong>. Atrav\u00e9s do design preciso da mordida da tampa da caixa e da caixa inferior, o impacto da for\u00e7a externa durante o transporte \u00e9 uniformemente disperso. O forro \u00e9 feito de EVA ou material de amortecimento de esponja, combinado com o processo franc\u00eas de fundo de caixa de encaixe invertido para garantir que o frasco de perfume est\u00e1 protegido contra esmagamento ou colis\u00e3o durante o transporte. O corpo da caixa utiliza um tubo de cart\u00e3o branco ou de papel kraft ecol\u00f3gico com 1-2 mm de espessura, que tem rigidez e resist\u00eancia \u00e0 compress\u00e3o, e o desempenho da prote\u00e7\u00e3o \u00e9 verificado pelo teste de queda da norma ISO.<\/p>\n<h2 id=\"-2-luxurious-craftsmanship-presentation-hot-stamping-and-silver-stamping-details-highlight-quality-\"><strong>2. Apresenta\u00e7\u00e3o artesanal de luxo: estampagem a quente e estampagem a prata, os pormenores real\u00e7am a qualidade<\/strong><\/h2>\n<p>Adotar\u00a0<strong>tecnologia de estampagem a quente de n\u00edvel nanom\u00e9trico\/estampagem de prata<\/strong>O log\u00f3tipo da marca, o padr\u00e3o ou o micro texto s\u00e3o reproduzidos com precis\u00e3o, com uma resolu\u00e7\u00e3o de at\u00e9 0,1 mm, e o toque tridimensional do brilho met\u00e1lico pode ser apresentado mesmo em textos pequenos ou padr\u00f5es complexos. Combinado com tecnologias de tratamento de superf\u00edcie, como o revestimento UV e a lamina\u00e7\u00e3o mate, melhora a resist\u00eancia ao desgaste e os n\u00edveis de luz e sombra, conferindo \u00e0 embalagem\u00a0<strong>textura ao n\u00edvel da joalharia<\/strong>. Por exemplo, o processo cl\u00e1ssico de estampagem a quente em relevo da Chanel pode ser integrado no design para reproduzir a tens\u00e3o art\u00edstica do estilo barroco.<\/p>\n<h2 id=\"-3-all-round-customization-service-deep-adaptation-from-size-to-brand-genes-\"><strong>3. Servi\u00e7o completo de personaliza\u00e7\u00e3o: adapta\u00e7\u00e3o profunda do tamanho aos genes da marca<\/strong><\/h2>\n<ul>\n<li><strong>Correspond\u00eancia exacta de tamanhos<\/strong>: Obter os dados do frasco de perfume atrav\u00e9s da tecnologia de digitaliza\u00e7\u00e3o 3D e personalizar o corpo da caixa em combina\u00e7\u00e3o com o instrumento de medi\u00e7\u00e3o do desvio do eixo vertical (erro \u2264 0,05 mm) para garantir um espa\u00e7o zero entre o corpo do frasco e o forro.<\/li>\n<li><strong>Sele\u00e7\u00e3o flex\u00edvel de materiais<\/strong>: Fornece papel art\u00edstico de 157 g, papel perolado, papel de cart\u00e3o de ch\u00e1 e outros mais de 10 materiais ecol\u00f3gicos, suporta lamina\u00e7\u00e3o mate\/brilhante, estampagem e outros mais de 20 processos de superf\u00edcie.<\/li>\n<li><strong>Desenho livre de cores e padr\u00f5es<\/strong>: Suporte para impress\u00e3o a cores diretas Pantone, sobreposi\u00e7\u00e3o de cores gradientes, verniz local UV e pode ser integrado com pintura a tinta oriental, desconstru\u00e7\u00e3o geom\u00e9trica e outros estilos, como a s\u00e9rie de ilustra\u00e7\u00f5es de plantas do est\u00fadio DERRICK LIN da Coreia do Sul, transformando a experi\u00eancia de unboxing numa narrativa da marca.<\/li>\n<\/ul>\n<h2 id=\"-4-personalized-creative-extension-fusion-of-accessories-and-functions-\"><strong>4. Extens\u00e3o criativa personalizada: fus\u00e3o de acess\u00f3rios e fun\u00e7\u00f5es<\/strong><\/h2>\n<ul>\n<li><strong>Acess\u00f3rios decorativos<\/strong>: Pode acrescentar elementos como la\u00e7os de fita, pingentes dourados, janelas de acr\u00edlico, etc., como a tampa de garrafa com gradiente de esmalte da caixa Xiangfuer Hongyan, que reflecte um luxo personalizado.<\/li>\n<li><strong>Design multifuncional<\/strong>: A tampa da caixa pode ser integrada com abertura e fecho magn\u00e9ticos, fivelas ocultas ou embutida na \u00e1rea da etiqueta do c\u00f3digo QR para alcan\u00e7ar as fun\u00e7\u00f5es duplas de anti-falsifica\u00e7\u00e3o e marketing interativo.<\/li>\n<\/ul>","protected":false},"excerpt":{"rendered":"<ul>\n<li><strong>Comunica\u00e7\u00e3o completa do processo<\/strong>: Desde a procura at\u00e9 \u00e0 confirma\u00e7\u00e3o da prova, equipados com gestores de projeto e designers exclusivos, apoiando a pr\u00e9-visualiza\u00e7\u00e3o da modela\u00e7\u00e3o 3D e a entrega de amostras f\u00edsicas, para garantir que o design est\u00e1 100% em linha com o tom da marca.<\/li>\n<li><strong>Garantia t\u00e9cnica<\/strong>: Com base no sistema de gest\u00e3o ERP de impress\u00e3o e no equipamento de impress\u00e3o offset de alta precis\u00e3o, podemos obter um controlo de qualidade total desde a conce\u00e7\u00e3o at\u00e9 \u00e0 produ\u00e7\u00e3o, encurtar o ciclo de entrega em 30% e reduzir a taxa de defeitos para menos de 0,5%.<\/li>\n<li><strong>Aprova\u00e7\u00e3o de casos<\/strong>: Servindo mais de 5000 marcas bem conhecidas em todo o mundo, como a caixa de estilo barroco da embalagem da s\u00e9rie Chance Encounter da Chanel e o design oco geom\u00e9trico otomano do designer turco Cansu Merdamert, ambos altamente reconhecidos pelo mercado.<\/li>\n<\/ul>","protected":false},"featured_media":9796,"template":"","meta":[],"product_brand":[],"product_cat":[30,417,31,429],"product_tag":[498,337,1278],"class_list":{"0":"post-9793","1":"product","2":"type-product","3":"status-publish","4":"has-post-thumbnail","6":"product_cat-by-industry","7":"product_cat-custom-perfume-boxes-by-industry","8":"product_cat-paper-box-style","9":"product_cat-paper-tube-boxes","10":"product_tag-custom-perfume-packaging","11":"product_tag-perfume-box","12":"product_tag-perfume-paper-tube","14":"first","15":"instock","16":"shipping-taxable","17":"product-type-grouped"},"_links":{"self":[{"href":"https:\/\/zojopackaging.com\/pt\/wp-json\/wp\/v2\/product\/9793","targetHints":{"allow":["GET"]}}],"collection":[{"href":"https:\/\/zojopackaging.com\/pt\/wp-json\/wp\/v2\/product"}],"about":[{"href":"https:\/\/zojopackaging.com\/pt\/wp-json\/wp\/v2\/types\/product"}],"version-history":[{"count":1,"href":"https:\/\/zojopackaging.com\/pt\/wp-json\/wp\/v2\/product\/9793\/revisions"}],"predecessor-version":[{"id":9814,"href":"https:\/\/zojopackaging.com\/pt\/wp-json\/wp\/v2\/product\/9793\/revisions\/9814"}],"wp:featuredmedia":[{"embeddable":true,"href":"https:\/\/zojopackaging.com\/pt\/wp-json\/wp\/v2\/media\/9796"}],"wp:attachment":[{"href":"https:\/\/zojopackaging.com\/pt\/wp-json\/wp\/v2\/media?parent=9793"}],"wp:term":[{"taxonomy":"product_brand","embeddable":true,"href":"https:\/\/zojopackaging.com\/pt\/wp-json\/wp\/v2\/product_brand?post=9793"},{"taxonomy":"product_cat","embeddable":true,"href":"https:\/\/zojopackaging.com\/pt\/wp-json\/wp\/v2\/product_cat?post=9793"},{"taxonomy":"product_tag","embeddable":true,"href":"https:\/\/zojopackaging.com\/pt\/wp-json\/wp\/v2\/product_tag?post=9793"}],"curies":[{"name":"wp","href":"https:\/\/api.w.org\/{rel}","templated":true}]}}