{"id":9807,"date":"2025-04-03T21:07:55","date_gmt":"2025-04-03T13:07:55","guid":{"rendered":"https:\/\/zojopackaging.com\/?post_type=product&#038;p=9807"},"modified":"2025-04-03T21:19:19","modified_gmt":"2025-04-03T13:19:19","slug":"customized-paper-pre-roll-packaging-drawer-box-manufacturer","status":"publish","type":"product","link":"https:\/\/zojopackaging.com\/pt\/product\/customized-paper-pre-roll-packaging-drawer-box-manufacturer\/","title":{"rendered":"Fabricante de caixa de gaveta para embalagem pr\u00e9-enrolada de papel personalizado"},"content":{"rendered":"<h3 id=\"-1-convenient-pull-out-design-ribbon-slides-open-and-enjoy-\"><strong>1. Design pr\u00e1tico e extra\u00edvel: a fita desliza, abre e desfruta<\/strong><\/h3>\n<p>Adotar\u00a0<strong>sistema de carris deslizantes silenciosos de via dupla<\/strong>A m\u00e1quina de lavar roupa \u00e9 equipada com um dispositivo de tra\u00e7\u00e3o de fita personalizado, que permite uma extra\u00e7\u00e3o r\u00e1pida em 0,3 segundos. Os consumidores n\u00e3o precisam de opera\u00e7\u00f5es complicadas, basta puxar para retirar completamente o produto, e a experi\u00eancia de abertura e fecho \u00e9 suave e tranquila.<\/p>\n<h3 id=\"-2-intelligent-partition-partition-classification-identification-improve-efficiency-\"><strong>2. Parti\u00e7\u00e3o inteligente da parti\u00e7\u00e3o: identifica\u00e7\u00e3o da classifica\u00e7\u00e3o, melhoria da efici\u00eancia<\/strong><\/h3>\n<p>A caixa est\u00e1 equipada com\u00a0<strong>divis\u00f3ria magn\u00e9tica amov\u00edvel<\/strong>que permite a divis\u00e3o livre de 6-12 posi\u00e7\u00f5es independentes. A superf\u00edcie da divis\u00f3ria pode ser impressa com informa\u00e7\u00f5es importantes, como o nome do produto, o teor de THC\/CBD, etc., e com a\u00a0<strong>Processo de grava\u00e7\u00e3o parcial UV<\/strong>O texto \u00e9 claramente identific\u00e1vel. Os consumidores podem localizar rapidamente o produto-alvo de acordo com as suas necessidades, e a efici\u00eancia da compra \u00e9 melhorada em 40%<\/p>\n<h3 id=\"-3-environmentally-friendly-material-performance-symphony-of-coated-paper-gray-board-\"><strong>3. Material amigo do ambiente: Sinfonia de desempenho de papel revestido + cart\u00e3o cinzento<\/strong><\/h3>\n<p>-\u00a0<strong>Substrato da caixa exterior<\/strong>:\u00a0<strong>Papel revestido de 157 g<\/strong>\u00a0\u00e9 selecionado e, ap\u00f3s a lamina\u00e7\u00e3o de dupla face, a resist\u00eancia ao atrito atinge o n\u00edvel 4 (norma ISO 12647) e a resist\u00eancia \u00e0 compress\u00e3o \u00e9 aumentada em 50%;<\/p>\n<p>-\u00a0<strong>Estrutura do revestimento interior<\/strong>:\u00a0<strong>Cart\u00e3o branco 300g + cart\u00e3o cinzento processo composto<\/strong>\u00a0e o desempenho \u00e0 prova de humidade \u00e9 melhorado pelo 70%, mantendo a planura do corpo da caixa;<\/p>\n<p>-\u00a0<strong>Garantia de selagem<\/strong>: A tampa da caixa e o corpo da caixa adoptam uma estrutura de fita para garantir que a selagem cumpre a norma durante o transporte.<\/p>\n<h3 id=\"-4-visual-psychology-brand-expression-in-color-collision-\"><strong>4. Psicologia visual: Express\u00e3o da marca na colis\u00e3o de cores<\/strong><\/h3>\n<p>Com\u00a0<strong>laranja vibrante + verde fresco<\/strong>\u00a0como cor principal, a combina\u00e7\u00e3o contrastante de Pantone 16-1364 TCX (laranja vibrante) e 16-5938 TCX (verde natural) transmite um tom de marca mais jovem e saud\u00e1vel. O forro verde forma um eco visual com o LOGO, e a fita cor-de-rosa \u00e9 o toque final para suavizar o tom geral e criar um ponto de mem\u00f3ria visual de \"vibrante mas elegante\".<\/p>\n<h3 id=\"-5-design-empowerment-precise-implementation-from-concept-to-mass-production-\"><strong>5. Capacita\u00e7\u00e3o em mat\u00e9ria de conce\u00e7\u00e3o: aplica\u00e7\u00e3o precisa desde a conce\u00e7\u00e3o at\u00e9 \u00e0 produ\u00e7\u00e3o em massa<\/strong><\/h3>\n<p>A equipa liderada por 3 designers de embalagens seniores fornece tr\u00eas grandes servi\u00e7os personalizados: -\u00a0<strong>Inova\u00e7\u00e3o estrutural<\/strong>: Desenvolver 12 estruturas de gaveta patenteadas (tais como camadas rotativas, fechos de palavra-passe), compat\u00edveis com produtos de formato especial;<\/p>\n<p>-\u00a0<strong>Otimiza\u00e7\u00e3o interactiva<\/strong>: Incorporar o chip NFC (opcional), ler o c\u00f3digo para obter informa\u00e7\u00f5es sobre a rastreabilidade do produto e hist\u00f3rias da marca;<\/p>\n<p>-\u00a0<strong>Itera\u00e7\u00e3o r\u00e1pida<\/strong>: Suporta a pr\u00e9-visualiza\u00e7\u00e3o em tempo real da modela\u00e7\u00e3o 3D e conclui a confirma\u00e7\u00e3o do plano de conce\u00e7\u00e3o no prazo de 8 horas.<\/p>\n<h3 id=\"-6-smart-manufacturing-system-16-year-factory-hardcore-guarantee-\"><strong>6. Sistema de fabrico inteligente: 16 anos de garantia de f\u00e1brica<\/strong><\/h3>\n<p>-\u00a0<strong>Matriz de equipamento<\/strong>: Equipado com 18 equipamentos internacionais, tais como a m\u00e1quina de impress\u00e3o a cinco cores Manroland R700, a m\u00e1quina de impress\u00e3o offset UV a sete cores Heidelberg, com uma precis\u00e3o de impress\u00e3o de 1200 dpi; -\u00a0<strong>Normas de controlo de qualidade<\/strong>: Aprovado na certifica\u00e7\u00e3o ISO 9001\/BRCGS, cada lote de produtos \u00e9 submetido a 12 inspec\u00e7\u00f5es de qualidade (diferen\u00e7a de cor \u0394E\u22641,5, resist\u00eancia \u00e0 compress\u00e3o \u2265300N); -\u00a0<strong>Configura\u00e7\u00e3o da capacidade<\/strong>: Capacidade de produ\u00e7\u00e3o di\u00e1ria de 200.000 pe\u00e7as, suportando encomendas de 500 pe\u00e7as a produ\u00e7\u00e3o em massa de um milh\u00e3o de unidades, e as encomendas urgentes s\u00e3o entregues no prazo de 24 horas.<\/p>\n<h3 id=\"-7-value-commitment-triple-balance-of-quality-efficiency-and-cost-\"><strong>7. Compromisso de valor: equil\u00edbrio triplo entre qualidade, efici\u00eancia e custo<\/strong><\/h3>\n<p>-\u00a0<strong>Otimiza\u00e7\u00e3o de custos<\/strong>: Adoptando o sistema de composi\u00e7\u00e3o digital, a taxa de perda de material \u00e9 reduzida para menos de 3%, poupando 15% de custos em compara\u00e7\u00e3o com o processo tradicional;<\/p>\n<p>-\u00a0<strong>Resposta \u00e1gil<\/strong>: Sistema log\u00edstico de armaz\u00e9m duplo na China Oriental e na China Meridional, acesso direto de 48 horas a todo o pa\u00eds;<\/p>\n<p>-\u00a0<strong>Servi\u00e7o de longa dura\u00e7\u00e3o<\/strong>: Fornecer gest\u00e3o do ciclo de vida das embalagens, incluindo aviso de invent\u00e1rio, plano de reabastecimento e plano de reciclagem de caixas antigas.<\/p>","protected":false},"excerpt":{"rendered":"<p><strong>ZOJO Print | Especialista em caixa de gaveta de embalagem pr\u00e9-rolamento de papel personalizado - Valoriza\u00e7\u00e3o da marca com design engenhoso<\/strong><\/p>\n<p>No mercado de consumo acelerado, as embalagens de produtos pr\u00e9-enrolados devem n\u00e3o s\u00f3 satisfazer as necessidades funcionais, mas tamb\u00e9m transmitir o tom da marca atrav\u00e9s do design para melhorar a experi\u00eancia do utilizador. A ZOJO Print est\u00e1 profundamente envolvida no campo das embalagens h\u00e1 16 anos, concentrando-se na cria\u00e7\u00e3o de caixas de papel para gavetas de pr\u00e9-rolos com valor pr\u00e1tico e est\u00e9tico para marcas como CBD e cigarros electr\u00f3nicos.<\/p>","protected":false},"featured_media":9811,"template":"","meta":[],"product_brand":[],"product_cat":[30,420,31,426],"product_tag":[1279,1281,1280],"class_list":{"0":"post-9807","1":"product","2":"type-product","3":"status-publish","4":"has-post-thumbnail","6":"product_cat-by-industry","7":"product_cat-custom-cannabis-boxes","8":"product_cat-paper-box-style","9":"product_cat-paper-drawer-boxes","10":"product_tag-customized-paper-pre-roll-packaging","11":"product_tag-pre-roll-packaging","12":"product_tag-pre-roll-packaging-drawer-box","14":"first","15":"instock","16":"shipping-taxable","17":"product-type-simple"},"_links":{"self":[{"href":"https:\/\/zojopackaging.com\/pt\/wp-json\/wp\/v2\/product\/9807","targetHints":{"allow":["GET"]}}],"collection":[{"href":"https:\/\/zojopackaging.com\/pt\/wp-json\/wp\/v2\/product"}],"about":[{"href":"https:\/\/zojopackaging.com\/pt\/wp-json\/wp\/v2\/types\/product"}],"version-history":[{"count":1,"href":"https:\/\/zojopackaging.com\/pt\/wp-json\/wp\/v2\/product\/9807\/revisions"}],"predecessor-version":[{"id":9822,"href":"https:\/\/zojopackaging.com\/pt\/wp-json\/wp\/v2\/product\/9807\/revisions\/9822"}],"wp:featuredmedia":[{"embeddable":true,"href":"https:\/\/zojopackaging.com\/pt\/wp-json\/wp\/v2\/media\/9811"}],"wp:attachment":[{"href":"https:\/\/zojopackaging.com\/pt\/wp-json\/wp\/v2\/media?parent=9807"}],"wp:term":[{"taxonomy":"product_brand","embeddable":true,"href":"https:\/\/zojopackaging.com\/pt\/wp-json\/wp\/v2\/product_brand?post=9807"},{"taxonomy":"product_cat","embeddable":true,"href":"https:\/\/zojopackaging.com\/pt\/wp-json\/wp\/v2\/product_cat?post=9807"},{"taxonomy":"product_tag","embeddable":true,"href":"https:\/\/zojopackaging.com\/pt\/wp-json\/wp\/v2\/product_tag?post=9807"}],"curies":[{"name":"wp","href":"https:\/\/api.w.org\/{rel}","templated":true}]}}