{"id":9815,"date":"2025-04-03T21:17:05","date_gmt":"2025-04-03T13:17:05","guid":{"rendered":"https:\/\/zojopackaging.com\/?post_type=product&#038;p=9815"},"modified":"2025-04-03T21:31:58","modified_gmt":"2025-04-03T13:31:58","slug":"wholesale-custom-luxury-watch-case-box-supplier-with-insert","status":"publish","type":"product","link":"https:\/\/zojopackaging.com\/pt\/product\/wholesale-custom-luxury-watch-case-box-supplier-with-insert\/","title":{"rendered":"Fornecedor de caixa de rel\u00f3gio de luxo personalizada por atacado com inser\u00e7\u00e3o"},"content":{"rendered":"<h2 id=\"-1-combination-of-design-aesthetics-and-functionality-blue-white-and-gray-luxury-drawer-box-\"><strong>1. Combina\u00e7\u00e3o de design est\u00e9tico e funcionalidade: caixa de gavetas de luxo azul, branca e cinzenta<\/strong><\/h2>\n<p>Este produto adopta a combina\u00e7\u00e3o cl\u00e1ssica de cores azul, branco e cinzento, com tons elegantes e constantes. Com um design de estrutura tipo gaveta, \u00e9 conveniente para a exposi\u00e7\u00e3o do produto e pode melhorar a sensa\u00e7\u00e3o de cerim\u00f3nia de abertura e fecho. A superf\u00edcie do corpo da caixa adopta o processo de lamina\u00e7\u00e3o em papel revestido de alto brilho (157 GSM), que tem um toque delicado e \u00e9 combinado com estampagem a quente\/log\u00f3tipo da marca em prata ou personaliza\u00e7\u00e3o do LOGO para real\u00e7ar o luxo e o requinte. A calha da gaveta adopta um design de suc\u00e7\u00e3o magn\u00e9tica oculta para garantir uma abertura e um fecho suaves, evitando o risco de desgaste das ferragens tradicionais.<\/p>\n<h2 id=\"-2-high-hardness-compression-resistant-structure-1200-gsm-gray-board-coated-paper-composite-process-\"><strong>2. Estrutura resistente \u00e0 compress\u00e3o de alta dureza: 1200 GSM cart\u00e3o cinzento + processo composto de papel de arte revestido<\/strong><\/h2>\n<p>O corpo da caixa utiliza cart\u00e3o cinzento de alta densidade de 1200 GSM como material de base, e a camada exterior \u00e9 composta por papel art\u00edstico revestido de 157 GSM, e uma estrutura de caixa forte \u00e9 formada por um processo de prensagem a alta temperatura. O interior \u00e9 suportado por cart\u00e3o alveolar ou nervuras de refor\u00e7o em EVA, com uma resist\u00eancia \u00e0 compress\u00e3o superior a 50 kg, o que permite resistir eficazmente \u00e0 extrus\u00e3o e \u00e0 colis\u00e3o durante o transporte. O design da tampa superior e inferior ou da caixa em forma de livro melhora ainda mais o desempenho da veda\u00e7\u00e3o e \u00e9 adequado para o transporte de longa dist\u00e2ncia, como o transporte mar\u00edtimo e a\u00e9reo.<\/p>\n<h2 id=\"-3-exclusive-die-cut-lining-precision-protection-and-brand-display-\"><strong>3. Forro exclusivo cortado: prote\u00e7\u00e3o de precis\u00e3o e exposi\u00e7\u00e3o da marca<\/strong><\/h2>\n<p>O forro \u00e9 feito de esponja de alta densidade ou flanela ecol\u00f3gica, que \u00e9 cortada com precis\u00e3o por moldes de controlo num\u00e9rico CNC para se adaptar perfeitamente aos contornos dos rel\u00f3gios e acess\u00f3rios (como braceletes, ferramentas, etc.). A estrutura em camadas pode ser concebida de acordo com as necessidades do cliente:<\/p>\n<ul>\n<li><strong>Camada superior<\/strong>: \u00e1rea de visualiza\u00e7\u00e3o, com um suporte em acr\u00edlico transparente para fixar o rel\u00f3gio, visibilidade de 360\u00b0;<\/li>\n<li><strong>Camada interm\u00e9dia<\/strong>Compartimento para acess\u00f3rios do tipo gaveta, arruma\u00e7\u00e3o separada de correias, cart\u00f5es de garantia, etc;<\/li>\n<li><strong>Camada inferior<\/strong>camada amortecedora \u00e0 prova de choque, espuma viscoel\u00e1stica ou EVA flocada \u00e9 utilizada para evitar as vibra\u00e7\u00f5es.<\/li>\n<\/ul>\n<h2 id=\"-4-one-stop-service-for-foreign-trade-experience-and-efficiency-guarantee-\"><strong>4. Servi\u00e7o de balc\u00e3o \u00fanico para o com\u00e9rcio externo: experi\u00eancia e garantia de efici\u00eancia<\/strong><\/h2>\n<p>A equipa est\u00e1 profundamente envolvida no dom\u00ednio das embalagens de com\u00e9rcio externo h\u00e1 16 anos e est\u00e1 familiarizada com as normas de mercado na Europa, nos Estados Unidos, no M\u00e9dio Oriente e noutros pa\u00edses (tais como a certifica\u00e7\u00e3o FSC, os requisitos de prote\u00e7\u00e3o ambiental REACH), prestando um servi\u00e7o completo desde a conce\u00e7\u00e3o, a prova, a produ\u00e7\u00e3o e a log\u00edstica:<\/p>\n<ul>\n<li><strong>Apoio \u00e0 conce\u00e7\u00e3o<\/strong>: Renderiza\u00e7\u00f5es 3D e amostras de materiais gratuitas;<\/li>\n<li><strong>Ciclo de produ\u00e7\u00e3o<\/strong>: As amostras s\u00e3o entregues em 2-3 dias e as grandes quantidades em 7-114 dias (a entrega acelerada \u00e9 suportada);<\/li>\n<li><strong>Solu\u00e7\u00e3o log\u00edstica<\/strong>: As condi\u00e7\u00f5es DDP\/DAP podem ser fornecidas, integrando a declara\u00e7\u00e3o aduaneira e a entrega em armaz\u00e9m no estrangeiro.<\/li>\n<\/ul>\n<h2 id=\"-5-advantages-of-the-source-factory-automated-production-capacity-and-cost-optimization-\"><strong>5. Vantagens da f\u00e1brica de origem: capacidade de produ\u00e7\u00e3o automatizada e otimiza\u00e7\u00e3o dos custos<\/strong><\/h2>\n<p>Sendo a f\u00e1brica de origem na regi\u00e3o do Delta do Rio das P\u00e9rolas, na China, possui uma base de produ\u00e7\u00e3o automatizada de 3.000 metros quadrados, equipada com m\u00e1quinas de corte e vinco totalmente autom\u00e1ticas, linhas de impress\u00e3o UV e equipamento de inspe\u00e7\u00e3o de qualidade, atingindo uma capacidade de produ\u00e7\u00e3o di\u00e1ria de 50.000 pe\u00e7as. Atrav\u00e9s de aquisi\u00e7\u00f5es em grande escala (fornecimento direto de mat\u00e9rias-primas, como couro e placas cinzentas) e de uma gest\u00e3o de produ\u00e7\u00e3o racional, o pre\u00e7o \u00e9 15%-20% inferior ao do mercado com a mesma qualidade.<\/p>\n<h2 id=\"-6-deep-customization-capability-brand-personalized-solution-\"><strong>6. Capacidade de personaliza\u00e7\u00e3o profunda: Solu\u00e7\u00e3o personalizada da marca<\/strong><\/h2>\n<p>Suporta a personaliza\u00e7\u00e3o de todas as dimens\u00f5es:<\/p>\n<ul>\n<li><strong>Tamanho<\/strong>: Conce\u00e7\u00e3o flex\u00edvel de um \u00fanico ep\u00edtopo a m\u00faltiplos ep\u00edtopos (4\/6\/8\/10 d\u00edgitos);<\/li>\n<li><strong>Artesanato<\/strong>: Est\u00e3o dispon\u00edveis mais de 20 processos, incluindo estampagem a quente, estampagem em relevo, serigrafia, grava\u00e7\u00e3o a laser, etc;<\/li>\n<li><strong>Fun\u00e7\u00e3o<\/strong>: Chip de dete\u00e7\u00e3o de temperatura e humidade incorporado, etiqueta anti-falsifica\u00e7\u00e3o NFC e outros m\u00f3dulos inteligentes;<\/li>\n<li><strong>Sustentabilidade<\/strong>: Fornecer op\u00e7\u00f5es amigas do ambiente, tais como papel degrad\u00e1vel e couro PU \u00e0 base de plantas.<\/li>\n<\/ul>","protected":false},"excerpt":{"rendered":"<p>As nossas caixas de papel para embalagem de rel\u00f3gios topo de gama adoptam um design de corte geom\u00e9trico desconstrucionista, que sublimam a cerim\u00f3nia de abertura numa experi\u00eancia art\u00edstica. O corpo da caixa \u00e9 cuidadosamente selecionado com um forro de alta qualidade, que suporta a personaliza\u00e7\u00e3o. Cada detalhe conta a hist\u00f3ria exclusiva dos \"coleccionadores de tempo\", redefinindo a \u00e9tica das embalagens de luxo com luxo sustent\u00e1vel e leve.<\/p>","protected":false},"featured_media":9819,"template":"","meta":[],"product_brand":[],"product_cat":[30,413,31,426],"product_tag":[1284,1285,1286],"class_list":{"0":"post-9815","1":"product","2":"type-product","3":"status-publish","4":"has-post-thumbnail","6":"product_cat-by-industry","7":"product_cat-consumer-electronics-boxes","8":"product_cat-paper-box-style","9":"product_cat-paper-drawer-boxes","10":"product_tag-custom-watch-box","11":"product_tag-luxury-watch-case-box","12":"product_tag-watch-box-supplier","14":"first","15":"instock","16":"shipping-taxable","17":"product-type-grouped"},"_links":{"self":[{"href":"https:\/\/zojopackaging.com\/pt\/wp-json\/wp\/v2\/product\/9815","targetHints":{"allow":["GET"]}}],"collection":[{"href":"https:\/\/zojopackaging.com\/pt\/wp-json\/wp\/v2\/product"}],"about":[{"href":"https:\/\/zojopackaging.com\/pt\/wp-json\/wp\/v2\/types\/product"}],"version-history":[{"count":1,"href":"https:\/\/zojopackaging.com\/pt\/wp-json\/wp\/v2\/product\/9815\/revisions"}],"predecessor-version":[{"id":9831,"href":"https:\/\/zojopackaging.com\/pt\/wp-json\/wp\/v2\/product\/9815\/revisions\/9831"}],"wp:featuredmedia":[{"embeddable":true,"href":"https:\/\/zojopackaging.com\/pt\/wp-json\/wp\/v2\/media\/9819"}],"wp:attachment":[{"href":"https:\/\/zojopackaging.com\/pt\/wp-json\/wp\/v2\/media?parent=9815"}],"wp:term":[{"taxonomy":"product_brand","embeddable":true,"href":"https:\/\/zojopackaging.com\/pt\/wp-json\/wp\/v2\/product_brand?post=9815"},{"taxonomy":"product_cat","embeddable":true,"href":"https:\/\/zojopackaging.com\/pt\/wp-json\/wp\/v2\/product_cat?post=9815"},{"taxonomy":"product_tag","embeddable":true,"href":"https:\/\/zojopackaging.com\/pt\/wp-json\/wp\/v2\/product_tag?post=9815"}],"curies":[{"name":"wp","href":"https:\/\/api.w.org\/{rel}","templated":true}]}}