{"id":9832,"date":"2025-04-03T21:32:07","date_gmt":"2025-04-03T13:32:07","guid":{"rendered":"https:\/\/zojopackaging.com\/?post_type=product&#038;p=9832"},"modified":"2025-04-03T21:55:40","modified_gmt":"2025-04-03T13:55:40","slug":"custom-aroma-scented-perfume-reed-diffuser-packaging-box","status":"publish","type":"product","link":"https:\/\/zojopackaging.com\/pt\/product\/custom-aroma-scented-perfume-reed-diffuser-packaging-box\/","title":{"rendered":"Caixa de embalagem personalizada para difusor de palheta de perfume perfumado com aroma"},"content":{"rendered":"<h2 id=\"-1-corporate-strength-and-supply-chain-guarantee-\"><strong>1. Solidez da empresa e garantia da cadeia de abastecimento<\/strong><\/h2>\n<p>Como f\u00e1brica de origem da ind\u00fastria de aromaterapia de rotim da China h\u00e1 16 anos, a nossa empresa tem uma linha de produ\u00e7\u00e3o totalmente autom\u00e1tica e um sistema completo de cadeia de fornecimento, e controla rigorosamente desde a aquisi\u00e7\u00e3o de mat\u00e9rias-primas at\u00e9 \u00e0 entrega do produto acabado. Com a vantagem da produ\u00e7\u00e3o em larga escala, fornecemos solu\u00e7\u00f5es econ\u00f3micas para garantir que a qualidade do produto cumpre as normas internacionais (como a certifica\u00e7\u00e3o ISO), reduzindo simultaneamente os custos para o cliente.<\/p>\n<h2 id=\"-2-flexible-customization-service-\"><strong>2. Servi\u00e7o de personaliza\u00e7\u00e3o flex\u00edvel<\/strong><\/h2>\n<ul>\n<li><strong>Dimens\u00e3o e estrutura<\/strong>: Suporta a personaliza\u00e7\u00e3o do tamanho da caixa de embalagem, adopta o design \"3 em 1 c\u00e9u e terra\", adapta-se perfeitamente aos frascos de perfume e aromaterapia, \u00e9 f\u00e1cil de abrir e fechar e real\u00e7a a textura de alta qualidade.<\/li>\n<li><strong>Cor e design<\/strong>: A cor principal \u00e9 o preto mate, com um log\u00f3tipo da marca gravado a quente, transmitindo um luxo discreto e refor\u00e7ando o tom da marca.<\/li>\n<li><strong>Prote\u00e7\u00e3o do revestimento interior<\/strong>: O forro interior \u00e9 cortado com um molde exclusivo feito de material EVA, que se ajusta exatamente \u00e0 garrafa do difusor de rotim para evitar aban\u00f5es ou deforma\u00e7\u00f5es por extrus\u00e3o durante o transporte.<\/li>\n<\/ul>\n<h2 id=\"-3-packaging-structure-and-material-\"><strong>3. Estrutura e material da embalagem<\/strong><\/h2>\n<ul>\n<li><strong>Material de alta resist\u00eancia<\/strong>: O cart\u00e3o duro ecol\u00f3gico \u00e9 selecionado e a capacidade de carga \u00e9 melhorada atrav\u00e9s da tecnologia composta de v\u00e1rias camadas, que pode suportar a press\u00e3o do transporte de longa dist\u00e2ncia e proteger os produtos internos contra danos.<\/li>\n<li><strong>Projeto pormenorizado<\/strong>: O bordo do corpo da caixa \u00e9 arredondado e tem um toque delicado; a estrutura interna est\u00e1 razoavelmente dividida e pode acomodar v\u00e1rios acess\u00f3rios, como frascos de aromaterapia, rotim e instru\u00e7\u00f5es ao mesmo tempo.<\/li>\n<\/ul>\n<h2 id=\"-4-one-stop-service-for-foreign-trade-\"><strong>4. Servi\u00e7o de balc\u00e3o \u00fanico para o com\u00e9rcio externo<\/strong><\/h2>\n<p>Centrando-se na \u00e1rea do com\u00e9rcio externo, os membros da equipa t\u00eam mais de 10 anos de experi\u00eancia em exporta\u00e7\u00e3o transfronteiri\u00e7a, fornecendo servi\u00e7os de processo completo desde a conce\u00e7\u00e3o, produ\u00e7\u00e3o, log\u00edstica, desalfandegamento, personaliza\u00e7\u00e3o de etiquetas, etc. Apoiar a comunica\u00e7\u00e3o multilingue do servi\u00e7o de apoio ao cliente para garantir uma resposta eficiente \u00e0s necessidades dos clientes.<\/p>","protected":false},"excerpt":{"rendered":"<ul>\n<li>\u200b<strong>Est\u00e9tica elevada:<\/strong>\u00a0O acabamento em preto mate com detalhes em ouro rosa garante um atrativo de prateleira de primeira qualidade.<\/li>\n<li>\u200b<strong>Durabilidade:<\/strong>\u00a0A estrutura refor\u00e7ada protege os frascos difusores fr\u00e1geis durante o transporte.<\/li>\n<li>\u200b<strong>Marca personalizada:<\/strong>\u00a0Op\u00e7\u00f5es de design flex\u00edveis para log\u00f3tipos, cores e inser\u00e7\u00f5es para alinhar com a marca do cliente.<\/li>\n<li>\u200b<strong>Consci\u00eancia ecol\u00f3gica:<\/strong>\u00a0Os materiais sustent\u00e1veis respondem \u00e0s narrativas ecol\u00f3gicas das marcas.<\/li>\n<\/ul>","protected":false},"featured_media":9833,"template":"","meta":[],"product_brand":[],"product_cat":[30,417,425,31],"product_tag":[498,1291,1290],"class_list":{"0":"post-9832","1":"product","2":"type-product","3":"status-publish","4":"has-post-thumbnail","6":"product_cat-by-industry","7":"product_cat-custom-perfume-boxes-by-industry","8":"product_cat-lid-and-base-gift-box","9":"product_cat-paper-box-style","10":"product_tag-custom-perfume-packaging","11":"product_tag-custom-scented-packaging-box","12":"product_tag-reed-diffuser-packaging","14":"first","15":"instock","16":"shipping-taxable","17":"product-type-grouped"},"_links":{"self":[{"href":"https:\/\/zojopackaging.com\/pt\/wp-json\/wp\/v2\/product\/9832","targetHints":{"allow":["GET"]}}],"collection":[{"href":"https:\/\/zojopackaging.com\/pt\/wp-json\/wp\/v2\/product"}],"about":[{"href":"https:\/\/zojopackaging.com\/pt\/wp-json\/wp\/v2\/types\/product"}],"version-history":[{"count":1,"href":"https:\/\/zojopackaging.com\/pt\/wp-json\/wp\/v2\/product\/9832\/revisions"}],"predecessor-version":[{"id":9847,"href":"https:\/\/zojopackaging.com\/pt\/wp-json\/wp\/v2\/product\/9832\/revisions\/9847"}],"wp:featuredmedia":[{"embeddable":true,"href":"https:\/\/zojopackaging.com\/pt\/wp-json\/wp\/v2\/media\/9833"}],"wp:attachment":[{"href":"https:\/\/zojopackaging.com\/pt\/wp-json\/wp\/v2\/media?parent=9832"}],"wp:term":[{"taxonomy":"product_brand","embeddable":true,"href":"https:\/\/zojopackaging.com\/pt\/wp-json\/wp\/v2\/product_brand?post=9832"},{"taxonomy":"product_cat","embeddable":true,"href":"https:\/\/zojopackaging.com\/pt\/wp-json\/wp\/v2\/product_cat?post=9832"},{"taxonomy":"product_tag","embeddable":true,"href":"https:\/\/zojopackaging.com\/pt\/wp-json\/wp\/v2\/product_tag?post=9832"}],"curies":[{"name":"wp","href":"https:\/\/api.w.org\/{rel}","templated":true}]}}