{"id":9839,"date":"2025-04-03T21:33:02","date_gmt":"2025-04-03T13:33:02","guid":{"rendered":"https:\/\/zojopackaging.com\/?post_type=product&#038;p=9839"},"modified":"2025-04-03T21:46:35","modified_gmt":"2025-04-03T13:46:35","slug":"custom-paper-pre-roll-box-slide-drawer-box-for-multipack-cones","status":"publish","type":"product","link":"https:\/\/zojopackaging.com\/pt\/product\/custom-paper-pre-roll-box-slide-drawer-box-for-multipack-cones\/","title":{"rendered":"Caixa de papel pr\u00e9-rolamento personalizada Caixa de gaveta deslizante para cones multipack"},"content":{"rendered":"<h3 id=\"-1-material-innovation-performance-symphony-of-coated-paper-gray-board-\"><strong>1. Inova\u00e7\u00e3o de materiais: Sinfonia de desempenho do papel revestido + cart\u00e3o cinzento<\/strong><\/h3>\n<p>-\u00a0<strong>Material da base da caixa exterior<\/strong>:\u00a0<strong>Papel revestido de 157 g<\/strong>\u00a0\u00e9 selecionado, tratamento de lamina\u00e7\u00e3o de dupla face (mate\/brilhante opcional), a resist\u00eancia ao atrito atinge o n\u00edvel 4 e a resist\u00eancia \u00e0 compress\u00e3o \u00e9 aumentada em 50%;<\/p>\n<p>-\u00a0<strong>Estrutura do revestimento interior<\/strong>:\u00a0<strong>Processo composto de EPE algod\u00e3o p\u00e9rola + cart\u00e3o cinzento<\/strong>\u00a0pode ser utilizado, o desempenho \u00e0 prova de humidade \u00e9 aumentado por 70%, mantendo a planura do corpo da caixa (consulte o processo de produ\u00e7\u00e3o de cart\u00e3o cinzento);<\/p>\n<p>-\u00a0<strong>Certifica\u00e7\u00e3o ambiental<\/strong>: Todos os materiais s\u00e3o certificados pelo FSC e cumprem os regulamentos de embalagem sustent\u00e1vel nos mercados norte-americano e europeu.<\/p>\n<h3 id=\"-2-modular-lining-orderly-storage-of-multiple-cones-\"><strong>2. Revestimento modular: armazenamento ordenado de v\u00e1rios cones<\/strong><\/h3>\n<p>-\u00a0<strong>Divis\u00f3rias amov\u00edveis<\/strong>Suporte para 3-8 compartimentos independentes, personaliz\u00e1veis em diferentes tamanhos (5-15 mm de di\u00e2metro), adequados para todos os tipos de cigarros pr\u00e9-roll;<\/p>\n<p>-\u00a0<strong>Layout din\u00e2mico<\/strong>: A divis\u00f3ria adopta\u00a0<strong>conce\u00e7\u00e3o de rota\u00e7\u00e3o magn\u00e9tica<\/strong>A embalagem \u00e9 um produto de qualidade, que os consumidores podem ver a 360\u00ba, e foi nomeada para o Pr\u00e9mio Internacional de Design de Embalagem;<\/p>\n<h3 id=\"-3-visual-feast-luxurious-collision-of-rose-red-and-bright-yellow-\"><strong>3. Banquete visual: luxuosa colis\u00e3o de vermelho-rosa e amarelo vivo<\/strong><\/h3>\n<p>-\u00a0<strong>Esquema de cores<\/strong>: As cores principais s\u00e3o\u00a0<strong>Pantone 18-2120 TCX (vermelho rosa)<\/strong>\u00a0e\u00a0<strong>15-1050 TCX (amarelo brilhante)<\/strong>e a transi\u00e7\u00e3o de gradiente de 0,1 mm \u00e9 conseguida atrav\u00e9s de uma impress\u00e3o de alta precis\u00e3o de 1200 dpi; -\u00a0<strong>Tecnologia de escultura de precis\u00e3o<\/strong>: local\u00a0<strong>Grava\u00e7\u00e3o UV em relevo + grava\u00e7\u00e3o a laser<\/strong>tornando o padr\u00e3o claro e discern\u00edvel, e o desempenho anti-contrafa\u00e7\u00e3o \u00e9 melhorado em 40%;<\/p>\n<p>-\u00a0<strong>Psicologia visual<\/strong>: A combina\u00e7\u00e3o de cores quentes transmite uma tonalidade de marca sofisticada e vibrante, que est\u00e1 em linha com a tend\u00eancia est\u00e9tica dos consumidores da Gera\u00e7\u00e3o Z.<\/p>\n<h3 id=\"-4-smart-pull-out-double-guarantee-of-convenience-and-safety-\"><strong>4. Extra\u00e7\u00e3o inteligente: dupla garantia de conforto e seguran\u00e7a<\/strong><\/h3>\n<p>-\u00a0<strong>Sistema de calha deslizante silencioso<\/strong>Rolamento de esferas em a\u00e7o inoxid\u00e1vel incorporado, tempos de extra\u00e7\u00e3o \u22655000 vezes sem encravamento, suavidade de abertura e fecho aumentada em 60%;<\/p>\n<p>-\u00a0<strong>Mecanismo de prote\u00e7\u00e3o da crian\u00e7a<\/strong>: adotar\u00a0<strong>design de fivela anti-mistura<\/strong>\u00a0(consulte a norma canadiana CPR), \u00e9 necess\u00e1rio aplicar mais de 5N de for\u00e7a para abrir;<\/p>\n<h3 id=\"-5-child-proof-lock-perfect-balance-between-compliance-and-ease-of-use-\"><strong>5. Fecho de seguran\u00e7a para crian\u00e7as: equil\u00edbrio perfeito entre conformidade e facilidade de utiliza\u00e7\u00e3o<\/strong><\/h3>\n<p>-\u00a0<strong>Desenho patenteado<\/strong>: pode utilizar o\u00a0<strong>fechadura magn\u00e9tica invis\u00edvel<\/strong>A abertura acidental de crian\u00e7as \u00e9 reduzida para menos de 0,1%;<\/p>\n<p>-\u00a0<strong>Desbloqueio r\u00e1pido<\/strong>Dispositivo de mola incorporado, tempo de desbloqueio de apenas 0,3 segundos, em conformidade com as normas de embalagem de seguran\u00e7a para crian\u00e7as da CPSC dos EUA;<\/p>\n<p>-\u00a0<strong>Est\u00e9tica oculta<\/strong>A fechadura e o padr\u00e3o da caixa est\u00e3o perfeitamente integrados para manter a integridade da apar\u00eancia.<\/p>\n<h3 id=\"-6-printing-technology-the-ultimate-expression-of-brand-personality-\"><strong>6. Tecnologia de impress\u00e3o: a express\u00e3o m\u00e1xima da personalidade da marca<\/strong><\/h3>\n<p>-\u00a0<strong>Matriz do processo<\/strong>: -\u00a0<strong>Estampagem a quente<\/strong>: Cart\u00e3o de cor personalizado em ouro rosa \/ ouro champanhe, diferen\u00e7a de cor \u0394E\u22640,8;<\/p>\n<p>-\u00a0<strong>Em relevo<\/strong>: Relevo tridimensional de 0,3 mm, tato como a seda; -\u00a0<strong>Grava\u00e7\u00e3o em relevo UV<\/strong>: tratamento local de realce, resist\u00eancia ao desgaste aumentada em 50%;<\/p>\n<p>-\u00a0<strong>Impress\u00e3o digital<\/strong>: apoio \u00e0 personaliza\u00e7\u00e3o de pequenos lotes (encomenda m\u00ednima de 500 pe\u00e7as), prova de modela\u00e7\u00e3o 3D conclu\u00edda em 8 horas.<\/p>\n<h3 id=\"-7-smart-manufacturing-foundation-16-years-of-industry-experience-\"><strong>7. Base de fabrico inteligente: 16 anos de experi\u00eancia no sector<\/strong><\/h3>\n<p>-\u00a0<strong>Matriz de equipamento<\/strong>: Equipada com 18 equipamentos internacionais, como a impressora de cinco cores Manroland R700 e a impressora offset UV de 7 cores Heidelberg, com uma velocidade de impress\u00e3o de 15.000 folhas\/hora;<\/p>\n<p>-\u00a0<strong>Sistema de controlo da qualidade<\/strong>: Passou a certifica\u00e7\u00e3o ISO 9001\/BRCGS, cada lote de produtos \u00e9 submetido a 12 inspec\u00e7\u00f5es de qualidade (diferen\u00e7a de cor\/compress\u00e3o\/teste de queda); -<\/p>\n<p><strong>Garantia de capacidade<\/strong>: Capacidade de produ\u00e7\u00e3o di\u00e1ria de 200.000 pe\u00e7as, suportando encomendas de 500 pe\u00e7as a produ\u00e7\u00e3o em massa ao n\u00edvel de um milh\u00e3o, e entrega de encomendas urgentes 24 horas por dia.<\/p>","protected":false},"excerpt":{"rendered":"<p><strong>ZOJO Print | Especialista em caixa deslizante de papel pr\u00e9-rolado personalizada - Criando solu\u00e7\u00f5es de exibi\u00e7\u00e3o de alta qualidade para cones de v\u00e1rias embalagens<\/strong><\/p>\n<p>No mercado atual de produtos de CBD e de can\u00e1bis, em r\u00e1pido desenvolvimento, a embalagem n\u00e3o \u00e9 apenas um recipiente para o produto, mas tamb\u00e9m um suporte essencial da imagem da marca e da experi\u00eancia do utilizador. A ZOJO Print est\u00e1 profundamente envolvida no sector h\u00e1 16 anos, centrando-se no fornecimento de solu\u00e7\u00f5es de caixas de gavetas deslizantes que combinam funcionalidade, seguran\u00e7a e valor est\u00e9tico para as marcas de cigarros Pre-roll.<\/p>","protected":false},"featured_media":9842,"template":"","meta":[],"product_brand":[],"product_cat":[30,420,31,426],"product_tag":[1289,1287,1288],"class_list":{"0":"post-9839","1":"product","2":"type-product","3":"status-publish","4":"has-post-thumbnail","6":"product_cat-by-industry","7":"product_cat-custom-cannabis-boxes","8":"product_cat-paper-box-style","9":"product_cat-paper-drawer-boxes","10":"product_tag-drawer-box-for-multipack-cones","11":"product_tag-pre-roll-box","12":"product_tag-roll-box-slide-drawer-box","14":"first","15":"instock","16":"shipping-taxable","17":"product-type-simple"},"_links":{"self":[{"href":"https:\/\/zojopackaging.com\/pt\/wp-json\/wp\/v2\/product\/9839","targetHints":{"allow":["GET"]}}],"collection":[{"href":"https:\/\/zojopackaging.com\/pt\/wp-json\/wp\/v2\/product"}],"about":[{"href":"https:\/\/zojopackaging.com\/pt\/wp-json\/wp\/v2\/types\/product"}],"version-history":[{"count":1,"href":"https:\/\/zojopackaging.com\/pt\/wp-json\/wp\/v2\/product\/9839\/revisions"}],"predecessor-version":[{"id":9846,"href":"https:\/\/zojopackaging.com\/pt\/wp-json\/wp\/v2\/product\/9839\/revisions\/9846"}],"wp:featuredmedia":[{"embeddable":true,"href":"https:\/\/zojopackaging.com\/pt\/wp-json\/wp\/v2\/media\/9842"}],"wp:attachment":[{"href":"https:\/\/zojopackaging.com\/pt\/wp-json\/wp\/v2\/media?parent=9839"}],"wp:term":[{"taxonomy":"product_brand","embeddable":true,"href":"https:\/\/zojopackaging.com\/pt\/wp-json\/wp\/v2\/product_brand?post=9839"},{"taxonomy":"product_cat","embeddable":true,"href":"https:\/\/zojopackaging.com\/pt\/wp-json\/wp\/v2\/product_cat?post=9839"},{"taxonomy":"product_tag","embeddable":true,"href":"https:\/\/zojopackaging.com\/pt\/wp-json\/wp\/v2\/product_tag?post=9839"}],"curies":[{"name":"wp","href":"https:\/\/api.w.org\/{rel}","templated":true}]}}