{"id":9848,"date":"2025-04-03T21:55:53","date_gmt":"2025-04-03T13:55:53","guid":{"rendered":"https:\/\/zojopackaging.com\/?post_type=product&#038;p=9848"},"modified":"2025-04-03T22:09:27","modified_gmt":"2025-04-03T14:09:27","slug":"custom-shampoo-cosmetic-brush-packaging-boxes-with-window","status":"publish","type":"product","link":"https:\/\/zojopackaging.com\/pt\/product\/custom-shampoo-cosmetic-brush-packaging-boxes-with-window\/","title":{"rendered":"Caixas personalizadas de embalagem de escova de cosm\u00e9ticos para champ\u00f4 com janela"},"content":{"rendered":"<h2 id=\"-1-all-round-customization-service-precise-matching-of-brand-tone-\"><strong>1. Servi\u00e7o de personaliza\u00e7\u00e3o completo, correspond\u00eancia exacta do tom da marca<\/strong><\/h2>\n<p>Como uma f\u00e1brica de origem chinesa com 16 anos de experi\u00eancia, concentramo-nos em fornecer\u00a0<strong>solu\u00e7\u00f5es de embalagem personalizadas de alta precis\u00e3o<\/strong>\u00a0para clientes globais.<\/p>\n<ul>\n<li><strong>Adapta\u00e7\u00e3o flex\u00edvel do tamanho<\/strong>: Suporta a personaliza\u00e7\u00e3o total da altura, largura e espessura (o erro \u00e9 de apenas 0,1-0,5 mm), correspondendo com precis\u00e3o \u00e0s formas dos produtos, como pinc\u00e9is de maquilhagem e champ\u00f4.<\/li>\n<li><strong>Atualiza\u00e7\u00e3o da personaliza\u00e7\u00e3o visual<\/strong>: Utilizando os n\u00fameros de cores internacionais Pantone para corresponder \u00e0 cor principal da marca, combinados com impress\u00e3o UV, estampagem a quente e outros processos, a \u00e1rea da janela pode ser concebida como acr\u00edlico transparente ou material de PVC amigo do ambiente para apresentar intuitivamente a textura do produto.<\/li>\n<li><strong>V\u00e1rios materiais dispon\u00edveis<\/strong>: Fornecer papel de cobre simples, cart\u00e3o dourado e prateado, cart\u00e3o ondulado recicl\u00e1vel e outros materiais, tendo em conta a prote\u00e7\u00e3o ambiental e os requisitos de toque de alta qualidade.<\/li>\n<\/ul>\n<h2 id=\"-2-pull-out-window-design-both-functional-and-aesthetic-\"><strong>2. Caixas de papel de gaveta com design de janela, tanto funcional como est\u00e9tico<\/strong><\/h2>\n<p><strong>Conce\u00e7\u00e3o estrutural inovadora<\/strong>:<\/p>\n<ul>\n<li><strong>Janela de visualiza\u00e7\u00e3o tridimensional<\/strong>: A posi\u00e7\u00e3o da janela \u00e9 optimizada por c\u00e1lculo mec\u00e2nico para evitar o desgaste das caixas de papel da gaveta, maximizando ao mesmo tempo a visualiza\u00e7\u00e3o dos detalhes do produto (como a qualidade do cabelo do pincel de maquilhagem, o LOGO do corpo do frasco de champ\u00f4).<\/li>\n<li><strong>Experi\u00eancia de tra\u00e7\u00e3o suave<\/strong>: O corpo da caixa adopta uma estrutura de calhas deslizantes de encaixe, que \u00e9 f\u00e1cil de abrir e fechar. O forro interior de r\u00e1fia fixa a posi\u00e7\u00e3o do produto para evitar aban\u00f5es.<\/li>\n<li><strong>Desempenho da prote\u00e7\u00e3o contra compress\u00e3o<\/strong>: A dureza do corpo da caixa \u00e9 1,5 vezes o padr\u00e3o da ind\u00fastria (peso \u2265 300g), e a camada ondulada pode suportar 30kg de press\u00e3o est\u00e1tica para garantir a seguran\u00e7a do transporte.<\/li>\n<\/ul>\n<h2 id=\"-3-environmentally-friendly-lining-and-brand-added-value-enhancement-\"><strong>3. Revestimento amigo do ambiente e aumento do valor acrescentado da marca<\/strong><\/h2>\n<p><strong>Solu\u00e7\u00e3o de revestimento interior<\/strong>:<\/p>\n<ul>\n<li><strong>Camada decorativa de r\u00e1fia<\/strong>: A r\u00e1fia natural tingida \u00e9 selecionada e o desempenho do amortecimento \u00e9 ajustado pela densidade da tecelagem, que tem uma beleza visual natural e uma fun\u00e7\u00e3o \u00e0 prova de choque.<\/li>\n<li><strong>Conce\u00e7\u00e3o da estrutura em camadas<\/strong>: A camada superior de r\u00e1fia fixa o produto e a camada inferior \u00e9 engrossada com esponja EVA (densidade opcional 30-60kg\/m\u00b3) para proteger as partes vulner\u00e1veis (como as cabe\u00e7as das escovas e as tampas das garrafas) de uma forma direcionada.<\/li>\n<\/ul>\n<p><strong>Valoriza\u00e7\u00e3o da marca<\/strong>:<\/p>\n<ul>\n<li>Referindo-se ao conceito est\u00e9tico minimalista da embalagem do champ\u00f4 espanhol Osom, atrav\u00e9s do LOGO em prata quente, do revestimento UV mate e de outros processos, \u00e9 criada uma experi\u00eancia t\u00e1til compar\u00e1vel \u00e0 dos produtos de luxo.<\/li>\n<li>Fornecer\u00a0<strong>ranhura para manual multilingue<\/strong>,\u00a0<strong>slot de hist\u00f3ria da marca<\/strong>\u00a0e outros desenhos de valor acrescentado para melhorar a sensa\u00e7\u00e3o de cerim\u00f3nia de desembalagem.<\/li>\n<\/ul>\n<h2 id=\"-4-supply-chain-advantages-and-foreign-trade-service-guarantees-\"><strong>4. Vantagens da cadeia de abastecimento e garantias dos servi\u00e7os de com\u00e9rcio externo<\/strong><\/h2>\n<p><strong>For\u00e7a de produ\u00e7\u00e3o<\/strong>:<\/p>\n<ul>\n<li><strong>Linha de produ\u00e7\u00e3o totalmente autom\u00e1tica<\/strong>: A oficina sem p\u00f3 de n\u00edvel 100.000 atinge uma capacidade de produ\u00e7\u00e3o di\u00e1ria de 500.000 pe\u00e7as e uma prova ultra-r\u00e1pida de 48 horas.<\/li>\n<li><strong>Controlo dos custos<\/strong>: Aquisi\u00e7\u00e3o em grande escala de mat\u00e9rias-primas como o cart\u00e3o de ouro e prata, o pre\u00e7o \u00e9 20-30% inferior ao do mercado e suporta uma encomenda m\u00ednima de 500 pe\u00e7as.<\/li>\n<\/ul>\n<h2 id=\"-foreign-trade-specialized-services-\"><strong>Servi\u00e7os especializados de com\u00e9rcio externo<\/strong>:<\/h2>\n<ul>\n<li><strong>Apoio \u00e0 conformidade<\/strong>: Familiarizado com as certifica\u00e7\u00f5es europeias e americanas REACH e FSC, e fornecer solu\u00e7\u00f5es de embalagem transfronteiri\u00e7as.<\/li>\n<li><strong>Entrega em balc\u00e3o \u00fanico<\/strong>: Desde a otimiza\u00e7\u00e3o do projeto, passando pela embalagem do transporte mar\u00edtimo at\u00e9 \u00e0 prepara\u00e7\u00e3o dos documentos de desalfandegamento, a tutela de todo o processo reduz a taxa de perdas log\u00edsticas transfronteiri\u00e7as.<\/li>\n<\/ul>","protected":false},"excerpt":{"rendered":"<ul>\n<li>\u200b<strong>Est\u00e9tica Premium:<\/strong>\u00a0Aumenta o valor do produto com padr\u00f5es minimalistas e detalhes em fita.<\/li>\n<li>\u200b<strong>Marca personalizada:<\/strong>\u00a0Adicione log\u00f3tipos, cores e desenhos para uma identidade \u00fanica.<\/li>\n<li>\u200b<strong>Embalagem segura:<\/strong>\u00a0O forro de tecido enrugado protege os artigos fr\u00e1geis durante o transporte.<\/li>\n<li>\u200b<strong>Amigo do ambiente:<\/strong>\u00a0O cart\u00e3o sustent\u00e1vel satisfaz as exig\u00eancias das embalagens ecol\u00f3gicas.<\/li>\n<li>\u200b<strong>Pronto a granel:<\/strong>\u00a0Op\u00e7\u00f5es econ\u00f3micas de venda por grosso com produ\u00e7\u00e3o r\u00e1pida.<\/li>\n<\/ul>","protected":false},"featured_media":9849,"template":"","meta":[],"product_brand":[],"product_cat":[30,390,31,426],"product_tag":[1293,775,1292],"class_list":{"0":"post-9848","1":"product","2":"type-product","3":"status-publish","4":"has-post-thumbnail","6":"product_cat-by-industry","7":"product_cat-custom-cosmetics-boxes","8":"product_cat-paper-box-style","9":"product_cat-paper-drawer-boxes","10":"product_tag-cosmetic-brush-packaging-boxes","11":"product_tag-custom-cosmetic-packaging","12":"product_tag-custom-shampoo-packaging","14":"first","15":"instock","16":"shipping-taxable","17":"product-type-grouped"},"_links":{"self":[{"href":"https:\/\/zojopackaging.com\/pt\/wp-json\/wp\/v2\/product\/9848","targetHints":{"allow":["GET"]}}],"collection":[{"href":"https:\/\/zojopackaging.com\/pt\/wp-json\/wp\/v2\/product"}],"about":[{"href":"https:\/\/zojopackaging.com\/pt\/wp-json\/wp\/v2\/types\/product"}],"version-history":[{"count":1,"href":"https:\/\/zojopackaging.com\/pt\/wp-json\/wp\/v2\/product\/9848\/revisions"}],"predecessor-version":[{"id":9854,"href":"https:\/\/zojopackaging.com\/pt\/wp-json\/wp\/v2\/product\/9848\/revisions\/9854"}],"wp:featuredmedia":[{"embeddable":true,"href":"https:\/\/zojopackaging.com\/pt\/wp-json\/wp\/v2\/media\/9849"}],"wp:attachment":[{"href":"https:\/\/zojopackaging.com\/pt\/wp-json\/wp\/v2\/media?parent=9848"}],"wp:term":[{"taxonomy":"product_brand","embeddable":true,"href":"https:\/\/zojopackaging.com\/pt\/wp-json\/wp\/v2\/product_brand?post=9848"},{"taxonomy":"product_cat","embeddable":true,"href":"https:\/\/zojopackaging.com\/pt\/wp-json\/wp\/v2\/product_cat?post=9848"},{"taxonomy":"product_tag","embeddable":true,"href":"https:\/\/zojopackaging.com\/pt\/wp-json\/wp\/v2\/product_tag?post=9848"}],"curies":[{"name":"wp","href":"https:\/\/api.w.org\/{rel}","templated":true}]}}