{"id":9855,"date":"2025-04-04T00:34:46","date_gmt":"2025-04-03T16:34:46","guid":{"rendered":"https:\/\/zojopackaging.com\/?post_type=product&#038;p=9855"},"modified":"2025-04-04T00:49:48","modified_gmt":"2025-04-03T16:49:48","slug":"custom-pre-roll-multi-packs-joint-packaging-boxes-wholesale","status":"publish","type":"product","link":"https:\/\/zojopackaging.com\/pt\/product\/custom-pre-roll-multi-packs-joint-packaging-boxes-wholesale\/","title":{"rendered":"Caixas de embalagem conjuntas pr\u00e9-enroladas personalizadas com v\u00e1rios pacotes por atacado"},"content":{"rendered":"<h2 id=\"-1-visual-impact-and-aesthetic-design-\"><strong>1. Impacto visual e conce\u00e7\u00e3o est\u00e9tica<\/strong><\/h2>\n<p>Esta caixa de pr\u00e9-rolos de CBD utiliza uma combina\u00e7\u00e3o de cores contrastantes verde e amarelo, combinando cores de elevada satura\u00e7\u00e3o com tecnologia de tratamento de superf\u00edcie mate, que n\u00e3o s\u00f3 mant\u00e9m a vivacidade da cor, como tamb\u00e9m reduz a sensa\u00e7\u00e3o de reflexo atrav\u00e9s da tecnologia de impress\u00e3o de \u00f3leo mate para evitar a fadiga visual. A textura mate transmite uma sensa\u00e7\u00e3o discreta de luxo, formando um foco visual diferenciado na prateleira, atraindo rapidamente a aten\u00e7\u00e3o dos consumidores.<\/p>\n<h2 id=\"-2-material-and-process-guarantee-\"><strong>2. Garantia dos materiais e dos processos<\/strong><\/h2>\n<p>O corpo principal da caixa de embalagem utiliza uma estrutura composta de cart\u00e3o cinzento de alta resist\u00eancia e papel revestido. A camada central de cart\u00e3o cinzento proporciona um suporte de compress\u00e3o e a superf\u00edcie de papel revestido \u00e9 coberta com tinta mate, que tem um toque delicado e \u00e9 resistente ao desgaste e aos riscos. O design extra\u00edvel adopta um processo de corte de precis\u00e3o para garantir que a calha deslizante \u00e9 lisa e dur\u00e1vel e que a experi\u00eancia de abertura e fecho \u00e9 suave. A divis\u00f3ria interna \u00e9 feita de material de cart\u00e3o amigo do ambiente e refor\u00e7ada pela tecnologia de grava\u00e7\u00e3o em relevo. Pode n\u00e3o s\u00f3 separar os cigarros pr\u00e9-enrolados para evitar colis\u00f5es, mas tamb\u00e9m ajustar a disposi\u00e7\u00e3o de forma flex\u00edvel para satisfazer diferentes requisitos de tamanho.<\/p>\n<h2 id=\"-3-functional-structural-design-\"><strong>3. Conce\u00e7\u00e3o estrutural funcional<\/strong><\/h2>\n<ul>\n<li><strong>Arruma\u00e7\u00e3o e acesso c\u00f3modos e extra\u00edveis<\/strong>: O corpo da caixa adopta uma estrutura aninhada de camada dupla e o compartimento incorporado pode ser exposto puxando ligeiramente, o que permite uma opera\u00e7\u00e3o com uma s\u00f3 m\u00e3o e melhora a conveni\u00eancia dos consumidores.<\/li>\n<li><strong>Armazenamento multi-stick e otimiza\u00e7\u00e3o do espa\u00e7o<\/strong>: A caixa \u00e9 dividida por divis\u00f3rias em forma de favo de mel e pode acomodar 10-20 cigarros pr\u00e9-enrolados (a capacidade espec\u00edfica pode ser personalizada), o que poupa espa\u00e7o de armazenamento e \u00e9 f\u00e1cil de transportar.<\/li>\n<\/ul>\n<h2 id=\"-4-in-depth-customized-service-\"><strong>4. Servi\u00e7o personalizado em profundidade<\/strong><\/h2>\n<ul>\n<li><strong>Adapta\u00e7\u00e3o do tamanho e da forma<\/strong>: De acordo com o tamanho do cigarro pr\u00e9-enrolado do cliente (comprimento, di\u00e2metro) e o tom da marca, s\u00e3o fornecidas solu\u00e7\u00f5es de caixas quadradas, rectangulares, de formato especial e outras para corresponder com precis\u00e3o \u00e0s especifica\u00e7\u00f5es do produto.<\/li>\n<li><strong>Solu\u00e7\u00e3o de desenho e impress\u00e3o 3D<\/strong>: A tecnologia de modela\u00e7\u00e3o digital \u00e9 utilizada para gerar renderiza\u00e7\u00f5es de aspeto 3D para apresentar intuitivamente a estrutura da caixa e os efeitos de superf\u00edcie; s\u00e3o fornecidas simultaneamente solu\u00e7\u00f5es de estampagem a quente, superf\u00edcie brilhante parcial UV, relevo em relevo e outros processos de impress\u00e3o para refor\u00e7ar o log\u00f3tipo da marca.<\/li>\n<\/ul>\n<h2 id=\"-5-brand-empowerment-and-production-guarantee-\"><strong>5. Capacita\u00e7\u00e3o da marca e garantia de produ\u00e7\u00e3o<\/strong><\/h2>\n<ul>\n<li><strong>Melhoria da imagem da marca<\/strong>: Atrav\u00e9s da implanta\u00e7\u00e3o de um LOGOTIPO personalizado, da cor da marca e de elementos culturais, a embalagem \u00e9 transformada num meio de publicidade m\u00f3vel para melhorar a mem\u00f3ria da marca por parte dos consumidores.<\/li>\n<li><strong>Capacidade de produ\u00e7\u00e3o em escala<\/strong>: Contando com 16 anos de experi\u00eancia em impress\u00e3o e embalagem e 5.320 metros quadrados de oficinas inteligentes, apoia servi\u00e7os de balc\u00e3o \u00fanico desde a prova de design at\u00e9 \u00e0 produ\u00e7\u00e3o em massa, com uma capacidade de produ\u00e7\u00e3o di\u00e1ria de 180.000 pe\u00e7as, garantindo uma entrega eficiente das encomendas.<\/li>\n<\/ul>\n<h2 id=\"-6-environmental-protection-and-sustainability-\"><strong>6. Prote\u00e7\u00e3o do ambiente e sustentabilidade<\/strong><\/h2>\n<p>A utiliza\u00e7\u00e3o de papel cart\u00e3o cinzento certificado pelo FSC e de tinta mate \u00e0 base de \u00e1gua est\u00e1 em conformidade com a tend\u00eancia das embalagens ecol\u00f3gicas, tendo em conta a durabilidade e a degradabilidade. O design da divis\u00f3ria interna \u00e9 amov\u00edvel e reutiliz\u00e1vel para reduzir o desperd\u00edcio de recursos.<\/p>\n<h2 id=\"-applicable-scenarios-\"><strong>Cen\u00e1rios aplic\u00e1veis<\/strong><\/h2>\n<ul>\n<li><strong>Expositor de terminal de retalho<\/strong>: A textura mate e a combina\u00e7\u00e3o de cores brilhantes s\u00e3o adequadas para lojas de conveni\u00eancia e cenas de prateleiras de lojas especializadas, aumentando o espa\u00e7o premium do produto.<\/li>\n<li><strong>Combina\u00e7\u00e3o de conjuntos de oferta<\/strong>: Suporta o design de camadas de caixas de oferta, emparelhadas com manuais ou acess\u00f3rios da marca, para expandir o mercado de ofertas topo de gama.<\/li>\n<\/ul>\n<h2 id=\"-cooperation-process-\"><strong>Processo de coopera\u00e7\u00e3o<\/strong><\/h2>\n<ol>\n<li>Comunica\u00e7\u00e3o da procura \u2192 2. Modela\u00e7\u00e3o 3D e confirma\u00e7\u00e3o de efeitos \u2192 3. Sele\u00e7\u00e3o de materiais e solu\u00e7\u00f5es de processo \u2192 4. Teste de prova \u2192 5. Produ\u00e7\u00e3o em massa \u2192 6. Inspe\u00e7\u00e3o da qualidade e entrega.<\/li>\n<\/ol>","protected":false},"excerpt":{"rendered":"<p>Atrav\u00e9s do design profissional e da for\u00e7a de produ\u00e7\u00e3o, estamos empenhados em fornecer \u00e0s marcas de CBD solu\u00e7\u00f5es de embalagem que combinam valor est\u00e9tico e fun\u00e7\u00f5es pr\u00e1ticas, ajudando os produtos a destacarem-se no mercado ferozmente competitivo.<\/p>","protected":false},"featured_media":9858,"template":"","meta":[],"product_brand":[],"product_cat":[30,420,31,426],"product_tag":[1294,1295,1281],"class_list":{"0":"post-9855","1":"product","2":"type-product","3":"status-publish","4":"has-post-thumbnail","6":"product_cat-by-industry","7":"product_cat-custom-cannabis-boxes","8":"product_cat-paper-box-style","9":"product_cat-paper-drawer-boxes","10":"product_tag-custom-pre-roll-packaging","11":"product_tag-multi-packs-joint-packaging","12":"product_tag-pre-roll-packaging","14":"first","15":"instock","16":"shipping-taxable","17":"product-type-grouped"},"_links":{"self":[{"href":"https:\/\/zojopackaging.com\/pt\/wp-json\/wp\/v2\/product\/9855","targetHints":{"allow":["GET"]}}],"collection":[{"href":"https:\/\/zojopackaging.com\/pt\/wp-json\/wp\/v2\/product"}],"about":[{"href":"https:\/\/zojopackaging.com\/pt\/wp-json\/wp\/v2\/types\/product"}],"version-history":[{"count":1,"href":"https:\/\/zojopackaging.com\/pt\/wp-json\/wp\/v2\/product\/9855\/revisions"}],"predecessor-version":[{"id":9862,"href":"https:\/\/zojopackaging.com\/pt\/wp-json\/wp\/v2\/product\/9855\/revisions\/9862"}],"wp:featuredmedia":[{"embeddable":true,"href":"https:\/\/zojopackaging.com\/pt\/wp-json\/wp\/v2\/media\/9858"}],"wp:attachment":[{"href":"https:\/\/zojopackaging.com\/pt\/wp-json\/wp\/v2\/media?parent=9855"}],"wp:term":[{"taxonomy":"product_brand","embeddable":true,"href":"https:\/\/zojopackaging.com\/pt\/wp-json\/wp\/v2\/product_brand?post=9855"},{"taxonomy":"product_cat","embeddable":true,"href":"https:\/\/zojopackaging.com\/pt\/wp-json\/wp\/v2\/product_cat?post=9855"},{"taxonomy":"product_tag","embeddable":true,"href":"https:\/\/zojopackaging.com\/pt\/wp-json\/wp\/v2\/product_tag?post=9855"}],"curies":[{"name":"wp","href":"https:\/\/api.w.org\/{rel}","templated":true}]}}