{"id":9863,"date":"2025-04-04T00:50:09","date_gmt":"2025-04-03T16:50:09","guid":{"rendered":"https:\/\/zojopackaging.com\/?post_type=product&#038;p=9863"},"modified":"2025-04-04T00:58:43","modified_gmt":"2025-04-03T16:58:43","slug":"custom-printed-pre-roll-cones-packaging-joint-box-wholesale","status":"publish","type":"product","link":"https:\/\/zojopackaging.com\/pt\/product\/custom-printed-pre-roll-cones-packaging-joint-box-wholesale\/","title":{"rendered":"Caixa comum de embalagem de cones pr\u00e9-rolados impressa personalizada por atacado"},"content":{"rendered":"<h2 id=\"1-sturdy-material-and-high-end-protection-\">1.\u00a0<strong>Material resistente e prote\u00e7\u00e3o de alta qualidade<\/strong><\/h2>\n<p>Esta caixa extra\u00edvel de cones pr\u00e9-enrolados utiliza\u00a0<strong>cart\u00e3o cinzento de alta resist\u00eancia<\/strong>\u00a0como material de embalagem principal, e \u00e9 combinado com\u00a0<strong>papel revestido processo de lamina\u00e7\u00e3o de papel facial<\/strong>que n\u00e3o s\u00f3 assegura a estabilidade estrutural, como tamb\u00e9m confere \u00e0 caixa de embalagem uma textura mate ou brilhante de alta qualidade. O material de cart\u00e3o cinzento tem uma excelente resist\u00eancia \u00e0 compress\u00e3o e ao impacto, o que pode proteger eficazmente os produtos pr\u00e9-enrolados internos de serem espremidos ou deformados durante o transporte e o armazenamento. O papel revestido n\u00e3o s\u00f3 melhora a qualidade visual, como tamb\u00e9m aumenta a impermeabilidade e a capacidade anti-incrustante atrav\u00e9s do processo de lamina\u00e7\u00e3o, prolongando a vida \u00fatil da embalagem.<\/p>\n<h2 id=\"2-minimalist-design-strengthen-brand-recognition-\">2.\u00a0<strong>Design minimalista, refor\u00e7a o reconhecimento da marca<\/strong><\/h2>\n<p>Seguindo o conceito de design \"menos \u00e9 mais\", este produto adopta uma\u00a0<strong>solu\u00e7\u00e3o visual minimalista<\/strong>O design simples evita a sobrecarga de informa\u00e7\u00e3o, permitindo que os consumidores se concentrem no log\u00f3tipo da marca \u00e0 primeira vista e formem uma mem\u00f3ria visual profunda. O design simples evita a sobrecarga de informa\u00e7\u00e3o, permitindo que os consumidores se concentrem no log\u00f3tipo da marca \u00e0 primeira vez e formem uma mem\u00f3ria visual profunda. Por exemplo, o log\u00f3tipo pode escolher uma solu\u00e7\u00e3o monocrom\u00e1tica de alto contraste (como fundo preto mate + log\u00f3tipo prateado brilhante) ou combin\u00e1-la com uma textura anti-falsifica\u00e7\u00e3o a laser para melhorar o reconhecimento.<\/p>\n<h2 id=\"3-automated-production-efficient-cost-reduction-\">3.\u00a0<strong>Produ\u00e7\u00e3o automatizada, redu\u00e7\u00e3o eficiente dos custos<\/strong><\/h2>\n<p>Confiar em\u00a0<strong>linha de produ\u00e7\u00e3o de caixas extra\u00edveis totalmente autom\u00e1tica<\/strong>A nossa empresa \u00e9 uma empresa de produ\u00e7\u00e3o integrada, desde o corte e moldagem at\u00e9 \u00e0 montagem. O equipamento automatizado suporta um funcionamento cont\u00ednuo de 24 horas, com uma capacidade de produ\u00e7\u00e3o di\u00e1ria de\u00a0<strong>5.000-10.000 pe\u00e7as<\/strong>A m\u00e1quina de corte de papel \u00e9 um instrumento de controlo de qualidade, que encurta significativamente o ciclo de entrega (3-5 dias \u00fateis no m\u00e1ximo) e reduz os custos de m\u00e3o de obra. Por exemplo, o bra\u00e7o do rob\u00f4 dobra com precis\u00e3o a estrutura da placa cinzenta e coopera com o sensor fotoel\u00e9trico para calibrar a pista de extra\u00e7\u00e3o para garantir que o erro de suavidade de abertura e fecho de cada produto \u00e9 \u22640,5 mm.<\/p>\n<h2 id=\"4-flexible-customization-and-bulk-discount-\">4.\u00a0<strong>Personaliza\u00e7\u00e3o flex\u00edvel e desconto por volume<\/strong><\/h2>\n<ul>\n<li><strong>Adapta\u00e7\u00e3o do tamanho<\/strong>: Suporta o ajuste personalizado de produtos pr\u00e9-enrolados com um di\u00e2metro de 10-50mm e um comprimento de 70-200mm, e oferece tr\u00eas op\u00e7\u00f5es de caixa: padr\u00e3o, espessada e de formato especial.<\/li>\n<\/ul>\n<h2 id=\"5-3d-visual-design-support-\">5.\u00a0<strong>Apoio ao design visual 3D<\/strong><\/h2>\n<p>A nossa equipa de design fornece\u00a0<strong>Servi\u00e7os de modela\u00e7\u00e3o e renderiza\u00e7\u00e3o 3D<\/strong>que pode gerar representa\u00e7\u00f5es realistas de embalagens em 48 horas, abrangendo a simula\u00e7\u00e3o de materiais (como a textura do cart\u00e3o cinzento, o brilho do papel revestido), a decomposi\u00e7\u00e3o estrutural (mecanismo de extra\u00e7\u00e3o do expositor) e a apresenta\u00e7\u00e3o de cen\u00e1rios (como a apresenta\u00e7\u00e3o em prateleiras, efeito de m\u00e3o). Os clientes podem ajustar os detalhes do design atrav\u00e9s da interface interactiva e pr\u00e9-visualizar o efeito da modifica\u00e7\u00e3o em tempo real para garantir que a solu\u00e7\u00e3o \u00e9 altamente consistente com o tom da marca.<\/p>\n<h2 id=\"6-multi-process-printing-empowers-brand-communication-\">6.\u00a0<strong>A impress\u00e3o multiprocessos potencia a comunica\u00e7\u00e3o da marca<\/strong><\/h2>\n<p>As seguintes tecnologias de impress\u00e3o s\u00e3o utilizadas para melhorar a identidade da marca:<\/p>\n<ul>\n<li><strong>Impress\u00e3o serigr\u00e1fica<\/strong>: adequado para blocos de cores de grandes \u00e1reas e LOGO de alta satura\u00e7\u00e3o, com forte resist\u00eancia ao desgaste;<\/li>\n<li><strong>Estampagem a quente\/estampagem a quente<\/strong>: real\u00e7a a textura met\u00e1lica, adequada para s\u00e9ries topo de gama;<\/li>\n<li><strong>Vidros com prote\u00e7\u00e3o UV local<\/strong>: real\u00e7am as informa\u00e7\u00f5es essenciais e melhoram a estratifica\u00e7\u00e3o t\u00e1til. Todos os processos t\u00eam certifica\u00e7\u00e3o de qualidade ISO 9001 e a diferen\u00e7a de cor \u00e9 controlada \u22645% para garantir a consist\u00eancia dos lotes.<\/li>\n<\/ul>\n<h2 id=\"7-end-to-end-service-worry-free-throughout-\">7.\u00a0<strong>Servi\u00e7o de ponta a ponta, sem preocupa\u00e7\u00f5es<\/strong><\/h2>\n<p>Fornecemos\u00a0<strong>solu\u00e7\u00f5es \u00fanicas<\/strong>O nosso objetivo \u00e9 fornecer uma gama completa de produtos e servi\u00e7os, abrangendo todo o processo de an\u00e1lise da procura, verifica\u00e7\u00e3o da conce\u00e7\u00e3o e entrega da produ\u00e7\u00e3o em massa:<\/p>\n<ul>\n<li><strong>Consulta preliminar<\/strong>: Uma equipa de profissionais avalia as carater\u00edsticas do produto e o seu posicionamento no mercado, e recomenda a melhor estrat\u00e9gia de embalagem;<\/li>\n<li><strong>Controlo da produ\u00e7\u00e3o<\/strong>: Utilizar o sistema MES para monitorizar o progresso da produ\u00e7\u00e3o em tempo real, apoiar a verifica\u00e7\u00e3o de encomendas em linha e a rastreabilidade da qualidade;<\/li>\n<\/ul>","protected":false},"excerpt":{"rendered":"<ul>\n<li><strong>Garantia de qualidade<\/strong>: Passar no teste de compress\u00e3o SGS (capacidade de suporte \u226515kg);<\/li>\n<li><strong>Resposta r\u00e1pida<\/strong>: Servi\u00e7o de apoio ao cliente 24 horas por dia, tratamento r\u00e1pido das encomendas urgentes;<\/li>\n<li><strong>Conformidade ambiental<\/strong>: Os materiais est\u00e3o em conformidade com a certifica\u00e7\u00e3o FSC e suportam um processo de revestimento biodegrad\u00e1vel.<\/li>\n<\/ul>","protected":false},"featured_media":9868,"template":"","meta":[],"product_brand":[],"product_cat":[30,420,31,426],"product_tag":[1296,1298,1297],"class_list":{"0":"post-9863","1":"product","2":"type-product","3":"status-publish","4":"has-post-thumbnail","6":"product_cat-by-industry","7":"product_cat-custom-cannabis-boxes","8":"product_cat-paper-box-style","9":"product_cat-paper-drawer-boxes","10":"product_tag-custom-printed-pre-roll-packaging","11":"product_tag-joint-box-wholesale","12":"product_tag-pre-roll-cones-packaging","14":"first","15":"instock","16":"shipping-taxable","17":"product-type-grouped"},"_links":{"self":[{"href":"https:\/\/zojopackaging.com\/pt\/wp-json\/wp\/v2\/product\/9863","targetHints":{"allow":["GET"]}}],"collection":[{"href":"https:\/\/zojopackaging.com\/pt\/wp-json\/wp\/v2\/product"}],"about":[{"href":"https:\/\/zojopackaging.com\/pt\/wp-json\/wp\/v2\/types\/product"}],"version-history":[{"count":1,"href":"https:\/\/zojopackaging.com\/pt\/wp-json\/wp\/v2\/product\/9863\/revisions"}],"predecessor-version":[{"id":9870,"href":"https:\/\/zojopackaging.com\/pt\/wp-json\/wp\/v2\/product\/9863\/revisions\/9870"}],"wp:featuredmedia":[{"embeddable":true,"href":"https:\/\/zojopackaging.com\/pt\/wp-json\/wp\/v2\/media\/9868"}],"wp:attachment":[{"href":"https:\/\/zojopackaging.com\/pt\/wp-json\/wp\/v2\/media?parent=9863"}],"wp:term":[{"taxonomy":"product_brand","embeddable":true,"href":"https:\/\/zojopackaging.com\/pt\/wp-json\/wp\/v2\/product_brand?post=9863"},{"taxonomy":"product_cat","embeddable":true,"href":"https:\/\/zojopackaging.com\/pt\/wp-json\/wp\/v2\/product_cat?post=9863"},{"taxonomy":"product_tag","embeddable":true,"href":"https:\/\/zojopackaging.com\/pt\/wp-json\/wp\/v2\/product_tag?post=9863"}],"curies":[{"name":"wp","href":"https:\/\/api.w.org\/{rel}","templated":true}]}}