{"id":9871,"date":"2025-04-04T00:59:03","date_gmt":"2025-04-03T16:59:03","guid":{"rendered":"https:\/\/zojopackaging.com\/?post_type=product&#038;p=9871"},"modified":"2025-04-04T09:38:39","modified_gmt":"2025-04-04T01:38:39","slug":"custom-cannabis-pre-roll-joint-paper-packaging-box-wholesale","status":"publish","type":"product","link":"https:\/\/zojopackaging.com\/pt\/product\/custom-cannabis-pre-roll-joint-paper-packaging-box-wholesale\/","title":{"rendered":"Caixa de embalagem de papel comum pr\u00e9-rolamento de cannabis personalizada por atacado"},"content":{"rendered":"<h2 id=\"-1-strong-material-comprehensive-protection-\"><strong>1. Material resistente, prote\u00e7\u00e3o abrangente<\/strong><\/h2>\n<p>A nossa caixa extra\u00edvel de cigarros pr\u00e9-laminados utiliza\u00a0<strong>Papel revestido de alta gramagem de 157 g<\/strong>\u00a0combinado com\u00a0<strong>forro de cart\u00e3o cinzento de alta resist\u00eancia<\/strong>e cria uma estrutura tridimensional atrav\u00e9s de um processo composto para garantir que o produto \u00e9 resistente \u00e0 press\u00e3o, \u00e0s quedas e \u00e0 humidade durante o transporte, armazenamento e utiliza\u00e7\u00e3o. O material de cart\u00e3o cinzento proporciona um suporte adicional, amortece eficazmente o impacto externo, reduz o risco de quebra e mant\u00e9m a caixa leve, tendo em conta a prote\u00e7\u00e3o ambiental e a durabilidade.<\/p>\n<h2 id=\"-2-diversified-structural-and-functional-design-\"><strong>2. Conce\u00e7\u00e3o estrutural e funcional diversificada<\/strong><\/h2>\n<ul>\n<li><strong>Sele\u00e7\u00e3o flex\u00edvel de tamanhos e estilos<\/strong>: Fornece uma variedade de tipos de caixas, tais como quadradas, rectangulares e formas especiais, suporta\u00a0<strong>1-10 embalagens<\/strong>\u00a0e outras especifica\u00e7\u00f5es de capacidade, e adapta-se a diferentes necessidades de produtos de cigarros pr\u00e9-laminados.<\/li>\n<li><strong>Design de encaixe fixo<\/strong>: Built-in ajust\u00e1vel de espuma EVA plug-in ou camada de parti\u00e7\u00e3o de papel\u00e3o ambientalmente amig\u00e1vel para garantir que o cigarro pr\u00e9-enrolado \u00e9 est\u00e1vel e n\u00e3o se desloca durante o transporte para evitar danos de fric\u00e7\u00e3o.<\/li>\n<li><strong>Abertura e fecho port\u00e1teis da extens\u00e3o<\/strong>: Otimizar o amortecimento da estrutura push-pull, melhorar a experi\u00eancia do utilizador e ter em conta a veda\u00e7\u00e3o e a facilidade de utiliza\u00e7\u00e3o.<\/li>\n<\/ul>\n<h2 id=\"-3-high-precision-printing-and-color-performance-\"><strong>3. Impress\u00e3o de alta precis\u00e3o e desempenho de cor<\/strong><\/h2>\n<p>Adotar\u00a0<strong>processo combinado de impress\u00e3o offset + impress\u00e3o digital<\/strong>, apoio\u00a0<strong>Impress\u00e3o a cores CMYK<\/strong>\u00a0e\u00a0<strong>Correspond\u00eancia de cores diretas Pantone (PMS)<\/strong>, alcan\u00e7ar uma reprodu\u00e7\u00e3o de cores \u2265 98%, cumprir requisitos de design complexos, tais como log\u00f3tipos de marcas e padr\u00f5es de gradiente.<\/p>\n<ul>\n<li><strong>Melhoria do efeito met\u00e1lico<\/strong>: opcional\u00a0<strong>estampagem a quente\/prata quente, estampagem de folha met\u00e1lica<\/strong>\u00a0O processo, com efeito laser mate, brilhante ou parcial, melhora o impacto visual da embalagem.<\/li>\n<li><strong>Conce\u00e7\u00e3o de janela oca<\/strong>A caixa de cigarros \u00e9 uma caixa de papel\u00e3o transparente: atrav\u00e9s de um processo preciso de corte e vinco, abre-se uma janela transparente em PET ou acr\u00edlico no corpo da caixa para apresentar intuitivamente os cigarros pr\u00e9-laminados e estimular o desejo de compra.<\/li>\n<\/ul>\n<h2 id=\"-4-surface-treatment-and-functional-coating-\"><strong>4. Tratamento de superf\u00edcie e revestimento funcional<\/strong><\/h2>\n<ul>\n<li><strong>Revestimento de prote\u00e7\u00e3o<\/strong>: oferecem op\u00e7\u00f5es como pel\u00edcula mate, pel\u00edcula brilhante, pel\u00edcula t\u00e1til, etc., melhoram a resist\u00eancia aos riscos e prolongam a vida \u00fatil do ecr\u00e3.<\/li>\n<li><strong>Tecnologia de revestimento amiga do ambiente<\/strong>: adotar um revestimento UV \u00e0 base de \u00e1gua, n\u00e3o t\u00f3xico e inodoro, passar a certifica\u00e7\u00e3o de grau de contacto alimentar da FDA para garantir a seguran\u00e7a do produto.<\/li>\n<\/ul>\n<h2 id=\"-5-one-stop-customization-service-\"><strong>5. Servi\u00e7o de personaliza\u00e7\u00e3o num s\u00f3 local<\/strong><\/h2>\n<ul>\n<li><strong>Conce\u00e7\u00e3o e apoio t\u00e9cnico<\/strong>: Servi\u00e7os gratuitos de modela\u00e7\u00e3o 3D, otimiza\u00e7\u00e3o estrutural e adapta\u00e7\u00e3o da marca VI, apoio \u00e0 pr\u00e9-visualiza\u00e7\u00e3o de amostras digitais AR e redu\u00e7\u00e3o dos custos de prova.<\/li>\n<li><strong>Armazenagem e log\u00edstica inteligentes<\/strong>: Com base no sistema de armazenamento automatizado, realizar a gest\u00e3o integrada da triagem de encomendas, embalagem e transporte, e apoiar\u00a0<strong>7-15 dias de entrega r\u00e1pida<\/strong>\u00a0nos principais mercados mundiais.<\/li>\n<li><strong>Transpar\u00eancia da cadeia de abastecimento<\/strong>: Acompanhar a rastreabilidade das mat\u00e9rias-primas e o progresso da produ\u00e7\u00e3o atrav\u00e9s da tecnologia da Internet das Coisas (IoT) para garantir uma qualidade control\u00e1vel e uma entrega atempada.<\/li>\n<\/ul>\n<h2 id=\"-6-brand-empowerment-and-market-competitiveness-\"><strong>6. Capacita\u00e7\u00e3o da marca e competitividade no mercado<\/strong><\/h2>\n<ul>\n<li><strong>Integra\u00e7\u00e3o de ferramentas de marketing<\/strong>: A caixa da embalagem pode ser integrada com chips NFC ou c\u00f3digos QR para ligar ao s\u00edtio Web oficial da marca e a actividades promocionais para melhorar a intera\u00e7\u00e3o com o consumidor.<\/li>\n<li><strong>Certifica\u00e7\u00e3o ambiental<\/strong>: Fornecer op\u00e7\u00f5es de papel com certifica\u00e7\u00e3o FSC, que est\u00e3o em conformidade com a tend\u00eancia de desenvolvimento sustent\u00e1vel dos mercados europeu e americano e contribuem para o pr\u00e9mio da marca.<\/li>\n<\/ul>\n<h2 id=\"-7-quality-commitment-and-after-sales-guarantee-\"><strong>7. Compromisso de qualidade e garantia p\u00f3s-venda<\/strong><\/h2>\n<ul>\n<li><strong>Processo completo de inspe\u00e7\u00e3o e controlo de qualidade<\/strong>: Desde o armazenamento da mat\u00e9ria-prima at\u00e9 ao envio do produto acabado, implementamos o sistema de gest\u00e3o da qualidade ISO 9001, e a taxa de defeito \u00e9 \u22640,3%.<\/li>\n<li><strong>P\u00f3s-venda sem preocupa\u00e7\u00f5es<\/strong>: Oferecemos indemniza\u00e7\u00e3o por danos, servi\u00e7o de substitui\u00e7\u00e3o de encomendas de emerg\u00eancia e resposta do servi\u00e7o de apoio ao cliente 24 horas por dia para resolver as preocupa\u00e7\u00f5es dos clientes.<\/li>\n<\/ul>","protected":false},"excerpt":{"rendered":"<p>Atrav\u00e9s da integra\u00e7\u00e3o profunda de\u00a0<strong>inova\u00e7\u00e3o de materiais<\/strong>,\u00a0<strong>aperfei\u00e7oamento do processo<\/strong>\u00a0e\u00a0<strong>servi\u00e7o digital<\/strong>As nossas caixas de embalagem de cigarros pr\u00e9-laminados n\u00e3o s\u00f3 satisfazem as necessidades funcionais, como tamb\u00e9m se tornam um suporte alargado do valor da marca. Desde a conce\u00e7\u00e3o at\u00e9 \u00e0 entrega, estamos empenhados em\u00a0<strong>precis\u00e3o de n\u00edvel industrial<\/strong>\u00a0e\u00a0<strong>express\u00e3o art\u00edstica<\/strong>\u00a0para ajudar os seus produtos a destacarem-se no mercado competitivo.<\/p>","protected":false},"featured_media":9876,"template":"","meta":[],"product_brand":[],"product_cat":[30,420,31,426],"product_tag":[1213,1299,1281],"class_list":{"0":"post-9871","1":"product","2":"type-product","3":"status-publish","4":"has-post-thumbnail","6":"product_cat-by-industry","7":"product_cat-custom-cannabis-boxes","8":"product_cat-paper-box-style","9":"product_cat-paper-drawer-boxes","10":"product_tag-custom-pre-roll-boxes","11":"product_tag-pre-roll-joint-boxes","12":"product_tag-pre-roll-packaging","14":"first","15":"instock","16":"shipping-taxable","17":"product-type-grouped"},"_links":{"self":[{"href":"https:\/\/zojopackaging.com\/pt\/wp-json\/wp\/v2\/product\/9871","targetHints":{"allow":["GET"]}}],"collection":[{"href":"https:\/\/zojopackaging.com\/pt\/wp-json\/wp\/v2\/product"}],"about":[{"href":"https:\/\/zojopackaging.com\/pt\/wp-json\/wp\/v2\/types\/product"}],"version-history":[{"count":1,"href":"https:\/\/zojopackaging.com\/pt\/wp-json\/wp\/v2\/product\/9871\/revisions"}],"predecessor-version":[{"id":9879,"href":"https:\/\/zojopackaging.com\/pt\/wp-json\/wp\/v2\/product\/9871\/revisions\/9879"}],"wp:featuredmedia":[{"embeddable":true,"href":"https:\/\/zojopackaging.com\/pt\/wp-json\/wp\/v2\/media\/9876"}],"wp:attachment":[{"href":"https:\/\/zojopackaging.com\/pt\/wp-json\/wp\/v2\/media?parent=9871"}],"wp:term":[{"taxonomy":"product_brand","embeddable":true,"href":"https:\/\/zojopackaging.com\/pt\/wp-json\/wp\/v2\/product_brand?post=9871"},{"taxonomy":"product_cat","embeddable":true,"href":"https:\/\/zojopackaging.com\/pt\/wp-json\/wp\/v2\/product_cat?post=9871"},{"taxonomy":"product_tag","embeddable":true,"href":"https:\/\/zojopackaging.com\/pt\/wp-json\/wp\/v2\/product_tag?post=9871"}],"curies":[{"name":"wp","href":"https:\/\/api.w.org\/{rel}","templated":true}]}}