{"id":9880,"date":"2025-04-04T09:38:51","date_gmt":"2025-04-04T01:38:51","guid":{"rendered":"https:\/\/zojopackaging.com\/?post_type=product&#038;p=9880"},"modified":"2025-04-04T09:47:29","modified_gmt":"2025-04-04T01:47:29","slug":"wholesale-multi-pack-pre-roll-paper-packaging-drawer-boxes","status":"publish","type":"product","link":"https:\/\/zojopackaging.com\/pt\/product\/wholesale-multi-pack-pre-roll-paper-packaging-drawer-boxes\/","title":{"rendered":"Caixas de gaveta de embalagem de papel pr\u00e9-enrolado por atacado com v\u00e1rios pacotes"},"content":{"rendered":"<h2 id=\"pre-rolled-paper-drawer-box-with-multiple-pieces\">Caixas de gaveta de embalagem de papel pr\u00e9-enrolado por atacado com v\u00e1rios pacotes<\/h2>\n<h2 id=\"1-excellent-materials-and-customized-craftsmanship\">1. Excelentes materiais e fabrico artesanal personalizado<\/h2>\n<p>Adoptando uma estrutura composta por papel revestido de 350g e cart\u00e3o cinzento de 1400g, o equipamento de impress\u00e3o alem\u00e3o Roland consegue um controlo de erros de precis\u00e3o de 0,1-0,5 mm. Suporte:<\/p>\n<ul>\n<li><strong>Impress\u00e3o de alta precis\u00e3o<\/strong>: O n\u00famero de cor Pantone \u00e9 restaurado com exatid\u00e3o e o processo local de estampagem UV\/quente pode melhorar a textura da embalagem<\/li>\n<li><strong>Processo composto<\/strong>: \u00c9 poss\u00edvel selecionar pel\u00edcula mate\/ pel\u00edcula brilhante e a precis\u00e3o da linha da faca de corte \u00e9 de \u00b10,05 mm<\/li>\n<li><strong>Certifica\u00e7\u00e3o ambiental<\/strong>: O papel revestido com certifica\u00e7\u00e3o FSC e o cart\u00e3o cinzento reciclado s\u00e3o combinados, o que est\u00e1 em conformidade com a diretiva RoHS da UE<\/li>\n<\/ul>\n<h2 id=\"2-functional-lining-system\">2. Sistema de revestimento funcional<\/h2>\n<p>O forro da gaveta adopta um design segmentado \u00e0 prova de humidade:<\/p>\n<ul>\n<li>Camada superior anti-aderente: Papel de \u00e1cido sulf\u00farico de qualidade alimentar de 0,02 mm, bloqueando a taxa de transmiss\u00e3o de vapor de \u00e1gua \u22643g\/(m\u00b2-24h)<\/li>\n<li>Camada interm\u00e9dia de prote\u00e7\u00e3o: Ranhura cortada em algod\u00e3o p\u00e9rola EPE de 3 mm, adequada para cigarros pr\u00e9-enrolados com um di\u00e2metro de 7-12 mm<\/li>\n<li>Sistema de posicionamento inferior: grelha de posicionamento de grava\u00e7\u00e3o a laser, alcan\u00e7ando uma precis\u00e3o de disposi\u00e7\u00e3o do produto de \u00b10,3 mm<\/li>\n<\/ul>\n<h2 id=\"4-natural-aesthetic-design\">4. Conce\u00e7\u00e3o est\u00e9tica natural<\/h2>\n<p>Desenvolveu os \"tons de terra\" atrav\u00e9s do sistema de cores alem\u00e3o Pantone:<\/p>\n<ul>\n<li><strong>Tecnologia de textura<\/strong>8 tratamentos de superf\u00edcie t\u00e1cteis, como o gr\u00e3o de c\u00e2nhamo bi\u00f3nico\/gr\u00e3o de anel anual\/gr\u00e3o de pedra<\/li>\n<li><strong>Experi\u00eancia de abertura e fecho<\/strong>: Sistema de fecho magn\u00e9tico com um coeficiente de amortecimento de 0,3-0,5N-m<\/li>\n<li><strong>Implanta\u00e7\u00e3o da marca<\/strong>: Suporte para grava\u00e7\u00e3o a laser de c\u00f3digo QR invis\u00edvel (tamanho m\u00ednimo de 0,8\u00d70,8 mm)<\/li>\n<\/ul>\n<h2 id=\"5-full-link-production-management\">5. Gest\u00e3o integral da produ\u00e7\u00e3o<\/h2>\n<p>Contando com a f\u00e1brica inteligente 5320\u33a1 para alcan\u00e7ar:<\/p>\n<ul>\n<li><strong>Linha de produ\u00e7\u00e3o automatizada<\/strong>: Precis\u00e3o do remendo SMT \u00b135\u03bcm, sistema de log\u00edstica AGV com produ\u00e7\u00e3o di\u00e1ria de 100.000 pe\u00e7as<\/li>\n<li><strong>Gest\u00e3o da qualidade<\/strong>: Equipado com detetor de corpos estranhos por raios X e sistema de inspe\u00e7\u00e3o de juntas por balan\u00e7a eletr\u00f3nica (precis\u00e3o \u00b10,1g)<\/li>\n<li><strong>Otimiza\u00e7\u00e3o de custos<\/strong>: Reduzir os custos de armazenamento em 15% atrav\u00e9s da gest\u00e3o de invent\u00e1rio VMI, e taxa de entrega JIT a tempo 99.2%<\/li>\n<\/ul>\n<h2 id=\"6-strategic-packaging-solutions\">6. Solu\u00e7\u00f5es estrat\u00e9gicas de embalagem<\/h2>\n<p>A nossa equipa de especialistas pode fornecer:<\/p>\n<ul>\n<li><strong>Diagn\u00f3stico da marca<\/strong>: Otimizar a din\u00e2mica visual da embalagem com base em testes de rastreio ocular do consumidor<\/li>\n<li><strong>Integra\u00e7\u00e3o da cadeia de abastecimento<\/strong>: Os custos log\u00edsticos da linha dedicada transfronteiri\u00e7a s\u00e3o 22% inferiores aos dos modelos tradicionais<\/li>\n<li><strong>Sistema anti-contrafa\u00e7\u00e3o<\/strong>: Solu\u00e7\u00e3o de implanta\u00e7\u00e3o de chips RFID de encripta\u00e7\u00e3o tripla (dist\u00e2ncia de leitura ajust\u00e1vel de 0-50cm)<\/li>\n<\/ul>\n<h2 id=\"vii-service-commitment\">7. Compromisso de servi\u00e7o<\/h2>\n<ul>\n<li><strong>Resposta r\u00e1pida<\/strong>: Entrega de amostras em 48 horas (suporta prova virtual AR)<\/li>\n<li><strong>Garantia de capacidade de produ\u00e7\u00e3o<\/strong>: Capacidade de produ\u00e7\u00e3o normalizada de 1.000.000 PCS\/dia, canal expedito de 72 horas para encomendas urgentes<\/li>\n<li><strong>Certifica\u00e7\u00e3o ambiental<\/strong>: Aprova\u00e7\u00e3o da certifica\u00e7\u00e3o do sistema de gest\u00e3o ambiental ISO14001, suporta a rastreabilidade da pegada de carbono<\/li>\n<\/ul>","protected":false},"excerpt":{"rendered":"<p>1. As mat\u00e9rias-primas da caixa de papel de gaveta s\u00e3o papel de arte revestido e cart\u00e3o cinzento. Pode confiar nas nossas excelentes especifica\u00e7\u00f5es de materiais. Impress\u00e3o, lamina\u00e7\u00e3o, corte e vinco e outros processos podem ser suportados de acordo com os requisitos do cliente.<br \/>\n2. O forro da caixa extra\u00edvel, estes artigos simples mas essenciais cont\u00eam um encanto e uma comodidade infinitos. Imaginemos uma fila de cigarros pr\u00e9-laminados ordenadamente dispostos; o seu aspeto suave e as suas linhas limpas atraem os consumidores para a sua utiliza\u00e7\u00e3o.<br \/>\n3. Os nossos clientes podem escolher entre uma variedade de tamanhos diferentes de caixas extra\u00edveis, de modo a encontrar eficazmente o material de base que melhor se adapta \u00e0s suas necessidades de embalagem de produtos.<\/p>","protected":false},"featured_media":9882,"template":"","meta":[],"product_brand":[],"product_cat":[30,420,31,426],"product_tag":[1213,1300,1299,1281],"class_list":{"0":"post-9880","1":"product","2":"type-product","3":"status-publish","4":"has-post-thumbnail","6":"product_cat-by-industry","7":"product_cat-custom-cannabis-boxes","8":"product_cat-paper-box-style","9":"product_cat-paper-drawer-boxes","10":"product_tag-custom-pre-roll-boxes","11":"product_tag-paper-pre-roll-packaging","12":"product_tag-pre-roll-joint-boxes","13":"product_tag-pre-roll-packaging","15":"first","16":"instock","17":"shipping-taxable","18":"product-type-grouped"},"_links":{"self":[{"href":"https:\/\/zojopackaging.com\/pt\/wp-json\/wp\/v2\/product\/9880","targetHints":{"allow":["GET"]}}],"collection":[{"href":"https:\/\/zojopackaging.com\/pt\/wp-json\/wp\/v2\/product"}],"about":[{"href":"https:\/\/zojopackaging.com\/pt\/wp-json\/wp\/v2\/types\/product"}],"version-history":[{"count":1,"href":"https:\/\/zojopackaging.com\/pt\/wp-json\/wp\/v2\/product\/9880\/revisions"}],"predecessor-version":[{"id":9887,"href":"https:\/\/zojopackaging.com\/pt\/wp-json\/wp\/v2\/product\/9880\/revisions\/9887"}],"wp:featuredmedia":[{"embeddable":true,"href":"https:\/\/zojopackaging.com\/pt\/wp-json\/wp\/v2\/media\/9882"}],"wp:attachment":[{"href":"https:\/\/zojopackaging.com\/pt\/wp-json\/wp\/v2\/media?parent=9880"}],"wp:term":[{"taxonomy":"product_brand","embeddable":true,"href":"https:\/\/zojopackaging.com\/pt\/wp-json\/wp\/v2\/product_brand?post=9880"},{"taxonomy":"product_cat","embeddable":true,"href":"https:\/\/zojopackaging.com\/pt\/wp-json\/wp\/v2\/product_cat?post=9880"},{"taxonomy":"product_tag","embeddable":true,"href":"https:\/\/zojopackaging.com\/pt\/wp-json\/wp\/v2\/product_tag?post=9880"}],"curies":[{"name":"wp","href":"https:\/\/api.w.org\/{rel}","templated":true}]}}