{"id":9888,"date":"2025-04-04T09:47:39","date_gmt":"2025-04-04T01:47:39","guid":{"rendered":"https:\/\/zojopackaging.com\/?post_type=product&#038;p=9888"},"modified":"2025-04-04T09:58:19","modified_gmt":"2025-04-04T01:58:19","slug":"custom-printed-5-pack-blank-cbd-pre-rolled-joints-box-usa","status":"publish","type":"product","link":"https:\/\/zojopackaging.com\/pt\/product\/custom-printed-5-pack-blank-cbd-pre-rolled-joints-box-usa\/","title":{"rendered":"Caixa de juntas pr\u00e9-laminadas de CBD com 5 pacotes impressos personalizados EUA"},"content":{"rendered":"<h2 id=\"1-high-quality-materials-and-structural-design-\">1.\u00a0<strong>Materiais de alta qualidade e conce\u00e7\u00e3o estrutural<\/strong><\/h2>\n<ul>\n<li><strong>Combina\u00e7\u00e3o de materiais<\/strong>: O papel de arte revestido de alta gramagem e os materiais de cart\u00e3o r\u00edgido s\u00e3o utilizados para garantir que o corpo da caixa \u00e9 robusto e dur\u00e1vel, e a estrutura interna \u00e9 concebida com precis\u00e3o para fixar eficazmente os produtos pr\u00e9-enrolados para evitar que tremam durante o transporte ou a utiliza\u00e7\u00e3o.<\/li>\n<li><strong>Prote\u00e7\u00e3o do ambiente<\/strong>: O revestimento degrad\u00e1vel de base biol\u00f3gica opcional est\u00e1 dispon\u00edvel para cumprir a tend\u00eancia dos regulamentos de prote\u00e7\u00e3o ambiental em v\u00e1rios estados dos Estados Unidos e melhorar a imagem sustent\u00e1vel da marca.<\/li>\n<\/ul>\n<h2 id=\"2-four-color-printing-and-matte-film-process-\">2.\u00a0<strong>Impress\u00e3o a quatro cores e processo de pel\u00edcula mate<\/strong><\/h2>\n<ul>\n<li><strong>Tecnologia de impress\u00e3o<\/strong>: A impress\u00e3o a quatro cores restaura com precis\u00e3o as cores da marca, suporta a correspond\u00eancia de cores diretas Pantone e \u00e9 adequada para padr\u00f5es complexos e efeitos de gradiente.<\/li>\n<li><strong>Tratamento de superf\u00edcie<\/strong>: A tecnologia de lamina\u00e7\u00e3o mate n\u00e3o s\u00f3 melhora a sensa\u00e7\u00e3o visual de luxo, como tamb\u00e9m tem fun\u00e7\u00f5es anti-impress\u00e3o digital e anti-riscos, prolongando a vida \u00fatil da embalagem.<\/li>\n<\/ul>\n<h2 id=\"3-all-round-customization-service-\">3.\u00a0<strong>Servi\u00e7o de personaliza\u00e7\u00e3o completo<\/strong><\/h2>\n<ul>\n<li><strong>Tamanho e forma<\/strong>: Suporta a personaliza\u00e7\u00e3o de tamanhos n\u00e3o normalizados (tais como designs esguios, quadrados ou com formas especiais) para se adaptar a diferentes especifica\u00e7\u00f5es de produtos pr\u00e9-enrolados CBD.<\/li>\n<li><strong>Desenho art\u00edstico<\/strong>: Fornece apoio \u00e0 conce\u00e7\u00e3o de todo o processo, desde o log\u00f3tipo da marca, ilustra\u00e7\u00f5es at\u00e9 aos elementos anti-contrafa\u00e7\u00e3o, e pode utilizar estampagem a quente, envidra\u00e7amento local UV e outros processos para aumentar o impacto visual.<\/li>\n<\/ul>\n<h2 id=\"4-regulatory-compliance-and-safety-upgrade-\">4.\u00a0<strong>Conformidade regulamentar e atualiza\u00e7\u00e3o da seguran\u00e7a<\/strong><\/h2>\n<ul>\n<li><strong>Fecho de seguran\u00e7a para crian\u00e7as<\/strong>: Dispositivo de abertura opcional incorporado \u00e0 prova de crian\u00e7as, em conformidade com os requisitos da lei norte-americana PPPA (Child Poison Prevention Packaging Act), e certificado pela FDA.<\/li>\n<li><strong>Tecnologia anti-contrafa\u00e7\u00e3o<\/strong>: Suporta solu\u00e7\u00f5es anti-contrafa\u00e7\u00e3o, tais como estampagem hologr\u00e1fica a quente e tinta com temperatura vari\u00e1vel, para proteger as marcas da contrafa\u00e7\u00e3o.<\/li>\n<\/ul>\n<h2 id=\"5-flexible-capacity-and-brand-empowerment-\">5.\u00a0<strong>Capacidade de flexibilidade e capacita\u00e7\u00e3o da marca<\/strong><\/h2>\n<ul>\n<li><strong>Quantidade m\u00ednima de encomenda<\/strong>: Suporta a personaliza\u00e7\u00e3o de pequenos lotes (encomenda m\u00ednima de 5 pacotes), adequado para marcas em fase de arranque para testar o mercado.<\/li>\n<li><strong>Sistema de classifica\u00e7\u00e3o de marcas<\/strong>: Fornece solu\u00e7\u00f5es de design de embalagens diferenciadas com base no posicionamento do produto (como topo de gama, acess\u00edvel ou edi\u00e7\u00e3o limitada) para ajudar no marketing de precis\u00e3o.<\/li>\n<\/ul>\n<h2 id=\"-application-scenarios-and-market-value-\"><strong>Cen\u00e1rios de aplica\u00e7\u00e3o e valor de mercado<\/strong><\/h2>\n<ul>\n<li><strong>Expositor de retalho<\/strong>: A textura mate da pel\u00edcula e os padr\u00f5es personalizados aumentam o atrativo das prateleiras, adequado para tabacarias offline, lojas especializadas em CBD e lojas de cole\u00e7\u00e3o de produtos de sa\u00fade.<\/li>\n<li><strong>Servi\u00e7o de assinatura<\/strong>: Adaptar-se ao modelo de assinatura mensal e melhorar a experi\u00eancia de unboxing do utilizador e a fidelidade \u00e0 marca atrav\u00e9s de embalagens personalizadas.<\/li>\n<li><strong>Coopera\u00e7\u00e3o limitada<\/strong>: Fornecer um design exclusivo para produtos de marca conjunta ou de f\u00e9rias limitadas para criar escassez e atualidade.<\/li>\n<\/ul>\n<h2 id=\"-cooperation-process-and-guarantee-\"><strong>Processo de coopera\u00e7\u00e3o e garantia<\/strong><\/h2>\n<ol>\n<li><strong>Comunica\u00e7\u00e3o da procura<\/strong>: Fornecer o esbo\u00e7o do projeto ou o projeto original pela nossa equipa, e produzir renderiza\u00e7\u00f5es 3D no prazo de 3 dias \u00fateis.<\/li>\n<li><strong>Confirma\u00e7\u00e3o da prova<\/strong>: Enviar amostras f\u00edsicas no prazo de 7 dias, apoiar o ajuste dos detalhes do processo.<\/li>\n<li><strong>Produ\u00e7\u00e3o em massa<\/strong>: Ciclo de entrega de 10-15 dias, inspe\u00e7\u00e3o de qualidade total para garantir a taxa qualificada de produtos acabados \u226599.8%.<\/li>\n<li><strong>Apoio p\u00f3s-venda<\/strong>: Prestar servi\u00e7os de cust\u00f3dia em armaz\u00e9m e de reposi\u00e7\u00e3o de encomendas de emerg\u00eancia para responder a uma procura s\u00fabita do mercado.<\/li>\n<\/ol>","protected":false},"excerpt":{"rendered":"<p>As nossas caixas de gavetas pr\u00e9-enroladas de CBD em branco foram concebidas especificamente para o mercado dos EUA, combinando materiais de alta qualidade e artesanato inovador para fornecer solu\u00e7\u00f5es de embalagem seguras, bonitas e altamente personalizadas. S\u00e3o adequadas para que os propriet\u00e1rios de marcas e empresas estabele\u00e7am uma imagem \u00fanica num mercado altamente competitivo, cumprindo simultaneamente os requisitos regulamentares e as necessidades de experi\u00eancia do consumidor.<\/p>","protected":false},"featured_media":9889,"template":"","meta":[],"product_brand":[],"product_cat":[30,420,31,426],"product_tag":[1213,1300,1299,1281],"class_list":{"0":"post-9888","1":"product","2":"type-product","3":"status-publish","4":"has-post-thumbnail","6":"product_cat-by-industry","7":"product_cat-custom-cannabis-boxes","8":"product_cat-paper-box-style","9":"product_cat-paper-drawer-boxes","10":"product_tag-custom-pre-roll-boxes","11":"product_tag-paper-pre-roll-packaging","12":"product_tag-pre-roll-joint-boxes","13":"product_tag-pre-roll-packaging","15":"first","16":"instock","17":"shipping-taxable","18":"product-type-grouped"},"_links":{"self":[{"href":"https:\/\/zojopackaging.com\/pt\/wp-json\/wp\/v2\/product\/9888","targetHints":{"allow":["GET"]}}],"collection":[{"href":"https:\/\/zojopackaging.com\/pt\/wp-json\/wp\/v2\/product"}],"about":[{"href":"https:\/\/zojopackaging.com\/pt\/wp-json\/wp\/v2\/types\/product"}],"version-history":[{"count":1,"href":"https:\/\/zojopackaging.com\/pt\/wp-json\/wp\/v2\/product\/9888\/revisions"}],"predecessor-version":[{"id":9895,"href":"https:\/\/zojopackaging.com\/pt\/wp-json\/wp\/v2\/product\/9888\/revisions\/9895"}],"wp:featuredmedia":[{"embeddable":true,"href":"https:\/\/zojopackaging.com\/pt\/wp-json\/wp\/v2\/media\/9889"}],"wp:attachment":[{"href":"https:\/\/zojopackaging.com\/pt\/wp-json\/wp\/v2\/media?parent=9888"}],"wp:term":[{"taxonomy":"product_brand","embeddable":true,"href":"https:\/\/zojopackaging.com\/pt\/wp-json\/wp\/v2\/product_brand?post=9888"},{"taxonomy":"product_cat","embeddable":true,"href":"https:\/\/zojopackaging.com\/pt\/wp-json\/wp\/v2\/product_cat?post=9888"},{"taxonomy":"product_tag","embeddable":true,"href":"https:\/\/zojopackaging.com\/pt\/wp-json\/wp\/v2\/product_tag?post=9888"}],"curies":[{"name":"wp","href":"https:\/\/api.w.org\/{rel}","templated":true}]}}