{"id":9896,"date":"2025-04-04T09:58:33","date_gmt":"2025-04-04T01:58:33","guid":{"rendered":"https:\/\/zojopackaging.com\/?post_type=product&#038;p=9896"},"modified":"2025-04-04T10:09:23","modified_gmt":"2025-04-04T02:09:23","slug":"premium-cannabis-cbd-joints-packaging-pre-rolls-paper-box","status":"publish","type":"product","link":"https:\/\/zojopackaging.com\/pt\/product\/premium-cannabis-cbd-joints-packaging-pre-rolls-paper-box\/","title":{"rendered":"Caixa de papel para embalagem de juntas de CBD de can\u00e1bis de qualidade superior em pr\u00e9-rolos"},"content":{"rendered":"<h2 id=\"-1-materials-and-structure-both-texture-and-environmental-protection-\"><strong>1. Materiais e estrutura: textura e prote\u00e7\u00e3o ambiental<\/strong><\/h2>\n<p>Esta caixa de papel pr\u00e9-enrolado utiliza\u00a0<strong>papel de arte revestido + material comp\u00f3sito de cart\u00e3o r\u00edgido<\/strong>que n\u00e3o s\u00f3 mant\u00e9m as carater\u00edsticas de impress\u00e3o de alto brilho do papel revestido, como tamb\u00e9m aumenta a resist\u00eancia \u00e0 press\u00e3o e a durabilidade do corpo da caixa atrav\u00e9s do material de cart\u00e3o cinzento, adaptando-se perfeitamente ao design de abertura e fecho extra\u00edvel. A superf\u00edcie do papel revestido \u00e9 lisa, o que pode apresentar uma\u00a0<strong>efeito de impress\u00e3o a quatro cores<\/strong>O n\u00facleo de cart\u00e3o cinzento proporciona uma estrutura de suporte est\u00e1vel para evitar o risco de deforma\u00e7\u00e3o durante o transporte ou o armazenamento. Al\u00e9m disso, a combina\u00e7\u00e3o de materiais est\u00e1 em conformidade com a tend\u00eancia de prote\u00e7\u00e3o ambiental, apoia a subsequente conce\u00e7\u00e3o recicl\u00e1vel e responde \u00e0s necessidades de desenvolvimento sustent\u00e1vel da ind\u00fastria.<\/p>\n<h2 id=\"-2-innovative-design-brand-differentiation-experience-\"><strong>2. Design inovador: experi\u00eancia de diferencia\u00e7\u00e3o da marca<\/strong><\/h2>\n<ul>\n<li><strong>Estrutura em camadas extra\u00edvel<\/strong>: O design em camadas da divis\u00f3ria de cart\u00e3o \u00e9 adotado e os cigarros pr\u00e9-enrolados est\u00e3o ordenadamente dispostos em ranhuras independentes para cart\u00f5es, o que n\u00e3o s\u00f3 protege a integridade do produto, como tamb\u00e9m melhora a sensa\u00e7\u00e3o de ritual de abertura da caixa atrav\u00e9s da \"progress\u00e3o visual\" ao abrir, e melhora a imagem de topo de gama da marca.<\/li>\n<li><strong>Impacto visual de cores vivas<\/strong>: As cores principais s\u00e3o\u00a0<strong>cor-de-rosa e vermelho vivo<\/strong>com tecnologia de impress\u00e3o de alta satura\u00e7\u00e3o, que atrai rapidamente a aten\u00e7\u00e3o dos consumidores no expositor da prateleira. A superf\u00edcie da caixa apresenta com precis\u00e3o o log\u00f3tipo da marca atrav\u00e9s da tecnologia de impress\u00e3o a quatro cores, e a caixa interior \u00e9 complementada com\u00a0<strong>decora\u00e7\u00e3o com fitas personalizadas<\/strong>. Os detalhes reflectem a procura de qualidade e est\u00e9tica da marca.<\/li>\n<\/ul>\n<h2 id=\"-3-safety-and-compliance-child-protection-and-regulatory-adaptation-\"><strong>3. Seguran\u00e7a e conformidade: Prote\u00e7\u00e3o das crian\u00e7as e adapta\u00e7\u00e3o regulamentar<\/strong><\/h2>\n<ul>\n<li><strong>Op\u00e7\u00f5es de embalagens seguras para crian\u00e7as<\/strong>: Fornecer\u00a0<strong>design de abertura da caixa com fecho de press\u00e3o<\/strong>\u00a0ou estrutura de encripta\u00e7\u00e3o magn\u00e9tica, que requer passos de opera\u00e7\u00e3o espec\u00edficos para abrir, impedindo efetivamente que as crian\u00e7as toquem acidentalmente e cumprindo as normas de seguran\u00e7a internacionais, como a CPSC dos EUA.<\/li>\n<\/ul>\n<h2 id=\"-4-unlimited-customization-highlight-the-uniqueness-of-the-brand-\"><strong>4. Personaliza\u00e7\u00e3o ilimitada: real\u00e7ar a singularidade da marca<\/strong><\/h2>\n<ul>\n<li><strong>Servi\u00e7o de personaliza\u00e7\u00e3o de todo o processo<\/strong>: Desde o tamanho da caixa, a tecnologia de impress\u00e3o (estampagem a quente\/UV\/embossing) at\u00e9 ao design do log\u00f3tipo, todos suportam ajustes personalizados. Por exemplo, pode combinar\u00a0<strong>elementos de folhas de marijuana<\/strong>\u00a0ou imagem de marca IP para criar uma linguagem visual \u00fanica.<\/li>\n<li><strong>M\u00f3dulo de expans\u00e3o de fun\u00e7\u00f5es<\/strong>Cart\u00e3o de controlo da humidade incorporado opcional, ranhura para brochura da marca ou combinado com chip NFC para obter uma fun\u00e7\u00e3o de rastreabilidade anti-falsifica\u00e7\u00e3o, melhorar a experi\u00eancia do utilizador e a tecnologia da marca.<\/li>\n<\/ul>\n<h2 id=\"-application-scenarios-and-market-value-\"><strong>Cen\u00e1rios de aplica\u00e7\u00e3o e valor de mercado<\/strong><\/h2>\n<ul>\n<li><strong>Mercado das caixas de oferta topo de gama<\/strong>: Aplic\u00e1vel a cigarros de lazer com CBD, produtos de marijuana medicinal, etc., para aumentar o espa\u00e7o premium do produto atrav\u00e9s de embalagens luxuosas.<\/li>\n<li><strong>Coopera\u00e7\u00e3o conjunta de marcas<\/strong>: design transfronteiri\u00e7o com os dom\u00ednios da moda e da arte para atrair grupos de consumidores jovens, tais como caixas de oferta de f\u00e9rias de edi\u00e7\u00e3o limitada.<\/li>\n<\/ul>","protected":false},"excerpt":{"rendered":"<p>Esta caixa de papel pr\u00e9-enrolado centra-se na inova\u00e7\u00e3o de materiais, na est\u00e9tica do design e na praticidade funcional, ajudando as marcas a destacarem-se no mercado ferozmente competitivo da can\u00e1bis. Quer se trate de necessidades de seguran\u00e7a infantil, conceitos de prote\u00e7\u00e3o ambiental ou servi\u00e7os personalizados, pode fornecer uma solu\u00e7\u00e3o \u00fanica e tornar-se um suporte essencial para aumentar o valor da marca e a fidelidade do consumidor.<\/p>","protected":false},"featured_media":9897,"template":"","meta":[],"product_brand":[],"product_cat":[30,420,31,426],"product_tag":[1213,1300,1299,1281],"class_list":{"0":"post-9896","1":"product","2":"type-product","3":"status-publish","4":"has-post-thumbnail","6":"product_cat-by-industry","7":"product_cat-custom-cannabis-boxes","8":"product_cat-paper-box-style","9":"product_cat-paper-drawer-boxes","10":"product_tag-custom-pre-roll-boxes","11":"product_tag-paper-pre-roll-packaging","12":"product_tag-pre-roll-joint-boxes","13":"product_tag-pre-roll-packaging","15":"first","16":"instock","17":"shipping-taxable","18":"product-type-grouped"},"_links":{"self":[{"href":"https:\/\/zojopackaging.com\/pt\/wp-json\/wp\/v2\/product\/9896","targetHints":{"allow":["GET"]}}],"collection":[{"href":"https:\/\/zojopackaging.com\/pt\/wp-json\/wp\/v2\/product"}],"about":[{"href":"https:\/\/zojopackaging.com\/pt\/wp-json\/wp\/v2\/types\/product"}],"version-history":[{"count":2,"href":"https:\/\/zojopackaging.com\/pt\/wp-json\/wp\/v2\/product\/9896\/revisions"}],"predecessor-version":[{"id":9904,"href":"https:\/\/zojopackaging.com\/pt\/wp-json\/wp\/v2\/product\/9896\/revisions\/9904"}],"wp:featuredmedia":[{"embeddable":true,"href":"https:\/\/zojopackaging.com\/pt\/wp-json\/wp\/v2\/media\/9897"}],"wp:attachment":[{"href":"https:\/\/zojopackaging.com\/pt\/wp-json\/wp\/v2\/media?parent=9896"}],"wp:term":[{"taxonomy":"product_brand","embeddable":true,"href":"https:\/\/zojopackaging.com\/pt\/wp-json\/wp\/v2\/product_brand?post=9896"},{"taxonomy":"product_cat","embeddable":true,"href":"https:\/\/zojopackaging.com\/pt\/wp-json\/wp\/v2\/product_cat?post=9896"},{"taxonomy":"product_tag","embeddable":true,"href":"https:\/\/zojopackaging.com\/pt\/wp-json\/wp\/v2\/product_tag?post=9896"}],"curies":[{"name":"wp","href":"https:\/\/api.w.org\/{rel}","templated":true}]}}