{"id":9905,"date":"2025-04-04T10:09:37","date_gmt":"2025-04-04T02:09:37","guid":{"rendered":"https:\/\/zojopackaging.com\/?post_type=product&#038;p=9905"},"modified":"2025-04-04T10:20:16","modified_gmt":"2025-04-04T02:20:16","slug":"custom-drawer-hemp-pre-roll-pre-rolls-joints-packaging","status":"publish","type":"product","link":"https:\/\/zojopackaging.com\/pt\/product\/custom-drawer-hemp-pre-roll-pre-rolls-joints-packaging\/","title":{"rendered":"Gaveta personalizada Pr\u00e9-rolos de c\u00e2nhamo Pr\u00e9-rolos Juntas Embalagens"},"content":{"rendered":"<h2 id=\"1-material-and-craftsmanship-\">1.\u00a0<strong>Material e artesanato<\/strong><\/h2>\n<ul>\n<li><strong>Papel de revestimento e estrutura de cart\u00e3o cinzento<\/strong>: O papel revestido de alta gramagem \u00e9 utilizado como papel de revestimento, que \u00e9 montado num substrato de cart\u00e3o cinzento de alta resist\u00eancia para garantir que a caixa \u00e9 direita e resistente ao desgaste. A textura espelhada do papel revestido pode apresentar com precis\u00e3o o LOGOTIPO, o padr\u00e3o e a cor da marca, e o cart\u00e3o cinzento (espessura de 1,5-3,0 mm) fornece um suporte de compress\u00e3o para resistir eficazmente ao impacto da for\u00e7a externa durante o transporte.<\/li>\n<li><strong>Otimiza\u00e7\u00e3o do revestimento<\/strong>: O interior \u00e9 revestido com um forro de cart\u00e3o branco de qualidade alimentar e o produto pr\u00e9-enrolado \u00e9 fixado pela ranhura cortada para evitar a deforma\u00e7\u00e3o por agita\u00e7\u00e3o ou extrus\u00e3o. A superf\u00edcie do forro \u00e9 coberta por uma camada de pel\u00edcula mate, que \u00e9 simultaneamente \u00e0 prova de humidade e confort\u00e1vel ao toque.<\/li>\n<\/ul>\n<h2 id=\"2-functional-design-\">2.\u00a0<strong>Conce\u00e7\u00e3o funcional<\/strong><\/h2>\n<ul>\n<li><strong>Abertura e fecho da extens\u00e3o<\/strong>: A estrutura do trilho deslizante adota um processo de ranhura pr\u00e9-pressionado, e a suavidade de abertura e fechamento atinge o padr\u00e3o de erro de \u00b1 0,3 mm, e o coeficiente de resist\u00eancia \u00e9 \u22640,5N, garantindo que os consumidores possam facilmente levar o produto com uma m\u00e3o.<\/li>\n<li><strong>Disposi\u00e7\u00e3o da grelha<\/strong>: O forro suporta a personaliza\u00e7\u00e3o de grelhas multi-especifica\u00e7\u00e3o (tais como ranhuras individuais independentes e ranhuras com v\u00e1rias filas), o que \u00e9 adequado para cigarros pr\u00e9-enrolados ou atomizadores de diferentes tamanhos para melhorar a sensa\u00e7\u00e3o de ordem na exposi\u00e7\u00e3o do produto.<\/li>\n<\/ul>\n<h2 id=\"4-size-and-printing-customization-\">4.\u00a0<strong>Personaliza\u00e7\u00e3o do tamanho e da impress\u00e3o<\/strong><\/h2>\n<ul>\n<li>Suporta o ajuste de par\u00e2metros em tamanho real (erro de comprimento\/largura\/altura \u2264\u00b10,5 mm) e fornece estampagem a quente UV, grava\u00e7\u00e3o em relevo, verniz local e outros processos para melhorar o reconhecimento visual da marca.<\/li>\n<li>A impress\u00e3o \u00e9 efectuada numa oficina independente e fechada, equipada com um sistema de transfer\u00eancia de ficheiros encriptado para garantir a absoluta confidencialidade dos projectos de design e das informa\u00e7\u00f5es sobre os produtos dos clientes.<\/li>\n<\/ul>\n<h2 id=\"5-one-stop-solution-\">5.\u00a0<strong>Solu\u00e7\u00e3o \u00fanica<\/strong><\/h2>\n<ul>\n<li>Com 16 anos de experi\u00eancia na produ\u00e7\u00e3o de embalagens, a empresa fornece servi\u00e7os de processo completo, desde a investiga\u00e7\u00e3o e o desenvolvimento estrutural, o design gr\u00e1fico at\u00e9 \u00e0 produ\u00e7\u00e3o em massa. A equipa de design pode combinar as tend\u00eancias de marketing da ind\u00fastria da can\u00e1bis (como o estilo minimalista e os temas ecol\u00f3gicos) para produzir solu\u00e7\u00f5es de embalagem diferenciadas.<\/li>\n<li>Suporta a produ\u00e7\u00e3o experimental de pequenos lotes (100 pe\u00e7as) e a entrega em grande escala (100 000 pe\u00e7as por dia), e o ciclo de entrega \u00e9 reduzido para 7-15 dias \u00fateis.<\/li>\n<\/ul>\n<h2 id=\"-application-scenarios-and-advantages-\"><strong>Cen\u00e1rios de aplica\u00e7\u00e3o e vantagens<\/strong><\/h2>\n<ul>\n<li><strong>Terminal retalhista<\/strong>: O aspeto requintado e o ritual de abertura e fecho da caixa extra\u00edvel podem melhorar a atra\u00e7\u00e3o da prateleira e, com o design da janela transparente ou o processo de esvaziamento, os detalhes do produto podem ser apresentados intuitivamente.<\/li>\n<li><strong>Mercado das prendas<\/strong>: Est\u00e3o dispon\u00edveis decora\u00e7\u00f5es adicionais opcionais, tais como fitas e envelopes, que se adequam ao posicionamento de topo de gama das caixas de oferta de f\u00e9rias ou de produtos de edi\u00e7\u00e3o limitada.<\/li>\n<li><strong>Amigo do ambiente e compat\u00edvel<\/strong>: O material est\u00e1 em conformidade com a certifica\u00e7\u00e3o FSC, apoia o cart\u00e3o cinzento degrad\u00e1vel e a tecnologia de tinta \u00e0 base de \u00e1gua, e responde \u00e0 tend\u00eancia global de embalagens sustent\u00e1veis.<\/li>\n<\/ul>\n<h2 id=\"-technical-parameters-\"><strong>Par\u00e2metros t\u00e9cnicos<\/strong><\/h2>\n<table>\n<thead>\n<tr>\n<th>Projeto<\/th>\n<th>Detalhes do par\u00e2metro<\/th>\n<\/tr>\n<\/thead>\n<tbody>\n<tr>\n<td>Material de papel<\/td>\n<td>Papel revestido de 300 g (pode ser atualizado para papel t\u00e1til)<\/td>\n<\/tr>\n<tr>\n<td>Espessura do substrato<\/td>\n<td>Placa cinzenta de 1,8 mm (capacidade de carga \u226515 kg)<\/td>\n<\/tr>\n<tr>\n<td>Material do forro<\/td>\n<td>350 g de cart\u00e3o branco (revestido com pel\u00edcula mate)<\/td>\n<\/tr>\n<tr>\n<td>Vida \u00fatil da extens\u00e3o<\/td>\n<td>\u22655000 vezes de abertura e fecho sem encravamento<\/td>\n<\/tr>\n<tr>\n<td>Desempenho \u00e0 prova de humidade<\/td>\n<td>Sem deforma\u00e7\u00e3o durante 48 horas num ambiente com humidade 85%<\/td>\n<\/tr>\n<\/tbody>\n<\/table>","protected":false},"excerpt":{"rendered":"<p>Esta caixa de gaveta para embalagem de pr\u00e9-rolos de can\u00e1bis foi especialmente concebida para derivados de can\u00e1bis, tais como CBD, cigarros pr\u00e9-rolados e atomizadores. Combina materiais de alta qualidade e estruturas funcionais para melhorar a exposi\u00e7\u00e3o do produto, a prote\u00e7\u00e3o e a experi\u00eancia do utilizador. O produto adopta um design de caixa de oferta extra\u00edvel que combina beleza e praticidade. \u00c9 adequado para cen\u00e1rios de retalho, presentes e personaliza\u00e7\u00e3o da marca, satisfazendo as necessidades da ind\u00fastria em termos de confidencialidade da embalagem, portabilidade e personaliza\u00e7\u00e3o da marca.<\/p>","protected":false},"featured_media":9906,"template":"","meta":[],"product_brand":[],"product_cat":[30,420,31,426],"product_tag":[1213,1299,1281],"class_list":{"0":"post-9905","1":"product","2":"type-product","3":"status-publish","4":"has-post-thumbnail","6":"product_cat-by-industry","7":"product_cat-custom-cannabis-boxes","8":"product_cat-paper-box-style","9":"product_cat-paper-drawer-boxes","10":"product_tag-custom-pre-roll-boxes","11":"product_tag-pre-roll-joint-boxes","12":"product_tag-pre-roll-packaging","14":"first","15":"instock","16":"shipping-taxable","17":"product-type-grouped"},"_links":{"self":[{"href":"https:\/\/zojopackaging.com\/pt\/wp-json\/wp\/v2\/product\/9905","targetHints":{"allow":["GET"]}}],"collection":[{"href":"https:\/\/zojopackaging.com\/pt\/wp-json\/wp\/v2\/product"}],"about":[{"href":"https:\/\/zojopackaging.com\/pt\/wp-json\/wp\/v2\/types\/product"}],"version-history":[{"count":2,"href":"https:\/\/zojopackaging.com\/pt\/wp-json\/wp\/v2\/product\/9905\/revisions"}],"predecessor-version":[{"id":9913,"href":"https:\/\/zojopackaging.com\/pt\/wp-json\/wp\/v2\/product\/9905\/revisions\/9913"}],"wp:featuredmedia":[{"embeddable":true,"href":"https:\/\/zojopackaging.com\/pt\/wp-json\/wp\/v2\/media\/9906"}],"wp:attachment":[{"href":"https:\/\/zojopackaging.com\/pt\/wp-json\/wp\/v2\/media?parent=9905"}],"wp:term":[{"taxonomy":"product_brand","embeddable":true,"href":"https:\/\/zojopackaging.com\/pt\/wp-json\/wp\/v2\/product_brand?post=9905"},{"taxonomy":"product_cat","embeddable":true,"href":"https:\/\/zojopackaging.com\/pt\/wp-json\/wp\/v2\/product_cat?post=9905"},{"taxonomy":"product_tag","embeddable":true,"href":"https:\/\/zojopackaging.com\/pt\/wp-json\/wp\/v2\/product_tag?post=9905"}],"curies":[{"name":"wp","href":"https:\/\/api.w.org\/{rel}","templated":true}]}}