{"id":9914,"date":"2025-04-04T10:20:27","date_gmt":"2025-04-04T02:20:27","guid":{"rendered":"https:\/\/zojopackaging.com\/?post_type=product&#038;p=9914"},"modified":"2025-04-04T10:43:54","modified_gmt":"2025-04-04T02:43:54","slug":"cbd-pre-roll-joints-blunt-hemp-boxes-for-multipack-packaging","status":"publish","type":"product","link":"https:\/\/zojopackaging.com\/pt\/product\/cbd-pre-roll-joints-blunt-hemp-boxes-for-multipack-packaging\/","title":{"rendered":"CBD Pre Roll Joints Caixas de c\u00e2nhamo sem corte para embalagens multipack"},"content":{"rendered":"<h2 id=\"-i-core-design-concept-and-material-selection-\"><strong>1. Conceito de conce\u00e7\u00e3o principal e sele\u00e7\u00e3o de materiais<\/strong><\/h2>\n<ol>\n<li><strong>Material amigo do ambiente - garantia de qualidade<\/strong>\u00a0Este produto adopta uma estrutura de precis\u00e3o que combina\u00a0<strong>papel revestido<\/strong>\u00a0e\u00a0<strong>placa cinzenta<\/strong>. A superf\u00edcie do papel revestido \u00e9 lisa e delicada, o que pode apresentar efeitos de impress\u00e3o de alta precis\u00e3o. Combinado com a elevada dureza do cart\u00e3o cinzento, garante que a caixa de embalagem \u00e9 simultaneamente bonita e dur\u00e1vel. O corpo da caixa tipo gaveta \u00e9 formado com precis\u00e3o pela moderna tecnologia de corte e grava\u00e7\u00e3o a laser. Os rebordos s\u00e3o lisos e sem rebarbas, e a abertura e o fecho s\u00e3o suaves, o que satisfaz perfeitamente as necessidades est\u00e9ticas minimalistas do \"estilo extra\u00edvel\".<\/li>\n<li><strong>Design de abertura de gaveta - atrativo visual<\/strong>\u00a0O corpo da caixa adopta uma\u00a0<strong>abertura tipo gaveta<\/strong>\u00a0design. Os utilizadores podem retirar o produto pr\u00e9-enrolado com um leve toque. A opera\u00e7\u00e3o \u00e9 c\u00f3moda e cheia de ritual. A textura da superf\u00edcie da caixa \u00e9 real\u00e7ada pela tecnologia de lamina\u00e7\u00e3o mate\/brilhante. Em combina\u00e7\u00e3o com a estampagem a quente, a vitrifica\u00e7\u00e3o local UV e outros processos, o log\u00f3tipo da marca ou o padr\u00e3o tem\u00e1tico podem ser real\u00e7ados, chamando instantaneamente a aten\u00e7\u00e3o do consumidor. Por exemplo, a superf\u00edcie da caixa pode ser impressa com padr\u00f5es de folhas CBD em relevo ou cores gradientes para aumentar o reconhecimento do produto.<\/li>\n<\/ol>\n<h2 id=\"-ii-functional-optimization-and-user-experience-\"><strong>2. Otimiza\u00e7\u00e3o funcional e experi\u00eancia do utilizador<\/strong><\/h2>\n<ol>\n<li><strong>Estrutura interna-Embalagem precisa<\/strong>\u00a0A caixa est\u00e1 equipada com\u00a0<strong>divis\u00f3rias recortadas<\/strong>que adoptam uma estrutura em favo de mel ou um design em camadas e s\u00e3o fixadas por colagem manual para garantir que cada cigarro pr\u00e9-laminado CBD \u00e9 armazenado de forma independente, a fim de evitar colis\u00f5es e extrus\u00f5es durante o transporte. A altura e o espa\u00e7amento das divis\u00f3rias podem ser ajustados de acordo com as necessidades do cliente, suportando disposi\u00e7\u00f5es de uma, duas filas ou v\u00e1rias camadas para se adaptarem a produtos com diferentes especifica\u00e7\u00f5es.<\/li>\n<li><strong>Personaliza\u00e7\u00e3o de tamanhos flex\u00edveis - Servi\u00e7o personalizado<\/strong>\u00a0A f\u00e1brica fornece servi\u00e7os de personaliza\u00e7\u00e3o em tamanho real a partir de\u00a0<strong>10cm\u00d75cm\u00d72cm<\/strong>\u00a0(pacote port\u00e1til) para\u00a0<strong>30cm\u00d715cm\u00d78cm<\/strong>\u00a0(embalagem de caixa de oferta), permitindo a produ\u00e7\u00e3o experimental de pequenos lotes e encomendas de grandes volumes. Por exemplo, uma caixa espessada de edi\u00e7\u00e3o limitada pode ser concebida para actividades festivas, com um dispositivo magn\u00e9tico de abertura e fecho incorporado para melhorar a sensa\u00e7\u00e3o de alta qualidade.<\/li>\n<\/ol>\n<h2 id=\"-iii-brand-customization-and-visual-expression-\"><strong>3. Personaliza\u00e7\u00e3o da marca e express\u00e3o visual<\/strong><\/h2>\n<ol>\n<li><strong>Op\u00e7\u00f5es de design diversificadas<\/strong><\/li>\n<li><strong>Cor e padr\u00e3o<\/strong>: Proporcionam uma correspond\u00eancia exacta de cores com os cart\u00f5es de cores Pantone, suportam a impress\u00e3o de tintas especiais, como cores met\u00e1licas e cores fluorescentes, e podem ser combinadas com efeitos laser ou transi\u00e7\u00f5es de gradiente para se adaptarem ao tom da marca de \"frescura natural\" ou \"sentido de tecnologia\".<\/li>\n<li><strong>Log\u00f3tipo exclusivo<\/strong>: O corpo da caixa pode ser impresso com o LOGOTIPO da marca, a descri\u00e7\u00e3o dos ingredientes, o log\u00f3tipo de conformidade (como a indica\u00e7\u00e3o do teor de THC) e o c\u00f3digo QR para obter uma dupla entrega de marketing e informa\u00e7\u00e3o.<\/li>\n<li><strong>Inova\u00e7\u00e3o do processo de superf\u00edcie<\/strong>\u00a0Adopta\u00a0<strong>impress\u00e3o com tinta \u00e0 base de \u00e1gua amiga do ambiente<\/strong>que cumpre as normas de seguran\u00e7a da categoria alimentar, e melhora o toque atrav\u00e9s de estampagem, pratea\u00e7\u00e3o parcial a quente e outros processos. Por exemplo, o interior da tampa da caixa pode ser impresso com um guia do utilizador ou uma hist\u00f3ria da marca para melhorar a experi\u00eancia interactiva do utilizador.<\/li>\n<\/ol>\n<h2 id=\"-iv-environmental-commitment-and-production-advantages-\"><strong>4. Compromisso ambiental e vantagens de produ\u00e7\u00e3o<\/strong><\/h2>\n<ol>\n<li><strong>Pr\u00e1ticas de desenvolvimento sustent\u00e1vel<\/strong>\u00a0As mat\u00e9rias-primas s\u00e3o cart\u00e3o cinzento certificado pelo FSC e papel revestido degrad\u00e1vel, e no processo de produ\u00e7\u00e3o s\u00e3o utilizadas colas \u00e0 base de \u00e1gua e sistemas de abastecimento de energia solar para reduzir a pegada de carbono. Os res\u00edduos de embalagens podem ser reciclados em produtos de pasta de papel, alcan\u00e7ando a circula\u00e7\u00e3o de recursos 100%.<\/li>\n<li><strong>Garantia de tecnologia e experi\u00eancia<\/strong>\u00a0Confiar em\u00a0<strong>16 anos de experi\u00eancia profissional<\/strong>A f\u00e1brica integra linhas de produ\u00e7\u00e3o automatizadas e processos de acabamento manuais para garantir que a qualidade de cada liga\u00e7\u00e3o \u00e9 control\u00e1vel. Por exemplo, a calha da gaveta n\u00e3o apresenta qualquer perda ap\u00f3s 3.000 testes de tra\u00e7\u00e3o e o corpo da caixa pode suportar uma carga de 5 kg, excedendo largamente a norma da ind\u00fastria.<\/li>\n<\/ol>\n<h2 id=\"-v-application-scenarios-and-market-value-\"><strong>5. Cen\u00e1rios de aplica\u00e7\u00e3o e valor de mercado<\/strong><\/h2>\n<ul>\n<li><strong>Expositor para retalho<\/strong>: O design extra\u00edvel \u00e9 conveniente para a exposi\u00e7\u00e3o de produtos, com janelas transparentes ou padr\u00f5es ocos, que podem apresentar intuitivamente a cor e a forma dos cigarros pr\u00e9-laminados CBD.<\/li>\n<li><strong>Personaliza\u00e7\u00e3o de actividades<\/strong>: Adequado para festivais de m\u00fasica, sal\u00f5es de sa\u00fade e outros cen\u00e1rios, pode conceber modelos conjuntos tem\u00e1ticos (como a caixa de textura de c\u00e9u estrelado + tinta luminosa) para refor\u00e7ar os pontos de mem\u00f3ria da marca.<\/li>\n<li><strong>Conjunto de oferta<\/strong>: Com pastilhas hidratantes ou mini-moedores, pode ser actualizada para uma caixa de oferta topo de gama para aumentar o pre\u00e7o unit\u00e1rio e a fidelidade do cliente.<\/li>\n<\/ul>","protected":false},"excerpt":{"rendered":"<p>Pode escolher uma variedade de cores, padr\u00f5es e materiais requintados para a sua caixa de embalagem de pr\u00e9-enrolados para conceber a caixa de embalagem certa para a sua marca de pr\u00e9-enrolados ou para o tema do evento de can\u00e1bis. Deixe uma impress\u00e3o mais profunda nos consumidores imprimindo o seu log\u00f3tipo exclusivo, texto personalizado ou gr\u00e1ficos \u00fanicos.<\/p>","protected":false},"featured_media":9915,"template":"","meta":[],"product_brand":[],"product_cat":[30,420,31,426],"product_tag":[1213,1299,1281],"class_list":{"0":"post-9914","1":"product","2":"type-product","3":"status-publish","4":"has-post-thumbnail","6":"product_cat-by-industry","7":"product_cat-custom-cannabis-boxes","8":"product_cat-paper-box-style","9":"product_cat-paper-drawer-boxes","10":"product_tag-custom-pre-roll-boxes","11":"product_tag-pre-roll-joint-boxes","12":"product_tag-pre-roll-packaging","14":"first","15":"instock","16":"shipping-taxable","17":"product-type-grouped"},"_links":{"self":[{"href":"https:\/\/zojopackaging.com\/pt\/wp-json\/wp\/v2\/product\/9914","targetHints":{"allow":["GET"]}}],"collection":[{"href":"https:\/\/zojopackaging.com\/pt\/wp-json\/wp\/v2\/product"}],"about":[{"href":"https:\/\/zojopackaging.com\/pt\/wp-json\/wp\/v2\/types\/product"}],"version-history":[{"count":1,"href":"https:\/\/zojopackaging.com\/pt\/wp-json\/wp\/v2\/product\/9914\/revisions"}],"predecessor-version":[{"id":9921,"href":"https:\/\/zojopackaging.com\/pt\/wp-json\/wp\/v2\/product\/9914\/revisions\/9921"}],"wp:featuredmedia":[{"embeddable":true,"href":"https:\/\/zojopackaging.com\/pt\/wp-json\/wp\/v2\/media\/9915"}],"wp:attachment":[{"href":"https:\/\/zojopackaging.com\/pt\/wp-json\/wp\/v2\/media?parent=9914"}],"wp:term":[{"taxonomy":"product_brand","embeddable":true,"href":"https:\/\/zojopackaging.com\/pt\/wp-json\/wp\/v2\/product_brand?post=9914"},{"taxonomy":"product_cat","embeddable":true,"href":"https:\/\/zojopackaging.com\/pt\/wp-json\/wp\/v2\/product_cat?post=9914"},{"taxonomy":"product_tag","embeddable":true,"href":"https:\/\/zojopackaging.com\/pt\/wp-json\/wp\/v2\/product_tag?post=9914"}],"curies":[{"name":"wp","href":"https:\/\/api.w.org\/{rel}","templated":true}]}}