{"id":9922,"date":"2025-04-04T10:44:14","date_gmt":"2025-04-04T02:44:14","guid":{"rendered":"https:\/\/zojopackaging.com\/?post_type=product&#038;p=9922"},"modified":"2025-04-04T10:53:16","modified_gmt":"2025-04-04T02:53:16","slug":"custom-paper-pre-roll-boxes-packaging-manufacture-supplier","status":"publish","type":"product","link":"https:\/\/zojopackaging.com\/pt\/product\/custom-paper-pre-roll-boxes-packaging-manufacture-supplier\/","title":{"rendered":"Caixas de papel personalizadas com pr\u00e9-rolos Fornecedor de embalagens"},"content":{"rendered":"<h2 id=\"-1-environmentally-friendly-materials-and-structural-design-safe-durable-green-and-sustainable-\"><strong>1. Materiais e conce\u00e7\u00e3o estrutural respeitadores do ambiente: seguros, duradouros, ecol\u00f3gicos e sustent\u00e1veis<\/strong><\/h2>\n<ul>\n<li><strong>Sele\u00e7\u00e3o de materiais<\/strong>: O corpo da caixa \u00e9 feito de alta resist\u00eancia\u00a0<strong>placa cinzenta<\/strong>\u00a0e\u00a0<strong>papel revestido<\/strong>\u00a0material comp\u00f3sito, que \u00e9 amigo do ambiente e sustent\u00e1vel<\/li>\n<\/ul>\n<h2 id=\"-2-customized-lining-and-capacity-precise-adaptation-upgraded-protection-\"><strong>2. Revestimento e capacidade personalizados: adapta\u00e7\u00e3o precisa, prote\u00e7\u00e3o melhorada<\/strong><\/h2>\n<ul>\n<li><strong>Tamanho flex\u00edvel<\/strong>: O forro \u00e9 feito de\u00a0<strong>350 g de cart\u00e3o branco de elevada gramagem<\/strong>que pode ser personalizada de acordo com as necessidades do cliente, desde as especifica\u00e7\u00f5es de um a cinco ma\u00e7os (gama de dimens\u00f5es convencionais: comprimento 50-150 mm, largura 20-50 mm, altura 10-30 mm), perfeitamente adaptada a produtos de cigarros pr\u00e9-laminados de diferentes di\u00e2metros.<\/li>\n<li><strong>Conce\u00e7\u00e3o do tamp\u00e3o<\/strong>: A borda do forro adopta a tecnologia de corte e vinco para formar uma ranhura de amortecimento para evitar que o produto trema e, ao mesmo tempo, um orif\u00edcio de ventila\u00e7\u00e3o \u00e9 reservado na parte superior para manter o produto fresco.<\/li>\n<\/ul>\n<h2 id=\"-3-child-proof-lock-buckle-design-safety-and-convenience-are-taken-into-account-\"><strong>3. Design de fivela de fecho \u00e0 prova de crian\u00e7as: a seguran\u00e7a e a comodidade s\u00e3o tidas em conta<\/strong><\/h2>\n<ul>\n<li><strong>Dupla prote\u00e7\u00e3o<\/strong>: Opcional\u00a0<strong>estrutura de bloqueio para crian\u00e7as por press\u00e3o<\/strong>que requer a press\u00e3o simult\u00e2nea das fivelas reservadas em ambos os lados do corpo da caixa para abrir, e a taxa de sucesso de abertura das crian\u00e7as \u00e9 inferior a 5%.<\/li>\n<li><strong>Amigo dos adultos<\/strong>: O cadeado adopta um design de fivela el\u00e1stica, que pode ser facilmente aberto e fechado com uma m\u00e3o sem afetar a experi\u00eancia do utilizador.<\/li>\n<\/ul>\n<h2 id=\"-4-printing-technology-high-definition-visual-effects-enhance-brand-premium-\"><strong>4. Tecnologia de impress\u00e3o: efeitos visuais de alta defini\u00e7\u00e3o, melhoram a qualidade da marca<\/strong><\/h2>\n<ul>\n<li><strong>Processo de impress\u00e3o<\/strong>: Adotar\u00a0<strong>M\u00e1quina de impress\u00e3o offset UV de 6 cores da Heidelberg<\/strong>A impress\u00e3o a cores especiais, estampagem a quente, verniz local e outros processos, a precis\u00e3o m\u00ednima de impress\u00e3o \u00e9 de 300 dpi, para garantir que as margens do LOGOTIPO e do padr\u00e3o s\u00e3o n\u00edtidas e sem rebarbas.<\/li>\n<li><strong>Fun\u00e7\u00e3o anti-contrafa\u00e7\u00e3o<\/strong>: Impress\u00e3o hologr\u00e1fica a laser ou microtexto opcional para melhorar a anti-falsifica\u00e7\u00e3o da embalagem, adequada \u00e0s necessidades das marcas de topo de gama.<\/li>\n<\/ul>\n<h2 id=\"-5-cost-optimization-plan-flexible-order-the-king-of-cost-effectiveness-\"><strong>5. Plano de otimiza\u00e7\u00e3o dos custos: encomenda flex\u00edvel, o rei da rentabilidade<\/strong><\/h2>\n<ul>\n<li><strong>Cota\u00e7\u00e3o de escada<\/strong>: Apoiar descontos escalonados MOQ, pequenas e m\u00e9dias empresas e grandes marcas podem obter o melhor plano de custos.<\/li>\n<li><strong>Ciclo de produ\u00e7\u00e3o<\/strong>: Entrega 7-15 dias ap\u00f3s a confirma\u00e7\u00e3o da amostra, capacidade de produ\u00e7\u00e3o di\u00e1ria de 100.000 pe\u00e7as, apoio a encomendas aceleradas.<\/li>\n<\/ul>\n<h2 id=\"-6-value-added-services-full-link-support-from-packaging-to-marketing-\"><strong>6. Servi\u00e7os de valor acrescentado: apoio integral desde a embalagem at\u00e9 \u00e0 comercializa\u00e7\u00e3o<\/strong><\/h2>\n<ul>\n<li><strong>Servi\u00e7os de conce\u00e7\u00e3o<\/strong>: Otimiza\u00e7\u00e3o gratuita do projeto de desenho AI\/CDR\/PSD, calibra\u00e7\u00e3o autom\u00e1tica da posi\u00e7\u00e3o da sangria e da disposi\u00e7\u00e3o das l\u00e2minas, reduzindo os custos de comunica\u00e7\u00e3o com o cliente.<\/li>\n<li><strong>Desconto por grosso<\/strong>: Desfrutar\u00a0<strong>Desconto 15%<\/strong>\u00a0para a primeira encomenda, e passar a clientes VIP com um volume de compras anual superior a 500 000 unidades, e obter condi\u00e7\u00f5es de cr\u00e9dito exclusivas e direitos de prioridade.<\/li>\n<\/ul>\n<h2 id=\"-7-quality-assurance-and-certification-source-factory-full-control-\"><strong>7. Garantia de qualidade e certifica\u00e7\u00e3o: f\u00e1brica de origem, controlo total<\/strong><\/h2>\n<ul>\n<li><strong>Vantagens da cadeia de abastecimento<\/strong>: Integra\u00e7\u00e3o de uma f\u00e1brica de papel e de uma oficina de impress\u00e3o aut\u00f3nomas, aus\u00eancia de margem de lucro de intermedi\u00e1rios desde as mat\u00e9rias-primas at\u00e9 aos produtos acabados e redu\u00e7\u00e3o de custos de 30%.<\/li>\n<li><strong>Sistema de controlo de qualidade<\/strong>: Aprovado na certifica\u00e7\u00e3o ISO 9001 e GMI, a taxa de amostragem de cada lote de produtos n\u00e3o \u00e9 inferior a 10%, garantindo que o erro de tamanho seja \u22640,1 mm e a diferen\u00e7a de cor \u0394E\u22641,5.<\/li>\n<\/ul>","protected":false},"excerpt":{"rendered":"<p>1. Esta caixa de cigarros pr\u00e9-enrolados \u00e9 feita de papel revestido ecol\u00f3gico, recicl\u00e1vel e dur\u00e1vel e materiais de cart\u00e3o cinzento, o que \u00e9 muito adequado para a embalagem de produtos de cigarros pr\u00e9-enrolados de marijuana. Ao mesmo tempo, a escolha dos materiais tamb\u00e9m garante a seguran\u00e7a dos seus produtos.<br \/>\n2. O tamanho do forro na caixa extra\u00edvel pode ser personalizado de acordo com o seu produto. Pode facilmente conter 1 a 5 cigarros pr\u00e9-enrolados. Sem problemas. O forro \u00e9 feito de cart\u00e3o branco de alta qualidade, que pode proteger o produto sem qualquer problema. Pode fazer com que os consumidores se apaixonem por ele imediatamente e aumentar a procura de compra do cliente.<\/p>","protected":false},"featured_media":9923,"template":"","meta":[],"product_brand":[],"product_cat":[30,420,31,426],"product_tag":[1213,1299,1281],"class_list":{"0":"post-9922","1":"product","2":"type-product","3":"status-publish","4":"has-post-thumbnail","6":"product_cat-by-industry","7":"product_cat-custom-cannabis-boxes","8":"product_cat-paper-box-style","9":"product_cat-paper-drawer-boxes","10":"product_tag-custom-pre-roll-boxes","11":"product_tag-pre-roll-joint-boxes","12":"product_tag-pre-roll-packaging","14":"first","15":"instock","16":"shipping-taxable","17":"product-type-grouped"},"_links":{"self":[{"href":"https:\/\/zojopackaging.com\/pt\/wp-json\/wp\/v2\/product\/9922","targetHints":{"allow":["GET"]}}],"collection":[{"href":"https:\/\/zojopackaging.com\/pt\/wp-json\/wp\/v2\/product"}],"about":[{"href":"https:\/\/zojopackaging.com\/pt\/wp-json\/wp\/v2\/types\/product"}],"version-history":[{"count":1,"href":"https:\/\/zojopackaging.com\/pt\/wp-json\/wp\/v2\/product\/9922\/revisions"}],"predecessor-version":[{"id":9929,"href":"https:\/\/zojopackaging.com\/pt\/wp-json\/wp\/v2\/product\/9922\/revisions\/9929"}],"wp:featuredmedia":[{"embeddable":true,"href":"https:\/\/zojopackaging.com\/pt\/wp-json\/wp\/v2\/media\/9923"}],"wp:attachment":[{"href":"https:\/\/zojopackaging.com\/pt\/wp-json\/wp\/v2\/media?parent=9922"}],"wp:term":[{"taxonomy":"product_brand","embeddable":true,"href":"https:\/\/zojopackaging.com\/pt\/wp-json\/wp\/v2\/product_brand?post=9922"},{"taxonomy":"product_cat","embeddable":true,"href":"https:\/\/zojopackaging.com\/pt\/wp-json\/wp\/v2\/product_cat?post=9922"},{"taxonomy":"product_tag","embeddable":true,"href":"https:\/\/zojopackaging.com\/pt\/wp-json\/wp\/v2\/product_tag?post=9922"}],"curies":[{"name":"wp","href":"https:\/\/api.w.org\/{rel}","templated":true}]}}