{"id":9930,"date":"2025-04-04T10:53:25","date_gmt":"2025-04-04T02:53:25","guid":{"rendered":"https:\/\/zojopackaging.com\/?post_type=product&#038;p=9930"},"modified":"2025-04-04T11:06:49","modified_gmt":"2025-04-04T03:06:49","slug":"luxury-empty-silk-eye-sleep-mask-packaging-box-wholesale","status":"publish","type":"product","link":"https:\/\/zojopackaging.com\/pt\/product\/luxury-empty-silk-eye-sleep-mask-packaging-box-wholesale\/","title":{"rendered":"Caixa de embalagem de m\u00e1scara de dormir de seda vazia de luxo para olhos por atacado"},"content":{"rendered":"<h2 id=\"-1-high-quality-cardboard-material-brand-design-empowerment-\"><strong>1. Material de cart\u00e3o de alta qualidade, refor\u00e7o do design da marca<\/strong><\/h2>\n<p>Esta caixa de papel para gavetas \u00e9 feita de cart\u00e3o ecol\u00f3gico de alta densidade. O material \u00e9 dur\u00e1vel e delicado, o que pode satisfazer perfeitamente as necessidades de embalagem de v\u00e1rios tipos de vestu\u00e1rio, acess\u00f3rios e produtos de cuidados da pele topo de gama. O corpo da caixa permite a impress\u00e3o a cores e a personaliza\u00e7\u00e3o do log\u00f3tipo da marca. O processo de lamina\u00e7\u00e3o mate\/brilhante melhora as camadas visuais e \u00e9 combinado com estampagem a quente, UV e outros detalhes do processo para garantir que o log\u00f3tipo da sua marca se destaca na exposi\u00e7\u00e3o no mercado.<\/p>\n<h2 id=\"-2-folding-pull-out-structure-transportation-cost-optimization-\"><strong>2. Estrutura extens\u00edvel dobr\u00e1vel, otimiza\u00e7\u00e3o dos custos de transporte<\/strong><\/h2>\n<p>\u00c9 adotado o design patenteado de corredi\u00e7a oculta. A espessura plana ap\u00f3s a dobragem \u00e9 de apenas 5 mm, o que permite poupar muito espa\u00e7o de armazenamento e transporte e reduzir os custos log\u00edsticos em mais de 30%. O m\u00e9todo \u00fanico de abertura em forma de gaveta d\u00e1 uma sensa\u00e7\u00e3o de ritual de desembalagem. O corpo da caixa abre e fecha suavemente sem encravar. Com o design da fivela magn\u00e9tica ou da fita de selagem, tem em conta o car\u00e1cter pr\u00e1tico e o valor est\u00e9tico.<\/p>\n<h2 id=\"-3-lamination-process-upgrade-touch-and-visual-double-improvement-\"><strong>3. Atualiza\u00e7\u00e3o do processo de lamina\u00e7\u00e3o, melhoria t\u00e1til e visual dupla<\/strong><\/h2>\n<p>A lamina\u00e7\u00e3o da superf\u00edcie adopta um revestimento ecol\u00f3gico \u00e0 base de \u00e1gua importado da Alemanha, que tem propriedades anti-riscos e anti-impress\u00e3o digital ap\u00f3s o processo de prensagem a alta temperatura. Fornece uma variedade de op\u00e7\u00f5es, tais como pel\u00edcula brilhante, pel\u00edcula mate e pel\u00edcula t\u00e1til. Entre elas, a pel\u00edcula t\u00e1til de imita\u00e7\u00e3o de seda \u00e9 altamente consistente com o temperamento do produto de m\u00e1scara de seda oca. As pontas dos dedos deslizam sobre ela como se estivessem a tocar em seda verdadeira, o que refor\u00e7a o ponto de mem\u00f3ria da experi\u00eancia de unboxing do consumidor.<\/p>\n<h2 id=\"-4-customized-die-cut-lining-all-round-product-protection-\"><strong>4. Forro cortado \u00e0 medida, prote\u00e7\u00e3o total do produto<\/strong><\/h2>\n<p>O forro \u00e9 feito de espuma EVA ou material de flocagem, formado por um processo de corte de alta precis\u00e3o, adapta-se perfeitamente \u00e0 curva do frasco da m\u00e1scara e o desempenho de amortecimento antiss\u00edsmico cumpre a norma ASTM D4169. Suporta um design de estrutura em camadas, pode acomodar escovas de m\u00e1scara, instru\u00e7\u00f5es e outros acess\u00f3rios ao mesmo tempo, e a toler\u00e2ncia da ranhura do cart\u00e3o de revestimento \u00e9 controlada dentro de \u00b10,3 mm para garantir uma desloca\u00e7\u00e3o zero durante o transporte.<\/p>\n<h2 id=\"-5-in-depth-customization-service-flexible-adaptation-of-size-and-printing-\"><strong>5. Servi\u00e7o de personaliza\u00e7\u00e3o em profundidade, adapta\u00e7\u00e3o flex\u00edvel do tamanho e da impress\u00e3o<\/strong><\/h2>\n<ul>\n<li><strong>Personaliza\u00e7\u00e3o do tamanho<\/strong>: Suporta o desenvolvimento de caixas de tamanho normal de 10mm\u00d710mm a 500mm\u00d7500mm, e as caixas com formas especiais (como janelas hexagonais e curvas) podem ser amostradas em 48 horas.<\/li>\n<li><strong>Processo de impress\u00e3o<\/strong>: Erro de impress\u00e3o em cores diretas Pantone \u22645%, suportando mais de 20 processos de efeitos especiais, como verniz local, relevo 3D, esvaziamento a laser, etc.<\/li>\n<li><strong>Op\u00e7\u00f5es sustent\u00e1veis<\/strong>: O substrato \u00e9 de papel reciclado certificado pelo FSC, impresso com tinta de soja, em conformidade com as normas ambientais REACH da UE.<\/li>\n<\/ul>\n<h2 id=\"-6-3d-visual-design-zero-error-in-scheme-pre-examination-\"><strong>6. Projeto de efeito de maquete 3D, erro zero no esquema pr\u00e9-exame<\/strong><\/h2>\n<p>Atrav\u00e9s da plataforma de design online desenvolvida pela pr\u00f3pria empresa, os clientes podem ajustar a estrutura da caixa, os par\u00e2metros dos materiais e a disposi\u00e7\u00e3o dos padr\u00f5es em tempo real. O sistema gera automaticamente um modelo 3D com rota\u00e7\u00e3o de 360\u00b0 e produz dados de simula\u00e7\u00e3o da resist\u00eancia \u00e0 compress\u00e3o. Suporta a fun\u00e7\u00e3o de visualiza\u00e7\u00e3o virtual AR, pr\u00e9-visualiza diretamente o efeito de visualiza\u00e7\u00e3o da embalagem na prateleira e na p\u00e1gina de com\u00e9rcio eletr\u00f3nico e reduz o ciclo de confirma\u00e7\u00e3o do design para 72 horas.<\/p>","protected":false},"excerpt":{"rendered":"<ul>\n<li><strong>Garantia de capacidade<\/strong>: 12 linhas de produ\u00e7\u00e3o totalmente autom\u00e1ticas, com uma capacidade de produ\u00e7\u00e3o di\u00e1ria de 500.000 caixas, permitindo a entrega r\u00e1pida de encomendas de emerg\u00eancia em 72 horas.<\/li>\n<li><strong>Sistema de controlo da qualidade<\/strong>: Passou a certifica\u00e7\u00e3o de qualidade ISO9001, equipado com detetor de corpo estranho de raios-X e color\u00edmetro, a taxa qualificada de produtos acabados \u00e9 99.8%.<\/li>\n<li><strong>Vantagem em termos de custos<\/strong>: A aquisi\u00e7\u00e3o em grande escala faz com que o custo do cart\u00e3o 15% seja inferior ao pre\u00e7o de mercado,<\/li>\n<\/ul>","protected":false},"featured_media":9931,"template":"","meta":[],"product_brand":[],"product_cat":[30,390,31,426],"product_tag":[1302,1303,1301],"class_list":{"0":"post-9930","1":"product","2":"type-product","3":"status-publish","4":"has-post-thumbnail","6":"product_cat-by-industry","7":"product_cat-custom-cosmetics-boxes","8":"product_cat-paper-box-style","9":"product_cat-paper-drawer-boxes","10":"product_tag-silk-eye-mask-packaging","11":"product_tag-sleep-mask-box-wholesale","12":"product_tag-sleep-mask-packaging","14":"first","15":"instock","16":"shipping-taxable","17":"product-type-grouped"},"_links":{"self":[{"href":"https:\/\/zojopackaging.com\/pt\/wp-json\/wp\/v2\/product\/9930","targetHints":{"allow":["GET"]}}],"collection":[{"href":"https:\/\/zojopackaging.com\/pt\/wp-json\/wp\/v2\/product"}],"about":[{"href":"https:\/\/zojopackaging.com\/pt\/wp-json\/wp\/v2\/types\/product"}],"version-history":[{"count":1,"href":"https:\/\/zojopackaging.com\/pt\/wp-json\/wp\/v2\/product\/9930\/revisions"}],"predecessor-version":[{"id":9937,"href":"https:\/\/zojopackaging.com\/pt\/wp-json\/wp\/v2\/product\/9930\/revisions\/9937"}],"wp:featuredmedia":[{"embeddable":true,"href":"https:\/\/zojopackaging.com\/pt\/wp-json\/wp\/v2\/media\/9931"}],"wp:attachment":[{"href":"https:\/\/zojopackaging.com\/pt\/wp-json\/wp\/v2\/media?parent=9930"}],"wp:term":[{"taxonomy":"product_brand","embeddable":true,"href":"https:\/\/zojopackaging.com\/pt\/wp-json\/wp\/v2\/product_brand?post=9930"},{"taxonomy":"product_cat","embeddable":true,"href":"https:\/\/zojopackaging.com\/pt\/wp-json\/wp\/v2\/product_cat?post=9930"},{"taxonomy":"product_tag","embeddable":true,"href":"https:\/\/zojopackaging.com\/pt\/wp-json\/wp\/v2\/product_tag?post=9930"}],"curies":[{"name":"wp","href":"https:\/\/api.w.org\/{rel}","templated":true}]}}