{"id":9946,"date":"2025-04-04T13:20:30","date_gmt":"2025-04-04T05:20:30","guid":{"rendered":"https:\/\/zojopackaging.com\/?post_type=product&#038;p=9946"},"modified":"2025-04-04T13:31:10","modified_gmt":"2025-04-04T05:31:10","slug":"custom-candy-paper-boxes-for-treat-chocolate-boxes-supplier","status":"publish","type":"product","link":"https:\/\/zojopackaging.com\/pt\/product\/custom-candy-paper-boxes-for-treat-chocolate-boxes-supplier\/","title":{"rendered":"Fornecedor de caixas de papel para bombons e caixas de chocolate personalizadas"},"content":{"rendered":"<h3 id=\"-1-structural-innovation-the-fun-revolution-of-wallet-style-handbags-\"><strong>1. Inova\u00e7\u00e3o estrutural: a revolu\u00e7\u00e3o divertida das carteiras de m\u00e3o<\/strong><\/h3>\n<p>Adotar\u00a0<strong>estrutura de extra\u00e7\u00e3o tipo envelope<\/strong>, inspirado no design tradicional de carteiras,\u00a0<strong>tecnologia de liga\u00e7\u00e3o tripla<\/strong>\u00a0para obter 0,3 segundos de abertura r\u00e1pida. Os consumidores n\u00e3o precisam de opera\u00e7\u00f5es complicadas e podem completar a a\u00e7\u00e3o de puxar com uma m\u00e3o, e a experi\u00eancia de abertura e fecho \u00e9 suave e tranquila.\u00a0<strong>Camada interm\u00e9dia de cart\u00e3o alveolar<\/strong>\u00a0\u00e9 colocado no interior da caixa, com uma taxa de absor\u00e7\u00e3o de vibra\u00e7\u00f5es de 90%, e a taxa de danos no transporte \u00e9 reduzida para menos de 0,5%.<\/p>\n<h3 id=\"-2-color-aesthetics-the-luxurious-expression-of-herm-s-orange-\"><strong>2. Est\u00e9tica da cor: A express\u00e3o luxuosa do laranja Herm\u00e8s<\/strong><\/h3>\n<p>-\u00a0<strong>Esquema de cores<\/strong>: A cor principal adopta\u00a0<strong>Pantone 15-1247 TCX (Laranja Herm\u00e8s)<\/strong>, que \u00e9 combinado com\u00a0<strong>18-1755 TCX (Branco p\u00e9rola)<\/strong>\u00a0para formar um contraste visual, e \u00e9 obtida uma transi\u00e7\u00e3o de gradiente de 0,1 mm atrav\u00e9s de uma impress\u00e3o de alta precis\u00e3o de 1200 dpi; -\u00a0<strong>Psicologia visual<\/strong>: A cor laranja transmite vitalidade e do\u00e7ura, e o forro branco refor\u00e7a a imagem pura do produto, o que vai ao encontro das necessidades est\u00e9ticas dos consumidores da Gera\u00e7\u00e3o Z de que \"a apar\u00eancia \u00e9 justi\u00e7a\" (consultar o estudo de tend\u00eancias de cor das embalagens de doces).<\/p>\n<h3 id=\"-3-smart-customization-full-link-service-from-concept-to-mass-production-\"><strong>3. Personaliza\u00e7\u00e3o inteligente: servi\u00e7o de liga\u00e7\u00e3o total desde o conceito at\u00e9 \u00e0 produ\u00e7\u00e3o em massa<\/strong><\/h3>\n<p>-\u00a0<strong>Flexibilidade de tamanho<\/strong>Caixa de bombons: suporta um m\u00ednimo de 5cm\u00d75cm (mini caixa de bombons macios) at\u00e9 um m\u00e1ximo de 30cm\u00d720cm (caixa de presente de v\u00e1rias camadas), a espessura pode ser personalizada de 0,8-5cm;<\/p>\n<p>-\u00a0<strong>Inova\u00e7\u00e3o estrutural<\/strong>: Desenvolver 12 tipos de caixas patenteadas (tais como camadas rotativas, fechos magn\u00e9ticos com palavra-passe), compat\u00edveis com a coloca\u00e7\u00e3o de rebu\u00e7ados com formas especiais;<\/p>\n<p>-\u00a0<strong>Resposta r\u00e1pida<\/strong>: Concluir a modela\u00e7\u00e3o e a prova 3D em 8 horas e encurtar o ciclo de produ\u00e7\u00e3o em massa para 7-9 dias.<\/p>\n<h3 id=\"-4-material-matrix-multiple-handles-and-environmental-commitment-\"><strong>4. Matriz material: m\u00faltiplos cabos e compromisso ambiental<\/strong><\/h3>\n<p>-\u00a0<strong>Sistema de pega<\/strong>: -\u00a0<strong>Pega de fita<\/strong>Fita PET de qualidade alimentar de 2 mm de largura, com uma capacidade de carga de 200 g;<\/p>\n<p>-\u00a0<strong>Pega em pele<\/strong>: couro de vaca em relevo com 50% de maior resist\u00eancia ao desgaste;<\/p>\n<p>-\u00a0<strong>Corda de algod\u00e3o degrad\u00e1vel<\/strong>: \u00c9 utilizado material PLA, com uma taxa de decomposi\u00e7\u00e3o de \u226590% em 12 semanas;<\/p>\n<h3 id=\"-5-logistics-optimization-cost-reduction-and-efficiency-improvement-by-flat-shipment-\"><strong>5. Otimiza\u00e7\u00e3o da log\u00edstica: redu\u00e7\u00e3o dos custos e melhoria da efici\u00eancia atrav\u00e9s do transporte plano<\/strong><\/h3>\n<p>-\u00a0<strong>Utiliza\u00e7\u00e3o do espa\u00e7o<\/strong>: A conce\u00e7\u00e3o plana aumenta a efic\u00e1cia do carregamento em 70% e reduz os custos de transporte em 25%;<\/p>\n<p>-\u00a0<strong>Certifica\u00e7\u00e3o ambiental<\/strong>: Todos os materiais s\u00e3o certificados pelo FSC e cumprem as normas REACH da UE; -\u00a0<strong>Embalagem inteligente<\/strong>: O forro dobr\u00e1vel \u00e9 utilizado para reduzir o volume da caixa vazia em 60%, o que ajuda a atingir o objetivo de neutralidade de carbono (ver solu\u00e7\u00f5es de embalagem sustent\u00e1veis).<\/p>\n<h3 id=\"-6-industry-benchmark-16-years-of-smart-manufacturing-experience-\"><strong>6. Refer\u00eancia no sector: 16 anos de experi\u00eancia em fabrico inteligente<\/strong><\/h3>\n<p>-\u00a0<strong>Matriz de equipamento<\/strong>: Equipada com 18 equipamentos internacionais, como a impressora de cinco cores Manroland R700, a impressora offset UV de 7 cores Heidelberg, com uma velocidade de impress\u00e3o de 15.000 folhas\/hora;<\/p>\n<p>-\u00a0<strong>Sistema de controlo da qualidade<\/strong>: Aprovado na certifica\u00e7\u00e3o ISO 9001\/BRCGS, cada lote de produtos \u00e9 submetido a 12 inspec\u00e7\u00f5es de qualidade (diferen\u00e7a de cor \u0394E\u22641,5, resist\u00eancia \u00e0 compress\u00e3o \u2265300N);<\/p>\n<p>-\u00a0<strong>Rede de servi\u00e7os<\/strong>: Servi\u00e7o acumulado de mais de 2500 marcas, taxa de recompra de clientes de 82%, abrangendo mais de 30 mercados internacionais, como a Am\u00e9rica do Norte e a Europa (consulte os dados do livro branco da ind\u00fastria de embalagens).<\/p>\n<h3 id=\"-7-value-commitment-triple-balance-of-quality-efficiency-and-cost-\"><strong>7. Compromisso de valor: equil\u00edbrio triplo entre qualidade, efici\u00eancia e custo<\/strong><\/h3>\n<p>-\u00a0<strong>Otimiza\u00e7\u00e3o de custos<\/strong>: O sistema de composi\u00e7\u00e3o digital reduz a perda de material para 2,5%, poupando 18% em compara\u00e7\u00e3o com os processos tradicionais;<\/p>\n<p>-\u00a0<strong>Entrega \u00e1gil<\/strong>: Estabelecer um sistema log\u00edstico de armaz\u00e9m duplo no Leste e no Sul da China, com entrega direta em 48 horas em todo o pa\u00eds;<\/p>\n<p>-\u00a0<strong>Servi\u00e7o de longa dura\u00e7\u00e3o<\/strong>: Fornecer gest\u00e3o do ciclo de vida das embalagens, incluindo aviso de invent\u00e1rio, plano de reabastecimento e plano de reciclagem de caixas antigas.<\/p>","protected":false},"excerpt":{"rendered":"<p><strong>ZOJO Print | Especialista em caixas de papel para bombons personalizadas - defina uma nova experi\u00eancia doce com um design inovador<\/strong><\/p>\n<p>No atual mercado de snacks em expans\u00e3o, a embalagem de doces n\u00e3o \u00e9 apenas um recipiente para o produto, mas tamb\u00e9m uma liga\u00e7\u00e3o entre as marcas e os consumidores. A ZOJO Print est\u00e1 profundamente envolvida no campo das embalagens h\u00e1 16 anos, concentrando-se em fornecer solu\u00e7\u00f5es personalizadas para marcas de doces e chocolates que combinam funcionalidade, valor est\u00e9tico e competitividade comercial.<\/p>","protected":false},"featured_media":9947,"template":"","meta":[],"product_brand":[],"product_cat":[30,422,432,31],"product_tag":[1308,1309,1307],"class_list":{"0":"post-9946","1":"product","2":"type-product","3":"status-publish","4":"has-post-thumbnail","6":"product_cat-by-industry","7":"product_cat-custom-gourmet-boxes-by-industry","8":"product_cat-pape-gift-bags","9":"product_cat-paper-box-style","10":"product_tag-boxes-for-treat-chocolate","11":"product_tag-boxes-supplier","12":"product_tag-custom-candy-paper-boxes","14":"first","15":"instock","16":"shipping-taxable","17":"product-type-grouped"},"_links":{"self":[{"href":"https:\/\/zojopackaging.com\/pt\/wp-json\/wp\/v2\/product\/9946","targetHints":{"allow":["GET"]}}],"collection":[{"href":"https:\/\/zojopackaging.com\/pt\/wp-json\/wp\/v2\/product"}],"about":[{"href":"https:\/\/zojopackaging.com\/pt\/wp-json\/wp\/v2\/types\/product"}],"version-history":[{"count":1,"href":"https:\/\/zojopackaging.com\/pt\/wp-json\/wp\/v2\/product\/9946\/revisions"}],"predecessor-version":[{"id":9960,"href":"https:\/\/zojopackaging.com\/pt\/wp-json\/wp\/v2\/product\/9946\/revisions\/9960"}],"wp:featuredmedia":[{"embeddable":true,"href":"https:\/\/zojopackaging.com\/pt\/wp-json\/wp\/v2\/media\/9947"}],"wp:attachment":[{"href":"https:\/\/zojopackaging.com\/pt\/wp-json\/wp\/v2\/media?parent=9946"}],"wp:term":[{"taxonomy":"product_brand","embeddable":true,"href":"https:\/\/zojopackaging.com\/pt\/wp-json\/wp\/v2\/product_brand?post=9946"},{"taxonomy":"product_cat","embeddable":true,"href":"https:\/\/zojopackaging.com\/pt\/wp-json\/wp\/v2\/product_cat?post=9946"},{"taxonomy":"product_tag","embeddable":true,"href":"https:\/\/zojopackaging.com\/pt\/wp-json\/wp\/v2\/product_tag?post=9946"}],"curies":[{"name":"wp","href":"https:\/\/api.w.org\/{rel}","templated":true}]}}