{"id":9953,"date":"2025-04-04T13:29:07","date_gmt":"2025-04-04T05:29:07","guid":{"rendered":"https:\/\/zojopackaging.com\/?post_type=product&#038;p=9953"},"modified":"2025-04-04T13:45:58","modified_gmt":"2025-04-04T05:45:58","slug":"custom-personalized-printed-soap-boxes-wholesale-packaging","status":"publish","type":"product","link":"https:\/\/zojopackaging.com\/pt\/product\/custom-personalized-printed-soap-boxes-wholesale-packaging\/","title":{"rendered":"Caixas de sab\u00e3o personalizadas e impressas Embalagens por atacado"},"content":{"rendered":"<p>Como uma f\u00e1brica de origem com 16 anos de experi\u00eancia na ind\u00fastria, estamos empenhados em fornecer aos clientes solu\u00e7\u00f5es personalizadas de caixa de presente de sab\u00e3o que combinam valor est\u00e9tico com fun\u00e7\u00f5es pr\u00e1ticas. A seguir, uma descri\u00e7\u00e3o das principais vantagens do produto e dos servi\u00e7os personalizados<\/p>\n<h2 id=\"-1-simple-design-and-efficient-assembly-\"><strong>1. Conce\u00e7\u00e3o simples e montagem eficiente<\/strong><\/h2>\n<p>A nossa caixa para sabonete adopta um design de estrutura modular e pode ser montada em apenas tr\u00eas passos. O interior da caixa \u00e9 optimizado para tamanhos de sabonete padr\u00e3o, e \u00e9 reservado um espa\u00e7o de compartimento ajust\u00e1vel, que pode n\u00e3o s\u00f3 colocar firmemente uma \u00fanica pe\u00e7a de sabonete, mas tamb\u00e9m expandir para um modo de armazenamento combinado \"sabonete + toalha de papel\" (suporta tamanho de parti\u00e7\u00e3o personalizado). O corpo da caixa utiliza cart\u00e3o branco de 250-375 g\/m\u00b2 ou papel especial de qualidade alimentar, tendo em conta a prote\u00e7\u00e3o ambiental e os requisitos de suporte de carga. O processo de dobragem permite uma compress\u00e3o de 60% do volume de transporte e reduz os custos log\u00edsticos.<\/p>\n<h2 id=\"-2-full-scene-customized-printing-service-\"><strong>2. Servi\u00e7o de impress\u00e3o personalizada de cena inteira<\/strong><\/h2>\n<ol>\n<li><strong>Processo de impress\u00e3o a quatro cores<\/strong>\u00a0Utilizando a tecnologia de sobreimpress\u00e3o a quatro cores CMYK, restaura com exatid\u00e3o cores gradientes, padr\u00f5es de alta precis\u00e3o e elementos visuais da marca, com uma cobertura de gama de cores de 98%, satisfazendo as necessidades de estilos de ilustra\u00e7\u00e3o minimalistas ou complexos. Combinada com estampagem a quente\/prata, envidra\u00e7amento local UV e outros processos, a caixa de presente pode ter uma textura luxuosa.<\/li>\n<li><strong>Personaliza\u00e7\u00e3o de conte\u00fado personalizado<\/strong><\/li>\n<li><strong>Conce\u00e7\u00e3o do layout<\/strong>: Suporta a apresenta\u00e7\u00e3o livre de elementos como log\u00f3tipos, c\u00f3digos QR, b\u00ean\u00e7\u00e3os, ilustra\u00e7\u00f5es pintadas \u00e0 m\u00e3o e \u00e9 compat\u00edvel com ficheiros de formato AI\/PS\/CDR.<\/li>\n<li><strong>Expans\u00e3o criativa<\/strong>: Fornece uma biblioteca de modelos de design \"misturar e combinar\". Os clientes podem combinar diferentes texturas de tampa de caixa, estampagem a quente lateral e padr\u00f5es de forro para criar caixas de presente exclusivas para as festas (como cores fluorescentes de festa de anivers\u00e1rio, datas de estampagem a quente de anivers\u00e1rio).<\/li>\n<\/ol>\n<h2 id=\"-three-multi-scenario-applications-and-gift-plans-\"><strong>3. Aplica\u00e7\u00f5es multi-cen\u00e1rios e planos de oferta<\/strong><\/h2>\n<ol>\n<li><strong>Adapta\u00e7\u00e3o para todos os festivais<\/strong>\u00a0O design da caixa de oferta \u00e9 compat\u00edvel com janelas ocas em forma de cora\u00e7\u00e3o para o Dia dos Namorados, estampagem de ramos de pinheiro de Natal, estampagem a quente do zod\u00edaco do Festival da primavera e outros elementos tem\u00e1ticos, e est\u00e1 equipada com fitas, selos de cintura, fivelas magn\u00e9ticas e outros acess\u00f3rios para satisfazer as necessidades de anivers\u00e1rios, casamentos, ofertas de empresas e outros cen\u00e1rios.<\/li>\n<li><strong>Estrat\u00e9gia de combina\u00e7\u00e3o de ofertas<\/strong><\/li>\n<li><strong>Boutique de caixa \u00fanica<\/strong>: Recomenda-se a combina\u00e7\u00e3o de sabonete artesanal de \u00f3leo essencial + esponja natural, e um cart\u00e3o de b\u00ean\u00e7\u00e3o personalizado est\u00e1 inclu\u00eddo na caixa.<\/li>\n<li><strong>Solu\u00e7\u00e3o de conjunto de caixas<\/strong>: Embalagem escalonada de 3\/6\/12 pe\u00e7as, suporte para a coloca\u00e7\u00e3o em camadas de sabonetes com diferentes aromas (como a combina\u00e7\u00e3o lavanda + lim\u00e3o + s\u00e2ndalo), e o forro utiliza material de flocagem biodegrad\u00e1vel para aumentar a sensa\u00e7\u00e3o de cerim\u00f3nia ao abrir a caixa.<\/li>\n<\/ol>\n<h2 id=\"-fourth-quality-assurance-and-supply-chain-advantages-\"><strong>4. Garantia de qualidade e vantagens da cadeia de abastecimento<\/strong><\/h2>\n<ol>\n<li><strong>Normas de produ\u00e7\u00e3o<\/strong><\/li>\n<li>Aprovou a certifica\u00e7\u00e3o do sistema de qualidade ISO9001, a capacidade de produ\u00e7\u00e3o di\u00e1ria atinge 200.000 pe\u00e7as, suporta a prova de 48 horas e a entrega de 15 dias de mercadorias a granel.<\/li>\n<li>Controlo rigoroso das diferen\u00e7as de cor, equipado com servi\u00e7os de inspe\u00e7\u00e3o de qualidade de terceiros para garantir a precis\u00e3o da impress\u00e3o e a estabilidade da estrutura da caixa.<\/li>\n<li><strong>Otimiza\u00e7\u00e3o de custos<\/strong><\/li>\n<li>Cadeia de abastecimento ecol\u00f3gica: Utilizar a tecnologia de pr\u00e9-impress\u00e3o para reduzir a perda de papel e a taxa de recupera\u00e7\u00e3o de res\u00edduos \u00e9 superior a 90%, o que satisfaz as necessidades de uma imagem de marca amiga do ambiente.<\/li>\n<\/ol>\n<h2 id=\"-five-customization-process-and-after-sales-service-\"><strong>5. Processo de personaliza\u00e7\u00e3o e servi\u00e7o p\u00f3s-venda<\/strong><\/h2>\n<ol>\n<li><strong>Processo de coopera\u00e7\u00e3o<\/strong>\u00a0Comunica\u00e7\u00e3o da procura \u2192 confirma\u00e7\u00e3o da renderiza\u00e7\u00e3o 3D \u2192 prova \u2192 produ\u00e7\u00e3o em massa \u2192 acompanhamento log\u00edstico.<\/li>\n<li><strong>Compromisso de servi\u00e7o<\/strong><\/li>\n<li>Compensa\u00e7\u00e3o de danos: O reabastecimento r\u00e1pido ser\u00e1 iniciado se a taxa de danos no transporte for superior a 2%.<\/li>\n<li>Resposta p\u00f3s-venda: A equipa profissional de servi\u00e7o ao cliente fornece 24 horas de consulta de pedidos e sugest\u00f5es de otimiza\u00e7\u00e3o de ficheiros de design.<\/li>\n<\/ol>","protected":false},"excerpt":{"rendered":"<p>Desde a arruma\u00e7\u00e3o di\u00e1ria minimalista at\u00e9 \u00e0s caixas para presentes de Natal, utilizamos a rela\u00e7\u00e3o custo-efic\u00e1cia e as capacidades de implementa\u00e7\u00e3o criativa da f\u00e1brica de origem para ajudar as marcas a criar solu\u00e7\u00f5es de embalagem de sab\u00e3o de \"elevado valor e forte mem\u00f3ria\". Aceitamos agora a personaliza\u00e7\u00e3o por grosso a n\u00edvel mundial e estamos ansiosos por lhe oferecer um porta-hist\u00f3rias \u00fanico para cada sabonete com um engenhoso trabalho artesanal.<\/p>","protected":false},"featured_media":9955,"template":"","meta":[],"product_brand":[],"product_cat":[30,390,430,31],"product_tag":[1311,1312,1310],"class_list":{"0":"post-9953","1":"product","2":"type-product","3":"status-publish","4":"has-post-thumbnail","6":"product_cat-by-industry","7":"product_cat-custom-cosmetics-boxes","8":"product_cat-folding-cartons","9":"product_cat-paper-box-style","10":"product_tag-custom-printed-soap-boxes","11":"product_tag-custom-soap-boxes-wholesale","12":"product_tag-soap-boxes","14":"first","15":"instock","16":"shipping-taxable","17":"product-type-grouped"},"_links":{"self":[{"href":"https:\/\/zojopackaging.com\/pt\/wp-json\/wp\/v2\/product\/9953","targetHints":{"allow":["GET"]}}],"collection":[{"href":"https:\/\/zojopackaging.com\/pt\/wp-json\/wp\/v2\/product"}],"about":[{"href":"https:\/\/zojopackaging.com\/pt\/wp-json\/wp\/v2\/types\/product"}],"version-history":[{"count":1,"href":"https:\/\/zojopackaging.com\/pt\/wp-json\/wp\/v2\/product\/9953\/revisions"}],"predecessor-version":[{"id":9961,"href":"https:\/\/zojopackaging.com\/pt\/wp-json\/wp\/v2\/product\/9953\/revisions\/9961"}],"wp:featuredmedia":[{"embeddable":true,"href":"https:\/\/zojopackaging.com\/pt\/wp-json\/wp\/v2\/media\/9955"}],"wp:attachment":[{"href":"https:\/\/zojopackaging.com\/pt\/wp-json\/wp\/v2\/media?parent=9953"}],"wp:term":[{"taxonomy":"product_brand","embeddable":true,"href":"https:\/\/zojopackaging.com\/pt\/wp-json\/wp\/v2\/product_brand?post=9953"},{"taxonomy":"product_cat","embeddable":true,"href":"https:\/\/zojopackaging.com\/pt\/wp-json\/wp\/v2\/product_cat?post=9953"},{"taxonomy":"product_tag","embeddable":true,"href":"https:\/\/zojopackaging.com\/pt\/wp-json\/wp\/v2\/product_tag?post=9953"}],"curies":[{"name":"wp","href":"https:\/\/api.w.org\/{rel}","templated":true}]}}