{"id":9962,"date":"2025-04-04T13:46:13","date_gmt":"2025-04-04T05:46:13","guid":{"rendered":"https:\/\/zojopackaging.com\/?post_type=product&#038;p=9962"},"modified":"2025-04-04T14:00:59","modified_gmt":"2025-04-04T06:00:59","slug":"custom-branded-printed-soap-packaging-wholesale-supplier","status":"publish","type":"product","link":"https:\/\/zojopackaging.com\/pt\/product\/custom-branded-printed-soap-packaging-wholesale-supplier\/","title":{"rendered":"Fornecedor grossista de embalagens de sab\u00e3o impressas com marca personalizada"},"content":{"rendered":"<h2 id=\"-1-material-and-craftsmanship-high-end-cardboard-and-four-color-printing-technology-\"><strong>1. Material e fabrico: cart\u00e3o de alta qualidade e tecnologia de impress\u00e3o a quatro cores<\/strong><\/h2>\n<p>As nossas caixas de cart\u00e3o de sab\u00e3o s\u00e3o feitas de cart\u00e3o branco de alta qualidade ou papel de cobre duplo (peso personaliz\u00e1vel), e o LOGOTIPO da marca, padr\u00e3o e cor s\u00e3o restaurados com precis\u00e3o atrav\u00e9s de\u00a0<strong>tecnologia de impress\u00e3o a quatro cores<\/strong>\u00a0para garantir camadas ricas e transi\u00e7\u00f5es naturais. Combinado com\u00a0<strong>tecnologia de lamina\u00e7\u00e3o<\/strong>\u00a0(cola brilhante\/cola mate opcional), n\u00e3o s\u00f3 aumenta a resist\u00eancia ao desgaste e a impermeabilidade do corpo da caixa, como tamb\u00e9m melhora o brilho e a textura gerais. As linhas da caixa s\u00e3o processadas por tecnologia de corte e recorte de precis\u00e3o, com arestas delicadas e suaves e toque de alta qualidade.<\/p>\n<h2 id=\"-2-innovative-design-double-insert-opening-structure-and-flat-shipping-advantages-\"><strong>2. Conce\u00e7\u00e3o inovadora: estrutura de abertura de dupla inser\u00e7\u00e3o e vantagens de transporte plano<\/strong><\/h2>\n<p>O produto adopta\u00a0<strong>design de abertura de dupla entrada<\/strong>A tampa da caixa e o corpo da caixa s\u00e3o encaixados atrav\u00e9s de ranhuras precisas, a abertura e o fecho s\u00e3o suaves e o fecho \u00e9 apertado, o que pode proteger o sab\u00e3o da polui\u00e7\u00e3o e dar \u00e0 embalagem uma sensa\u00e7\u00e3o \u00fanica de ritual. Ao mesmo tempo, a caixa de embalagem pode ser completamente achatada numa forma plana, reduzindo consideravelmente o espa\u00e7o de armazenamento ocupado, e pode ser empilhada e embalada durante o transporte, reduzindo os custos log\u00edsticos at\u00e9 30%.<\/p>\n<h2 id=\"-3-customized-service-flexible-adaptation-and-brand-display-\"><strong>3. Servi\u00e7o personalizado: adapta\u00e7\u00e3o flex\u00edvel e exposi\u00e7\u00e3o da marca<\/strong><\/h2>\n<p>Apoiamos\u00a0<strong>personaliza\u00e7\u00e3o em tamanho real<\/strong>Quer se trate de um sabonete artesanal, de um sabonete de \u00f3leo essencial ou de um corpo de sabonete com uma forma especial, o tamanho do di\u00e2metro interior pode ser correspondido com exatid\u00e3o. O esquema de cores pode ser impresso com base na carta de cores Pantone ou no valor CMYK especificado pelo cliente, com abertura de janela, estampagem a quente, pel\u00edcula brilhante local UV e outros processos para melhorar o atrativo visual. A superf\u00edcie da caixa pode ser impressa com hist\u00f3rias da marca, descri\u00e7\u00f5es de ingredientes ou log\u00f3tipos de certifica\u00e7\u00e3o ambiental para ajudar os produtos a destacarem-se nas prateleiras do retalho.<\/p>\n<h2 id=\"-4-professional-support-one-stop-service-from-the-source-factory-\"><strong>4. Apoio profissional: servi\u00e7o de balc\u00e3o \u00fanico a partir da f\u00e1brica de origem<\/strong><\/h2>\n<p>Como\u00a0<strong>16 anos de experi\u00eancia na f\u00e1brica de embalagens em Guangdong<\/strong>A nossa empresa tem a capacidade de produ\u00e7\u00e3o de toda a cadeia industrial (conce\u00e7\u00e3o \u2192 impress\u00e3o \u2192 corte e vinco \u2192 lamina\u00e7\u00e3o \u2192 moldagem), pode efetuar uma encomenda m\u00ednima de 500 unidades e entregar rapidamente em 7-15 dias. A equipa de design fornece provas gratuitas e pr\u00e9-visualiza\u00e7\u00f5es de renderiza\u00e7\u00e3o em 3D e recomenda solu\u00e7\u00f5es de otimiza\u00e7\u00e3o do tipo de caixa (como caixas para gavetas, caixas para livros, etc.) com base nas tend\u00eancias do mercado.<\/p>\n<h2 id=\"-5-application-scenarios-and-added-value-\"><strong>5. Cen\u00e1rios de aplica\u00e7\u00e3o e valor acrescentado<\/strong><\/h2>\n<ul>\n<li><strong>Cen\u00e1rios de retalho<\/strong>: O design da janela pode mostrar diretamente a textura do corpo do sabonete e o processo de estampagem a laser ou a quente pode melhorar o reconhecimento na prateleira.<\/li>\n<li><strong>Mercado das prendas<\/strong>: Suporta conjuntos de caixas de presente personalizadas (incluindo forro, fitas, etc.), adequadas para promo\u00e7\u00f5es de f\u00e9rias ou lembran\u00e7as de alta qualidade.<\/li>\n<li><strong>Fornecimento transfronteiri\u00e7o<\/strong>: Obteve a certifica\u00e7\u00e3o FSC, cumpre as normas de exporta\u00e7\u00e3o de plataformas como a Amazon e esta\u00e7\u00f5es independentes, e suporta solu\u00e7\u00f5es log\u00edsticas DDP\/DDU.<\/li>\n<\/ul>\n<h2 id=\"-cooperation-process-\"><strong>Processo de coopera\u00e7\u00e3o<\/strong><\/h2>\n<ol>\n<li><strong>Comunica\u00e7\u00e3o da procura<\/strong>: Fornecer a dimens\u00e3o do produto, o projeto de conce\u00e7\u00e3o ou a amostra, determinar o material e o processo;<\/li>\n<li><strong>Confirma\u00e7\u00e3o da prova<\/strong>: Enviar a caixa de amostra f\u00edsica dentro de 3-5 dias \u00fateis;<\/li>\n<li><strong>Produ\u00e7\u00e3o em massa<\/strong>: Iniciar a produ\u00e7\u00e3o ap\u00f3s o pr\u00e9-pagamento de um dep\u00f3sito 30% e fornecer feedback visual sobre o progresso de todo o processo;<\/li>\n<li><strong>Entrega log\u00edstica<\/strong>: Envio gratuito para todo o pa\u00eds, apoio \u00e0 declara\u00e7\u00e3o aduaneira de exporta\u00e7\u00e3o e transporte de linha dedicado.<\/li>\n<\/ol>","protected":false},"excerpt":{"rendered":"<ol>\n<li>Tecnologia anti-contrafa\u00e7\u00e3o: Atrav\u00e9s de c\u00f3digos QR vari\u00e1veis e c\u00f3digos digitais, consegue-se uma anti-contrafa\u00e7\u00e3o precisa de \"\u00fanico em cada caixa\" para garantir a circula\u00e7\u00e3o de produtos genu\u00ednos<\/li>\n<li>\u00a0Prote\u00e7\u00e3o ambiental e elevada efici\u00eancia: Ado\u00e7\u00e3o de materiais recicl\u00e1veis e conce\u00e7\u00e3o de adapta\u00e7\u00e3o automatizada para satisfazer as necessidades de produ\u00e7\u00e3o modernas<\/li>\n<li>Inova\u00e7\u00e3o na experi\u00eancia do utilizador: Como a estrutura de drenagem inclinada, o design leve, etc., para melhorar a conveni\u00eancia dos consumidores<br \/>\nValor acrescentado da marca: Refor\u00e7ar a imagem de topo de gama dos produtos atrav\u00e9s de um design que combina est\u00e9tica e funcionalidade<\/li>\n<\/ol>","protected":false},"featured_media":9967,"template":"","meta":[],"product_brand":[],"product_cat":[30,390,430,31],"product_tag":[1311,1312,1310,1313],"class_list":{"0":"post-9962","1":"product","2":"type-product","3":"status-publish","4":"has-post-thumbnail","6":"product_cat-by-industry","7":"product_cat-custom-cosmetics-boxes","8":"product_cat-folding-cartons","9":"product_cat-paper-box-style","10":"product_tag-custom-printed-soap-boxes","11":"product_tag-custom-soap-boxes-wholesale","12":"product_tag-soap-boxes","13":"product_tag-soap-boxes-for-homemade-soap","15":"first","16":"instock","17":"shipping-taxable","18":"product-type-grouped"},"_links":{"self":[{"href":"https:\/\/zojopackaging.com\/pt\/wp-json\/wp\/v2\/product\/9962","targetHints":{"allow":["GET"]}}],"collection":[{"href":"https:\/\/zojopackaging.com\/pt\/wp-json\/wp\/v2\/product"}],"about":[{"href":"https:\/\/zojopackaging.com\/pt\/wp-json\/wp\/v2\/types\/product"}],"version-history":[{"count":1,"href":"https:\/\/zojopackaging.com\/pt\/wp-json\/wp\/v2\/product\/9962\/revisions"}],"predecessor-version":[{"id":9969,"href":"https:\/\/zojopackaging.com\/pt\/wp-json\/wp\/v2\/product\/9962\/revisions\/9969"}],"wp:featuredmedia":[{"embeddable":true,"href":"https:\/\/zojopackaging.com\/pt\/wp-json\/wp\/v2\/media\/9967"}],"wp:attachment":[{"href":"https:\/\/zojopackaging.com\/pt\/wp-json\/wp\/v2\/media?parent=9962"}],"wp:term":[{"taxonomy":"product_brand","embeddable":true,"href":"https:\/\/zojopackaging.com\/pt\/wp-json\/wp\/v2\/product_brand?post=9962"},{"taxonomy":"product_cat","embeddable":true,"href":"https:\/\/zojopackaging.com\/pt\/wp-json\/wp\/v2\/product_cat?post=9962"},{"taxonomy":"product_tag","embeddable":true,"href":"https:\/\/zojopackaging.com\/pt\/wp-json\/wp\/v2\/product_tag?post=9962"}],"curies":[{"name":"wp","href":"https:\/\/api.w.org\/{rel}","templated":true}]}}