{"id":9970,"date":"2025-04-04T14:01:08","date_gmt":"2025-04-04T06:01:08","guid":{"rendered":"https:\/\/zojopackaging.com\/?post_type=product&#038;p=9970"},"modified":"2025-04-04T14:14:18","modified_gmt":"2025-04-04T06:14:18","slug":"high-quality-custom-printed-handmade-soap-boxes-wholesale","status":"publish","type":"product","link":"https:\/\/zojopackaging.com\/pt\/product\/high-quality-custom-printed-handmade-soap-boxes-wholesale\/","title":{"rendered":"Caixas de sab\u00e3o artesanais com impress\u00e3o personalizada de alta qualidade por atacado"},"content":{"rendered":"<h2 id=\"-high-quality-custom-printed-handmade-soap-box-wholesale-\">Caixas de sab\u00e3o artesanais com impress\u00e3o personalizada de alta qualidade por atacado<\/h2>\n<h2 id=\"-1-flexible-customization-upgraded-touch-\"><strong>1. Personaliza\u00e7\u00e3o flex\u00edvel, toque atualizado<\/strong><\/h2>\n<p>Suporta a personaliza\u00e7\u00e3o do tamanho, adequado para sabonetes artesanais de diferentes especifica\u00e7\u00f5es (como redondo, quadrado, formato especial), e oferece uma variedade de op\u00e7\u00f5es de material de cart\u00e3o (como mate, perolado, papel art\u00edstico). A superf\u00edcie da caixa adopta uma tecnologia de lamina\u00e7\u00e3o amiga do ambiente, com efeitos opcionais de alto brilho\/mate, dando \u00e0 embalagem um toque delicado e uma textura de alta qualidade.<\/p>\n<h2 id=\"-2-brand-vision-simple-focus-\"><strong>2. Vis\u00e3o da marca, foco simples<\/strong><\/h2>\n<p>Com o conceito de design minimalista como n\u00facleo, \u00e9 adotado um esquema de impress\u00e3o de uma ou duas cores, e o log\u00f3tipo do cliente \u00e9 colocado no centro visual da superf\u00edcie da caixa, com um fundo em branco para aumentar o reconhecimento da marca. Suporta serigrafia e tecnologia de estampagem a quente\/prata para garantir que o log\u00f3tipo \u00e9 claro e apelativo e transmite uma imagem profissional.<\/p>\n<h2 id=\"-3-fast-packaging-saving-time-and-effort-\"><strong>3. Embalagem r\u00e1pida, poupando tempo e esfor\u00e7o<\/strong><\/h2>\n<p>O design interno da caixa de cart\u00e3o \u00e9 adaptado ao tamanho do sabonete artesanal. S\u00e3o necess\u00e1rios apenas dois passos - colocar o corpo do sabonete, dobrar e fixar, e a embalagem pode ser conclu\u00edda. Demora menos de 1 minuto para uma \u00fanica pe\u00e7a, o que melhora muito a efici\u00eancia da linha de montagem.<\/p>\n<h2 id=\"-4-diverse-processes-quality-assurance-\"><strong>4. Diversos processos, garantia de qualidade<\/strong><\/h2>\n<p>Fornecer mais de 10 op\u00e7\u00f5es de processos de valor acrescentado:<\/p>\n<ul>\n<li><strong>UV parcial<\/strong>: real\u00e7am o brilho tridimensional do log\u00f3tipo ou do padr\u00e3o;<\/li>\n<li><strong>Em relevo\/em relevo<\/strong>: criam um toque de relevo e melhoram o n\u00edvel da embalagem;<\/li>\n<li><strong>Pel\u00edcula de toque suave<\/strong>: simula o toque delicado do couro, adequado para produtos de gama alta;<\/li>\n<li><strong>Estampagem a quente em folha<\/strong>: aumentar a textura met\u00e1lica, adequada para edi\u00e7\u00f5es limitadas de f\u00e9rias;<\/li>\n<li><strong>Corte e vinco de formas especiais<\/strong>: realizar estruturas criativas, como janelas ocas e cantos curvos.<\/li>\n<\/ul>\n<h2 id=\"-5-source-factory-full-chain-advantage-\"><strong>5. F\u00e1brica de origem, vantagem de cadeia completa<\/strong><\/h2>\n<p>Profundamente engajado na ind\u00fastria de embalagens por 16 anos, construindo um sistema integrado de cadeia de suprimentos, desde a aquisi\u00e7\u00e3o de mat\u00e9rias-primas at\u00e9 a produ\u00e7\u00e3o, inspe\u00e7\u00e3o de qualidade e log\u00edstica. Reduza o custo do papel\u00e3o por meio de compras em grande escala e combine com linhas de produ\u00e7\u00e3o automatizadas para garantir que o erro de espessura de cada lote de produtos seja \u22640,1 mm, a diferen\u00e7a de cor de impress\u00e3o \u0394E\u22641,5 e a qualidade atenda aos padr\u00f5es de exporta\u00e7\u00e3o.<\/p>\n<h2 id=\"-cooperation-process-\"><strong>Processo de coopera\u00e7\u00e3o<\/strong><\/h2>\n<ol>\n<li><strong>Comunica\u00e7\u00e3o de requisitos<\/strong>: Fornecer tamanho\/processo\/esbo\u00e7o de design, ou o nosso designer far\u00e1 uma proposta gratuita;<\/li>\n<li><strong>Confirma\u00e7\u00e3o da prova<\/strong>: A caixa de amostra f\u00edsica ser\u00e1 enviada no prazo de 3 dias \u00fateis;<\/li>\n<li><strong>Produ\u00e7\u00e3o em massa<\/strong>: A produ\u00e7\u00e3o ter\u00e1 in\u00edcio ap\u00f3s o pagamento do dep\u00f3sito e o progresso ser\u00e1 acompanhado visualmente durante todo o processo;<\/li>\n<li><strong>Garantia p\u00f3s-venda<\/strong>: Apoiar a substitui\u00e7\u00e3o de produtos danificados e fornecer servi\u00e7os de armazenamento a longo prazo.<\/li>\n<\/ol>\n<h2 id=\"-technical-parameters-\"><strong>Par\u00e2metros t\u00e9cnicos<\/strong><\/h2>\n<table>\n<thead>\n<tr>\n<th>Projeto<\/th>\n<th>Especifica\u00e7\u00e3o<\/th>\n<\/tr>\n<\/thead>\n<tbody>\n<tr>\n<td>Espessura do material<\/td>\n<td>350g de cart\u00e3o (\u00b15g)<\/td>\n<\/tr>\n<tr>\n<td>Quantidade m\u00ednima de encomenda<\/td>\n<td>500 pe\u00e7as<\/td>\n<\/tr>\n<tr>\n<td>Ciclo de entrega<\/td>\n<td>7-14 dias<\/td>\n<\/tr>\n<tr>\n<td>Norma de controlo de qualidade<\/td>\n<td>GB\/T 6544-2008<\/td>\n<\/tr>\n<\/tbody>\n<\/table>\n<h2 id=\"use-scenario-\">Cen\u00e1rio de utiliza\u00e7\u00e3o<\/h2>\n<ul>\n<li>Sabonete artesanal da marca caixa de oferta normal\/feriado<\/li>\n<li>Conjunto de cuidados personalizados para hotel<\/li>\n<li>Lembran\u00e7as para casamentos\/eventos empresariais<\/li>\n<\/ul>","protected":false},"excerpt":{"rendered":"<p>1. Esta caixa de cart\u00e3o de sab\u00e3o utiliza um estilo de impress\u00e3o simples, centrado no log\u00f3tipo do cliente numa posi\u00e7\u00e3o central proeminente, de modo a que todo o design da caixa possa refletir a imagem de marca do cliente.<br \/>\n2. A caixa \u00e9 feita de cart\u00e3o branco de 350 g, o que torna toda a caixa muito dur\u00e1vel e tem as carater\u00edsticas de expedi\u00e7\u00e3o plana, pelo que pode ser bem transportada.<br \/>\n3. 16 anos de pr\u00e1tica de f\u00e1brica de origem chinesa tornaram-nos profundamente conscientes da import\u00e2ncia da cadeia de fornecimento, pelo que constru\u00edmos um sistema completo de cadeia de fornecimento para assegurar vantagens de pre\u00e7o e, ao mesmo tempo, garantir a qualidade do produto.<\/p>","protected":false},"featured_media":9973,"template":"","meta":[],"product_brand":[],"product_cat":[30,390,430,31],"product_tag":[1311,1312,1310,1313],"class_list":{"0":"post-9970","1":"product","2":"type-product","3":"status-publish","4":"has-post-thumbnail","6":"product_cat-by-industry","7":"product_cat-custom-cosmetics-boxes","8":"product_cat-folding-cartons","9":"product_cat-paper-box-style","10":"product_tag-custom-printed-soap-boxes","11":"product_tag-custom-soap-boxes-wholesale","12":"product_tag-soap-boxes","13":"product_tag-soap-boxes-for-homemade-soap","15":"first","16":"instock","17":"shipping-taxable","18":"product-type-grouped"},"_links":{"self":[{"href":"https:\/\/zojopackaging.com\/pt\/wp-json\/wp\/v2\/product\/9970","targetHints":{"allow":["GET"]}}],"collection":[{"href":"https:\/\/zojopackaging.com\/pt\/wp-json\/wp\/v2\/product"}],"about":[{"href":"https:\/\/zojopackaging.com\/pt\/wp-json\/wp\/v2\/types\/product"}],"version-history":[{"count":1,"href":"https:\/\/zojopackaging.com\/pt\/wp-json\/wp\/v2\/product\/9970\/revisions"}],"predecessor-version":[{"id":9977,"href":"https:\/\/zojopackaging.com\/pt\/wp-json\/wp\/v2\/product\/9970\/revisions\/9977"}],"wp:featuredmedia":[{"embeddable":true,"href":"https:\/\/zojopackaging.com\/pt\/wp-json\/wp\/v2\/media\/9973"}],"wp:attachment":[{"href":"https:\/\/zojopackaging.com\/pt\/wp-json\/wp\/v2\/media?parent=9970"}],"wp:term":[{"taxonomy":"product_brand","embeddable":true,"href":"https:\/\/zojopackaging.com\/pt\/wp-json\/wp\/v2\/product_brand?post=9970"},{"taxonomy":"product_cat","embeddable":true,"href":"https:\/\/zojopackaging.com\/pt\/wp-json\/wp\/v2\/product_cat?post=9970"},{"taxonomy":"product_tag","embeddable":true,"href":"https:\/\/zojopackaging.com\/pt\/wp-json\/wp\/v2\/product_tag?post=9970"}],"curies":[{"name":"wp","href":"https:\/\/api.w.org\/{rel}","templated":true}]}}