{"id":9978,"date":"2025-04-04T14:14:41","date_gmt":"2025-04-04T06:14:41","guid":{"rendered":"https:\/\/zojopackaging.com\/?post_type=product&#038;p=9978"},"modified":"2025-04-04T14:30:06","modified_gmt":"2025-04-04T06:30:06","slug":"facial-personal-care-beauty-tool-packaging-box-wholesale","status":"publish","type":"product","link":"https:\/\/zojopackaging.com\/pt\/product\/facial-personal-care-beauty-tool-packaging-box-wholesale\/","title":{"rendered":"Caixa de embalagem de ferramentas de beleza para cuidados pessoais faciais por atacado"},"content":{"rendered":"<h2 id=\"-high-end-customized-facial-massage-tool-environmentally-friendly-packaging-box-solution-\"><strong>Ferramenta de massagem facial personalizada de alta qualidade solu\u00e7\u00e3o de caixa de embalagem amiga do ambiente<\/strong><\/h2>\n<h2 id=\"-i-core-material-environmentally-friendly-cardboard-and-high-end-textured-paper-\"><strong>1. Material do n\u00facleo: cart\u00e3o amigo do ambiente e papel texturado de alta qualidade<\/strong><\/h2>\n<p>Oferecemos duas op\u00e7\u00f5es de material para satisfazer diferentes necessidades de posicionamento:<\/p>\n<ol>\n<li><strong>Cart\u00e3o amigo do ambiente<\/strong>: O cart\u00e3o ecol\u00f3gico certificado pelo FSC \u00e9 selecionado, com uma gama de espessura de 200-400g\/m\u00b2, e tem uma excelente capacidade de reciclagem e degrada\u00e7\u00e3o. Ao otimizar o r\u00e1cio de fibra de papel, a resist\u00eancia \u00e0 compress\u00e3o \u00e9 \u226550N para garantir a seguran\u00e7a do transporte.<\/li>\n<li><strong>Papel texturizado de alta qualidade<\/strong>: Para produtos de luxo, recomenda-se a utiliza\u00e7\u00e3o de cart\u00e3o perolado importado, papel de arte t\u00e1til (como textura de tecido, padr\u00e3o axadrezado fino) ou papel especial com textura met\u00e1lica.<\/li>\n<\/ol>\n<h2 id=\"-ii-brand-visual-presentation-combination-of-printing-and-surface-technology-\"><strong>2. Apresenta\u00e7\u00e3o visual da marca: combina\u00e7\u00e3o de tecnologia de impress\u00e3o e de superf\u00edcie<\/strong><\/h2>\n<ol>\n<li><strong>Processo de impress\u00e3o a quatro cores<\/strong>: Usando a tecnologia de sobreimpress\u00e3o de quatro cores CMYK, a resolu\u00e7\u00e3o atinge 300dpi, restaura com precis\u00e3o o LOGOTIPO da marca e os detalhes do padr\u00e3o, e o controle de diferen\u00e7a de cor \u0394E\u22641,5.<\/li>\n<li><strong>Op\u00e7\u00f5es de processo de valor acrescentado<\/strong>:<\/li>\n<li><strong>Estampagem a quente\/prata quente<\/strong>: Utilizar folha de alum\u00ednio eletroqu\u00edmico Kurz alem\u00e3o, com uma resist\u00eancia a riscos de dureza 3H e suporte para efeito de estampagem a quente tridimensional em relevo;<\/li>\n<li><strong>UV local<\/strong>: Atrav\u00e9s do processo UV inverso, o contraste entre as superf\u00edcies foscas e espelhadas \u00e9 conseguido e a luminosidade local \u00e9 aumentada em 70%;<\/li>\n<li><strong>Laser hologr\u00e1fico<\/strong>: Padr\u00e3o din\u00e2mico opcional de mudan\u00e7a de luz para melhorar a prote\u00e7\u00e3o contra a contrafa\u00e7\u00e3o e o impacto visual.<\/li>\n<\/ol>\n<h2 id=\"-three-full-process-design-service-from-logo-to-finished-product-delivery-\"><strong>3. Servi\u00e7o de conce\u00e7\u00e3o de todo o processo: desde o LOGO at\u00e9 \u00e0 entrega do produto acabado<\/strong><\/h2>\n<ol>\n<li><strong>Modo de colabora\u00e7\u00e3o na conce\u00e7\u00e3o<\/strong>: Os clientes s\u00f3 precisam de fornecer ficheiros vectoriais do LOGOTIPO (formato AI\/EPS), e a nossa equipa de design ir\u00e1 concluir:<\/li>\n<li>Renderiza\u00e7\u00e3o de modelos 3D (fornecer pr\u00e9-visualiza\u00e7\u00e3o em PDF\/JPG);<\/li>\n<li>Desenhos de engenharia estrutural (incluindo linhas de cotovelo e par\u00e2metros de suporte de carga);<\/li>\n<li>Plano de correspond\u00eancia do processo de material.<\/li>\n<li><strong>Servi\u00e7o de tabuleiro interior personalizado<\/strong>:<\/li>\n<li>Conceber o tabuleiro interior de espuma EVA\/bolha de acordo com o tamanho do produto (como rolos faciais, t\u00e1buas de raspagem e outras ferramentas de formato especial), com uma toler\u00e2ncia de \u00b10,5 mm e uma precis\u00e3o de ranhura de \u00b10,2 mm;<\/li>\n<li>Fornecer um relat\u00f3rio de ensaio s\u00edsmico (frequ\u00eancia de vibra\u00e7\u00e3o de transporte simulada 5-200Hz, amplitude \u00b13mm) para garantir que o produto n\u00e3o sofre danos.<\/li>\n<\/ol>\n<h2 id=\"-fourth-supply-chain-and-production-guarantee-\"><strong>4. Cadeia de abastecimento e garantia de produ\u00e7\u00e3o<\/strong><\/h2>\n<ol>\n<li><strong>Rastreabilidade das mat\u00e9rias-primas<\/strong>:<\/li>\n<li>Papel: Cooperar com fornecedores como a Stora Enso da Finl\u00e2ndia e a Prince Paper do Jap\u00e3o, com brancura \u226592% e suavidade \u226550s;<\/li>\n<li>Cola: Utilizar cola alem\u00e3 Henkel \u00e0 base de \u00e1gua, emiss\u00e3o de COV &lt;0,1mg\/m\u00b3;<\/li>\n<li>Acess\u00f3rios: Os fixadores de metal passam o teste de pulveriza\u00e7\u00e3o de sal de 48 horas (norma ASTM B117).<\/li>\n<li><strong>Capacidade de produ\u00e7\u00e3o<\/strong>:<\/li>\n<li>5320\u33a1 oficina totalmente autom\u00e1tica: equipada com m\u00e1quina de impress\u00e3o a seis cores Heidelberg Speedmaster CD102, m\u00e1quina de corte e vinco totalmente autom\u00e1tica (precis\u00e3o \u00b10,1mm);<\/li>\n<li>Oficina semi-autom\u00e1tica: suporta a produ\u00e7\u00e3o flex\u00edvel de pequenos lotes (MOQ 500 pe\u00e7as), adequada para embalagens personalizadas de edi\u00e7\u00e3o limitada\/festival.<\/li>\n<\/ol>\n<h2 id=\"-v-environmental-certification-and-delivery-standards-\"><strong>5. Certifica\u00e7\u00e3o ambiental e normas de entrega<\/strong><\/h2>\n<ol>\n<li>Aprovado na certifica\u00e7\u00e3o do sistema de gest\u00e3o ambiental ISO 14001, o relat\u00f3rio da pegada de carbono pode ser rastreado at\u00e9 cada lote de mat\u00e9rias-primas;<\/li>\n<li>Ciclo de entrega: 7-10 dias para encomendas normais (incluindo a confirma\u00e7\u00e3o da prova), as encomendas urgentes podem ser reduzidas para 5 dias;<\/li>\n<li>Padr\u00e3o de embalagem: usando filme de embalagem PP recicl\u00e1vel + caixa de papel\u00e3o ondulado, taxa de quebra &lt;0.3%.<\/li>\n<\/ol>","protected":false},"excerpt":{"rendered":"<p>1. Podemos conceber a caixa de presente de embalagem para os clientes durante todo o processo. Os clientes s\u00f3 precisam de fornecer o conte\u00fado do log\u00f3tipo, e n\u00f3s desenharemos o resto do material de papel, tamanho e estilo de acordo com as suas necessidades.<br \/>\n2. De acordo com os produtos fornecidos pelo cliente, desenharemos o tabuleiro interior da caixa de oferta de acordo com os produtos fornecidos pelo cliente e calcularemos o tamanho necess\u00e1rio do forro da caixa de oferta para cumprir os requisitos do produto.<br \/>\n3. Temos uma oficina de produ\u00e7\u00e3o de 5320 metros quadrados com equipamento totalmente mecanizado. Ao mesmo tempo, tamb\u00e9m temos uma estrutura de oficina de produ\u00e7\u00e3o semi-autom\u00e1tica, que \u00e9 coordenada por equipamentos manuais e mecanizados ao mesmo tempo.<\/p>","protected":false},"featured_media":9980,"template":"","meta":[],"product_brand":[],"product_cat":[30,390,430,31],"product_tag":[1316,1314,1315],"class_list":{"0":"post-9978","1":"product","2":"type-product","3":"status-publish","4":"has-post-thumbnail","6":"product_cat-by-industry","7":"product_cat-custom-cosmetics-boxes","8":"product_cat-folding-cartons","9":"product_cat-paper-box-style","10":"product_tag-beauty-tool-packaging-box-wholesale","11":"product_tag-care-beauty-tool-packaging","12":"product_tag-facial-personal-care-packaging","14":"first","15":"instock","16":"shipping-taxable","17":"product-type-grouped"},"_links":{"self":[{"href":"https:\/\/zojopackaging.com\/pt\/wp-json\/wp\/v2\/product\/9978","targetHints":{"allow":["GET"]}}],"collection":[{"href":"https:\/\/zojopackaging.com\/pt\/wp-json\/wp\/v2\/product"}],"about":[{"href":"https:\/\/zojopackaging.com\/pt\/wp-json\/wp\/v2\/types\/product"}],"version-history":[{"count":1,"href":"https:\/\/zojopackaging.com\/pt\/wp-json\/wp\/v2\/product\/9978\/revisions"}],"predecessor-version":[{"id":9986,"href":"https:\/\/zojopackaging.com\/pt\/wp-json\/wp\/v2\/product\/9978\/revisions\/9986"}],"wp:featuredmedia":[{"embeddable":true,"href":"https:\/\/zojopackaging.com\/pt\/wp-json\/wp\/v2\/media\/9980"}],"wp:attachment":[{"href":"https:\/\/zojopackaging.com\/pt\/wp-json\/wp\/v2\/media?parent=9978"}],"wp:term":[{"taxonomy":"product_brand","embeddable":true,"href":"https:\/\/zojopackaging.com\/pt\/wp-json\/wp\/v2\/product_brand?post=9978"},{"taxonomy":"product_cat","embeddable":true,"href":"https:\/\/zojopackaging.com\/pt\/wp-json\/wp\/v2\/product_cat?post=9978"},{"taxonomy":"product_tag","embeddable":true,"href":"https:\/\/zojopackaging.com\/pt\/wp-json\/wp\/v2\/product_tag?post=9978"}],"curies":[{"name":"wp","href":"https:\/\/api.w.org\/{rel}","templated":true}]}}