{"id":9985,"date":"2025-04-04T14:28:29","date_gmt":"2025-04-04T06:28:29","guid":{"rendered":"https:\/\/zojopackaging.com\/?post_type=product&#038;p=9985"},"modified":"2025-04-04T14:37:51","modified_gmt":"2025-04-04T06:37:51","slug":"custom-foldable-slide-box-cosmetic-skincare-packaging-drawer-boxes","status":"publish","type":"product","link":"https:\/\/zojopackaging.com\/pt\/product\/custom-foldable-slide-box-cosmetic-skincare-packaging-drawer-boxes\/","title":{"rendered":"Caixa deslizante dobr\u00e1vel personalizada Caixas de gaveta para embalagens de cosm\u00e9ticos e cuidados com a pele"},"content":{"rendered":"<h3 id=\"-1-structural-innovation-the-balance-of-folding-drawer-card-boxes-\"><strong>1. Inova\u00e7\u00e3o estrutural: O equil\u00edbrio das caixas de cart\u00e3o com gaveta dobr\u00e1vel<\/strong><\/h3>\n<p>Adotar\u00a0<strong>tecnologia de dobragem de tr\u00eas elos<\/strong>Atrav\u00e9s de um c\u00e1lculo preciso dos \u00e2ngulos de dobragem e das estruturas de suporte de carga, a espessura do corpo da caixa ap\u00f3s o desdobramento \u00e9 apenas 1\/3 do estado desdobrado, e a taxa de utiliza\u00e7\u00e3o do espa\u00e7o de transporte \u00e9 aumentada em 70%.<\/p>\n<h3 id=\"-2-material-aesthetics-a-visual-revolution-of-350g-single-powder-card-\"><strong>2. Est\u00e9tica do material: uma revolu\u00e7\u00e3o visual do cart\u00e3o de p\u00f3 simples de 350g<\/strong><\/h3>\n<p>-\u00a0<strong>Sele\u00e7\u00e3o do material de base<\/strong>: Cart\u00e3o de p\u00f3 \u00fanico selecionado de 350g de peso elevado, rugosidade da superf\u00edcie Ra\u22641,2\u03bcm, com\u00a0<strong>lamina\u00e7\u00e3o mate de dupla face<\/strong>\u00a0para obter uma precis\u00e3o de impress\u00e3o de 0,1 mm;<\/p>\n<p>-\u00a0<strong>Desempenho da cor<\/strong>: Atrav\u00e9s da sobreimpress\u00e3o em gradiente dos Pantone 15-1247 TCX (ouro champanhe) e 18-1755 TCX (branco p\u00e9rola), \u00e9 criada uma hierarquia visual de luxo;<\/p>\n<p>-\u00a0<strong>Experi\u00eancia t\u00e1til<\/strong>: Local\u00a0<strong>Grava\u00e7\u00e3o UV em relevo + grava\u00e7\u00e3o a laser<\/strong>\u00a0a nitidez t\u00e1til do LOGO \u00e9 aumentada em 40% e o desempenho anti-contrafa\u00e7\u00e3o atinge as normas de certifica\u00e7\u00e3o internacionais.<\/p>\n<h3 id=\"-3-environmental-commitment-fsc-certified-full-link-sustainability-\"><strong>3. Compromisso ambiental: Sustentabilidade da liga\u00e7\u00e3o completa certificada pelo FSC<\/strong><\/h3>\n<p>-\u00a0<strong>Rastreabilidade dos materiais<\/strong>: \u00c9 utilizado papel de pasta de madeira virgem 100% certificado pelo FSC, e cada lote pode ser rastreado at\u00e9 florestas geridas de forma sustent\u00e1vel;<\/p>\n<p>-\u00a0<strong>Processo de produ\u00e7\u00e3o<\/strong>: Tinta de impress\u00e3o \u00e0 base de \u00e1gua (emiss\u00e3o de COVs \u226450g\/L), em conformidade com os regulamentos REACH da UE;<\/p>\n<p>-\u00a0<strong>Desenho circular<\/strong>: O corpo da caixa pode ser totalmente reciclado, o forro de cart\u00e3o cinzento permite a reutiliza\u00e7\u00e3o e a pegada de carbono \u00e9 reduzida em 35% (consultar o relat\u00f3rio de avalia\u00e7\u00e3o do ciclo de vida).<\/p>\n<h3 id=\"-4-process-matrix-multi-dimensional-expression-of-brand-personality-\"><strong>4. Matriz de processo: Express\u00e3o multidimensional da personalidade da marca<\/strong><\/h3>\n<p>-\u00a0<strong>Tratamento de superf\u00edcie<\/strong>: -\u00a0<strong>Estampagem a quente<\/strong>: Cart\u00e3o de cor personalizado em ouro rosa \/ ouro champanhe, diferen\u00e7a de cor \u0394E\u22640,8;<\/p>\n<p>-\u00a0<strong>Em relevo<\/strong>: Relevo tridimensional de 0,3 mm, sensa\u00e7\u00e3o de seda; -\u00a0<strong>Grava\u00e7\u00e3o em relevo UV<\/strong>: Tratamento de realce local, resist\u00eancia ao desgaste aumentada por 50%;<\/p>\n<p>-\u00a0<strong>Impress\u00e3o digital<\/strong>: Suporta personaliza\u00e7\u00e3o de pequenos lotes (encomenda m\u00ednima de 500 pe\u00e7as) e prova de modela\u00e7\u00e3o 3D completa em 8 horas.<\/p>\n<h3 id=\"-5-smart-manufacturing-foundation-16-years-of-industry-experience-\"><strong>5. Base de fabrico inteligente: 16 anos de experi\u00eancia no sector<\/strong><\/h3>\n<p>-\u00a0<strong>Matriz de equipamento<\/strong>: Equipada com 18 equipamentos internacionais, como a impressora Manroland R700 de cinco cores, a impressora Heidelberg de 7 cores UV offset, etc., com uma velocidade de impress\u00e3o de 15.000 folhas\/hora;<\/p>\n<p>-\u00a0<strong>Sistema de controlo da qualidade<\/strong>: Aprovado na certifica\u00e7\u00e3o ISO 9001\/BRCGS, cada lote de produtos \u00e9 submetido a 12 inspec\u00e7\u00f5es de qualidade (diferen\u00e7a de cor\/compress\u00e3o\/teste de queda);<\/p>\n<p>-\u00a0<strong>Capacidade de produ\u00e7\u00e3o<\/strong>: Capacidade de produ\u00e7\u00e3o di\u00e1ria de 200.000 pe\u00e7as, suportando encomendas de 500 pe\u00e7as a produ\u00e7\u00e3o em massa de um milh\u00e3o de unidades, e as encomendas urgentes s\u00e3o entregues no prazo de 24 horas.<\/p>\n<h3 id=\"-6-design-empowerment-precise-implementation-from-concept-to-mass-production-\"><strong>6. Capacita\u00e7\u00e3o em mat\u00e9ria de conce\u00e7\u00e3o: aplica\u00e7\u00e3o precisa desde a conce\u00e7\u00e3o at\u00e9 \u00e0 produ\u00e7\u00e3o em massa<\/strong><\/h3>\n<p>Uma equipa especial de 5 designers de embalagens com mais de 10 anos de experi\u00eancia oferece tr\u00eas servi\u00e7os personalizados:<\/p>\n<p>-\u00a0<strong>Inova\u00e7\u00e3o estrutural<\/strong>: Desenvolver 12 tipos de caixas patenteadas (tais como camadas rotativas, fechos magn\u00e9ticos com palavra-passe), compat\u00edveis com a coloca\u00e7\u00e3o de cosm\u00e9ticos de formato especial;<\/p>\n<p>-\u00a0<strong>Otimiza\u00e7\u00e3o interactiva<\/strong>: Incorporar o chip NFC (opcional), ler o c\u00f3digo para obter informa\u00e7\u00f5es sobre a rastreabilidade do produto e a hist\u00f3ria da marca;<\/p>\n<p>-\u00a0<strong>Itera\u00e7\u00e3o r\u00e1pida<\/strong>: Suporte para pr\u00e9-visualiza\u00e7\u00e3o em tempo real de modela\u00e7\u00e3o 3D e confirma\u00e7\u00e3o completa do plano de design no prazo de 8 horas.<\/p>\n<h3 id=\"-7-value-commitment-triple-balance-of-quality-efficiency-and-cost-\"><strong>7. Compromisso de valor: equil\u00edbrio triplo entre qualidade, efici\u00eancia e custo<\/strong><\/h3>\n<p>-\u00a0<strong>Otimiza\u00e7\u00e3o de custos<\/strong>: Adotar o sistema de composi\u00e7\u00e3o digital, reduzir a taxa de perda de material para menos de 3%, poupando 18% de custos em compara\u00e7\u00e3o com o processo tradicional;<\/p>\n<p>-\u00a0<strong>Resposta \u00e1gil<\/strong>: Estabelecer um sistema log\u00edstico de armaz\u00e9m duplo no Leste e no Sul da China, com acesso direto a todo o pa\u00eds em 48 horas;<\/p>\n<p>-\u00a0<strong>Servi\u00e7o de longa dura\u00e7\u00e3o<\/strong>: Fornecer gest\u00e3o do ciclo de vida das embalagens, incluindo aviso de invent\u00e1rio, plano de reabastecimento e plano de reciclagem de caixas antigas.<\/p>","protected":false},"excerpt":{"rendered":"<p><strong>ZOJO Print | Caixa Deslizante Dobr\u00e1vel Personalizada Especialista em Gavetas para Embalagem de Cosm\u00e9ticos e Cuidados com a Pele - Design Inovador, Interpreta\u00e7\u00e3o de Novos Patamares de Beleza<\/strong><\/p>\n<p>No dom\u00ednio das embalagens de cosm\u00e9ticos e de cuidados da pele, o design n\u00e3o deve apenas ter valor est\u00e9tico, mas tamb\u00e9m ter em conta a funcionalidade, a prote\u00e7\u00e3o ambiental e a rela\u00e7\u00e3o custo-efic\u00e1cia. A ZOJO Print est\u00e1 profundamente envolvida na ind\u00fastria h\u00e1 16 anos, concentrando-se em fornecer \u00e0s marcas de beleza de alta qualidade solu\u00e7\u00f5es inovadoras e comercialmente competitivas de caixas deslizantes dobr\u00e1veis.<\/p>","protected":false},"featured_media":9999,"template":"","meta":[],"product_brand":[],"product_cat":[30,390,31,426],"product_tag":[1319,1317,1318],"class_list":{"0":"post-9985","1":"product","2":"type-product","3":"status-publish","4":"has-post-thumbnail","6":"product_cat-by-industry","7":"product_cat-custom-cosmetics-boxes","8":"product_cat-paper-box-style","9":"product_cat-paper-drawer-boxes","10":"product_tag-cosmetic-skincare-packaging","11":"product_tag-custom-foldable-slide-box","12":"product_tag-skincare-packaging-drawer-boxes","14":"first","15":"instock","16":"shipping-taxable","17":"product-type-grouped"},"_links":{"self":[{"href":"https:\/\/zojopackaging.com\/pt\/wp-json\/wp\/v2\/product\/9985","targetHints":{"allow":["GET"]}}],"collection":[{"href":"https:\/\/zojopackaging.com\/pt\/wp-json\/wp\/v2\/product"}],"about":[{"href":"https:\/\/zojopackaging.com\/pt\/wp-json\/wp\/v2\/types\/product"}],"version-history":[{"count":1,"href":"https:\/\/zojopackaging.com\/pt\/wp-json\/wp\/v2\/product\/9985\/revisions"}],"predecessor-version":[{"id":10000,"href":"https:\/\/zojopackaging.com\/pt\/wp-json\/wp\/v2\/product\/9985\/revisions\/10000"}],"wp:featuredmedia":[{"embeddable":true,"href":"https:\/\/zojopackaging.com\/pt\/wp-json\/wp\/v2\/media\/9999"}],"wp:attachment":[{"href":"https:\/\/zojopackaging.com\/pt\/wp-json\/wp\/v2\/media?parent=9985"}],"wp:term":[{"taxonomy":"product_brand","embeddable":true,"href":"https:\/\/zojopackaging.com\/pt\/wp-json\/wp\/v2\/product_brand?post=9985"},{"taxonomy":"product_cat","embeddable":true,"href":"https:\/\/zojopackaging.com\/pt\/wp-json\/wp\/v2\/product_cat?post=9985"},{"taxonomy":"product_tag","embeddable":true,"href":"https:\/\/zojopackaging.com\/pt\/wp-json\/wp\/v2\/product_tag?post=9985"}],"curies":[{"name":"wp","href":"https:\/\/api.w.org\/{rel}","templated":true}]}}