{"id":9987,"date":"2025-04-04T14:31:08","date_gmt":"2025-04-04T06:31:08","guid":{"rendered":"https:\/\/zojopackaging.com\/?post_type=product&#038;p=9987"},"modified":"2025-04-04T14:44:17","modified_gmt":"2025-04-04T06:44:17","slug":"custom-jewelry-slide-drawer-style-rigid-gift-box-with-ribbon","status":"publish","type":"product","link":"https:\/\/zojopackaging.com\/pt\/product\/custom-jewelry-slide-drawer-style-rigid-gift-box-with-ribbon\/","title":{"rendered":"Caixa de oferta r\u00edgida estilo gaveta com corredi\u00e7a para j\u00f3ias personalizada com fita"},"content":{"rendered":"<h2 id=\"-customized-jewelry-drawer-style-hard-gift-box-product-description-\"><strong>Caixa de presente r\u00edgida tipo gaveta para j\u00f3ias personalizada descri\u00e7\u00e3o do produto<\/strong><\/h2>\n<h2 id=\"-1-material-and-structural-design-\"><strong>1. Material e conce\u00e7\u00e3o estrutural<\/strong><\/h2>\n<p>Esta caixa de j\u00f3ias \u00e9 feita de\u00a0<strong>papel revestido + cart\u00e3o cinzento<\/strong>\u00a0material combinado, com a camada exterior coberta com papel revestido de alta gramagem de 157 g\/m\u00b2 e a camada interior com n\u00facleo de papel de cart\u00e3o cinzento de alta resist\u00eancia de 2 mm, o que n\u00e3o s\u00f3 garante que o corpo da caixa \u00e9 duro e resistente \u00e0 press\u00e3o, mas tamb\u00e9m melhora a textura geral atrav\u00e9s do toque suave do papel revestido. O design da corredi\u00e7a da gaveta \u00e9 calculado com precis\u00e3o e \u00e9 f\u00e1cil de puxar e fechar com firmeza, impedindo eficazmente a entrada de p\u00f3, proporcionando uma dupla prote\u00e7\u00e3o \u00e0s j\u00f3ias.<\/p>\n<h2 id=\"-2-appearance-design-and-craftsmanship-\"><strong>2. Aspeto, conce\u00e7\u00e3o e arte<\/strong><\/h2>\n<ul>\n<li><strong>Est\u00e9tica da correspond\u00eancia de cores da dopamina<\/strong>: O corpo da caixa \u00e9 baseado em\u00a0<strong>amarelo vivo<\/strong>e adopta a tecnologia de lamina\u00e7\u00e3o mate. Exala vitalidade no brilho suave, que se enquadra na atual tend\u00eancia est\u00e9tica popular da dopamina, tem um forte impacto visual e n\u00e3o \u00e9 f\u00e1cil de deixar impress\u00f5es digitais.<\/li>\n<li><strong>Atualiza\u00e7\u00e3o do trabalho artesanal detalhado<\/strong>: Suporte\u00a0<strong>log\u00f3tipo estampado a quente, textura em relevo, UV parcial<\/strong>\u00a0e outros trabalhos artesanais personalizados, como a estampagem a quente do log\u00f3tipo da marca ou do padr\u00e3o na superf\u00edcie da caixa, com efeito tridimensional em relevo, real\u00e7ando o tom sofisticado da marca.<\/li>\n<\/ul>\n<h2 id=\"-3-humanized-functional-design-\"><strong>3. Conce\u00e7\u00e3o funcional humanizada<\/strong><\/h2>\n<ul>\n<li><strong>Fita e forro extra\u00edveis<\/strong>: A extremidade dianteira da gaveta est\u00e1 embutida com\u00a0<strong>pega em fita de cetim<\/strong>que \u00e9 f\u00e1cil de puxar e poupa trabalho e tem um toque delicado; o forro \u00e9 feito de\u00a0<strong>Material de flocagem EVA<\/strong>e a superf\u00edcie \u00e9 coberta com flanela curta, que \u00e9 macia e resistente a riscos e pode fixar a posi\u00e7\u00e3o das j\u00f3ias para evitar danos causados por aban\u00f5es durante o transporte.<\/li>\n<li><strong>Estrutura de armazenamento em camadas<\/strong>: Ranhuras para cart\u00f5es ou compartimentos internos personaliz\u00e1veis, adequados para diferentes tipos de j\u00f3ias, como colares, an\u00e9is, brincos, etc., e a arruma\u00e7\u00e3o classificada \u00e9 mais requintada.<\/li>\n<\/ul>\n<h2 id=\"-4-customized-service-\"><strong>4. Servi\u00e7o personalizado<\/strong><\/h2>\n<ul>\n<li><strong>Ajuste flex\u00edvel do tamanho<\/strong>: Suporte para personaliza\u00e7\u00e3o em tamanho real a partir de\u00a0<strong>63x65x40mm (caixa para an\u00e9is) a 217x45x40mm (caixa para braceletes)<\/strong>, correspondendo com precis\u00e3o a v\u00e1rios tamanhos de j\u00f3ias.<\/li>\n<li><strong>Combina\u00e7\u00e3o personalizada de artesanato<\/strong>: Para al\u00e9m dos trabalhos manuais de base,\u00a0<strong>estampagem, laser, padr\u00f5es de serigrafia<\/strong>etc., podem ser sobrepostos para satisfazer as necessidades de diferencia\u00e7\u00e3o da marca.<\/li>\n<\/ul>\n<h2 id=\"-5-support-for-the-entire-design-and-production-process-\"><strong>5. Apoio a todo o processo de conce\u00e7\u00e3o e produ\u00e7\u00e3o<\/strong><\/h2>\n<ul>\n<li><strong>Modela\u00e7\u00e3o e prova 3D<\/strong>: A equipa de design profissional fornece\u00a0<strong>Servi\u00e7os de pr\u00e9-visualiza\u00e7\u00e3o de modelos digitais 3D<\/strong>que apresenta intuitivamente os efeitos de estampagem a quente, UV e outros trabalhos manuais, garantindo zero erros entre o projeto de design e o produto acabado.<\/li>\n<li><strong>Garantia de produ\u00e7\u00e3o num s\u00f3 local<\/strong>: A f\u00e1brica adopta\u00a0<strong>Corte e vinco CNC, colagem autom\u00e1tica<\/strong>\u00a0e outros processos, combinados com um sistema de inspe\u00e7\u00e3o de qualidade acumulado ao longo de 16 anos de experi\u00eancia, e controla todo o processo, desde a sele\u00e7\u00e3o do material at\u00e9 \u00e0 expedi\u00e7\u00e3o, para garantir que cada liga\u00e7\u00e3o cumpre as normas de prote\u00e7\u00e3o ambiental e de durabilidade.<\/li>\n<\/ul>\n<h2 id=\"-6-applicable-scenarios-and-style-adaptation-\"><strong>6. Cen\u00e1rios aplic\u00e1veis e adapta\u00e7\u00e3o do estilo<\/strong><\/h2>\n<ul>\n<li><strong>Diversidade de estilos<\/strong>: Se \u00e9\u00a0<strong>estilo simples<\/strong>\u00a0ou\u00a0<strong>estilo empresarial de luxo<\/strong>Para o conseguir, basta ajustar o esquema de cores (como o rosa, o preto, cores met\u00e1licas) e os elementos decorativos (como la\u00e7os de fita, janelas ocas).<\/li>\n<li><strong>Cobertura total dos cen\u00e1rios<\/strong>: Adequado para a venda a retalho de j\u00f3ias, presentes de Natal, expositores e outros cen\u00e1rios, para melhorar a imagem da marca e a sensa\u00e7\u00e3o de cerim\u00f3nia dos consumidores ao abrir as caixas.<\/li>\n<\/ul>\n<h2 id=\"-advantages-of-cooperation-\"><strong>Vantagens da coopera\u00e7\u00e3o<\/strong>:<\/h2>\n<ul>\n<li><strong>16 anos de experi\u00eancia no sector<\/strong>: A f\u00e1brica continua a inovar, combinando materiais amigos do ambiente (como os pain\u00e9is cinzentos degrad\u00e1veis) com uma produ\u00e7\u00e3o inteligente, tendo em conta a beleza e o car\u00e1cter pr\u00e1tico.<\/li>\n<\/ul>\n<p>Se precisar de saber mais sobre solu\u00e7\u00f5es personalizadas ou obter amostras de design 3D, n\u00e3o hesite em contactar a nossa equipa de design!<\/p>","protected":false},"excerpt":{"rendered":"<p>As nossas caixas de papel para embalagem de j\u00f3ias s\u00e3o t\u00e3o delicadas como a seda e s\u00e3o combinadas com tecnologia de estampagem a ouro em relevo, apresentando uma textura luxuosa. A caixa utiliza um forro de flocagem e uma estrutura de ranhuras personalizada, que se adapta perfeitamente ao contorno das j\u00f3ias, garantindo a seguran\u00e7a do transporte e dando uma sensa\u00e7\u00e3o de ritual ao abrir a caixa.<\/p>","protected":false},"featured_media":9989,"template":"","meta":[],"product_brand":[],"product_cat":[30,415,31,426],"product_tag":[1093,813,1320],"class_list":{"0":"post-9987","1":"product","2":"type-product","3":"status-publish","4":"has-post-thumbnail","6":"product_cat-by-industry","7":"product_cat-custom-jewelry-boxes-by-industry","8":"product_cat-paper-box-style","9":"product_cat-paper-drawer-boxes","10":"product_tag-custom-jewelry-gift-box","11":"product_tag-jewelry-drawer-box","12":"product_tag-jewelry-rigid-box-with-ribbon","14":"first","15":"instock","16":"shipping-taxable","17":"product-type-grouped"},"_links":{"self":[{"href":"https:\/\/zojopackaging.com\/pt\/wp-json\/wp\/v2\/product\/9987","targetHints":{"allow":["GET"]}}],"collection":[{"href":"https:\/\/zojopackaging.com\/pt\/wp-json\/wp\/v2\/product"}],"about":[{"href":"https:\/\/zojopackaging.com\/pt\/wp-json\/wp\/v2\/types\/product"}],"version-history":[{"count":1,"href":"https:\/\/zojopackaging.com\/pt\/wp-json\/wp\/v2\/product\/9987\/revisions"}],"predecessor-version":[{"id":10008,"href":"https:\/\/zojopackaging.com\/pt\/wp-json\/wp\/v2\/product\/9987\/revisions\/10008"}],"wp:featuredmedia":[{"embeddable":true,"href":"https:\/\/zojopackaging.com\/pt\/wp-json\/wp\/v2\/media\/9989"}],"wp:attachment":[{"href":"https:\/\/zojopackaging.com\/pt\/wp-json\/wp\/v2\/media?parent=9987"}],"wp:term":[{"taxonomy":"product_brand","embeddable":true,"href":"https:\/\/zojopackaging.com\/pt\/wp-json\/wp\/v2\/product_brand?post=9987"},{"taxonomy":"product_cat","embeddable":true,"href":"https:\/\/zojopackaging.com\/pt\/wp-json\/wp\/v2\/product_cat?post=9987"},{"taxonomy":"product_tag","embeddable":true,"href":"https:\/\/zojopackaging.com\/pt\/wp-json\/wp\/v2\/product_tag?post=9987"}],"curies":[{"name":"wp","href":"https:\/\/api.w.org\/{rel}","templated":true}]}}